{"id":26579,"date":"2022-12-07T15:43:20","date_gmt":"2022-12-07T14:43:20","guid":{"rendered":"https:\/\/www.electrosuisse.ch\/?page_id=26579"},"modified":"2025-06-17T12:19:32","modified_gmt":"2025-06-17T10:19:32","slug":"lehre-bei-electrosuisse","status":"publish","type":"page","link":"https:\/\/www.electrosuisse.ch\/de\/karriere\/lehre-bei-electrosuisse\/","title":{"rendered":"Lehre bei Electrosuisse"},"content":{"rendered":"<div class=\"wpb-content-wrapper\"><p>[vc_row][vc_column][vc_column_text css=&#8221;&#8221; el_class=&#8221;lead&#8221;]<strong>Bei Electrosuisse erwartet dich nach der Schulzeit eine spannende und vielseitige Ausbildung.<\/strong><\/p>\n<p>Wir bieten Lehrstellen als Kaufmann\/-frau und ICT-Fachmann\/frau an. Du lernst ein lebhaftes Umfeld in einem modernen Berufsfeld kennen. Und eins versprechen wir dir: Langweilig wird es dir bei uns nicht.<\/p>\n<p>Wir haben f\u00fcr dich n\u00e4mlich einen spannenden Ausbildungsplan, der dir die perfekte Basis f\u00fcr deine berufliche Laufbahn bietet.[\/vc_column_text]<div class=\"wpb_image_column wpb_content_element\"><div class=\"wpb_wrapper\"><div class=\"picture_container\"><picture><source media=\"(min-width: 769px)\" srcset=\"https:\/\/www.electrosuisse.ch\/wp-content\/uploads\/2025\/02\/lernende-sitzen-mit-fachkraeften-zusammen-780x440-1.png\"><source media=\"(min-width: 415px)\" srcset=\"https:\/\/www.electrosuisse.ch\/wp-content\/uploads\/2025\/02\/lernende-sitzen-mit-fachkraeften-zusammen-780x440-1-768x433.png\"><source media=\"(max-width: 414px)\" srcset=\"https:\/\/www.electrosuisse.ch\/wp-content\/uploads\/2025\/02\/lernende-sitzen-mit-fachkraeften-zusammen-780x440-1-414x234.png 1x, https:\/\/www.electrosuisse.ch\/wp-content\/uploads\/2025\/02\/lernende-sitzen-mit-fachkraeften-zusammen-780x440-1-768x433.png 2x\"><img decoding=\"async\" src=\"https:\/\/www.electrosuisse.ch\/wp-content\/uploads\/2025\/02\/lernende-sitzen-mit-fachkraeften-zusammen-780x440-1.png\" alt=\"Electrosuisse-Lernende \u00fcbergeben Dokumente\" \/><\/picture><\/div><\/div><\/div>[vc_column_text css=&#8221;&#8221;]Wir freuen uns auf deine Bewerbung ab 1. August des Jahres davor. Du kannst deine Bewerbung gerne \u00fcber unsere Webseite unter \u00aboffene Stellen\u00bb senden.[\/vc_column_text]<div class=\"wpb_video_column wpb_content_element\"><div class=\"wpb_wrapper\"><div class=\"video_container video_container--embed\"><iframe src=\"https:\/\/www.youtube-nocookie.com\/embed\/47H0MQC33dw?modestbranding=1&rel=0&showinfo=0&enablejsapi=1\" frameborder=\"0\" allow=\"accelerometer; autoplay; encrypted-media; gyroscope; picture-in-picture\" allowfullscreen><\/iframe><\/div><\/div><\/div>[\/vc_column][\/vc_row]<\/p>\n<\/div>","protected":false},"excerpt":{"rendered":"<p>[vc_row][vc_column][vc_column_text css=&#8221;&#8221; el_class=&#8221;lead&#8221;]Bei Electrosuisse erwartet dich nach der Schulzeit eine spannende und vielseitige Ausbildung. Wir bieten Lehrstellen als Kaufmann\/-frau und ICT-Fachmann\/frau an. Du lernst ein lebhaftes Umfeld in einem modernen Berufsfeld kennen. Und eins versprechen wir dir: Langweilig wird es dir bei uns nicht. Wir haben f\u00fcr dich n\u00e4mlich einen spannenden Ausbildungsplan, der dir die [&hellip;]<\/p>\n","protected":false},"author":2,"featured_media":0,"parent":25694,"menu_order":27,"comment_status":"closed","ping_status":"closed","template":"","meta":{"_acf_changed":false,"_monsterinsights_skip_tracking":false,"_monsterinsights_sitenote_active":false,"_monsterinsights_sitenote_note":"","_monsterinsights_sitenote_category":0,"footnotes":""},"class_list":["post-26579","page","type-page","status-publish","hentry"],"acf":[],"yoast_head":"<!-- This site is optimized with the Yoast SEO Premium plugin v26.4 (Yoast SEO v27.0) - https:\/\/yoast.com\/product\/yoast-seo-premium-wordpress\/ -->\n<title>Lehrbeginn: Spannende Ausbildungsm\u00f6glichkeiten warten<\/title>\n<meta name=\"description\" content=\"Starte deinen aufregenden Lehrbeginn bei Electrosuisse im August. Bewirb dich f\u00fcr eine spannende Ausbildung!\" \/>\n<meta name=\"robots\" content=\"index, follow, max-snippet:-1, max-image-preview:large, max-video-preview:-1\" \/>\n<link rel=\"canonical\" href=\"https:\/\/www.electrosuisse.ch\/de\/karriere\/lehre-bei-electrosuisse\/\" \/>\n<meta property=\"og:locale\" content=\"de_DE\" \/>\n<meta property=\"og:type\" content=\"article\" \/>\n<meta property=\"og:title\" content=\"Lehrbeginn: Spannende Ausbildungsm\u00f6glichkeiten warten\" \/>\n<meta property=\"og:description\" content=\"Starte deinen aufregenden Lehrbeginn bei Electrosuisse im August. Bewirb dich f\u00fcr eine spannende Ausbildung!\" \/>\n<meta property=\"og:url\" content=\"https:\/\/www.electrosuisse.ch\/de\/karriere\/lehre-bei-electrosuisse\/\" \/>\n<meta property=\"og:site_name\" content=\"Electrosuisse\" \/>\n<meta property=\"article:modified_time\" content=\"2025-06-17T10:19:32+00:00\" \/>\n<meta property=\"og:image\" content=\"https:\/\/www.electrosuisse.ch\/wp-content\/uploads\/2022\/12\/Electrosuisse_Ueber_uns_1578x650.jpg\" \/>\n\t<meta property=\"og:image:width\" content=\"1578\" \/>\n\t<meta property=\"og:image:height\" content=\"650\" \/>\n\t<meta property=\"og:image:type\" content=\"image\/jpeg\" \/>\n<script type=\"application\/ld+json\" class=\"yoast-schema-graph\">{\"@context\":\"https:\/\/schema.org\",\"@graph\":[{\"@type\":\"WebPage\",\"@id\":\"https:\/\/www.electrosuisse.ch\/de\/karriere\/lehre-bei-electrosuisse\/\",\"url\":\"https:\/\/www.electrosuisse.ch\/de\/karriere\/lehre-bei-electrosuisse\/\",\"name\":\"Lehrbeginn: Spannende Ausbildungsm\u00f6glichkeiten warten\",\"isPartOf\":{\"@id\":\"https:\/\/www.electrosuisse.ch\/de\/#website\"},\"datePublished\":\"2022-12-07T14:43:20+00:00\",\"dateModified\":\"2025-06-17T10:19:32+00:00\",\"description\":\"Starte deinen aufregenden Lehrbeginn bei Electrosuisse im August. Bewirb dich f\u00fcr eine spannende Ausbildung!\",\"breadcrumb\":{\"@id\":\"https:\/\/www.electrosuisse.ch\/de\/karriere\/lehre-bei-electrosuisse\/#breadcrumb\"},\"inLanguage\":\"de\",\"potentialAction\":[{\"@type\":\"ReadAction\",\"target\":[\"https:\/\/www.electrosuisse.ch\/de\/karriere\/lehre-bei-electrosuisse\/\"]}]},{\"@type\":\"BreadcrumbList\",\"@id\":\"https:\/\/www.electrosuisse.ch\/de\/karriere\/lehre-bei-electrosuisse\/#breadcrumb\",\"itemListElement\":[{\"@type\":\"ListItem\",\"position\":1,\"name\":\"Karriere\",\"item\":\"https:\/\/www.electrosuisse.ch\/de\/karriere\/\"},{\"@type\":\"ListItem\",\"position\":2,\"name\":\"Lehre bei Electrosuisse\"}]},{\"@type\":\"WebSite\",\"@id\":\"https:\/\/www.electrosuisse.ch\/de\/#website\",\"url\":\"https:\/\/www.electrosuisse.ch\/de\/\",\"name\":\"Electrosuisse\",\"description\":\"\",\"publisher\":{\"@id\":\"https:\/\/www.electrosuisse.ch\/de\/#organization\"},\"potentialAction\":[{\"@type\":\"SearchAction\",\"target\":{\"@type\":\"EntryPoint\",\"urlTemplate\":\"https:\/\/www.electrosuisse.ch\/de\/?s={search_term_string}\"},\"query-input\":{\"@type\":\"PropertyValueSpecification\",\"valueRequired\":true,\"valueName\":\"search_term_string\"}}],\"inLanguage\":\"de\"},{\"@type\":\"Organization\",\"@id\":\"https:\/\/www.electrosuisse.ch\/de\/#organization\",\"name\":\"Electrosuisse\",\"url\":\"https:\/\/www.electrosuisse.ch\/de\/\",\"logo\":{\"@type\":\"ImageObject\",\"inLanguage\":\"de\",\"@id\":\"https:\/\/www.electrosuisse.ch\/de\/#\/schema\/logo\/image\/\",\"url\":\"https:\/\/www.electrosuisse.ch\/wp-content\/uploads\/2025\/04\/Electrosuisse_Logo_696x696.png\",\"contentUrl\":\"https:\/\/www.electrosuisse.ch\/wp-content\/uploads\/2025\/04\/Electrosuisse_Logo_696x696.png\",\"width\":696,\"height\":696,\"caption\":\"Electrosuisse\"},\"image\":{\"@id\":\"https:\/\/www.electrosuisse.ch\/de\/#\/schema\/logo\/image\/\"},\"sameAs\":[\"https:\/\/www.linkedin.com\/company\/electrosuisse-ag\/posts\/?feedView=all\",\"https:\/\/www.instagram.com\/electrosuisse1889\/\",\"https:\/\/www.youtube.com\/channel\/UCoOxohMiVE0Gjcdis1L09zw\"],\"description\":\"Electrosuisse ist eine anerkannte und unabh\u00e4ngige Fachorganisation, die erstklassige Dienstleistungen und Produkte in den Bereichen Inspektion, Beratung, Pr\u00fcfung, Zertifizierung, Normung und Weiterbildung anbietet. Unsere Expertise umfasst Elektrotechnik, Elektromobilit\u00e4t, Energieberatung, Geb\u00e4udeautomation und Photovoltaik in der Schweiz. Durch die Veranstaltung etablierter Branchen-Events und Fachtagungen f\u00f6rdert Electrosuisse den Wissenstransfer und den fachlichen Austausch. Im Mittelpunkt unserer T\u00e4tigkeiten steht die F\u00f6rderung der sicheren, wirtschaftlichen und umweltgerechten Anwendung der Elektrotechnik.\"}]}<\/script>\n<!-- \/ Yoast SEO Premium plugin. -->","yoast_head_json":{"title":"Lehrbeginn: Spannende Ausbildungsm\u00f6glichkeiten warten","description":"Starte deinen aufregenden Lehrbeginn bei Electrosuisse im August. Bewirb dich f\u00fcr eine spannende Ausbildung!","robots":{"index":"index","follow":"follow","max-snippet":"max-snippet:-1","max-image-preview":"max-image-preview:large","max-video-preview":"max-video-preview:-1"},"canonical":"https:\/\/www.electrosuisse.ch\/de\/karriere\/lehre-bei-electrosuisse\/","og_locale":"de_DE","og_type":"article","og_title":"Lehrbeginn: Spannende Ausbildungsm\u00f6glichkeiten warten","og_description":"Starte deinen aufregenden Lehrbeginn bei Electrosuisse im August. Bewirb dich f\u00fcr eine spannende Ausbildung!","og_url":"https:\/\/www.electrosuisse.ch\/de\/karriere\/lehre-bei-electrosuisse\/","og_site_name":"Electrosuisse","article_modified_time":"2025-06-17T10:19:32+00:00","og_image":[{"width":1578,"height":650,"url":"https:\/\/www.electrosuisse.ch\/wp-content\/uploads\/2022\/12\/Electrosuisse_Ueber_uns_1578x650.jpg","type":"image\/jpeg"}],"schema":{"@context":"https:\/\/schema.org","@graph":[{"@type":"WebPage","@id":"https:\/\/www.electrosuisse.ch\/de\/karriere\/lehre-bei-electrosuisse\/","url":"https:\/\/www.electrosuisse.ch\/de\/karriere\/lehre-bei-electrosuisse\/","name":"Lehrbeginn: Spannende Ausbildungsm\u00f6glichkeiten warten","isPartOf":{"@id":"https:\/\/www.electrosuisse.ch\/de\/#website"},"datePublished":"2022-12-07T14:43:20+00:00","dateModified":"2025-06-17T10:19:32+00:00","description":"Starte deinen aufregenden Lehrbeginn bei Electrosuisse im August. Bewirb dich f\u00fcr eine spannende Ausbildung!","breadcrumb":{"@id":"https:\/\/www.electrosuisse.ch\/de\/karriere\/lehre-bei-electrosuisse\/#breadcrumb"},"inLanguage":"de","potentialAction":[{"@type":"ReadAction","target":["https:\/\/www.electrosuisse.ch\/de\/karriere\/lehre-bei-electrosuisse\/"]}]},{"@type":"BreadcrumbList","@id":"https:\/\/www.electrosuisse.ch\/de\/karriere\/lehre-bei-electrosuisse\/#breadcrumb","itemListElement":[{"@type":"ListItem","position":1,"name":"Karriere","item":"https:\/\/www.electrosuisse.ch\/de\/karriere\/"},{"@type":"ListItem","position":2,"name":"Lehre bei Electrosuisse"}]},{"@type":"WebSite","@id":"https:\/\/www.electrosuisse.ch\/de\/#website","url":"https:\/\/www.electrosuisse.ch\/de\/","name":"Electrosuisse","description":"","publisher":{"@id":"https:\/\/www.electrosuisse.ch\/de\/#organization"},"potentialAction":[{"@type":"SearchAction","target":{"@type":"EntryPoint","urlTemplate":"https:\/\/www.electrosuisse.ch\/de\/?s={search_term_string}"},"query-input":{"@type":"PropertyValueSpecification","valueRequired":true,"valueName":"search_term_string"}}],"inLanguage":"de"},{"@type":"Organization","@id":"https:\/\/www.electrosuisse.ch\/de\/#organization","name":"Electrosuisse","url":"https:\/\/www.electrosuisse.ch\/de\/","logo":{"@type":"ImageObject","inLanguage":"de","@id":"https:\/\/www.electrosuisse.ch\/de\/#\/schema\/logo\/image\/","url":"https:\/\/www.electrosuisse.ch\/wp-content\/uploads\/2025\/04\/Electrosuisse_Logo_696x696.png","contentUrl":"https:\/\/www.electrosuisse.ch\/wp-content\/uploads\/2025\/04\/Electrosuisse_Logo_696x696.png","width":696,"height":696,"caption":"Electrosuisse"},"image":{"@id":"https:\/\/www.electrosuisse.ch\/de\/#\/schema\/logo\/image\/"},"sameAs":["https:\/\/www.linkedin.com\/company\/electrosuisse-ag\/posts\/?feedView=all","https:\/\/www.instagram.com\/electrosuisse1889\/","https:\/\/www.youtube.com\/channel\/UCoOxohMiVE0Gjcdis1L09zw"],"description":"Electrosuisse ist eine anerkannte und unabh\u00e4ngige Fachorganisation, die erstklassige Dienstleistungen und Produkte in den Bereichen Inspektion, Beratung, Pr\u00fcfung, Zertifizierung, Normung und Weiterbildung anbietet. Unsere Expertise umfasst Elektrotechnik, Elektromobilit\u00e4t, Energieberatung, Geb\u00e4udeautomation und Photovoltaik in der Schweiz. Durch die Veranstaltung etablierter Branchen-Events und Fachtagungen f\u00f6rdert Electrosuisse den Wissenstransfer und den fachlichen Austausch. Im Mittelpunkt unserer T\u00e4tigkeiten steht die F\u00f6rderung der sicheren, wirtschaftlichen und umweltgerechten Anwendung der Elektrotechnik."}]}},"amp_enabled":true,"_links":{"self":[{"href":"https:\/\/www.electrosuisse.ch\/de\/wp-json\/wp\/v2\/pages\/26579","targetHints":{"allow":["GET"]}}],"collection":[{"href":"https:\/\/www.electrosuisse.ch\/de\/wp-json\/wp\/v2\/pages"}],"about":[{"href":"https:\/\/www.electrosuisse.ch\/de\/wp-json\/wp\/v2\/types\/page"}],"author":[{"embeddable":true,"href":"https:\/\/www.electrosuisse.ch\/de\/wp-json\/wp\/v2\/users\/2"}],"replies":[{"embeddable":true,"href":"https:\/\/www.electrosuisse.ch\/de\/wp-json\/wp\/v2\/comments?post=26579"}],"version-history":[{"count":11,"href":"https:\/\/www.electrosuisse.ch\/de\/wp-json\/wp\/v2\/pages\/26579\/revisions"}],"predecessor-version":[{"id":39241,"href":"https:\/\/www.electrosuisse.ch\/de\/wp-json\/wp\/v2\/pages\/26579\/revisions\/39241"}],"up":[{"embeddable":true,"href":"https:\/\/www.electrosuisse.ch\/de\/wp-json\/wp\/v2\/pages\/25694"}],"wp:attachment":[{"href":"https:\/\/www.electrosuisse.ch\/de\/wp-json\/wp\/v2\/media?parent=26579"}],"curies":[{"name":"wp","href":"https:\/\/api.w.org\/{rel}","templated":true}]}}