{"id":26516,"date":"2022-12-07T11:54:38","date_gmt":"2022-12-07T10:54:38","guid":{"rendered":"https:\/\/www.electrosuisse.ch\/?page_id=26516"},"modified":"2025-02-20T09:20:23","modified_gmt":"2025-02-20T08:20:23","slug":"kontakt","status":"publish","type":"page","link":"https:\/\/www.electrosuisse.ch\/de\/karriere\/kontakt\/","title":{"rendered":"Kontakt"},"content":{"rendered":"<div class=\"wpb-content-wrapper\"><p>[vc_row][vc_column][vc_column_text]<\/p>\n<h1>Du hast Fragen zu unseren Berufswelten, zu einem spezifischen Job oder zu HR-Themen? Wir sind gerne f\u00fcr dich da und unterst\u00fctzen dich.<\/h1>\n<p><strong>Human Resources<\/strong><br \/>\nElectrosuisse<br \/>\nLuppmenstrasse 1<br \/>\nCH-8320 Fehraltorf<\/p>\n<p><a href=\"mail&#116;&#111;&#58;&#114;&#101;&#99;&#114;&#x75;&#x69;&#x74;&#x69;&#x6e;&#x67;&#x40;&#x65;&#x6c;ectr&#111;&#115;&#117;&#105;&#115;&#115;&#101;&#x2e;&#x63;&#x68;\">&#x72;&#x65;&#99;&#114;&#117;i&#x74;&#x69;&#x6e;&#103;&#64;el&#x65;&#x63;&#x74;&#114;&#111;s&#x75;&#x69;&#x73;&#115;&#101;&#46;c&#x68;<\/a>[\/vc_column_text]<div class=\"wpb_contact_column wpb_content_element wpb_content_element--\"><div class=\"wpb_wrapper\"><div class=\"contact_container\"><div class=\"contact row middle-xs\"><div class=\"contact__img col-sm-5 col-xs-12\"><img decoding=\"async\" src=\"https:\/\/www.electrosuisse.ch\/wp-content\/uploads\/2023\/03\/Mirjam_Plattner_320x320-2.jpg\" alt=\"Mirjam Plattner - Leiterin HR\" \/><\/div><div class=\"contact__info col-sm-7 col-xs-12\"><p><b>Mirjam Plattner<\/b><br>Leiterin HR<\/p><div class=\"phone has-link\"><a href=\"tel:+41585951225\">+41 58 595 12 25<\/a><\/div><div class=\"mail has-link\"><a href=\"mailto:&#109;i&#x72;j&#x61;m&#x2e;&#112;&#x6c;&#97;&#x74;&#116;n&#x65;r&#x40;e&#x6c;&#101;&#x63;&#116;&#x72;&#111;&#x73;&#117;i&#x73;s&#x65;&#46;&#x63;&#104;\">mirjam.plattner@<br>electrosuisse.ch<\/a><\/div><\/div><\/div><\/div><\/div><\/div><div class=\"wpb_contact_column wpb_content_element wpb_content_element--\"><div class=\"wpb_wrapper\"><div class=\"contact_container\"><div class=\"contact row middle-xs\"><div class=\"contact__img col-sm-5 col-xs-12\"><img decoding=\"async\" src=\"https:\/\/www.electrosuisse.ch\/wp-content\/uploads\/2022\/12\/portrait-valerie-chatelain-hr-electrosuisse-1.jpg\" alt=\"Val\u00e9rie Chatelain - Senior HR Manager\" \/><\/div><div class=\"contact__info col-sm-7 col-xs-12\"><p><b>Val\u00e9rie Chatelain<\/b><br>Senior HR Manager<\/p><div class=\"phone has-link\"><a href=\"tel:+41585951237\">+41 58 595 12 37<\/a><\/div><div class=\"mail has-link\"><a href=\"mailto:&#x76;&#x61;&#x6c;&#x65;&#x72;&#x69;&#x65;&#x2e;&#x63;&#x68;&#x61;&#x74;&#x65;&#x6c;&#97;&#105;&#110;&#64;&#101;&#108;&#101;&#99;&#116;&#114;&#111;suisse&#46;c&#x68;\">valerie.chatelain@<br>electrosuisse.ch<\/a><\/div><\/div><\/div><\/div><\/div><\/div><div class=\"wpb_contact_column wpb_content_element wpb_content_element--\"><div class=\"wpb_wrapper\"><div class=\"contact_container\"><div class=\"contact row middle-xs\"><div class=\"contact__img col-sm-5 col-xs-12\"><img decoding=\"async\" src=\"https:\/\/www.electrosuisse.ch\/wp-content\/uploads\/2024\/12\/XeniaAvanthay_320x320.png\" alt=\"Xenia Avanthay - HR Manager\" \/><\/div><div class=\"contact__info col-sm-7 col-xs-12\"><p><b>Xenia Avanthay<\/b><br>HR Manager<\/p><div class=\"phone has-link\"><a href=\"tel:0585951238\">058 595 12 38<\/a><\/div><div class=\"mail has-link\"><a href=\"mailto:&#120;&#x65;&#x6e;&#105;&#x61;&#x2e;a&#x76;&#x61;n&#116;&#x68;a&#121;&#x40;e&#108;&#x65;c&#116;&#x72;o&#115;&#x75;&#x69;&#115;&#x73;&#x65;&#46;&#x63;&#x68;\">xenia.avanthay@<br>electrosuisse.ch<\/a><\/div><\/div><\/div><\/div><\/div><\/div><div class=\"wpb_contact_column wpb_content_element wpb_content_element--\"><div class=\"wpb_wrapper\"><div class=\"contact_container\"><div class=\"contact row middle-xs\"><div class=\"contact__img col-sm-5 col-xs-12\"><img decoding=\"async\" src=\"https:\/\/www.electrosuisse.ch\/wp-content\/uploads\/2024\/07\/Karin-Buehlmann-2024-87b-fullsize_320x320.jpg\" alt=\"Karin B\u00fchlmann - Payroll Specialist\" \/><\/div><div class=\"contact__info col-sm-7 col-xs-12\"><p><b>Karin B\u00fchlmann<\/b><br>Payroll Specialist<\/p><div class=\"phone has-link\"><a href=\"tel:+41585951239\">+41 58 595 12 39<\/a><\/div><div class=\"mail has-link\"><a href=\"mailto:&#x6b;&#x61;&#114;i&#x6e;&#x2e;&#98;&#117;e&#x68;&#x6c;&#109;&#97;n&#x6e;&#x40;&#101;le&#x63;&#x74;&#114;o&#x73;&#x75;&#105;&#115;s&#x65;&#x2e;&#99;&#104;\">karin.buehlmann@<br>electrosuisse.ch<\/a><\/div><\/div><\/div><\/div><\/div><\/div><div class=\"wpb_contact_column wpb_content_element wpb_content_element--\"><div class=\"wpb_wrapper\"><div class=\"contact_container\"><div class=\"contact row middle-xs\"><div class=\"contact__img col-sm-5 col-xs-12\"><img decoding=\"async\" src=\"https:\/\/www.electrosuisse.ch\/wp-content\/uploads\/2024\/12\/NihalAbdiu_320x320.png\" alt=\"Nihal Abdiu - HR Assistentin\" \/><\/div><div class=\"contact__info col-sm-7 col-xs-12\"><p><b>Nihal Abdiu<\/b><br>HR Assistentin<\/p><div class=\"phone has-link\"><a href=\"tel:0585951226\">058 595 12 26<\/a><\/div><div class=\"mail has-link\"><a href=\"mailto:&#x6e;&#x69;&#x68;&#x61;&#x6c;&#46;&#97;&#98;&#100;iu&#64;&#x65;&#x6c;&#x65;&#x63;&#x74;&#x72;&#111;&#115;&#117;iss&#x65;&#x2e;&#x63;&#x68;\">&#x6e;&#105;h&#x61;&#108;&#46;&#x61;&#98;d&#x69;&#117;&#64;&#x65;&#108;e&#x63;&#116;r&#x6f;&#115;u&#x69;&#115;s&#x65;&#46;c&#x68;<\/a><\/div><\/div><\/div><\/div><\/div><\/div>[\/vc_column][\/vc_row]<\/p>\n<\/div>","protected":false},"excerpt":{"rendered":"<p>[vc_row][vc_column][vc_column_text] Du hast Fragen zu unseren Berufswelten, zu einem spezifischen Job oder zu HR-Themen? Wir sind gerne f\u00fcr dich da und unterst\u00fctzen dich. Human Resources Electrosuisse Luppmenstrasse 1 CH-8320 Fehraltorf &#114;&#x65;c&#114;&#x75;i&#116;&#x69;n&#103;&#x40;e&#108;&#x65;&#99;&#x74;&#x72;&#111;&#x73;&#x75;&#105;&#x73;s&#101;&#x2e;c&#104;[\/vc_column_text][\/vc_column][\/vc_row]<\/p>\n","protected":false},"author":2,"featured_media":0,"parent":25694,"menu_order":29,"comment_status":"closed","ping_status":"closed","template":"","meta":{"_acf_changed":false,"_monsterinsights_skip_tracking":false,"_monsterinsights_sitenote_active":false,"_monsterinsights_sitenote_note":"","_monsterinsights_sitenote_category":0,"footnotes":""},"class_list":["post-26516","page","type-page","status-publish","hentry"],"acf":[],"yoast_head":"<!-- This site is optimized with the Yoast SEO Premium plugin v26.4 (Yoast SEO v27.0) - https:\/\/yoast.com\/product\/yoast-seo-premium-wordpress\/ -->\n<title>Neuen Job bei Electrosuisse gesucht? Kontaktiere uns.<\/title>\n<meta name=\"description\" content=\"Wir beantworten dir alle Fragen zu unseren Berufswelten, zu einem spezifischen Job oder zu HR-Themen.\" \/>\n<meta name=\"robots\" content=\"index, follow, max-snippet:-1, max-image-preview:large, max-video-preview:-1\" \/>\n<link rel=\"canonical\" href=\"https:\/\/www.electrosuisse.ch\/de\/karriere\/kontakt\/\" \/>\n<meta property=\"og:locale\" content=\"de_DE\" \/>\n<meta property=\"og:type\" content=\"article\" \/>\n<meta property=\"og:title\" content=\"Neuen Job bei Electrosuisse gesucht? Kontaktiere uns.\" \/>\n<meta property=\"og:description\" content=\"Wir beantworten dir alle Fragen zu unseren Berufswelten, zu einem spezifischen Job oder zu HR-Themen.\" \/>\n<meta property=\"og:url\" content=\"https:\/\/www.electrosuisse.ch\/de\/karriere\/kontakt\/\" \/>\n<meta property=\"og:site_name\" content=\"Electrosuisse\" \/>\n<meta property=\"article:modified_time\" content=\"2025-02-20T08:20:23+00:00\" \/>\n<meta property=\"og:image\" content=\"https:\/\/www.electrosuisse.ch\/wp-content\/uploads\/2022\/12\/Electrosuisse_Ueber_uns_1578x650.jpg\" \/>\n\t<meta property=\"og:image:width\" content=\"1578\" \/>\n\t<meta property=\"og:image:height\" content=\"650\" \/>\n\t<meta property=\"og:image:type\" content=\"image\/jpeg\" \/>\n<script type=\"application\/ld+json\" class=\"yoast-schema-graph\">{\"@context\":\"https:\/\/schema.org\",\"@graph\":[{\"@type\":\"WebPage\",\"@id\":\"https:\/\/www.electrosuisse.ch\/de\/karriere\/kontakt\/\",\"url\":\"https:\/\/www.electrosuisse.ch\/de\/karriere\/kontakt\/\",\"name\":\"Neuen Job bei Electrosuisse gesucht? Kontaktiere uns.\",\"isPartOf\":{\"@id\":\"https:\/\/www.electrosuisse.ch\/de\/#website\"},\"datePublished\":\"2022-12-07T10:54:38+00:00\",\"dateModified\":\"2025-02-20T08:20:23+00:00\",\"description\":\"Wir beantworten dir alle Fragen zu unseren Berufswelten, zu einem spezifischen Job oder zu HR-Themen.\",\"breadcrumb\":{\"@id\":\"https:\/\/www.electrosuisse.ch\/de\/karriere\/kontakt\/#breadcrumb\"},\"inLanguage\":\"de\",\"potentialAction\":[{\"@type\":\"ReadAction\",\"target\":[\"https:\/\/www.electrosuisse.ch\/de\/karriere\/kontakt\/\"]}]},{\"@type\":\"BreadcrumbList\",\"@id\":\"https:\/\/www.electrosuisse.ch\/de\/karriere\/kontakt\/#breadcrumb\",\"itemListElement\":[{\"@type\":\"ListItem\",\"position\":1,\"name\":\"Karriere\",\"item\":\"https:\/\/www.electrosuisse.ch\/de\/karriere\/\"},{\"@type\":\"ListItem\",\"position\":2,\"name\":\"Kontakt\"}]},{\"@type\":\"WebSite\",\"@id\":\"https:\/\/www.electrosuisse.ch\/de\/#website\",\"url\":\"https:\/\/www.electrosuisse.ch\/de\/\",\"name\":\"Electrosuisse\",\"description\":\"\",\"publisher\":{\"@id\":\"https:\/\/www.electrosuisse.ch\/de\/#organization\"},\"potentialAction\":[{\"@type\":\"SearchAction\",\"target\":{\"@type\":\"EntryPoint\",\"urlTemplate\":\"https:\/\/www.electrosuisse.ch\/de\/?s={search_term_string}\"},\"query-input\":{\"@type\":\"PropertyValueSpecification\",\"valueRequired\":true,\"valueName\":\"search_term_string\"}}],\"inLanguage\":\"de\"},{\"@type\":\"Organization\",\"@id\":\"https:\/\/www.electrosuisse.ch\/de\/#organization\",\"name\":\"Electrosuisse\",\"url\":\"https:\/\/www.electrosuisse.ch\/de\/\",\"logo\":{\"@type\":\"ImageObject\",\"inLanguage\":\"de\",\"@id\":\"https:\/\/www.electrosuisse.ch\/de\/#\/schema\/logo\/image\/\",\"url\":\"https:\/\/www.electrosuisse.ch\/wp-content\/uploads\/2025\/04\/Electrosuisse_Logo_696x696.png\",\"contentUrl\":\"https:\/\/www.electrosuisse.ch\/wp-content\/uploads\/2025\/04\/Electrosuisse_Logo_696x696.png\",\"width\":696,\"height\":696,\"caption\":\"Electrosuisse\"},\"image\":{\"@id\":\"https:\/\/www.electrosuisse.ch\/de\/#\/schema\/logo\/image\/\"},\"sameAs\":[\"https:\/\/www.linkedin.com\/company\/electrosuisse-ag\/posts\/?feedView=all\",\"https:\/\/www.instagram.com\/electrosuisse1889\/\",\"https:\/\/www.youtube.com\/channel\/UCoOxohMiVE0Gjcdis1L09zw\"],\"description\":\"Electrosuisse ist eine anerkannte und unabh\u00e4ngige Fachorganisation, die erstklassige Dienstleistungen und Produkte in den Bereichen Inspektion, Beratung, Pr\u00fcfung, Zertifizierung, Normung und Weiterbildung anbietet. Unsere Expertise umfasst Elektrotechnik, Elektromobilit\u00e4t, Energieberatung, Geb\u00e4udeautomation und Photovoltaik in der Schweiz. Durch die Veranstaltung etablierter Branchen-Events und Fachtagungen f\u00f6rdert Electrosuisse den Wissenstransfer und den fachlichen Austausch. Im Mittelpunkt unserer T\u00e4tigkeiten steht die F\u00f6rderung der sicheren, wirtschaftlichen und umweltgerechten Anwendung der Elektrotechnik.\"}]}<\/script>\n<!-- \/ Yoast SEO Premium plugin. -->","yoast_head_json":{"title":"Neuen Job bei Electrosuisse gesucht? Kontaktiere uns.","description":"Wir beantworten dir alle Fragen zu unseren Berufswelten, zu einem spezifischen Job oder zu HR-Themen.","robots":{"index":"index","follow":"follow","max-snippet":"max-snippet:-1","max-image-preview":"max-image-preview:large","max-video-preview":"max-video-preview:-1"},"canonical":"https:\/\/www.electrosuisse.ch\/de\/karriere\/kontakt\/","og_locale":"de_DE","og_type":"article","og_title":"Neuen Job bei Electrosuisse gesucht? Kontaktiere uns.","og_description":"Wir beantworten dir alle Fragen zu unseren Berufswelten, zu einem spezifischen Job oder zu HR-Themen.","og_url":"https:\/\/www.electrosuisse.ch\/de\/karriere\/kontakt\/","og_site_name":"Electrosuisse","article_modified_time":"2025-02-20T08:20:23+00:00","og_image":[{"width":1578,"height":650,"url":"https:\/\/www.electrosuisse.ch\/wp-content\/uploads\/2022\/12\/Electrosuisse_Ueber_uns_1578x650.jpg","type":"image\/jpeg"}],"schema":{"@context":"https:\/\/schema.org","@graph":[{"@type":"WebPage","@id":"https:\/\/www.electrosuisse.ch\/de\/karriere\/kontakt\/","url":"https:\/\/www.electrosuisse.ch\/de\/karriere\/kontakt\/","name":"Neuen Job bei Electrosuisse gesucht? Kontaktiere uns.","isPartOf":{"@id":"https:\/\/www.electrosuisse.ch\/de\/#website"},"datePublished":"2022-12-07T10:54:38+00:00","dateModified":"2025-02-20T08:20:23+00:00","description":"Wir beantworten dir alle Fragen zu unseren Berufswelten, zu einem spezifischen Job oder zu HR-Themen.","breadcrumb":{"@id":"https:\/\/www.electrosuisse.ch\/de\/karriere\/kontakt\/#breadcrumb"},"inLanguage":"de","potentialAction":[{"@type":"ReadAction","target":["https:\/\/www.electrosuisse.ch\/de\/karriere\/kontakt\/"]}]},{"@type":"BreadcrumbList","@id":"https:\/\/www.electrosuisse.ch\/de\/karriere\/kontakt\/#breadcrumb","itemListElement":[{"@type":"ListItem","position":1,"name":"Karriere","item":"https:\/\/www.electrosuisse.ch\/de\/karriere\/"},{"@type":"ListItem","position":2,"name":"Kontakt"}]},{"@type":"WebSite","@id":"https:\/\/www.electrosuisse.ch\/de\/#website","url":"https:\/\/www.electrosuisse.ch\/de\/","name":"Electrosuisse","description":"","publisher":{"@id":"https:\/\/www.electrosuisse.ch\/de\/#organization"},"potentialAction":[{"@type":"SearchAction","target":{"@type":"EntryPoint","urlTemplate":"https:\/\/www.electrosuisse.ch\/de\/?s={search_term_string}"},"query-input":{"@type":"PropertyValueSpecification","valueRequired":true,"valueName":"search_term_string"}}],"inLanguage":"de"},{"@type":"Organization","@id":"https:\/\/www.electrosuisse.ch\/de\/#organization","name":"Electrosuisse","url":"https:\/\/www.electrosuisse.ch\/de\/","logo":{"@type":"ImageObject","inLanguage":"de","@id":"https:\/\/www.electrosuisse.ch\/de\/#\/schema\/logo\/image\/","url":"https:\/\/www.electrosuisse.ch\/wp-content\/uploads\/2025\/04\/Electrosuisse_Logo_696x696.png","contentUrl":"https:\/\/www.electrosuisse.ch\/wp-content\/uploads\/2025\/04\/Electrosuisse_Logo_696x696.png","width":696,"height":696,"caption":"Electrosuisse"},"image":{"@id":"https:\/\/www.electrosuisse.ch\/de\/#\/schema\/logo\/image\/"},"sameAs":["https:\/\/www.linkedin.com\/company\/electrosuisse-ag\/posts\/?feedView=all","https:\/\/www.instagram.com\/electrosuisse1889\/","https:\/\/www.youtube.com\/channel\/UCoOxohMiVE0Gjcdis1L09zw"],"description":"Electrosuisse ist eine anerkannte und unabh\u00e4ngige Fachorganisation, die erstklassige Dienstleistungen und Produkte in den Bereichen Inspektion, Beratung, Pr\u00fcfung, Zertifizierung, Normung und Weiterbildung anbietet. Unsere Expertise umfasst Elektrotechnik, Elektromobilit\u00e4t, Energieberatung, Geb\u00e4udeautomation und Photovoltaik in der Schweiz. Durch die Veranstaltung etablierter Branchen-Events und Fachtagungen f\u00f6rdert Electrosuisse den Wissenstransfer und den fachlichen Austausch. Im Mittelpunkt unserer T\u00e4tigkeiten steht die F\u00f6rderung der sicheren, wirtschaftlichen und umweltgerechten Anwendung der Elektrotechnik."}]}},"amp_enabled":true,"_links":{"self":[{"href":"https:\/\/www.electrosuisse.ch\/de\/wp-json\/wp\/v2\/pages\/26516","targetHints":{"allow":["GET"]}}],"collection":[{"href":"https:\/\/www.electrosuisse.ch\/de\/wp-json\/wp\/v2\/pages"}],"about":[{"href":"https:\/\/www.electrosuisse.ch\/de\/wp-json\/wp\/v2\/types\/page"}],"author":[{"embeddable":true,"href":"https:\/\/www.electrosuisse.ch\/de\/wp-json\/wp\/v2\/users\/2"}],"replies":[{"embeddable":true,"href":"https:\/\/www.electrosuisse.ch\/de\/wp-json\/wp\/v2\/comments?post=26516"}],"version-history":[{"count":17,"href":"https:\/\/www.electrosuisse.ch\/de\/wp-json\/wp\/v2\/pages\/26516\/revisions"}],"predecessor-version":[{"id":37774,"href":"https:\/\/www.electrosuisse.ch\/de\/wp-json\/wp\/v2\/pages\/26516\/revisions\/37774"}],"up":[{"embeddable":true,"href":"https:\/\/www.electrosuisse.ch\/de\/wp-json\/wp\/v2\/pages\/25694"}],"wp:attachment":[{"href":"https:\/\/www.electrosuisse.ch\/de\/wp-json\/wp\/v2\/media?parent=26516"}],"curies":[{"name":"wp","href":"https:\/\/api.w.org\/{rel}","templated":true}]}}