{"id":25877,"date":"2022-11-29T18:56:16","date_gmt":"2022-11-29T17:56:16","guid":{"rendered":"https:\/\/www.electrosuisse.ch\/?page_id=25877"},"modified":"2026-04-07T15:56:25","modified_gmt":"2026-04-07T13:56:25","slug":"du-wir","status":"publish","type":"page","link":"https:\/\/www.electrosuisse.ch\/de\/karriere\/du-wir\/","title":{"rendered":"Du und Wir"},"content":{"rendered":"<div class=\"wpb-content-wrapper\"><p>[vc_row][vc_column][vc_column_text el_class=&#8221;lead&#8221;]Sachbearbeiter, Social-Media-Managerin oder HR Recruiter? Die Berufsfelder und Funktionen bei Electrosuisse sind so vielf\u00e4ltig, wie die Arbeit selbst.<\/p>\n<p>Hier geht\u2019s gleich zu den offenen Stellen.[\/vc_column_text]<div class=\"wpb_button_column wpb_content_element wpb_content_element--left\"><div class=\"wpb_wrapper\"><div class=\"button button--normal\"><a href=\"https:\/\/www.electrosuisse.ch\/de\/jobs\/\">Stellen\u00fcbersicht<\/a><\/div><\/div><\/div>[\/vc_column][\/vc_row][vc_row][vc_column][vc_column_text]<\/p>\n<h4>Ein Job bei der Electrosuisse ist einfach spannender. In vielerlei Hinsicht.<\/h4>\n<p>Wir bieten Abwechslung, einen top Team-Spirit und viel Freiraum. Freiraum f\u00fcr Ideen, f\u00fcr die Gestaltung deiner Arbeitszeit und f\u00fcr die Weiterentwicklung. Unsere Mitarbeitenden sagen, dass sie ungew\u00f6hnlich viel vom Know-how des Electrosuisse-Teams profitieren. Und wir finden, wer einen guten Job macht, soll gute Rahmenbedingungen haben. Zum Beispiel 6 Wochen Ferien inklusive betriebsfreie Tage, eine faire Entl\u00f6hnung und nach Wunsch ein Elektroauto. Zudem teilen wir \u2153 des Gewinns unter allen Mitarbeitenden auf.[\/vc_column_text][\/vc_column][\/vc_row][vc_row][vc_column]<div class=\"wpb_content_element wpb_quotes_column\"><div class=\"wpb_wrapper\"><div class=\"wpb_wrapper__inside\"><div class=\"quotes\"><div class=\"swiper swiper--quotes\"><div id=\"swiper-shuffle\" class=\"swiper-wrapper\"><div class=\"swiper-slide step\"><h3 class=\"quote--content\">Ich finde die Arbeit sehr sinnstiftend! Wir sind unabh\u00e4ngig und dadurch glaubw\u00fcrdig.<\/h3><p class=\"quote--credits\"><\/p><\/div><div class=\"swiper-slide step\"><h3 class=\"quote--content\">Ich hatte bisher keine Stelle, die mich fachlich derart herausgefordert hat wie diese hier. Es ist einfach grossartig.<\/h3><p class=\"quote--credits\"><\/p><\/div><div class=\"swiper-slide step\"><h3 class=\"quote--content\">Flexible Arbeitszeiten, Home-Office M\u00f6glichkeit, freie Gestaltung bei der Zeiteinteilung.<\/h3><p class=\"quote--credits\"><\/p><\/div><div class=\"swiper-slide step\"><h3 class=\"quote--content\">Die verschiedenen Herausforderungen und die lockeren Umgangsformen.<\/h3><p class=\"quote--credits\"><\/p><\/div><div class=\"swiper-slide step\"><h3 class=\"quote--content\">Die Unabh\u00e4ngigkeit der Electrosuisse und die Freiheit, die Kunden selber zu organisieren und den Zeitplan selber zu gestalten.<\/h3><p class=\"quote--credits\"><\/p><\/div><div class=\"swiper-slide step\"><h3 class=\"quote--content\">Hohe Fachkompetenz, flexible Arbeitszeiten, hoher Bekanntheitsgrad.<\/h3><p class=\"quote--credits\"><\/p><\/div><div class=\"swiper-slide step\"><h3 class=\"quote--content\">Technisch sehr interessantes Gebiet f\u00fcr einen Elektrotechnik-Ingenieur. Electrosuisse geniesst in der Schweiz ein grosses Ansehen. Viel Freiraum bei der Organisation der Arbeit.<\/h3><p class=\"quote--credits\"><\/p><\/div><\/div><\/div><\/div><\/div><div class=\"swiper-controls\"><div class=\"swiper-button-prev button button--arrow\"><div><div class=\"arrow\">Mehr<\/div><\/div><\/div><div class=\"swiper-button-next button button--arrow\"><div><div class=\"arrow\">Mehr<\/div><\/div><\/div><\/div><\/div><\/div>[\/vc_column][\/vc_row][vc_row el_id=&#8221;benefits&#8221;][vc_column][vc_column_text]<\/p>\n<h2>Du merkst es. Wir m\u00f6chten, dass du bei uns arbeitest.<\/h2>\n<p>Hier noch zwei, drei Benefits.[\/vc_column_text]<div class=\"wpb_history_column wpb_benefits_column wpb_content_element\"><div class=\"wpb_wrapper\"><div class=\"timeline benefits-timeline\"><div class=\"timeline__container\"><div class=\"timeline__block row\"><div class=\"timeline__content benefits__content col-sm-6 col-xs-12\"><h3>Du hast es dir verdient.<\/h3><p>Wir finden, Beruf und Privatleben sollen vereinbar sein. Und deshalb hast du bei uns 6 Wochen Ferien inklusive betriebsfreie Tage.<\/p><\/div><\/div><div class=\"timeline__block row\"><div class=\"timeline__content benefits__content col-sm-6 col-xs-12\"><h3>Home-Office<\/h3><p>Bei uns gibt es bis zu 2 Tage pro Woche Home-Office. Als Inspektorin\/Beraterin oder Inspektor\/Berater hast du deinen Arbeitsplatz zu Hause und beim Kunden.<\/p><\/div><\/div><div class=\"timeline__block row\"><div class=\"timeline__content benefits__content col-sm-6 col-xs-12\"><h3>Richtig durchschnaufen.<\/h3><p>Wenn du mal eine Auszeit brauchst. F\u00fcr den Nachwuchs, die Liebe oder f\u00fcr deine Abenteuerlust. Unbezahlter Urlaub ist m\u00f6glich bei uns.<\/p><\/div><\/div><div class=\"timeline__block row\"><div class=\"timeline__content benefits__content col-sm-6 col-xs-12\"><h3>Dein Auto<\/h3><p>Je nach Funktion erh\u00e4ltst du ein pers\u00f6nliches Fahrzeug: Elektro oder konventionell. Dieses kannst du auch privat nutzen. Ohne Wenn und Aber.<\/p><\/div><\/div><div class=\"timeline__block row\"><div class=\"timeline__content benefits__content col-sm-6 col-xs-12\"><h3>Weiterbildung? Noch so gerne.<\/h3><p>Wir begleiten dich auf deinem Weg \u2013 mit echter Unterst\u00fctzung und attraktiven Beitr\u00e4gen zu deiner beruflichen Weiterqualifizierung. Je nach Funktion \u00fcbernehmen wir Verpflichtungen des vorherigen Jobs.<\/p><\/div><\/div><div class=\"timeline__block row\"><div class=\"timeline__content benefits__content col-sm-6 col-xs-12\"><h3>Ein kleines Extra obendrauf.<\/h3><p>Wir finden eine faire Entl\u00f6hnung wichtig und zeitgem\u00e4ss. Zudem verteilen wir \u2153 des Gewinns unter allen Mitarbeitenden.<\/p><\/div><\/div><div class=\"timeline__block row\"><div class=\"timeline__content benefits__content col-sm-6 col-xs-12\"><h3>F\u00fcr die Zukunft vorsorgen.<\/h3><p>Auch uns ist deine Zukunft wichtig. Darum \u00fcbernehmen wir sogar 60 % deiner Vorsorge.<\/p><\/div><\/div><div class=\"timeline__block row\"><div class=\"timeline__content benefits__content col-sm-6 col-xs-12\"><h3>Wenn es mal ernst wird.<\/h3><p>Weil man im Leben nicht alles voraussehen kann, zahlen wir dir eine private Unfall-Spitalzusatzversicherung. Du partizipierst nur mit symbolischen CHF 5 pro Monat.<\/p><\/div><\/div><div class=\"timeline__block row\"><div class=\"timeline__content benefits__content col-sm-6 col-xs-12\"><h3>Bequem von A nach B.<\/h3><p>F\u00fcr alle Reisen sitzt du im Zug in der 1. Klasse. Und: Das Halbtax-Abo schenken wir dir sowieso.<\/p><\/div><\/div><div class=\"timeline__block row\"><div class=\"timeline__content benefits__content col-sm-6 col-xs-12\"><h3>Komfortabler Standort.<\/h3><p>Am Standort Fehraltorf bieten wir dir kostenlose Parkpl\u00e4tze, ein Personalrestaurant und Duschm\u00f6glichkeit.<\/p><\/div><\/div><div class=\"timeline__block row\"><div class=\"timeline__content benefits__content col-sm-6 col-xs-12\"><h3>\u00bfHablas espa\u00f1ol?<\/h3><p>Wenn nicht, dann kannst du bei uns gratis eine beliebige Sprache mit unserem Online-Tool erlernen.<\/p><\/div><\/div><div class=\"timeline__block row\"><div class=\"timeline__content benefits__content col-sm-6 col-xs-12\"><h3>Reka-Geld<\/h3><p>Du profitierst von 20% Rabatt beim Bezug von Reka-Checks \u2013 attraktives Freizeitgeld und dies alle Jahre.<\/p><\/div><\/div><div class=\"timeline__block row\"><div class=\"timeline__content benefits__content col-sm-6 col-xs-12\"><h3>Vermittlungspr\u00e4mie<\/h3><p>Weiterempfehlen wird belohnt mit CHF 3000.00 netto. Schnelle und unkomplizierte Auszahlung im ersten Anstellungsmonat der neuen Person.<\/p><\/div><\/div><\/div><\/div><\/div><\/div>[\/vc_column][\/vc_row][vc_row el_id=&#8221;bewerbungsprozess&#8221;][vc_column][vc_column_text]<\/p>\n<h2>Wie geht\u2019s nach deiner Bewerbung weiter?<\/h2>\n<p>Bei deiner Bewerbung erwartet dich folgender Standardprozess, der auf Funktion und Standort angepasst wird:[\/vc_column_text]<div class=\"wpb_process_column wpb_content_element\"><div class=\"wpb_wrapper\"><div class=\"process_container\"><div class=\"process\"><div class=\"process__symbol process__symbol--number\"><div class=\"process__number\">1<\/div><\/div><div class=\"process__content\"><h4>Interessantes Dossier?<\/h4><p>Finden wir dein Dossier interessant, melden wir uns <strong>innert K\u00fcrze<\/strong> bei dir und laden dich zum Kennenlern-Gespr\u00e4ch ein.<\/p>\n<\/div><\/div><div class=\"process\"><div class=\"process__symbol process__symbol--number\"><div class=\"process__number\">2<\/div><\/div><div class=\"process__content\"><h4>Kennenlern-Gespr\u00e4ch online<\/h4><p>Das Kennenlern-Gespr\u00e4ch findet online statt. Es dauert ca. 45 Minuten. Dabei ist eine Person vom HR und deine m\u00f6gliche zuk\u00fcnftige Vorgesetzte oder dein m\u00f6glicher zuk\u00fcnftiger Vorgesetzter.<\/p>\n<\/div><\/div><div class=\"process\"><div class=\"process__symbol process__symbol--number\"><div class=\"process__number\">3<\/div><\/div><div class=\"process__content\"><h4>Zweitgespr\u00e4ch vor Ort<\/h4><p>Wenn du und wir finden, dass wir zusammenpassen, geht\u2019s weiter. Das zweite Gespr\u00e4ch findet bei uns vor Ort statt. Dabei lernst du auch das Team kennen.<\/p>\n<\/div><\/div><div class=\"process\"><div class=\"process__symbol process__symbol--number\"><div class=\"process__number\">4<\/div><\/div><div class=\"process__content\"><h4>Anstellung<\/h4><p>War das zweite Gespr\u00e4ch ein klarer Match, dann solltest du bei uns starten!<\/p>\n<\/div><\/div>\n<\/div><\/div><\/div>[\/vc_column][\/vc_row][vc_row][vc_column]<div class=\"wpb_cta_column wpb_content_element\"><div class=\"wpb_wrapper\"><div class=\"cta cta--two_rows cta--big cta--green cta--link\"><div class=\"cta__content\"><a href=\"https:\/\/www.electrosuisse.ch\/de\/jobs\/\" class=\"full\">Jobs im \u00dcberblick<\/a><div class=\"cta__label\"><p>Jobs im<span>\u00dcberblick<\/span><\/p><\/div><\/div><\/div><\/div><\/div>[\/vc_column][\/vc_row]<\/p>\n<\/div>","protected":false},"excerpt":{"rendered":"<p>[vc_row][vc_column][vc_column_text el_class=&#8221;lead&#8221;]Sachbearbeiter, Social-Media-Managerin oder HR Recruiter? Die Berufsfelder und Funktionen bei Electrosuisse sind so vielf\u00e4ltig, wie die Arbeit selbst. Hier geht\u2019s gleich zu den offenen Stellen.[\/vc_column_text][\/vc_column][\/vc_row][vc_row][vc_column][vc_column_text] Ein Job bei der Electrosuisse ist einfach spannender. In vielerlei Hinsicht. Wir bieten Abwechslung, einen top Team-Spirit und viel Freiraum. Freiraum f\u00fcr Ideen, f\u00fcr die Gestaltung deiner Arbeitszeit und [&hellip;]<\/p>\n","protected":false},"author":2,"featured_media":0,"parent":25694,"menu_order":30,"comment_status":"closed","ping_status":"closed","template":"","meta":{"_acf_changed":false,"_monsterinsights_skip_tracking":false,"_monsterinsights_sitenote_active":false,"_monsterinsights_sitenote_note":"","_monsterinsights_sitenote_category":0,"footnotes":""},"class_list":["post-25877","page","type-page","status-publish","hentry"],"acf":[],"yoast_head":"<!-- This site is optimized with the Yoast SEO Premium plugin v26.4 (Yoast SEO v27.0) - https:\/\/yoast.com\/product\/yoast-seo-premium-wordpress\/ -->\n<title>Du und wir \u2013 ein Job bei der Electrosuisse ist einfach spannender<\/title>\n<meta name=\"description\" content=\"Wir bieten Abwechslung, einen top Team-Spirit und viel Freiraum f\u00fcr die Gestaltung deiner Arbeitszeit und f\u00fcr die Weiterentwicklung.\" \/>\n<meta name=\"robots\" content=\"index, follow, max-snippet:-1, max-image-preview:large, max-video-preview:-1\" \/>\n<link rel=\"canonical\" href=\"https:\/\/www.electrosuisse.ch\/de\/karriere\/du-wir\/\" \/>\n<meta property=\"og:locale\" content=\"de_DE\" \/>\n<meta property=\"og:type\" content=\"article\" \/>\n<meta property=\"og:title\" content=\"Du und wir \u2013 ein Job bei der Electrosuisse ist einfach spannender\" \/>\n<meta property=\"og:description\" content=\"Wir bieten Abwechslung, einen top Team-Spirit und viel Freiraum f\u00fcr die Gestaltung deiner Arbeitszeit und f\u00fcr die Weiterentwicklung.\" \/>\n<meta property=\"og:url\" content=\"https:\/\/www.electrosuisse.ch\/de\/karriere\/du-wir\/\" \/>\n<meta property=\"og:site_name\" content=\"Electrosuisse\" \/>\n<meta property=\"article:modified_time\" content=\"2026-04-07T13:56:25+00:00\" \/>\n<meta property=\"og:image\" content=\"https:\/\/www.electrosuisse.ch\/wp-content\/uploads\/2022\/12\/Electrosuisse_Ueber_uns_1578x650.jpg\" \/>\n\t<meta property=\"og:image:width\" content=\"1578\" \/>\n\t<meta property=\"og:image:height\" content=\"650\" \/>\n\t<meta property=\"og:image:type\" content=\"image\/jpeg\" \/>\n<script type=\"application\/ld+json\" class=\"yoast-schema-graph\">{\"@context\":\"https:\/\/schema.org\",\"@graph\":[{\"@type\":\"WebPage\",\"@id\":\"https:\/\/www.electrosuisse.ch\/de\/karriere\/du-wir\/\",\"url\":\"https:\/\/www.electrosuisse.ch\/de\/karriere\/du-wir\/\",\"name\":\"Du und wir \u2013 ein Job bei der Electrosuisse ist einfach spannender\",\"isPartOf\":{\"@id\":\"https:\/\/www.electrosuisse.ch\/de\/#website\"},\"datePublished\":\"2022-11-29T17:56:16+00:00\",\"dateModified\":\"2026-04-07T13:56:25+00:00\",\"description\":\"Wir bieten Abwechslung, einen top Team-Spirit und viel Freiraum f\u00fcr die Gestaltung deiner Arbeitszeit und f\u00fcr die Weiterentwicklung.\",\"breadcrumb\":{\"@id\":\"https:\/\/www.electrosuisse.ch\/de\/karriere\/du-wir\/#breadcrumb\"},\"inLanguage\":\"de\",\"potentialAction\":[{\"@type\":\"ReadAction\",\"target\":[\"https:\/\/www.electrosuisse.ch\/de\/karriere\/du-wir\/\"]}]},{\"@type\":\"BreadcrumbList\",\"@id\":\"https:\/\/www.electrosuisse.ch\/de\/karriere\/du-wir\/#breadcrumb\",\"itemListElement\":[{\"@type\":\"ListItem\",\"position\":1,\"name\":\"Karriere\",\"item\":\"https:\/\/www.electrosuisse.ch\/de\/karriere\/\"},{\"@type\":\"ListItem\",\"position\":2,\"name\":\"Du und Wir\"}]},{\"@type\":\"WebSite\",\"@id\":\"https:\/\/www.electrosuisse.ch\/de\/#website\",\"url\":\"https:\/\/www.electrosuisse.ch\/de\/\",\"name\":\"Electrosuisse\",\"description\":\"\",\"publisher\":{\"@id\":\"https:\/\/www.electrosuisse.ch\/de\/#organization\"},\"potentialAction\":[{\"@type\":\"SearchAction\",\"target\":{\"@type\":\"EntryPoint\",\"urlTemplate\":\"https:\/\/www.electrosuisse.ch\/de\/?s={search_term_string}\"},\"query-input\":{\"@type\":\"PropertyValueSpecification\",\"valueRequired\":true,\"valueName\":\"search_term_string\"}}],\"inLanguage\":\"de\"},{\"@type\":\"Organization\",\"@id\":\"https:\/\/www.electrosuisse.ch\/de\/#organization\",\"name\":\"Electrosuisse\",\"url\":\"https:\/\/www.electrosuisse.ch\/de\/\",\"logo\":{\"@type\":\"ImageObject\",\"inLanguage\":\"de\",\"@id\":\"https:\/\/www.electrosuisse.ch\/de\/#\/schema\/logo\/image\/\",\"url\":\"https:\/\/www.electrosuisse.ch\/wp-content\/uploads\/2025\/04\/Electrosuisse_Logo_696x696.png\",\"contentUrl\":\"https:\/\/www.electrosuisse.ch\/wp-content\/uploads\/2025\/04\/Electrosuisse_Logo_696x696.png\",\"width\":696,\"height\":696,\"caption\":\"Electrosuisse\"},\"image\":{\"@id\":\"https:\/\/www.electrosuisse.ch\/de\/#\/schema\/logo\/image\/\"},\"sameAs\":[\"https:\/\/www.linkedin.com\/company\/electrosuisse-ag\/posts\/?feedView=all\",\"https:\/\/www.instagram.com\/electrosuisse1889\/\",\"https:\/\/www.youtube.com\/channel\/UCoOxohMiVE0Gjcdis1L09zw\"],\"description\":\"Electrosuisse ist eine anerkannte und unabh\u00e4ngige Fachorganisation, die erstklassige Dienstleistungen und Produkte in den Bereichen Inspektion, Beratung, Pr\u00fcfung, Zertifizierung, Normung und Weiterbildung anbietet. Unsere Expertise umfasst Elektrotechnik, Elektromobilit\u00e4t, Energieberatung, Geb\u00e4udeautomation und Photovoltaik in der Schweiz. Durch die Veranstaltung etablierter Branchen-Events und Fachtagungen f\u00f6rdert Electrosuisse den Wissenstransfer und den fachlichen Austausch. Im Mittelpunkt unserer T\u00e4tigkeiten steht die F\u00f6rderung der sicheren, wirtschaftlichen und umweltgerechten Anwendung der Elektrotechnik.\"}]}<\/script>\n<!-- \/ Yoast SEO Premium plugin. -->","yoast_head_json":{"title":"Du und wir \u2013 ein Job bei der Electrosuisse ist einfach spannender","description":"Wir bieten Abwechslung, einen top Team-Spirit und viel Freiraum f\u00fcr die Gestaltung deiner Arbeitszeit und f\u00fcr die Weiterentwicklung.","robots":{"index":"index","follow":"follow","max-snippet":"max-snippet:-1","max-image-preview":"max-image-preview:large","max-video-preview":"max-video-preview:-1"},"canonical":"https:\/\/www.electrosuisse.ch\/de\/karriere\/du-wir\/","og_locale":"de_DE","og_type":"article","og_title":"Du und wir \u2013 ein Job bei der Electrosuisse ist einfach spannender","og_description":"Wir bieten Abwechslung, einen top Team-Spirit und viel Freiraum f\u00fcr die Gestaltung deiner Arbeitszeit und f\u00fcr die Weiterentwicklung.","og_url":"https:\/\/www.electrosuisse.ch\/de\/karriere\/du-wir\/","og_site_name":"Electrosuisse","article_modified_time":"2026-04-07T13:56:25+00:00","og_image":[{"width":1578,"height":650,"url":"https:\/\/www.electrosuisse.ch\/wp-content\/uploads\/2022\/12\/Electrosuisse_Ueber_uns_1578x650.jpg","type":"image\/jpeg"}],"schema":{"@context":"https:\/\/schema.org","@graph":[{"@type":"WebPage","@id":"https:\/\/www.electrosuisse.ch\/de\/karriere\/du-wir\/","url":"https:\/\/www.electrosuisse.ch\/de\/karriere\/du-wir\/","name":"Du und wir \u2013 ein Job bei der Electrosuisse ist einfach spannender","isPartOf":{"@id":"https:\/\/www.electrosuisse.ch\/de\/#website"},"datePublished":"2022-11-29T17:56:16+00:00","dateModified":"2026-04-07T13:56:25+00:00","description":"Wir bieten Abwechslung, einen top Team-Spirit und viel Freiraum f\u00fcr die Gestaltung deiner Arbeitszeit und f\u00fcr die Weiterentwicklung.","breadcrumb":{"@id":"https:\/\/www.electrosuisse.ch\/de\/karriere\/du-wir\/#breadcrumb"},"inLanguage":"de","potentialAction":[{"@type":"ReadAction","target":["https:\/\/www.electrosuisse.ch\/de\/karriere\/du-wir\/"]}]},{"@type":"BreadcrumbList","@id":"https:\/\/www.electrosuisse.ch\/de\/karriere\/du-wir\/#breadcrumb","itemListElement":[{"@type":"ListItem","position":1,"name":"Karriere","item":"https:\/\/www.electrosuisse.ch\/de\/karriere\/"},{"@type":"ListItem","position":2,"name":"Du und Wir"}]},{"@type":"WebSite","@id":"https:\/\/www.electrosuisse.ch\/de\/#website","url":"https:\/\/www.electrosuisse.ch\/de\/","name":"Electrosuisse","description":"","publisher":{"@id":"https:\/\/www.electrosuisse.ch\/de\/#organization"},"potentialAction":[{"@type":"SearchAction","target":{"@type":"EntryPoint","urlTemplate":"https:\/\/www.electrosuisse.ch\/de\/?s={search_term_string}"},"query-input":{"@type":"PropertyValueSpecification","valueRequired":true,"valueName":"search_term_string"}}],"inLanguage":"de"},{"@type":"Organization","@id":"https:\/\/www.electrosuisse.ch\/de\/#organization","name":"Electrosuisse","url":"https:\/\/www.electrosuisse.ch\/de\/","logo":{"@type":"ImageObject","inLanguage":"de","@id":"https:\/\/www.electrosuisse.ch\/de\/#\/schema\/logo\/image\/","url":"https:\/\/www.electrosuisse.ch\/wp-content\/uploads\/2025\/04\/Electrosuisse_Logo_696x696.png","contentUrl":"https:\/\/www.electrosuisse.ch\/wp-content\/uploads\/2025\/04\/Electrosuisse_Logo_696x696.png","width":696,"height":696,"caption":"Electrosuisse"},"image":{"@id":"https:\/\/www.electrosuisse.ch\/de\/#\/schema\/logo\/image\/"},"sameAs":["https:\/\/www.linkedin.com\/company\/electrosuisse-ag\/posts\/?feedView=all","https:\/\/www.instagram.com\/electrosuisse1889\/","https:\/\/www.youtube.com\/channel\/UCoOxohMiVE0Gjcdis1L09zw"],"description":"Electrosuisse ist eine anerkannte und unabh\u00e4ngige Fachorganisation, die erstklassige Dienstleistungen und Produkte in den Bereichen Inspektion, Beratung, Pr\u00fcfung, Zertifizierung, Normung und Weiterbildung anbietet. Unsere Expertise umfasst Elektrotechnik, Elektromobilit\u00e4t, Energieberatung, Geb\u00e4udeautomation und Photovoltaik in der Schweiz. Durch die Veranstaltung etablierter Branchen-Events und Fachtagungen f\u00f6rdert Electrosuisse den Wissenstransfer und den fachlichen Austausch. Im Mittelpunkt unserer T\u00e4tigkeiten steht die F\u00f6rderung der sicheren, wirtschaftlichen und umweltgerechten Anwendung der Elektrotechnik."}]}},"amp_enabled":true,"_links":{"self":[{"href":"https:\/\/www.electrosuisse.ch\/de\/wp-json\/wp\/v2\/pages\/25877","targetHints":{"allow":["GET"]}}],"collection":[{"href":"https:\/\/www.electrosuisse.ch\/de\/wp-json\/wp\/v2\/pages"}],"about":[{"href":"https:\/\/www.electrosuisse.ch\/de\/wp-json\/wp\/v2\/types\/page"}],"author":[{"embeddable":true,"href":"https:\/\/www.electrosuisse.ch\/de\/wp-json\/wp\/v2\/users\/2"}],"replies":[{"embeddable":true,"href":"https:\/\/www.electrosuisse.ch\/de\/wp-json\/wp\/v2\/comments?post=25877"}],"version-history":[{"count":10,"href":"https:\/\/www.electrosuisse.ch\/de\/wp-json\/wp\/v2\/pages\/25877\/revisions"}],"predecessor-version":[{"id":43879,"href":"https:\/\/www.electrosuisse.ch\/de\/wp-json\/wp\/v2\/pages\/25877\/revisions\/43879"}],"up":[{"embeddable":true,"href":"https:\/\/www.electrosuisse.ch\/de\/wp-json\/wp\/v2\/pages\/25694"}],"wp:attachment":[{"href":"https:\/\/www.electrosuisse.ch\/de\/wp-json\/wp\/v2\/media?parent=25877"}],"curies":[{"name":"wp","href":"https:\/\/api.w.org\/{rel}","templated":true}]}}