{"id":25382,"date":"2022-11-24T15:22:42","date_gmt":"2022-11-24T14:22:42","guid":{"rendered":"https:\/\/www.electrosuisse.ch\/?page_id=25382"},"modified":"2023-11-07T16:39:36","modified_gmt":"2023-11-07T15:39:36","slug":"sicherheitsnachweis-einfach-und-effizient","status":"publish","type":"page","link":"https:\/\/www.electrosuisse.ch\/de\/inspektion-beratung\/sicherheitsnachweis-einfach-und-effizient\/","title":{"rendered":"Sicherheitsnachweis einfach und effizient"},"content":{"rendered":"<div class=\"wpb-content-wrapper\"><p>[vc_row][vc_column][vc_column_text]<\/p>\n<h1>Sicherheitsnachweis einfach und effizient<\/h1>\n<p>Als akkreditierte und zertifizierte Inspektionsstelle unterst\u00fctzen wir Sie bei der technischen Kontrolle Ihrer Hoch- und Niederspannungsinstallationen.<\/p>\n<p>Wir \u00fcbernehmen f\u00fcr Sie die Aufgaben gegen\u00fcber dem\u00a0<a href=\"https:\/\/www.esti.admin.ch\/\">Eidg. Starkstrominspektorat (ESTI)<\/a>, erstellen den Sicherheitsnachweis (Sina) und sind Ihre neutrale Vertretung bei Rechtsfragen betreffend Installationen. Als akkreditierte und zertifizierte Inspektionsstelle bieten wir periodische Kontrollen von Hoch- und Niederspannungsanlagen in der ganzen Schweiz an, erstellen Sicherheitsnachweise nach Art. 36 der NIV und Akkreditierungen f\u00fcr alle technischen Bereiche.<\/p>\n<p>Electrosuisse ist akkreditierte\u00a0<a href=\"https:\/\/www.electrosuisse.ch\/de\/download\/sis-0072\/\">Inspektionsstelle SIS 072<\/a>.<br \/>\nZertifiziert: ISO 9001,\u00a0<a href=\"https:\/\/ekas.ch\/startseite\">EKAS<\/a>.<\/p>\n<p>Aufgrund langj\u00e4hriger Erfahrung auf dem Gebiet der Hoch- und Niederspannungs-Installationen, aktuellem Fachwissen und st\u00e4ndiger Vernetzung des Fachpersonals, bieten wir Ihnen in der ganzen Schweiz unsere Dienstleistungen an. Profitieren Sie vom Wissenstransfer in allen Sparten und Regionen.[\/vc_column_text][\/vc_column][\/vc_row]<\/p>\n<\/div>","protected":false},"excerpt":{"rendered":"<p>[vc_row][vc_column][vc_column_text] Sicherheitsnachweis einfach und effizient Als akkreditierte und zertifizierte Inspektionsstelle unterst\u00fctzen wir Sie bei der technischen Kontrolle Ihrer Hoch- und Niederspannungsinstallationen. Wir \u00fcbernehmen f\u00fcr Sie die Aufgaben gegen\u00fcber dem\u00a0Eidg. Starkstrominspektorat (ESTI), erstellen den Sicherheitsnachweis (Sina) und sind Ihre neutrale Vertretung bei Rechtsfragen betreffend Installationen. Als akkreditierte und zertifizierte Inspektionsstelle bieten wir periodische Kontrollen von Hoch- [&hellip;]<\/p>\n","protected":false},"author":2,"featured_media":0,"parent":22114,"menu_order":202,"comment_status":"closed","ping_status":"closed","template":"","meta":{"_acf_changed":false,"_monsterinsights_skip_tracking":false,"_monsterinsights_sitenote_active":false,"_monsterinsights_sitenote_note":"","_monsterinsights_sitenote_category":0,"footnotes":""},"class_list":["post-25382","page","type-page","status-publish","hentry"],"acf":[],"yoast_head":"<!-- This site is optimized with the Yoast SEO Premium plugin v26.4 (Yoast SEO v27.0) - https:\/\/yoast.com\/product\/yoast-seo-premium-wordpress\/ -->\n<title>Sicherheitsnachweis einfach und effizient - Electrosuisse<\/title>\n<meta name=\"description\" content=\"Als akkreditierte und zertifizierte Inspektionsstelle unterst\u00fctzen wir Sie bei der Kontrolle Ihrer Hoch- und Niederspannungsinstallationen.\" \/>\n<meta name=\"robots\" content=\"index, follow, max-snippet:-1, max-image-preview:large, max-video-preview:-1\" \/>\n<link rel=\"canonical\" href=\"https:\/\/www.electrosuisse.ch\/de\/inspektion-beratung\/sicherheitsnachweis-einfach-und-effizient\/\" \/>\n<meta property=\"og:locale\" content=\"de_DE\" \/>\n<meta property=\"og:type\" content=\"article\" \/>\n<meta property=\"og:title\" content=\"Sicherheitsnachweis einfach und effizient - Electrosuisse\" \/>\n<meta property=\"og:description\" content=\"Als akkreditierte und zertifizierte Inspektionsstelle unterst\u00fctzen wir Sie bei der Kontrolle Ihrer Hoch- und Niederspannungsinstallationen.\" \/>\n<meta property=\"og:url\" content=\"https:\/\/www.electrosuisse.ch\/de\/inspektion-beratung\/sicherheitsnachweis-einfach-und-effizient\/\" \/>\n<meta property=\"og:site_name\" content=\"Electrosuisse\" \/>\n<meta property=\"article:modified_time\" content=\"2023-11-07T15:39:36+00:00\" \/>\n<meta property=\"og:image\" content=\"https:\/\/www.electrosuisse.ch\/wp-content\/uploads\/2019\/06\/Electrosuisse_Sicherheitskonzepte_Schutzausruestung.jpg\" \/>\n\t<meta property=\"og:image:width\" content=\"1578\" \/>\n\t<meta property=\"og:image:height\" content=\"650\" \/>\n\t<meta property=\"og:image:type\" content=\"image\/jpeg\" \/>\n<script type=\"application\/ld+json\" class=\"yoast-schema-graph\">{\"@context\":\"https:\/\/schema.org\",\"@graph\":[{\"@type\":\"WebPage\",\"@id\":\"https:\/\/www.electrosuisse.ch\/de\/inspektion-beratung\/sicherheitsnachweis-einfach-und-effizient\/\",\"url\":\"https:\/\/www.electrosuisse.ch\/de\/inspektion-beratung\/sicherheitsnachweis-einfach-und-effizient\/\",\"name\":\"Sicherheitsnachweis einfach und effizient - Electrosuisse\",\"isPartOf\":{\"@id\":\"https:\/\/www.electrosuisse.ch\/de\/#website\"},\"datePublished\":\"2022-11-24T14:22:42+00:00\",\"dateModified\":\"2023-11-07T15:39:36+00:00\",\"description\":\"Als akkreditierte und zertifizierte Inspektionsstelle unterst\u00fctzen wir Sie bei der Kontrolle Ihrer Hoch- und Niederspannungsinstallationen.\",\"breadcrumb\":{\"@id\":\"https:\/\/www.electrosuisse.ch\/de\/inspektion-beratung\/sicherheitsnachweis-einfach-und-effizient\/#breadcrumb\"},\"inLanguage\":\"de\",\"potentialAction\":[{\"@type\":\"ReadAction\",\"target\":[\"https:\/\/www.electrosuisse.ch\/de\/inspektion-beratung\/sicherheitsnachweis-einfach-und-effizient\/\"]}]},{\"@type\":\"BreadcrumbList\",\"@id\":\"https:\/\/www.electrosuisse.ch\/de\/inspektion-beratung\/sicherheitsnachweis-einfach-und-effizient\/#breadcrumb\",\"itemListElement\":[{\"@type\":\"ListItem\",\"position\":1,\"name\":\"Inspektion und Beratung\",\"item\":\"https:\/\/www.electrosuisse.ch\/de\/inspektion-beratung\/\"},{\"@type\":\"ListItem\",\"position\":2,\"name\":\"Sicherheitsnachweis einfach und effizient\"}]},{\"@type\":\"WebSite\",\"@id\":\"https:\/\/www.electrosuisse.ch\/de\/#website\",\"url\":\"https:\/\/www.electrosuisse.ch\/de\/\",\"name\":\"Electrosuisse\",\"description\":\"\",\"publisher\":{\"@id\":\"https:\/\/www.electrosuisse.ch\/de\/#organization\"},\"potentialAction\":[{\"@type\":\"SearchAction\",\"target\":{\"@type\":\"EntryPoint\",\"urlTemplate\":\"https:\/\/www.electrosuisse.ch\/de\/?s={search_term_string}\"},\"query-input\":{\"@type\":\"PropertyValueSpecification\",\"valueRequired\":true,\"valueName\":\"search_term_string\"}}],\"inLanguage\":\"de\"},{\"@type\":\"Organization\",\"@id\":\"https:\/\/www.electrosuisse.ch\/de\/#organization\",\"name\":\"Electrosuisse\",\"url\":\"https:\/\/www.electrosuisse.ch\/de\/\",\"logo\":{\"@type\":\"ImageObject\",\"inLanguage\":\"de\",\"@id\":\"https:\/\/www.electrosuisse.ch\/de\/#\/schema\/logo\/image\/\",\"url\":\"https:\/\/www.electrosuisse.ch\/wp-content\/uploads\/2025\/04\/Electrosuisse_Logo_696x696.png\",\"contentUrl\":\"https:\/\/www.electrosuisse.ch\/wp-content\/uploads\/2025\/04\/Electrosuisse_Logo_696x696.png\",\"width\":696,\"height\":696,\"caption\":\"Electrosuisse\"},\"image\":{\"@id\":\"https:\/\/www.electrosuisse.ch\/de\/#\/schema\/logo\/image\/\"},\"sameAs\":[\"https:\/\/www.linkedin.com\/company\/electrosuisse-ag\/posts\/?feedView=all\",\"https:\/\/www.instagram.com\/electrosuisse1889\/\",\"https:\/\/www.youtube.com\/channel\/UCoOxohMiVE0Gjcdis1L09zw\"],\"description\":\"Electrosuisse ist eine anerkannte und unabh\u00e4ngige Fachorganisation, die erstklassige Dienstleistungen und Produkte in den Bereichen Inspektion, Beratung, Pr\u00fcfung, Zertifizierung, Normung und Weiterbildung anbietet. Unsere Expertise umfasst Elektrotechnik, Elektromobilit\u00e4t, Energieberatung, Geb\u00e4udeautomation und Photovoltaik in der Schweiz. Durch die Veranstaltung etablierter Branchen-Events und Fachtagungen f\u00f6rdert Electrosuisse den Wissenstransfer und den fachlichen Austausch. Im Mittelpunkt unserer T\u00e4tigkeiten steht die F\u00f6rderung der sicheren, wirtschaftlichen und umweltgerechten Anwendung der Elektrotechnik.\"}]}<\/script>\n<!-- \/ Yoast SEO Premium plugin. -->","yoast_head_json":{"title":"Sicherheitsnachweis einfach und effizient - Electrosuisse","description":"Als akkreditierte und zertifizierte Inspektionsstelle unterst\u00fctzen wir Sie bei der Kontrolle Ihrer Hoch- und Niederspannungsinstallationen.","robots":{"index":"index","follow":"follow","max-snippet":"max-snippet:-1","max-image-preview":"max-image-preview:large","max-video-preview":"max-video-preview:-1"},"canonical":"https:\/\/www.electrosuisse.ch\/de\/inspektion-beratung\/sicherheitsnachweis-einfach-und-effizient\/","og_locale":"de_DE","og_type":"article","og_title":"Sicherheitsnachweis einfach und effizient - Electrosuisse","og_description":"Als akkreditierte und zertifizierte Inspektionsstelle unterst\u00fctzen wir Sie bei der Kontrolle Ihrer Hoch- und Niederspannungsinstallationen.","og_url":"https:\/\/www.electrosuisse.ch\/de\/inspektion-beratung\/sicherheitsnachweis-einfach-und-effizient\/","og_site_name":"Electrosuisse","article_modified_time":"2023-11-07T15:39:36+00:00","og_image":[{"width":1578,"height":650,"url":"https:\/\/www.electrosuisse.ch\/wp-content\/uploads\/2019\/06\/Electrosuisse_Sicherheitskonzepte_Schutzausruestung.jpg","type":"image\/jpeg"}],"schema":{"@context":"https:\/\/schema.org","@graph":[{"@type":"WebPage","@id":"https:\/\/www.electrosuisse.ch\/de\/inspektion-beratung\/sicherheitsnachweis-einfach-und-effizient\/","url":"https:\/\/www.electrosuisse.ch\/de\/inspektion-beratung\/sicherheitsnachweis-einfach-und-effizient\/","name":"Sicherheitsnachweis einfach und effizient - Electrosuisse","isPartOf":{"@id":"https:\/\/www.electrosuisse.ch\/de\/#website"},"datePublished":"2022-11-24T14:22:42+00:00","dateModified":"2023-11-07T15:39:36+00:00","description":"Als akkreditierte und zertifizierte Inspektionsstelle unterst\u00fctzen wir Sie bei der Kontrolle Ihrer Hoch- und Niederspannungsinstallationen.","breadcrumb":{"@id":"https:\/\/www.electrosuisse.ch\/de\/inspektion-beratung\/sicherheitsnachweis-einfach-und-effizient\/#breadcrumb"},"inLanguage":"de","potentialAction":[{"@type":"ReadAction","target":["https:\/\/www.electrosuisse.ch\/de\/inspektion-beratung\/sicherheitsnachweis-einfach-und-effizient\/"]}]},{"@type":"BreadcrumbList","@id":"https:\/\/www.electrosuisse.ch\/de\/inspektion-beratung\/sicherheitsnachweis-einfach-und-effizient\/#breadcrumb","itemListElement":[{"@type":"ListItem","position":1,"name":"Inspektion und Beratung","item":"https:\/\/www.electrosuisse.ch\/de\/inspektion-beratung\/"},{"@type":"ListItem","position":2,"name":"Sicherheitsnachweis einfach und effizient"}]},{"@type":"WebSite","@id":"https:\/\/www.electrosuisse.ch\/de\/#website","url":"https:\/\/www.electrosuisse.ch\/de\/","name":"Electrosuisse","description":"","publisher":{"@id":"https:\/\/www.electrosuisse.ch\/de\/#organization"},"potentialAction":[{"@type":"SearchAction","target":{"@type":"EntryPoint","urlTemplate":"https:\/\/www.electrosuisse.ch\/de\/?s={search_term_string}"},"query-input":{"@type":"PropertyValueSpecification","valueRequired":true,"valueName":"search_term_string"}}],"inLanguage":"de"},{"@type":"Organization","@id":"https:\/\/www.electrosuisse.ch\/de\/#organization","name":"Electrosuisse","url":"https:\/\/www.electrosuisse.ch\/de\/","logo":{"@type":"ImageObject","inLanguage":"de","@id":"https:\/\/www.electrosuisse.ch\/de\/#\/schema\/logo\/image\/","url":"https:\/\/www.electrosuisse.ch\/wp-content\/uploads\/2025\/04\/Electrosuisse_Logo_696x696.png","contentUrl":"https:\/\/www.electrosuisse.ch\/wp-content\/uploads\/2025\/04\/Electrosuisse_Logo_696x696.png","width":696,"height":696,"caption":"Electrosuisse"},"image":{"@id":"https:\/\/www.electrosuisse.ch\/de\/#\/schema\/logo\/image\/"},"sameAs":["https:\/\/www.linkedin.com\/company\/electrosuisse-ag\/posts\/?feedView=all","https:\/\/www.instagram.com\/electrosuisse1889\/","https:\/\/www.youtube.com\/channel\/UCoOxohMiVE0Gjcdis1L09zw"],"description":"Electrosuisse ist eine anerkannte und unabh\u00e4ngige Fachorganisation, die erstklassige Dienstleistungen und Produkte in den Bereichen Inspektion, Beratung, Pr\u00fcfung, Zertifizierung, Normung und Weiterbildung anbietet. Unsere Expertise umfasst Elektrotechnik, Elektromobilit\u00e4t, Energieberatung, Geb\u00e4udeautomation und Photovoltaik in der Schweiz. Durch die Veranstaltung etablierter Branchen-Events und Fachtagungen f\u00f6rdert Electrosuisse den Wissenstransfer und den fachlichen Austausch. Im Mittelpunkt unserer T\u00e4tigkeiten steht die F\u00f6rderung der sicheren, wirtschaftlichen und umweltgerechten Anwendung der Elektrotechnik."}]}},"amp_enabled":true,"_links":{"self":[{"href":"https:\/\/www.electrosuisse.ch\/de\/wp-json\/wp\/v2\/pages\/25382","targetHints":{"allow":["GET"]}}],"collection":[{"href":"https:\/\/www.electrosuisse.ch\/de\/wp-json\/wp\/v2\/pages"}],"about":[{"href":"https:\/\/www.electrosuisse.ch\/de\/wp-json\/wp\/v2\/types\/page"}],"author":[{"embeddable":true,"href":"https:\/\/www.electrosuisse.ch\/de\/wp-json\/wp\/v2\/users\/2"}],"replies":[{"embeddable":true,"href":"https:\/\/www.electrosuisse.ch\/de\/wp-json\/wp\/v2\/comments?post=25382"}],"version-history":[{"count":1,"href":"https:\/\/www.electrosuisse.ch\/de\/wp-json\/wp\/v2\/pages\/25382\/revisions"}],"predecessor-version":[{"id":32632,"href":"https:\/\/www.electrosuisse.ch\/de\/wp-json\/wp\/v2\/pages\/25382\/revisions\/32632"}],"up":[{"embeddable":true,"href":"https:\/\/www.electrosuisse.ch\/de\/wp-json\/wp\/v2\/pages\/22114"}],"wp:attachment":[{"href":"https:\/\/www.electrosuisse.ch\/de\/wp-json\/wp\/v2\/media?parent=25382"}],"curies":[{"name":"wp","href":"https:\/\/api.w.org\/{rel}","templated":true}]}}