{"id":23068,"date":"2022-05-19T21:04:44","date_gmt":"2022-05-19T19:04:44","guid":{"rendered":"https:\/\/www.electrosuisse.ch\/?page_id=23068"},"modified":"2025-11-27T09:25:14","modified_gmt":"2025-11-27T08:25:14","slug":"energieversorgungssicherheit","status":"publish","type":"page","link":"https:\/\/www.electrosuisse.ch\/de\/engineering\/energieversorgungssicherheit\/","title":{"rendered":"Energieversorgungssicherheit"},"content":{"rendered":"<div class=\"wpb-content-wrapper\"><p>[vc_row][vc_column][vc_column_text el_class=&#8221;lead&#8221;]Die Energieversorgung in der Schweiz zeichnete sich bisher durch eine hohe Versorgungssicherheit aus. Nationale Risikoanalysen haben jedoch ergeben, dass die Eintrittswahrscheinlichkeit einer Strommangellage oder anderen Versorgungsengp\u00e4ssen aufgrund von klimatischen Ver\u00e4nderungen oder begrenzter Importm\u00f6glichkeiten bereits relativ hoch ist.<\/p>\n<p>Der weltweite Rohstoffhandel und -transport, die Integration von erneuerbaren Energien, aber auch Netz\u00fcberlastungen oder -engp\u00e4sse k\u00f6nnen die Energieversorgung kurz- oder langfristig beeintr\u00e4chtigen.<\/p>\n<p>Diese m\u00f6glichen Versorgungsengp\u00e4sse belasten Betriebe und verunsichern Verbraucher. Darum lohnt sich eine gezielte Vorbereitung.<\/p>\n<h4>Die Strommangellage als besondere Herausforderung<\/h4>\n<p>Fallen mehrere wesentliche Produzenten aus und besteht eine lang andauernde Energieknappheit, spricht man von einer Strommangellage . In diesem Fall greift OSTRAL, die <a href=\"https:\/\/www.ostral.ch\/de\" target=\"_blank\" rel=\"noopener\">Organisation f\u00fcr Stromversorgung in ausserordentlichen Lagen,<\/a> unter Aufsicht des Bundes ein.<\/p>\n<p>Der Bund ordnet Bewirtschaftungsmassnahmen an, die das Gleichgewicht zwischen Produktion und Verbrauch auf reduziertem Niveau sicherstellen. Diese Massnahmen will er bei Netzbetreibern und Grossverbrauchern bereits im Voraus geplant wissen, damit er sie im Bedarfsfall rasch und mit vorhersehbarer Wirkung f\u00fcr alle Beteiligten aktivieren kann.<\/p>\n<p>Die Thematik betrifft alle Branchen gleichermassen. Bei einer Kontingentierung werden Einrichtungen, die mehr als 100\u2019000 kWh Strom pro Jahr verbrauchen, dazu aufgefordert, ihren Stromverbrauch zwischen 10% und 30% (maximal 50%) gegen\u00fcber der gleichen Zeitperiode des Vorjahres zu reduzieren.[\/vc_column_text]<div class=\"wpb_image_column wpb_content_element\"><div class=\"wpb_wrapper\"><div class=\"picture_container\"><picture style=\"width: 800px\"><source media=\"(min-width: 769px)\" srcset=\"https:\/\/www.electrosuisse.ch\/wp-content\/uploads\/2022\/05\/OSTRAL-Grafik-1-1024x477-1.jpg\"><source media=\"(min-width: 415px)\" srcset=\"https:\/\/www.electrosuisse.ch\/wp-content\/uploads\/2022\/05\/OSTRAL-Grafik-1-1024x477-1-768x358.jpg\"><source media=\"(max-width: 414px)\" srcset=\"https:\/\/www.electrosuisse.ch\/wp-content\/uploads\/2022\/05\/OSTRAL-Grafik-1-1024x477-1-414x193.jpg 1x, https:\/\/www.electrosuisse.ch\/wp-content\/uploads\/2022\/05\/OSTRAL-Grafik-1-1024x477-1-768x358.jpg 2x\"><img decoding=\"async\" src=\"https:\/\/www.electrosuisse.ch\/wp-content\/uploads\/2022\/05\/OSTRAL-Grafik-1-1024x477-1.jpg\" alt=\"Grafik - Eigene Darstellung nach OSTRAL\" \/><\/picture><\/div><\/div><\/div>[vc_column_text]Eigene Darstellung nach OSTRAL[\/vc_column_text][\/vc_column][\/vc_row][vc_row el_id=&#8221;angebot&#8221;][vc_column][vc_column_text el_class=&#8221;lead&#8221;]<\/p>\n<h3>Unser Angebot &#8211; Versorgungssicherheit als Chance f\u00fcr Ihr Unternehmen<\/h3>\n<p>Um die eigene Energieversorgung sicherzustellen, ist es wichtig, den Energieverbrauch in Abh\u00e4ngigkeit zur Produktivit\u00e4t zu kennen \u2013 daf\u00fcr braucht es Transparenz. Wir analysieren den IST-Zustand Ihres Unternehmens und erarbeiten eine Strategie, damit Sie zuk\u00fcnftig vorbereitet sind und die OSTRAL Anforderungen erf\u00fcllen. Im zweiten Schritt unterst\u00fctzen wir Sie bei der technischen Umsetzung und bieten Support. Auch Notfallpl\u00e4ne und Instruktionen f\u00fcr Krisensituationen wie Netzabschaltungen oder -ausf\u00e4lle sorgen f\u00fcr Klarheit und Sicherheit im Betrieb.<\/p>\n<p>Die Fachorganisation Electrosuisse besteht aus interdisziplin\u00e4ren, regionalen Teams, die national und international vernetzt sind und verf\u00fcgt \u00fcber langj\u00e4hrige Erfahrung in Industrie- und Energieversorgungsbetrieben. Dank ihrem fundierten, technischen Knowhow in Kombination mit modernsten Tools, erarbeitet das Team von Electrosuisse Systemsimulationen in Echtzeit durch Nutzung von reellen Prozessdaten aus Analyse und Messung. So k\u00f6nnen die Systeme in Bezug auf W\u00e4rme und Strom sowie Prozessverf\u00fcgbarkeit und Kosten signifikant verbessert werden. Das Engineering-Team der Electrosuisse konnte bereits bei verschiedensten Kunden Massnahmen evaluieren, Potenziale erschliessen, Umsetzungsstrategien erarbeiten und so aktiv auf Energieengp\u00e4sse vorbereiten.<\/p>\n<p>Mit einem sorgf\u00e4ltig abgestimmten Plan sparen Sie nicht nur Geld, reduzieren Risiken und sorgen f\u00fcr mehr Effizienz im Alltagsbetrieb, sondern sind auch f\u00fcr den Krisenfall optimal vorbereitet. Durch die \u00dcbersicht der energietechnisch relevanten Anlagen er\u00f6ffnen sich zudem vielf\u00e4ltige Chancen f\u00fcr weitere Produktionsoptimierungen. Gerne beraten wir Grossverbraucher wie auch Energieversorgungsunternehmen im Umgang mit den neuen Herausforderungen.[\/vc_column_text][vc_column_text css=&#8221;&#8221;]<\/p>\n<h3>Das Wichtigste in K\u00fcrze<\/h3>\n<ul>\n<li>Die Schweiz verf\u00fcgt \u00fcber eine traditionell hohe Energieversorgungssicherheit, steht jedoch zunehmend vor Risiken wie Strommangellagen und Versorgungsengp\u00e4ssen.<\/li>\n<li>Ursachen f\u00fcr Engp\u00e4sse sind u.a. klimatische Ver\u00e4nderungen, eingeschr\u00e4nkte Importm\u00f6glichkeiten, saisonale Produktionskapazit\u00e4ten, Netz\u00fcberlastungen und globale Rohstoffabh\u00e4ngigkeit.<\/li>\n<li>Eine Strommangellage entsteht bei l\u00e4ngerfristiger Energieknappheit durch Ausfall mehrerer Produzenten oder unzureichenden Speicherkapazit\u00e4ten. In diesem Fall greift OSTRAL (Organisation zur Stromversorgung in aussergew\u00f6hnlichen Lagen) unter Bundesaufsicht ein.<\/li>\n<li>Unternehmen mit hohem Stromverbrauch m\u00fcssen sich auf m\u00f6gliche Kontingentierungen vorbereiten und ihren Verbrauch kurzfristig im Krisenfall deutlich reduzieren.<\/li>\n<li>Als Vorbereitung kann Electrosuisse zusammen mit dem Unternehmen einen Massnahmenplan erarbeiten, der im Ernstfall Risiken minimiert und Klarheit in der Umsetzung schafft.<\/li>\n<\/ul>\n<p>[\/vc_column_text][\/vc_column][\/vc_row][vc_row el_id=&#8221;kontakt&#8221;][vc_column][vc_column_text el_class=&#8221;lead&#8221;]<\/p>\n<h2>Kontakt<\/h2>\n<p>[\/vc_column_text]<div class=\"wpb_contact_column wpb_content_element wpb_contact_column--container\"><div class=\"wpb_wrapper\"><div class=\"contact_container_outer\"><div class=\"contact_container\"><div class=\"contact row middle-xs\"><div class=\"contact__img col-sm-5 col-xs-12\"><img decoding=\"async\" src=\"https:\/\/www.electrosuisse.ch\/wp-content\/uploads\/2024\/08\/StefanBaer_302x302.png\" alt=\"Stefan B\u00e4r - Teamleiter Engineering Ost\" \/><\/div><div class=\"contact__info col-sm-7 col-xs-12\"><p><b>Stefan B\u00e4r<\/b><br>Teamleiter Engineering Ost<\/p><div class=\"phone has-link\"><a href=\"tel:+41585951571\">+41 58 595 15 71<\/a><\/div><div class=\"mail has-link\"><a href=\"mailto:s&#116;&#x65;&#x66;a&#110;&#46;&#x62;&#x61;e&#114;&#x40;&#x65;l&#101;&#99;&#x74;&#x72;o&#115;&#x75;&#x69;s&#115;&#101;&#x2e;&#x63;h\">ste&#102;&#97;&#110;&#x2e;&#x62;&#x61;&#x65;&#x72;&#x40;ele&#99;&#116;&#114;&#111;&#x73;&#x75;&#x69;&#x73;&#x73;&#x65;&#46;ch<\/a><\/div><\/div><\/div><\/div><\/div><div class=\"contact_container_outer\"><div class=\"contact_container\"><div class=\"contact row middle-xs\"><div class=\"contact__img col-sm-5 col-xs-12\"><img decoding=\"async\" src=\"https:\/\/www.electrosuisse.ch\/wp-content\/uploads\/2025\/09\/Felix-Bigler_320x320.png\" alt=\"Felix Bigler - Teamleiter Engineering West\" \/><\/div><div class=\"contact__info col-sm-7 col-xs-12\"><p><b>Felix Bigler<\/b><br>Teamleiter Engineering West<\/p><div class=\"phone has-link\"><a href=\"tel:+41585951575\">+41 58 595 15 75<\/a><\/div><div class=\"mail has-link\"><a href=\"mailto:&#102;&#x65;&#108;&#x69;x&#x2e;b&#105;&#x67;&#108;&#x65;r&#x40;e&#108;&#x65;&#99;&#x74;r&#x6f;s&#117;&#x69;&#115;&#x73;e&#x2e;c&#104;\">&#x66;&#x65;&#x6c;&#x69;&#x78;&#x2e;&#x62;&#x69;&#x67;&#x6c;&#x65;&#114;&#64;&#101;&#108;&#101;&#99;&#116;rosuis&#x73;&#x65;&#x2e;&#x63;&#x68;<\/a><\/div><\/div><\/div><\/div><\/div><div class=\"contact_container_outer\"><div class=\"contact_container\"><div class=\"contact row middle-xs\"><div class=\"contact__img col-sm-5 col-xs-12\"><img decoding=\"async\" src=\"\/wp-content\/themes\/SCHMUCKI_child\/img\/contact_placeholder.jpg\" alt=\"Beratung, Inspektion und Engineering\" \/><\/div><div class=\"contact__info col-sm-7 col-xs-12\"><p><b>Beratung, Inspektion und Engineering<\/b><br>Innendienst<\/p><div class=\"phone has-link\"><a href=\"tel:+41585951199\">+41 58 595 11 99<\/a><\/div><div class=\"mail has-link\"><a href=\"mailto:&#98;e&#114;a&#116;u&#x6e;g&#x40;e&#x6c;e&#x63;t&#x72;o&#x73;u&#x69;s&#x73;e&#x2e;c&#x68; \">&#98;&#x65;r&#97;&#x74;u&#110;&#x67;&#64;&#101;&#x6c;e&#99;&#x74;r&#111;&#x73;u&#105;&#x73;s&#101;&#x2e;c&#104; <\/a><\/div><\/div><\/div><\/div><\/div><\/div><\/div>[\/vc_column][\/vc_row]<\/p>\n<\/div>","protected":false},"excerpt":{"rendered":"<p>[vc_row][vc_column][vc_column_text el_class=&#8221;lead&#8221;]Die Energieversorgung in der Schweiz zeichnete sich bisher durch eine hohe Versorgungssicherheit aus. Nationale Risikoanalysen haben jedoch ergeben, dass die Eintrittswahrscheinlichkeit einer Strommangellage oder anderen Versorgungsengp\u00e4ssen aufgrund von klimatischen Ver\u00e4nderungen oder begrenzter Importm\u00f6glichkeiten bereits relativ hoch ist. Der weltweite Rohstoffhandel und -transport, die Integration von erneuerbaren Energien, aber auch Netz\u00fcberlastungen oder -engp\u00e4sse k\u00f6nnen die [&hellip;]<\/p>\n","protected":false},"author":6,"featured_media":0,"parent":28,"menu_order":218,"comment_status":"closed","ping_status":"closed","template":"","meta":{"_acf_changed":false,"_monsterinsights_skip_tracking":false,"_monsterinsights_sitenote_active":false,"_monsterinsights_sitenote_note":"","_monsterinsights_sitenote_category":0,"footnotes":""},"class_list":["post-23068","page","type-page","status-publish","hentry"],"acf":[],"yoast_head":"<!-- This site is optimized with the Yoast SEO Premium plugin v26.4 (Yoast SEO v27.0) - https:\/\/yoast.com\/product\/yoast-seo-premium-wordpress\/ -->\n<title>Energieversorgungssicherheit - Electrosuisse<\/title>\n<meta name=\"description\" content=\"Im Fall einer Strommangellage tritt k\u00fcnftig OSTRAL in Kraft \u2013 wir helfen dabei, Ihre Energieversorgung entsprechend vorzubereiten.\" \/>\n<meta name=\"robots\" content=\"index, follow, max-snippet:-1, max-image-preview:large, max-video-preview:-1\" \/>\n<link rel=\"canonical\" href=\"https:\/\/www.electrosuisse.ch\/de\/engineering\/energieversorgungssicherheit\/\" \/>\n<meta property=\"og:locale\" content=\"de_DE\" \/>\n<meta property=\"og:type\" content=\"article\" \/>\n<meta property=\"og:title\" content=\"Energieversorgungssicherheit - Electrosuisse\" \/>\n<meta property=\"og:description\" content=\"Im Fall einer Strommangellage tritt k\u00fcnftig OSTRAL in Kraft \u2013 wir helfen dabei, Ihre Energieversorgung entsprechend vorzubereiten.\" \/>\n<meta property=\"og:url\" content=\"https:\/\/www.electrosuisse.ch\/de\/engineering\/energieversorgungssicherheit\/\" \/>\n<meta property=\"og:site_name\" content=\"Electrosuisse\" \/>\n<meta property=\"article:modified_time\" content=\"2025-11-27T08:25:14+00:00\" \/>\n<meta property=\"og:image\" content=\"https:\/\/www.electrosuisse.ch\/wp-content\/uploads\/2019\/04\/Electrosuisse_Energienutzungskonzept_iStock-491842814-e1554283006791.jpg\" \/>\n\t<meta property=\"og:image:width\" content=\"1578\" \/>\n\t<meta property=\"og:image:height\" content=\"650\" \/>\n\t<meta property=\"og:image:type\" content=\"image\/jpeg\" \/>\n<script type=\"application\/ld+json\" class=\"yoast-schema-graph\">{\"@context\":\"https:\/\/schema.org\",\"@graph\":[{\"@type\":\"WebPage\",\"@id\":\"https:\/\/www.electrosuisse.ch\/de\/engineering\/energieversorgungssicherheit\/\",\"url\":\"https:\/\/www.electrosuisse.ch\/de\/engineering\/energieversorgungssicherheit\/\",\"name\":\"Energieversorgungssicherheit - Electrosuisse\",\"isPartOf\":{\"@id\":\"https:\/\/www.electrosuisse.ch\/de\/#website\"},\"datePublished\":\"2022-05-19T19:04:44+00:00\",\"dateModified\":\"2025-11-27T08:25:14+00:00\",\"description\":\"Im Fall einer Strommangellage tritt k\u00fcnftig OSTRAL in Kraft \u2013 wir helfen dabei, Ihre Energieversorgung entsprechend vorzubereiten.\",\"breadcrumb\":{\"@id\":\"https:\/\/www.electrosuisse.ch\/de\/engineering\/energieversorgungssicherheit\/#breadcrumb\"},\"inLanguage\":\"de\",\"potentialAction\":[{\"@type\":\"ReadAction\",\"target\":[\"https:\/\/www.electrosuisse.ch\/de\/engineering\/energieversorgungssicherheit\/\"]}]},{\"@type\":\"BreadcrumbList\",\"@id\":\"https:\/\/www.electrosuisse.ch\/de\/engineering\/energieversorgungssicherheit\/#breadcrumb\",\"itemListElement\":[{\"@type\":\"ListItem\",\"position\":1,\"name\":\"Engineering\",\"item\":\"https:\/\/www.electrosuisse.ch\/de\/engineering\/\"},{\"@type\":\"ListItem\",\"position\":2,\"name\":\"Energieversorgungssicherheit\"}]},{\"@type\":\"WebSite\",\"@id\":\"https:\/\/www.electrosuisse.ch\/de\/#website\",\"url\":\"https:\/\/www.electrosuisse.ch\/de\/\",\"name\":\"Electrosuisse\",\"description\":\"\",\"publisher\":{\"@id\":\"https:\/\/www.electrosuisse.ch\/de\/#organization\"},\"potentialAction\":[{\"@type\":\"SearchAction\",\"target\":{\"@type\":\"EntryPoint\",\"urlTemplate\":\"https:\/\/www.electrosuisse.ch\/de\/?s={search_term_string}\"},\"query-input\":{\"@type\":\"PropertyValueSpecification\",\"valueRequired\":true,\"valueName\":\"search_term_string\"}}],\"inLanguage\":\"de\"},{\"@type\":\"Organization\",\"@id\":\"https:\/\/www.electrosuisse.ch\/de\/#organization\",\"name\":\"Electrosuisse\",\"url\":\"https:\/\/www.electrosuisse.ch\/de\/\",\"logo\":{\"@type\":\"ImageObject\",\"inLanguage\":\"de\",\"@id\":\"https:\/\/www.electrosuisse.ch\/de\/#\/schema\/logo\/image\/\",\"url\":\"https:\/\/www.electrosuisse.ch\/wp-content\/uploads\/2025\/04\/Electrosuisse_Logo_696x696.png\",\"contentUrl\":\"https:\/\/www.electrosuisse.ch\/wp-content\/uploads\/2025\/04\/Electrosuisse_Logo_696x696.png\",\"width\":696,\"height\":696,\"caption\":\"Electrosuisse\"},\"image\":{\"@id\":\"https:\/\/www.electrosuisse.ch\/de\/#\/schema\/logo\/image\/\"},\"sameAs\":[\"https:\/\/www.linkedin.com\/company\/electrosuisse-ag\/posts\/?feedView=all\",\"https:\/\/www.instagram.com\/electrosuisse1889\/\",\"https:\/\/www.youtube.com\/channel\/UCoOxohMiVE0Gjcdis1L09zw\"],\"description\":\"Electrosuisse ist eine anerkannte und unabh\u00e4ngige Fachorganisation, die erstklassige Dienstleistungen und Produkte in den Bereichen Inspektion, Beratung, Pr\u00fcfung, Zertifizierung, Normung und Weiterbildung anbietet. Unsere Expertise umfasst Elektrotechnik, Elektromobilit\u00e4t, Energieberatung, Geb\u00e4udeautomation und Photovoltaik in der Schweiz. Durch die Veranstaltung etablierter Branchen-Events und Fachtagungen f\u00f6rdert Electrosuisse den Wissenstransfer und den fachlichen Austausch. Im Mittelpunkt unserer T\u00e4tigkeiten steht die F\u00f6rderung der sicheren, wirtschaftlichen und umweltgerechten Anwendung der Elektrotechnik.\"}]}<\/script>\n<!-- \/ Yoast SEO Premium plugin. -->","yoast_head_json":{"title":"Energieversorgungssicherheit - Electrosuisse","description":"Im Fall einer Strommangellage tritt k\u00fcnftig OSTRAL in Kraft \u2013 wir helfen dabei, Ihre Energieversorgung entsprechend vorzubereiten.","robots":{"index":"index","follow":"follow","max-snippet":"max-snippet:-1","max-image-preview":"max-image-preview:large","max-video-preview":"max-video-preview:-1"},"canonical":"https:\/\/www.electrosuisse.ch\/de\/engineering\/energieversorgungssicherheit\/","og_locale":"de_DE","og_type":"article","og_title":"Energieversorgungssicherheit - Electrosuisse","og_description":"Im Fall einer Strommangellage tritt k\u00fcnftig OSTRAL in Kraft \u2013 wir helfen dabei, Ihre Energieversorgung entsprechend vorzubereiten.","og_url":"https:\/\/www.electrosuisse.ch\/de\/engineering\/energieversorgungssicherheit\/","og_site_name":"Electrosuisse","article_modified_time":"2025-11-27T08:25:14+00:00","og_image":[{"width":1578,"height":650,"url":"https:\/\/www.electrosuisse.ch\/wp-content\/uploads\/2019\/04\/Electrosuisse_Energienutzungskonzept_iStock-491842814-e1554283006791.jpg","type":"image\/jpeg"}],"schema":{"@context":"https:\/\/schema.org","@graph":[{"@type":"WebPage","@id":"https:\/\/www.electrosuisse.ch\/de\/engineering\/energieversorgungssicherheit\/","url":"https:\/\/www.electrosuisse.ch\/de\/engineering\/energieversorgungssicherheit\/","name":"Energieversorgungssicherheit - Electrosuisse","isPartOf":{"@id":"https:\/\/www.electrosuisse.ch\/de\/#website"},"datePublished":"2022-05-19T19:04:44+00:00","dateModified":"2025-11-27T08:25:14+00:00","description":"Im Fall einer Strommangellage tritt k\u00fcnftig OSTRAL in Kraft \u2013 wir helfen dabei, Ihre Energieversorgung entsprechend vorzubereiten.","breadcrumb":{"@id":"https:\/\/www.electrosuisse.ch\/de\/engineering\/energieversorgungssicherheit\/#breadcrumb"},"inLanguage":"de","potentialAction":[{"@type":"ReadAction","target":["https:\/\/www.electrosuisse.ch\/de\/engineering\/energieversorgungssicherheit\/"]}]},{"@type":"BreadcrumbList","@id":"https:\/\/www.electrosuisse.ch\/de\/engineering\/energieversorgungssicherheit\/#breadcrumb","itemListElement":[{"@type":"ListItem","position":1,"name":"Engineering","item":"https:\/\/www.electrosuisse.ch\/de\/engineering\/"},{"@type":"ListItem","position":2,"name":"Energieversorgungssicherheit"}]},{"@type":"WebSite","@id":"https:\/\/www.electrosuisse.ch\/de\/#website","url":"https:\/\/www.electrosuisse.ch\/de\/","name":"Electrosuisse","description":"","publisher":{"@id":"https:\/\/www.electrosuisse.ch\/de\/#organization"},"potentialAction":[{"@type":"SearchAction","target":{"@type":"EntryPoint","urlTemplate":"https:\/\/www.electrosuisse.ch\/de\/?s={search_term_string}"},"query-input":{"@type":"PropertyValueSpecification","valueRequired":true,"valueName":"search_term_string"}}],"inLanguage":"de"},{"@type":"Organization","@id":"https:\/\/www.electrosuisse.ch\/de\/#organization","name":"Electrosuisse","url":"https:\/\/www.electrosuisse.ch\/de\/","logo":{"@type":"ImageObject","inLanguage":"de","@id":"https:\/\/www.electrosuisse.ch\/de\/#\/schema\/logo\/image\/","url":"https:\/\/www.electrosuisse.ch\/wp-content\/uploads\/2025\/04\/Electrosuisse_Logo_696x696.png","contentUrl":"https:\/\/www.electrosuisse.ch\/wp-content\/uploads\/2025\/04\/Electrosuisse_Logo_696x696.png","width":696,"height":696,"caption":"Electrosuisse"},"image":{"@id":"https:\/\/www.electrosuisse.ch\/de\/#\/schema\/logo\/image\/"},"sameAs":["https:\/\/www.linkedin.com\/company\/electrosuisse-ag\/posts\/?feedView=all","https:\/\/www.instagram.com\/electrosuisse1889\/","https:\/\/www.youtube.com\/channel\/UCoOxohMiVE0Gjcdis1L09zw"],"description":"Electrosuisse ist eine anerkannte und unabh\u00e4ngige Fachorganisation, die erstklassige Dienstleistungen und Produkte in den Bereichen Inspektion, Beratung, Pr\u00fcfung, Zertifizierung, Normung und Weiterbildung anbietet. Unsere Expertise umfasst Elektrotechnik, Elektromobilit\u00e4t, Energieberatung, Geb\u00e4udeautomation und Photovoltaik in der Schweiz. Durch die Veranstaltung etablierter Branchen-Events und Fachtagungen f\u00f6rdert Electrosuisse den Wissenstransfer und den fachlichen Austausch. Im Mittelpunkt unserer T\u00e4tigkeiten steht die F\u00f6rderung der sicheren, wirtschaftlichen und umweltgerechten Anwendung der Elektrotechnik."}]}},"amp_enabled":true,"_links":{"self":[{"href":"https:\/\/www.electrosuisse.ch\/de\/wp-json\/wp\/v2\/pages\/23068","targetHints":{"allow":["GET"]}}],"collection":[{"href":"https:\/\/www.electrosuisse.ch\/de\/wp-json\/wp\/v2\/pages"}],"about":[{"href":"https:\/\/www.electrosuisse.ch\/de\/wp-json\/wp\/v2\/types\/page"}],"author":[{"embeddable":true,"href":"https:\/\/www.electrosuisse.ch\/de\/wp-json\/wp\/v2\/users\/6"}],"replies":[{"embeddable":true,"href":"https:\/\/www.electrosuisse.ch\/de\/wp-json\/wp\/v2\/comments?post=23068"}],"version-history":[{"count":20,"href":"https:\/\/www.electrosuisse.ch\/de\/wp-json\/wp\/v2\/pages\/23068\/revisions"}],"predecessor-version":[{"id":40513,"href":"https:\/\/www.electrosuisse.ch\/de\/wp-json\/wp\/v2\/pages\/23068\/revisions\/40513"}],"up":[{"embeddable":true,"href":"https:\/\/www.electrosuisse.ch\/de\/wp-json\/wp\/v2\/pages\/28"}],"wp:attachment":[{"href":"https:\/\/www.electrosuisse.ch\/de\/wp-json\/wp\/v2\/media?parent=23068"}],"curies":[{"name":"wp","href":"https:\/\/api.w.org\/{rel}","templated":true}]}}