{"id":23,"date":"2018-06-24T11:06:28","date_gmt":"2018-06-24T09:06:28","guid":{"rendered":"https:\/\/www.electrosuisse.ch\/?page_id=23"},"modified":"2026-04-10T14:59:24","modified_gmt":"2026-04-10T12:59:24","slug":"publikationen","status":"publish","type":"page","link":"https:\/\/www.electrosuisse.ch\/de\/medien\/publikationen\/","title":{"rendered":"Publikationen"},"content":{"rendered":"<div class=\"wpb-content-wrapper\"><p>[vc_row][vc_column][vc_column_text el_class=&#8221;lead&#8221;]Damals wie heute geben technologische Entwicklungen, neue Strategien und Gesetze wichtige Impulse f\u00fcr unsere T\u00e4tigkeiten. Mit unseren diversen Publikationen, sei es online oder Print, verschaffen Sie sich das Know-How f\u00fcr morgen.[\/vc_column_text][\/vc_column][\/vc_row][vc_row][vc_column][vc_row_inner][vc_column_inner width=&#8221;1\/2&#8243;][vc_column_text css=&#8221;&#8221;]<\/p>\n<h4>Bulletin.ch \u2013 Die Fachzeitschrift f\u00fcr Ingenieure und Entscheidungstr\u00e4ger<\/h4>\n<p>[\/vc_column_text][\/vc_column_inner][vc_column_inner width=&#8221;1\/2&#8243;][vc_column_text]<\/p>\n<h4>electra.ch \u2013 Die praxisnahe Zeitschrift fu\u0308r Elektrofachleute<\/h4>\n<p>[\/vc_column_text][\/vc_column_inner][\/vc_row_inner][vc_row_inner][vc_column_inner width=&#8221;1\/2&#8243;]<div class=\"wpb_text_image_column wpb_text_image_column--below wpb_content_element \"><div class=\"wpb_wrapper\"><div class=\"picture_container\"><picture><source media=\"(min-width: 769px)\" srcset=\"https:\/\/www.electrosuisse.ch\/wp-content\/uploads\/2026\/02\/Bulletin.ch_360x360.jpg\"><source media=\"(min-width: 415px)\" srcset=\"https:\/\/www.electrosuisse.ch\/wp-content\/uploads\/2026\/02\/Bulletin.ch_360x360.jpg\"><source media=\"(max-width: 414px)\" srcset=\"https:\/\/www.electrosuisse.ch\/wp-content\/uploads\/2026\/02\/Bulletin.ch_360x360.jpg 1x, https:\/\/www.electrosuisse.ch\/wp-content\/uploads\/2026\/02\/Bulletin.ch_360x360.jpg 2x\"><img decoding=\"async\" src=\"https:\/\/www.electrosuisse.ch\/wp-content\/uploads\/2026\/02\/Bulletin.ch_360x360.jpg\" alt=\"Bulletin.ch \u2013 Fachwissen im Abonnement\" \/><\/picture><\/div>\n<div class=\"wpb_text_column wpb_content_element is-visible\">\n<div class=\"wpb_wrapper\">\n<p>Ob als Printausgabe oder online auf\u00a0<a href=\"https:\/\/www.bulletin.ch\/\" target=\"_blank\" rel=\"noopener\">bulletin.ch<\/a>\u00a0\u2013 die Fachzeitschrift f\u00fcr die Branche.<\/p>\n<\/div>\n<\/div>\n<div class=\"wpb_text_image_column wpb_text_image_column--below wpb_content_element is-visible\">\n<div class=\"wpb_wrapper\">\n<p>In 8 Ausgaben informieren wir zu aktuellen Themen<\/p>\n<ul>\n<li>Elektrotechnik<\/li>\n<li>Energietechnik<\/li>\n<li>Informations- und Kommunikationstechnik<\/li>\n<li>Mobilit\u00e4t<\/li>\n<li>Stromproduktion<\/li>\n<li>Energienetze<\/li>\n<li>Nationale und internationale Normung (<a href=\"https:\/\/www.electrosuisse.ch\/de\/normung\/ces\/\">CES<\/a>,\u00a0<a href=\"https:\/\/www.electrosuisse.ch\/de\/normung\/cenelec\/\">CENELEC<\/a>,\u00a0<a href=\"https:\/\/www.electrosuisse.ch\/de\/normung\/iec\/\">IEC<\/a>)<\/li>\n<li>Tagungen und Events<\/li>\n<\/ul>\n<\/div>\n<\/div>\n<p>\n<\/div><\/div>[\/vc_column_inner][vc_column_inner width=&#8221;1\/2&#8243;]<div class=\"wpb_text_image_column wpb_text_image_column--below wpb_content_element \"><div class=\"wpb_wrapper\"><div class=\"picture_container\"><picture><source media=\"(min-width: 769px)\" srcset=\"https:\/\/www.electrosuisse.ch\/wp-content\/uploads\/2026\/02\/Electra.ch_360x360.jpg\"><source media=\"(min-width: 415px)\" srcset=\"https:\/\/www.electrosuisse.ch\/wp-content\/uploads\/2026\/02\/Electra.ch_360x360.jpg\"><source media=\"(max-width: 414px)\" srcset=\"https:\/\/www.electrosuisse.ch\/wp-content\/uploads\/2026\/02\/Electra.ch_360x360.jpg 1x, https:\/\/www.electrosuisse.ch\/wp-content\/uploads\/2026\/02\/Electra.ch_360x360.jpg 2x\"><img decoding=\"async\" src=\"https:\/\/www.electrosuisse.ch\/wp-content\/uploads\/2026\/02\/Electra.ch_360x360.jpg\" alt=\"electra.ch \u2013 Die Zeitschrift fu\u0308r Elektrofachleute\" \/><\/picture><\/div>\n<div class=\"wpb_text_column wpb_content_element is-visible\">\n<div class=\"wpb_wrapper\">\n<p>Ob als Printausgabe oder online auf\u00a0<a href=\"https:\/\/www.electra.ch\/\">electra.ch<\/a>\u00a0\u2013 die Fachzeitschrift f\u00fcr die Branche.<\/p>\n<\/div>\n<\/div>\n<div class=\"wpb_text_image_column wpb_text_image_column--below wpb_content_element is-visible\">\n<div class=\"wpb_wrapper\">\n<p>6 Ausgaben pro Jahr, thematische Schwerpunkte:<\/p>\n<ul>\n<li>Elektrotechnik<\/li>\n<li>Elektromobilit\u00e4t<\/li>\n<li>Smart Home &amp; Building<\/li>\n<li>Beleuchtungstechnik<\/li>\n<li>Erneuerbare Energien<\/li>\n<li>Sicherheit<\/li>\n<li>Bildung<\/li>\n<li>Normen<\/li>\n<\/ul>\n<\/div>\n<\/div>\n<p>\n<\/div><\/div>[\/vc_column_inner][\/vc_row_inner][\/vc_column][\/vc_row][vc_row el_id=&#8221;books&#8221;][vc_column][vc_column_text]<\/p>\n<h3>Fachb\u00fccher<\/h3>\n<p>Ausgew\u00e4hlte Fachliteratur ist im Online Shop erh\u00e4ltlich. Mitglieder profitieren von Verg\u00fcnstigungen.[\/vc_column_text]<div class=\"wpb_text_image_column wpb_text_image_column--below wpb_content_element \"><div class=\"wpb_wrapper\"><div class=\"picture_container\"><picture><source media=\"(min-width: 769px)\" srcset=\"https:\/\/www.electrosuisse.ch\/wp-content\/uploads\/2019\/02\/fachbuecher_electrosuisse-570x336.jpg\"><source media=\"(min-width: 415px)\" srcset=\"https:\/\/www.electrosuisse.ch\/wp-content\/uploads\/2019\/02\/fachbuecher_electrosuisse.jpg\"><source media=\"(max-width: 414px)\" srcset=\"https:\/\/www.electrosuisse.ch\/wp-content\/uploads\/2019\/02\/fachbuecher_electrosuisse-414x244.jpg 1x, https:\/\/www.electrosuisse.ch\/wp-content\/uploads\/2019\/02\/fachbuecher_electrosuisse.jpg 2x\"><img decoding=\"async\" src=\"https:\/\/www.electrosuisse.ch\/wp-content\/uploads\/2019\/02\/fachbuecher_electrosuisse-570x336.jpg\" alt=\"Fachb\u00fccher\" \/><\/picture><\/div><p>Weiterbildung ist Ihr pers\u00f6nlicher Vorteil im sich stets ver\u00e4ndernden Arbeitsmarkt. Unsere Fachkurse orientieren sich an den Bed\u00fcrfnissen der Praxis.<\/p>\n<div class=\"button button--normal\"><a href=\"https:\/\/shop.electrosuisse.ch\/de\/landingpages\/fachbuecher-und-handbuecher\/\" target=\"_blank\" rel=\"noopener\">Zum Shop<\/a><\/div><\/div><\/div>[\/vc_column][\/vc_row][vc_row el_id=&#8221;lohnradar&#8221;][vc_column][vc_column_text]<\/p>\n<h3>Lohnradar<\/h3>\n<p>[\/vc_column_text]<div class=\"wpb_text_image_column wpb_text_image_column--below wpb_content_element \"><div class=\"wpb_wrapper\"><div class=\"picture_container\"><picture><source media=\"(min-width: 769px)\" srcset=\"https:\/\/www.electrosuisse.ch\/wp-content\/uploads\/2024\/11\/Lohnradar24-585x500-1-570x487.png\"><source media=\"(min-width: 415px)\" srcset=\"https:\/\/www.electrosuisse.ch\/wp-content\/uploads\/2024\/11\/Lohnradar24-585x500-1.png\"><source media=\"(max-width: 414px)\" srcset=\"https:\/\/www.electrosuisse.ch\/wp-content\/uploads\/2024\/11\/Lohnradar24-585x500-1-414x354.png 1x, https:\/\/www.electrosuisse.ch\/wp-content\/uploads\/2024\/11\/Lohnradar24-585x500-1.png 2x\"><img decoding=\"async\" src=\"https:\/\/www.electrosuisse.ch\/wp-content\/uploads\/2024\/11\/Lohnradar24-585x500-1-570x487.png\" alt=\"Lohnradar\" \/><\/picture><\/div><p>Der Lohnradar ist die spezifisch f\u00fcr die Elektro- und Energiebranche der Schweiz lancierte Studie, die Transparenz in die Arbeitswelt der Branche bringt.<\/p>\n<div class=\"button button--normal\"><a href=\"https:\/\/www.electrosuisse.ch\/de\/medien\/lohnradar\/\">Erfahren Sie mehr<\/a><\/div><\/div><\/div>[\/vc_column][\/vc_row][vc_row el_id=&#8221;infobro&#8221;][vc_column][vc_column_text]<\/p>\n<h3>Info-Brosch\u00fcren<\/h3>\n<p>Mit unseren Brosch\u00fcren vermitteln wir Wissen \u2013 vielf\u00e4ltig, \u00fcbersichtlich und kompakt.[\/vc_column_text]<div class=\"wpb_text_image_column wpb_text_image_column--below wpb_content_element \"><div class=\"wpb_wrapper\"><div class=\"picture_container\"><picture><source media=\"(min-width: 769px)\" srcset=\"https:\/\/www.electrosuisse.ch\/wp-content\/uploads\/2019\/02\/magazine_broschueren_news_electrosuisse-570x336.jpg\"><source media=\"(min-width: 415px)\" srcset=\"https:\/\/www.electrosuisse.ch\/wp-content\/uploads\/2019\/02\/magazine_broschueren_news_electrosuisse.jpg\"><source media=\"(max-width: 414px)\" srcset=\"https:\/\/www.electrosuisse.ch\/wp-content\/uploads\/2019\/02\/magazine_broschueren_news_electrosuisse-414x244.jpg 1x, https:\/\/www.electrosuisse.ch\/wp-content\/uploads\/2019\/02\/magazine_broschueren_news_electrosuisse.jpg 2x\"><img decoding=\"async\" src=\"https:\/\/www.electrosuisse.ch\/wp-content\/uploads\/2019\/02\/magazine_broschueren_news_electrosuisse-570x336.jpg\" alt=\"Info-Brosch\u00fcren\" \/><\/picture><\/div>\n<div class=\"accordion__element\">\n<p>Erh\u00e4ltlich als kostenloser Download oder als Printausgabe zu folgenden Konditionen:<\/p>\n<p>1-10 Exemplare: kostenlos<\/p>\n<p>Ab 11 Exemplaren: CHF 5.00\/St\u00fcck<\/p>\n<\/div>\n<div class=\"button button--normal\"><a href=\"https:\/\/www.electrosuisse.ch\/de\/downloads\/mitglieder-service\/#broschueren\" target=\"_blank\" rel=\"noopener\">Brosch\u00fcren \u00dcbersicht<\/a><\/div><\/div><\/div>[\/vc_column][\/vc_row][vc_row el_id=&#8221;video&#8221;][vc_column][vc_column_text]<\/p>\n<h3>Videos<\/h3>\n<p>[\/vc_column_text][vc_column_text]Die Kurzfilme zeigen unser vielseitiges Engagement.[\/vc_column_text]<div class=\"wpb_text_image_column wpb_text_image_column--below wpb_content_element \"><div class=\"wpb_wrapper\"><div class=\"picture_container\"><picture><source media=\"(min-width: 769px)\" srcset=\"https:\/\/www.electrosuisse.ch\/wp-content\/uploads\/2018\/12\/video_youtube_electrosuisse-570x328.jpg\"><source media=\"(min-width: 415px)\" srcset=\"https:\/\/www.electrosuisse.ch\/wp-content\/uploads\/2018\/12\/video_youtube_electrosuisse.jpg\"><source media=\"(max-width: 414px)\" srcset=\"https:\/\/www.electrosuisse.ch\/wp-content\/uploads\/2018\/12\/video_youtube_electrosuisse-414x238.jpg 1x, https:\/\/www.electrosuisse.ch\/wp-content\/uploads\/2018\/12\/video_youtube_electrosuisse.jpg 2x\"><img decoding=\"async\" src=\"https:\/\/www.electrosuisse.ch\/wp-content\/uploads\/2018\/12\/video_youtube_electrosuisse-570x328.jpg\" alt=\"Videos\" \/><\/picture><\/div><p>Weiterbildung ist Ihr pers\u00f6nlicher Vorteil im sich stets ver\u00e4ndernden Arbeitsmarkt. Unsere Fachkurse orientieren sich an den Bed\u00fcrfnissen der Praxis.<\/p>\n<div class=\"button button--normal\"><a href=\"https:\/\/www.youtube.com\/channel\/UCoOxohMiVE0Gjcdis1L09zw\" target=\"_blank\" rel=\"noopener\">Zum YouTube Kanal<\/a><\/div><\/div><\/div>[\/vc_column][\/vc_row]<\/p>\n<\/div>","protected":false},"excerpt":{"rendered":"<p>[vc_row][vc_column][vc_column_text el_class=&#8221;lead&#8221;]Damals wie heute geben technologische Entwicklungen, neue Strategien und Gesetze wichtige Impulse f\u00fcr unsere T\u00e4tigkeiten. Mit unseren diversen Publikationen, sei es online oder Print, verschaffen Sie sich das Know-How f\u00fcr morgen.[\/vc_column_text][\/vc_column][\/vc_row][vc_row][vc_column][vc_row_inner][vc_column_inner width=&#8221;1\/2&#8243;][vc_column_text css=&#8221;&#8221;] Bulletin.ch \u2013 Die Fachzeitschrift f\u00fcr Ingenieure und Entscheidungstr\u00e4ger [\/vc_column_text][\/vc_column_inner][vc_column_inner width=&#8221;1\/2&#8243;][vc_column_text] electra.ch \u2013 Die praxisnahe Zeitschrift fu\u0308r Elektrofachleute [\/vc_column_text][\/vc_column_inner][\/vc_row_inner][vc_row_inner][vc_column_inner width=&#8221;1\/2&#8243;][\/vc_column_inner][vc_column_inner width=&#8221;1\/2&#8243;][\/vc_column_inner][\/vc_row_inner][\/vc_column][\/vc_row][vc_row el_id=&#8221;books&#8221;][vc_column][vc_column_text] [&hellip;]<\/p>\n","protected":false},"author":2,"featured_media":0,"parent":193,"menu_order":64,"comment_status":"closed","ping_status":"closed","template":"","meta":{"_acf_changed":false,"_monsterinsights_skip_tracking":false,"_monsterinsights_sitenote_active":false,"_monsterinsights_sitenote_note":"","_monsterinsights_sitenote_category":0,"footnotes":""},"class_list":["post-23","page","type-page","status-publish","hentry"],"acf":[],"yoast_head":"<!-- This site is optimized with the Yoast SEO Premium plugin v26.4 (Yoast SEO v27.0) - https:\/\/yoast.com\/product\/yoast-seo-premium-wordpress\/ -->\n<title>Publikationen von Electrosuisse - Vorsprung dank Wissen<\/title>\n<meta name=\"description\" content=\"Electrosuisse Publikationen, sei es online oder Print, verschaffen Ihnen das Know-How f\u00fcr morgen. Als Mitglied erhalten Sie vieles kostenlos.\" \/>\n<meta name=\"robots\" content=\"index, follow, max-snippet:-1, max-image-preview:large, max-video-preview:-1\" \/>\n<link rel=\"canonical\" href=\"https:\/\/www.electrosuisse.ch\/de\/medien\/publikationen\/\" \/>\n<meta property=\"og:locale\" content=\"de_DE\" \/>\n<meta property=\"og:type\" content=\"article\" \/>\n<meta property=\"og:title\" content=\"Publikationen von Electrosuisse - Vorsprung dank Wissen\" \/>\n<meta property=\"og:description\" content=\"Electrosuisse Publikationen, sei es online oder Print, verschaffen Ihnen das Know-How f\u00fcr morgen. Als Mitglied erhalten Sie vieles kostenlos.\" \/>\n<meta property=\"og:url\" content=\"https:\/\/www.electrosuisse.ch\/de\/medien\/publikationen\/\" \/>\n<meta property=\"og:site_name\" content=\"Electrosuisse\" \/>\n<meta property=\"article:modified_time\" content=\"2026-04-10T12:59:24+00:00\" \/>\n<meta property=\"og:image\" content=\"https:\/\/www.electrosuisse.ch\/wp-content\/uploads\/2019\/02\/electrosuisse_publikationen.jpg\" \/>\n\t<meta property=\"og:image:width\" content=\"1578\" \/>\n\t<meta property=\"og:image:height\" content=\"650\" \/>\n\t<meta property=\"og:image:type\" content=\"image\/jpeg\" \/>\n<script type=\"application\/ld+json\" class=\"yoast-schema-graph\">{\"@context\":\"https:\/\/schema.org\",\"@graph\":[{\"@type\":\"WebPage\",\"@id\":\"https:\/\/www.electrosuisse.ch\/de\/medien\/publikationen\/\",\"url\":\"https:\/\/www.electrosuisse.ch\/de\/medien\/publikationen\/\",\"name\":\"Publikationen von Electrosuisse - Vorsprung dank Wissen\",\"isPartOf\":{\"@id\":\"https:\/\/www.electrosuisse.ch\/de\/#website\"},\"datePublished\":\"2018-06-24T09:06:28+00:00\",\"dateModified\":\"2026-04-10T12:59:24+00:00\",\"description\":\"Electrosuisse Publikationen, sei es online oder Print, verschaffen Ihnen das Know-How f\u00fcr morgen. Als Mitglied erhalten Sie vieles kostenlos.\",\"breadcrumb\":{\"@id\":\"https:\/\/www.electrosuisse.ch\/de\/medien\/publikationen\/#breadcrumb\"},\"inLanguage\":\"de\",\"potentialAction\":[{\"@type\":\"ReadAction\",\"target\":[\"https:\/\/www.electrosuisse.ch\/de\/medien\/publikationen\/\"]}]},{\"@type\":\"BreadcrumbList\",\"@id\":\"https:\/\/www.electrosuisse.ch\/de\/medien\/publikationen\/#breadcrumb\",\"itemListElement\":[{\"@type\":\"ListItem\",\"position\":1,\"name\":\"Medien\",\"item\":\"https:\/\/www.electrosuisse.ch\/de\/medien\/\"},{\"@type\":\"ListItem\",\"position\":2,\"name\":\"Publikationen\"}]},{\"@type\":\"WebSite\",\"@id\":\"https:\/\/www.electrosuisse.ch\/de\/#website\",\"url\":\"https:\/\/www.electrosuisse.ch\/de\/\",\"name\":\"Electrosuisse\",\"description\":\"\",\"publisher\":{\"@id\":\"https:\/\/www.electrosuisse.ch\/de\/#organization\"},\"potentialAction\":[{\"@type\":\"SearchAction\",\"target\":{\"@type\":\"EntryPoint\",\"urlTemplate\":\"https:\/\/www.electrosuisse.ch\/de\/?s={search_term_string}\"},\"query-input\":{\"@type\":\"PropertyValueSpecification\",\"valueRequired\":true,\"valueName\":\"search_term_string\"}}],\"inLanguage\":\"de\"},{\"@type\":\"Organization\",\"@id\":\"https:\/\/www.electrosuisse.ch\/de\/#organization\",\"name\":\"Electrosuisse\",\"url\":\"https:\/\/www.electrosuisse.ch\/de\/\",\"logo\":{\"@type\":\"ImageObject\",\"inLanguage\":\"de\",\"@id\":\"https:\/\/www.electrosuisse.ch\/de\/#\/schema\/logo\/image\/\",\"url\":\"https:\/\/www.electrosuisse.ch\/wp-content\/uploads\/2025\/04\/Electrosuisse_Logo_696x696.png\",\"contentUrl\":\"https:\/\/www.electrosuisse.ch\/wp-content\/uploads\/2025\/04\/Electrosuisse_Logo_696x696.png\",\"width\":696,\"height\":696,\"caption\":\"Electrosuisse\"},\"image\":{\"@id\":\"https:\/\/www.electrosuisse.ch\/de\/#\/schema\/logo\/image\/\"},\"sameAs\":[\"https:\/\/www.linkedin.com\/company\/electrosuisse-ag\/posts\/?feedView=all\",\"https:\/\/www.instagram.com\/electrosuisse1889\/\",\"https:\/\/www.youtube.com\/channel\/UCoOxohMiVE0Gjcdis1L09zw\"],\"description\":\"Electrosuisse ist eine anerkannte und unabh\u00e4ngige Fachorganisation, die erstklassige Dienstleistungen und Produkte in den Bereichen Inspektion, Beratung, Pr\u00fcfung, Zertifizierung, Normung und Weiterbildung anbietet. Unsere Expertise umfasst Elektrotechnik, Elektromobilit\u00e4t, Energieberatung, Geb\u00e4udeautomation und Photovoltaik in der Schweiz. Durch die Veranstaltung etablierter Branchen-Events und Fachtagungen f\u00f6rdert Electrosuisse den Wissenstransfer und den fachlichen Austausch. Im Mittelpunkt unserer T\u00e4tigkeiten steht die F\u00f6rderung der sicheren, wirtschaftlichen und umweltgerechten Anwendung der Elektrotechnik.\"}]}<\/script>\n<!-- \/ Yoast SEO Premium plugin. -->","yoast_head_json":{"title":"Publikationen von Electrosuisse - Vorsprung dank Wissen","description":"Electrosuisse Publikationen, sei es online oder Print, verschaffen Ihnen das Know-How f\u00fcr morgen. Als Mitglied erhalten Sie vieles kostenlos.","robots":{"index":"index","follow":"follow","max-snippet":"max-snippet:-1","max-image-preview":"max-image-preview:large","max-video-preview":"max-video-preview:-1"},"canonical":"https:\/\/www.electrosuisse.ch\/de\/medien\/publikationen\/","og_locale":"de_DE","og_type":"article","og_title":"Publikationen von Electrosuisse - Vorsprung dank Wissen","og_description":"Electrosuisse Publikationen, sei es online oder Print, verschaffen Ihnen das Know-How f\u00fcr morgen. Als Mitglied erhalten Sie vieles kostenlos.","og_url":"https:\/\/www.electrosuisse.ch\/de\/medien\/publikationen\/","og_site_name":"Electrosuisse","article_modified_time":"2026-04-10T12:59:24+00:00","og_image":[{"width":1578,"height":650,"url":"https:\/\/www.electrosuisse.ch\/wp-content\/uploads\/2019\/02\/electrosuisse_publikationen.jpg","type":"image\/jpeg"}],"schema":{"@context":"https:\/\/schema.org","@graph":[{"@type":"WebPage","@id":"https:\/\/www.electrosuisse.ch\/de\/medien\/publikationen\/","url":"https:\/\/www.electrosuisse.ch\/de\/medien\/publikationen\/","name":"Publikationen von Electrosuisse - Vorsprung dank Wissen","isPartOf":{"@id":"https:\/\/www.electrosuisse.ch\/de\/#website"},"datePublished":"2018-06-24T09:06:28+00:00","dateModified":"2026-04-10T12:59:24+00:00","description":"Electrosuisse Publikationen, sei es online oder Print, verschaffen Ihnen das Know-How f\u00fcr morgen. Als Mitglied erhalten Sie vieles kostenlos.","breadcrumb":{"@id":"https:\/\/www.electrosuisse.ch\/de\/medien\/publikationen\/#breadcrumb"},"inLanguage":"de","potentialAction":[{"@type":"ReadAction","target":["https:\/\/www.electrosuisse.ch\/de\/medien\/publikationen\/"]}]},{"@type":"BreadcrumbList","@id":"https:\/\/www.electrosuisse.ch\/de\/medien\/publikationen\/#breadcrumb","itemListElement":[{"@type":"ListItem","position":1,"name":"Medien","item":"https:\/\/www.electrosuisse.ch\/de\/medien\/"},{"@type":"ListItem","position":2,"name":"Publikationen"}]},{"@type":"WebSite","@id":"https:\/\/www.electrosuisse.ch\/de\/#website","url":"https:\/\/www.electrosuisse.ch\/de\/","name":"Electrosuisse","description":"","publisher":{"@id":"https:\/\/www.electrosuisse.ch\/de\/#organization"},"potentialAction":[{"@type":"SearchAction","target":{"@type":"EntryPoint","urlTemplate":"https:\/\/www.electrosuisse.ch\/de\/?s={search_term_string}"},"query-input":{"@type":"PropertyValueSpecification","valueRequired":true,"valueName":"search_term_string"}}],"inLanguage":"de"},{"@type":"Organization","@id":"https:\/\/www.electrosuisse.ch\/de\/#organization","name":"Electrosuisse","url":"https:\/\/www.electrosuisse.ch\/de\/","logo":{"@type":"ImageObject","inLanguage":"de","@id":"https:\/\/www.electrosuisse.ch\/de\/#\/schema\/logo\/image\/","url":"https:\/\/www.electrosuisse.ch\/wp-content\/uploads\/2025\/04\/Electrosuisse_Logo_696x696.png","contentUrl":"https:\/\/www.electrosuisse.ch\/wp-content\/uploads\/2025\/04\/Electrosuisse_Logo_696x696.png","width":696,"height":696,"caption":"Electrosuisse"},"image":{"@id":"https:\/\/www.electrosuisse.ch\/de\/#\/schema\/logo\/image\/"},"sameAs":["https:\/\/www.linkedin.com\/company\/electrosuisse-ag\/posts\/?feedView=all","https:\/\/www.instagram.com\/electrosuisse1889\/","https:\/\/www.youtube.com\/channel\/UCoOxohMiVE0Gjcdis1L09zw"],"description":"Electrosuisse ist eine anerkannte und unabh\u00e4ngige Fachorganisation, die erstklassige Dienstleistungen und Produkte in den Bereichen Inspektion, Beratung, Pr\u00fcfung, Zertifizierung, Normung und Weiterbildung anbietet. Unsere Expertise umfasst Elektrotechnik, Elektromobilit\u00e4t, Energieberatung, Geb\u00e4udeautomation und Photovoltaik in der Schweiz. Durch die Veranstaltung etablierter Branchen-Events und Fachtagungen f\u00f6rdert Electrosuisse den Wissenstransfer und den fachlichen Austausch. Im Mittelpunkt unserer T\u00e4tigkeiten steht die F\u00f6rderung der sicheren, wirtschaftlichen und umweltgerechten Anwendung der Elektrotechnik."}]}},"amp_enabled":true,"_links":{"self":[{"href":"https:\/\/www.electrosuisse.ch\/de\/wp-json\/wp\/v2\/pages\/23","targetHints":{"allow":["GET"]}}],"collection":[{"href":"https:\/\/www.electrosuisse.ch\/de\/wp-json\/wp\/v2\/pages"}],"about":[{"href":"https:\/\/www.electrosuisse.ch\/de\/wp-json\/wp\/v2\/types\/page"}],"author":[{"embeddable":true,"href":"https:\/\/www.electrosuisse.ch\/de\/wp-json\/wp\/v2\/users\/2"}],"replies":[{"embeddable":true,"href":"https:\/\/www.electrosuisse.ch\/de\/wp-json\/wp\/v2\/comments?post=23"}],"version-history":[{"count":23,"href":"https:\/\/www.electrosuisse.ch\/de\/wp-json\/wp\/v2\/pages\/23\/revisions"}],"predecessor-version":[{"id":43931,"href":"https:\/\/www.electrosuisse.ch\/de\/wp-json\/wp\/v2\/pages\/23\/revisions\/43931"}],"up":[{"embeddable":true,"href":"https:\/\/www.electrosuisse.ch\/de\/wp-json\/wp\/v2\/pages\/193"}],"wp:attachment":[{"href":"https:\/\/www.electrosuisse.ch\/de\/wp-json\/wp\/v2\/media?parent=23"}],"curies":[{"name":"wp","href":"https:\/\/api.w.org\/{rel}","templated":true}]}}