{"id":21852,"date":"2022-03-25T16:17:55","date_gmt":"2022-03-25T15:17:55","guid":{"rendered":"https:\/\/www.electrosuisse.ch\/?page_id=21852"},"modified":"2026-03-04T13:25:54","modified_gmt":"2026-03-04T12:25:54","slug":"lohnradar","status":"publish","type":"page","link":"https:\/\/www.electrosuisse.ch\/de\/medien\/publikationen\/lohnradar\/","title":{"rendered":"Lohnradar"},"content":{"rendered":"<div class=\"wpb-content-wrapper\"><p>[vc_row][vc_column][vc_column_text css=&#8221;&#8221;]<\/p>\n<h2>Lohnradar 2026 &#8211; Nachwuchsf\u00f6rderung<\/h2>\n<p>[\/vc_column_text][vc_row_inner][vc_column_inner width=&#8221;2\/3&#8243;][vc_column_text css=&#8221;&#8221; el_class=&#8221;lead&#8221;]Der Lohnradar ist die spezifisch f\u00fcr die Elektro- und Energiebranche der Schweiz lancierte Studie, die Transparenz in die Arbeitswelt der Branche bringt.[\/vc_column_text][vc_column_text css=&#8221;&#8221;]Gemeinsam mit Swiss Engineering STV f\u00fchrt Electrosuisse zum sechsten Mal die Lohnumfrage f\u00fcr die Elektro- und Energiebranche durch. Ziel ist es, transparente und verl\u00e4ssliche Lohninformationen bereitzustellen.<\/p>\n<p>Die Teilnahme dauert rund 15 Minuten. Die Umfrage wird von DemoSCOPE anonym und vertraulich durchgef\u00fchrt. Die Ergebnisse werden im Herbst 2026 ver\u00f6ffentlicht.[\/vc_column_text][vc_column_text css=&#8221;&#8221;]<\/p>\n<h3>Schwerpunktthema 2026<\/h3>\n<p><span data-contrast=\"auto\">In diesem Jahr beleuchten wir zus\u00e4tzlich das Schwerpunktthema\u00a0<\/span><b><span data-contrast=\"auto\">\u00abNachwuchsf\u00f6rderung\u00bb<\/span><\/b><span data-contrast=\"auto\">\u00a0und\u00a0m\u00f6chten\u00a0von Ihren Erfahrungen und Einsch\u00e4tzungen profitieren.\u00a0Ihre Teilnahme st\u00e4rkt die Aussagekraft des neuen Lohnradars und liefert wertvolle Einblicke f\u00fcr die gesamte Branche.<\/span>[\/vc_column_text]<div class=\"wpb_button_column wpb_content_element wpb_content_element--left\"><div class=\"wpb_wrapper\"><div class=\"button button--normal\"><a href=\"http:\/\/www.demoscope.swiss\/electrosuisse\" target=\"_blank\" >Zur Lohnradar Umfrage<\/a><\/div><\/div><\/div><div class=\"wpb_gap_column wpb_content_element\"><div class=\"wpb_wrapper\"><div class=\"gap gap--small\"><\/div><\/div><\/div>[vc_column_text]Electrosuisse-Mitglieder erhalten die einmaligen Brancheninformationen kostenlos. Umfrageteilnehmende, die nicht Mitglied sind, k\u00f6nnen die Lohnstudie mit einem Vorzugsrabatt von 50 % beziehen.[\/vc_column_text]<div class=\"wpb_button_column wpb_content_element wpb_content_element--left\"><div class=\"wpb_wrapper\"><div class=\"button button--ghost\"><a href=\"https:\/\/www.electrosuisse.ch\/de\/mitglieder-services\/persoenliche-mitgliedschaft\/\">Jetzt Mitglied werden<\/a><\/div><\/div><\/div>[\/vc_column_inner][vc_column_inner width=&#8221;1\/3&#8243;]<div class=\"wpb_cta_column wpb_content_element\"><div class=\"wpb_wrapper\"><div class=\"cta cta--two_rows cta--big cta--green cta--link cta--different\"><div class=\"cta__content\"><a href=\"http:\/\/www.demoscope.swiss\/electrosuisse\" class=\"full\" target=\"_blank\" rel=\"noopener\">Jetzt an der Lohnradar Umfrage teilnehmen!<\/a><div class=\"cta__label\"><p>Jetzt an der Lohnradar Umfrage teilnehmen!<\/p><\/div><\/div><\/div><\/div><\/div>[vc_column_text css=&#8221;&#8221;]Sie haben am Ende die Chance, einen von zwei Galaxus-Gutscheinen im Wert von je 100 CHF zu gewinnen![\/vc_column_text][\/vc_column_inner][\/vc_row_inner][\/vc_column][\/vc_row][vc_row][vc_column][vc_column_text css=&#8221;&#8221;]<\/p>\n<h4>Vergangene Ausgaben<\/h4>\n<p>[\/vc_column_text]<div class=\"wpb_content_element wpb_accordion_column accordion_simple\"><div class=\"accordions accordions_0\"><div class=\"custom_accordion_item accordion custom_accordion accordion_1_0\"><div class=\"accordion__header\" id=\"accordion_header_1_0\"><div class=\"accordion_trigger js-accordion_trigger\" data-toggle=\"collapse\" \r\n\t\t\t\t\tdata-target=\"#accordion_content_1_0_acc335\" \r\n          aria-expanded=\"false\" aria-controls=\"accordion_content_1_0\"><h3 class=\"accordion-title accordion-title-icon icon--position-right js-accordion-controller\"><div>Lohnradar 2024 \u2013 Internationalit\u00e4t<\/div><\/h3><\/div><\/div><div class=\"accordion__content collapse not-click-to-close\" id=\"accordion_content_1_0_acc335\" aria-labelledby=\"accordion_header_1_0\"><div class=\"inside\"><div class=\"accordion-content\"><div class=\"accordion__inside\"><div class=\"accordion__element\"><!-- Start Accordion Content --><div class=\"accordion__element\"><p>Welche F\u00e4higkeiten haben Sie im Laufe Ihrer Karriere erworben und wie sehen Sie das Thema Internationalit\u00e4t? Welche Kompetenzen in Bezug auf Internationalit\u00e4t sind f\u00fcr Sie pers\u00f6nlich und Ihrer beruflichen Situation am relevantesten? In der f\u00fcnften Ausgabe des Lohnradars von Electrosuisse beleuchten wir die aktuelle berufliche Situation und die in der Branche erzielten L\u00f6hne sowie das internationale Engagement inklusive Auslandsaufenthalte und Zusammenarbeit mit internationalen Kollegen.<\/p>\n<\/div><div class=\"accordion__element\"><div class=\"picture_container\"><picture><source media=\"(min-width: 769px)\" srcset=\"https:\/\/www.electrosuisse.ch\/wp-content\/uploads\/2024\/11\/lohnradar_2024-360x509.png\"><source media=\"(min-width: 415px)\" srcset=\"https:\/\/www.electrosuisse.ch\/wp-content\/uploads\/2024\/11\/lohnradar_2024-543x768.png\"><source media=\"(max-width: 414px)\" srcset=\"https:\/\/www.electrosuisse.ch\/wp-content\/uploads\/2024\/11\/lohnradar_2024-414x586.png 1x, https:\/\/www.electrosuisse.ch\/wp-content\/uploads\/2024\/11\/lohnradar_2024-543x768.png 2x\"><img decoding=\"async\" src=\"https:\/\/www.electrosuisse.ch\/wp-content\/uploads\/2024\/11\/lohnradar_2024-360x509.png\" alt=\"Lohnradar 2024 \u2013 Internationalit\u00e4t\" \/><\/picture><\/div><\/div><div class=\"accordion__element\"><div class=\"button button--ghost\"><a href=\"https:\/\/shop.electrosuisse.ch\/de\/Lohnradar-435760.html\" target=\"_blank\" rel=\"noopener\">Heute noch bestellen<\/a><\/div><\/div><!-- Start Accordion Content --><\/div><\/div><\/div><\/div><\/div><\/div><div class=\"custom_accordion_item accordion custom_accordion accordion_1_1\"><div class=\"accordion__header\" id=\"accordion_header_1_1\"><div class=\"accordion_trigger js-accordion_trigger\" data-toggle=\"collapse\" \r\n\t\t\t\t\tdata-target=\"#accordion_content_1_1_acc883\" \r\n          aria-expanded=\"false\" aria-controls=\"accordion_content_1_1\"><h3 class=\"accordion-title accordion-title-icon icon--position-right js-accordion-controller\"><div>Lohnradar 2020 \u2013 Digitalisierung und Innovation<\/div><\/h3><\/div><\/div><div class=\"accordion__content collapse not-click-to-close\" id=\"accordion_content_1_1_acc883\" aria-labelledby=\"accordion_header_1_1\"><div class=\"inside\"><div class=\"accordion-content\"><div class=\"accordion__inside\"><div class=\"accordion__element\"><!-- Start Accordion Content --><div class=\"accordion__element\"><p>Welches Sal\u00e4r darf man erwarten, wenn man sein Studium abgeschlossen hat? Wie sind die l\u00e4ngerfristigen Lohnaussichten? Wie wirkt sich dabei die \u00dcbernahme von mehr Verantwortung aus? Die vierte Ausgabe des Lohnradars von Electrosuisse gibt einen \u00dcberblick \u00fcber die aktuelle Lohnsituation in der Schweizer Elektrotechnik- und Energiebranche. Mit Schwerpunkt auf den hochaktuellen Themen Digitalisierung und Innovation zieht diese Ausgabe auch eine Bilanz des Fortschritts der Digitalisierung in diesen Sektoren und zeigt auf, wie sich die Digitalisierung auf die Berufsprofile in der nahen Zukunft auswirken d\u00fcrfte.<\/p>\n<\/div><div class=\"accordion__element\"><div class=\"picture_container\"><picture><source media=\"(min-width: 769px)\" srcset=\"https:\/\/www.electrosuisse.ch\/wp-content\/uploads\/2026\/03\/Lohnradar-2020_D-360x509.jpg\"><source media=\"(min-width: 415px)\" srcset=\"https:\/\/www.electrosuisse.ch\/wp-content\/uploads\/2026\/03\/Lohnradar-2020_D-543x768.jpg\"><source media=\"(max-width: 414px)\" srcset=\"https:\/\/www.electrosuisse.ch\/wp-content\/uploads\/2026\/03\/Lohnradar-2020_D-414x586.jpg 1x, https:\/\/www.electrosuisse.ch\/wp-content\/uploads\/2026\/03\/Lohnradar-2020_D-543x768.jpg 2x\"><img decoding=\"async\" src=\"https:\/\/www.electrosuisse.ch\/wp-content\/uploads\/2026\/03\/Lohnradar-2020_D-360x509.jpg\" alt=\"Lohnradar 2020 \u2013 Digitalisierung und Innovation\" \/><\/picture><\/div><\/div><!-- Start Accordion Content --><\/div><\/div><\/div><\/div><\/div><\/div><div class=\"custom_accordion_item accordion custom_accordion accordion_1_2\"><div class=\"accordion__header\" id=\"accordion_header_1_2\"><div class=\"accordion_trigger js-accordion_trigger\" data-toggle=\"collapse\" \r\n\t\t\t\t\tdata-target=\"#accordion_content_1_2_acc798\" \r\n          aria-expanded=\"false\" aria-controls=\"accordion_content_1_2\"><h3 class=\"accordion-title accordion-title-icon icon--position-right js-accordion-controller\"><div>Lohnradar 2019 \u2013 Zahlen, Fakten und Popcorn<\/div><\/h3><\/div><\/div><div class=\"accordion__content collapse not-click-to-close\" id=\"accordion_content_1_2_acc798\" aria-labelledby=\"accordion_header_1_2\"><div class=\"inside\"><div class=\"accordion-content\"><div class=\"accordion__inside\"><div class=\"accordion__element\"><!-- Start Accordion Content --><div class=\"accordion__element\"><p>In der dritten umfangreichen Studie erfahren Sie neben aktuellen L\u00f6hnen auch einiges \u00fcber die derzeitige Weiterbildungssituation in unserer Branche. Ferner zeigt Lars Thomsen als renommierter Zukunftsforscher und Experte f\u00fcr Energie, Mobilit\u00e4t und k\u00fcnstliche Intelligenz in seinem Leitartikel auf, was Popcorn mit Trends zu tun hat.<\/p>\n<\/div><div class=\"accordion__element\"><div class=\"picture_container\"><picture><source media=\"(min-width: 769px)\" srcset=\"https:\/\/www.electrosuisse.ch\/wp-content\/uploads\/2026\/03\/Lohnradar_D_2019FINAL-360x509.jpg\"><source media=\"(min-width: 415px)\" srcset=\"https:\/\/www.electrosuisse.ch\/wp-content\/uploads\/2026\/03\/Lohnradar_D_2019FINAL-544x768.jpg\"><source media=\"(max-width: 414px)\" srcset=\"https:\/\/www.electrosuisse.ch\/wp-content\/uploads\/2026\/03\/Lohnradar_D_2019FINAL-414x585.jpg 1x, https:\/\/www.electrosuisse.ch\/wp-content\/uploads\/2026\/03\/Lohnradar_D_2019FINAL-544x768.jpg 2x\"><img decoding=\"async\" src=\"https:\/\/www.electrosuisse.ch\/wp-content\/uploads\/2026\/03\/Lohnradar_D_2019FINAL-360x509.jpg\" alt=\"Lohnradar 2019 \u2013 Zahlen, Fakten und Popcorn\" \/><\/picture><\/div><\/div><!-- Start Accordion Content --><\/div><\/div><\/div><\/div><\/div><\/div><div class=\"custom_accordion_item accordion custom_accordion accordion_1_3\"><div class=\"accordion__header\" id=\"accordion_header_1_3\"><div class=\"accordion_trigger js-accordion_trigger\" data-toggle=\"collapse\" \r\n\t\t\t\t\tdata-target=\"#accordion_content_1_3_acc272\" \r\n          aria-expanded=\"false\" aria-controls=\"accordion_content_1_3\"><h3 class=\"accordion-title accordion-title-icon icon--position-right js-accordion-controller\"><div>Lohnradar 2018 \u2013 Visionen und Trends<\/div><\/h3><\/div><\/div><div class=\"accordion__content collapse not-click-to-close\" id=\"accordion_content_1_3_acc272\" aria-labelledby=\"accordion_header_1_3\"><div class=\"inside\"><div class=\"accordion-content\"><div class=\"accordion__inside\"><div class=\"accordion__element\"><!-- Start Accordion Content --><div class=\"accordion__element\"><p>Die spannenden Berichte aus der Praxis unserer Branche greifen die aktuellen Auspr\u00e4gungen und zuk\u00fcnftige Bedeutung der Digitalisierung auf, die unsere t\u00e4gliche Arbeit bereits heute ver\u00e4ndert. Erg\u00e4nzt wurde der Lohnradar 2018 mit einer Arbeitsmarktstudie zu neuen Arbeitsmodellen, sowie einer separaten Lohnstudie, welche als PDF verf\u00fcgbar ist.<\/p>\n<\/div><div class=\"accordion__element\"><div class=\"picture_container\"><picture><source media=\"(min-width: 769px)\" srcset=\"https:\/\/www.electrosuisse.ch\/wp-content\/uploads\/2026\/03\/2018_Lohnradar_Lohnstudie_d-360x509.jpg\"><source media=\"(min-width: 415px)\" srcset=\"https:\/\/www.electrosuisse.ch\/wp-content\/uploads\/2026\/03\/2018_Lohnradar_Lohnstudie_d-543x768.jpg\"><source media=\"(max-width: 414px)\" srcset=\"https:\/\/www.electrosuisse.ch\/wp-content\/uploads\/2026\/03\/2018_Lohnradar_Lohnstudie_d-414x585.jpg 1x, https:\/\/www.electrosuisse.ch\/wp-content\/uploads\/2026\/03\/2018_Lohnradar_Lohnstudie_d-543x768.jpg 2x\"><img decoding=\"async\" src=\"https:\/\/www.electrosuisse.ch\/wp-content\/uploads\/2026\/03\/2018_Lohnradar_Lohnstudie_d-360x509.jpg\" alt=\"Lohnradar 2018 \u2013 Visionen und Trends\" \/><\/picture><\/div><\/div><!-- Start Accordion Content --><\/div><\/div><\/div><\/div><\/div><\/div><div class=\"custom_accordion_item accordion custom_accordion accordion_1_4\"><div class=\"accordion__header\" id=\"accordion_header_1_4\"><div class=\"accordion_trigger js-accordion_trigger\" data-toggle=\"collapse\" \r\n\t\t\t\t\tdata-target=\"#accordion_content_1_4_acc991\" \r\n          aria-expanded=\"false\" aria-controls=\"accordion_content_1_4\"><h3 class=\"accordion-title accordion-title-icon icon--position-right js-accordion-controller\"><div>Lohnradar 2017 \u2013 Wissen, wo man steht<\/div><\/h3><\/div><\/div><div class=\"accordion__content collapse not-click-to-close\" id=\"accordion_content_1_4_acc991\" aria-labelledby=\"accordion_header_1_4\"><div class=\"inside\"><div class=\"accordion-content\"><div class=\"accordion__inside\"><div class=\"accordion__element\"><!-- Start Accordion Content --><div class=\"accordion__element\"><p>F\u00fcr einen Gesamt\u00fcberblick und Vergleich der L\u00f6hne innerhalb unserer Branche ist der Lohnradar 2017 nach wie vor ein empfehlenswerter Ratgeber. Hier erfahren Sie unter anderem, wo Sie mit Ihrem Lohn stehen, ob sich eine Weiterbildung finanziell auszahlt, in welchem Fachbereich die Verdienstm\u00f6glichkeiten am gr\u00f6ssten sind oder welchen Einstiegslohn Sie erwarten k\u00f6nnen.<\/p>\n<\/div><div class=\"accordion__element\"><div class=\"picture_container\"><picture><source media=\"(min-width: 769px)\" srcset=\"https:\/\/www.electrosuisse.ch\/wp-content\/uploads\/2026\/03\/Lohnradar_DE_2017-360x509.jpg\"><source media=\"(min-width: 415px)\" srcset=\"https:\/\/www.electrosuisse.ch\/wp-content\/uploads\/2026\/03\/Lohnradar_DE_2017-543x768.jpg\"><source media=\"(max-width: 414px)\" srcset=\"https:\/\/www.electrosuisse.ch\/wp-content\/uploads\/2026\/03\/Lohnradar_DE_2017-414x585.jpg 1x, https:\/\/www.electrosuisse.ch\/wp-content\/uploads\/2026\/03\/Lohnradar_DE_2017-543x768.jpg 2x\"><img decoding=\"async\" src=\"https:\/\/www.electrosuisse.ch\/wp-content\/uploads\/2026\/03\/Lohnradar_DE_2017-360x509.jpg\" alt=\"Lohnradar 2017 \u2013 Wissen, wo man steht\" \/><\/picture><\/div><\/div><!-- Start Accordion Content --><\/div><\/div><\/div><\/div><\/div><\/div><\/div><\/div>[\/vc_column][\/vc_row]<\/p>\n<\/div>","protected":false},"excerpt":{"rendered":"<p>[vc_row][vc_column][vc_column_text css=&#8221;&#8221;] Lohnradar 2026 &#8211; Nachwuchsf\u00f6rderung [\/vc_column_text][vc_row_inner][vc_column_inner width=&#8221;2\/3&#8243;][vc_column_text css=&#8221;&#8221; el_class=&#8221;lead&#8221;]Der Lohnradar ist die spezifisch f\u00fcr die Elektro- und Energiebranche der Schweiz lancierte Studie, die Transparenz in die Arbeitswelt der Branche bringt.[\/vc_column_text][vc_column_text css=&#8221;&#8221;]Gemeinsam mit Swiss Engineering STV f\u00fchrt Electrosuisse zum sechsten Mal die Lohnumfrage f\u00fcr die Elektro- und Energiebranche durch. Ziel ist es, transparente und verl\u00e4ssliche [&hellip;]<\/p>\n","protected":false},"author":6,"featured_media":0,"parent":23,"menu_order":65,"comment_status":"closed","ping_status":"closed","template":"","meta":{"_acf_changed":false,"_monsterinsights_skip_tracking":false,"_monsterinsights_sitenote_active":false,"_monsterinsights_sitenote_note":"","_monsterinsights_sitenote_category":0,"footnotes":""},"class_list":["post-21852","page","type-page","status-publish","hentry"],"acf":[],"yoast_head":"<!-- This site is optimized with the Yoast SEO Premium plugin v26.4 (Yoast SEO v27.0) - https:\/\/yoast.com\/product\/yoast-seo-premium-wordpress\/ -->\n<title>Der Lohnradar<\/title>\n<meta name=\"description\" content=\"Mit dem Lohnradar schafft Electrosuisse innerhalb der Elektro- und Energiebranche der Schweiz Transparenz bei den L\u00f6hnen.\" \/>\n<meta name=\"robots\" content=\"index, follow, max-snippet:-1, max-image-preview:large, max-video-preview:-1\" \/>\n<link rel=\"canonical\" href=\"https:\/\/www.electrosuisse.ch\/de\/medien\/publikationen\/lohnradar\/\" \/>\n<meta property=\"og:locale\" content=\"de_DE\" \/>\n<meta property=\"og:type\" content=\"article\" \/>\n<meta property=\"og:title\" content=\"Der Lohnradar\" \/>\n<meta property=\"og:description\" content=\"Mit dem Lohnradar schafft Electrosuisse innerhalb der Elektro- und Energiebranche der Schweiz Transparenz bei den L\u00f6hnen.\" \/>\n<meta property=\"og:url\" content=\"https:\/\/www.electrosuisse.ch\/de\/medien\/publikationen\/lohnradar\/\" \/>\n<meta property=\"og:site_name\" content=\"Electrosuisse\" \/>\n<meta property=\"article:modified_time\" content=\"2026-03-04T12:25:54+00:00\" \/>\n<meta property=\"og:image\" content=\"https:\/\/www.electrosuisse.ch\/wp-content\/uploads\/2024\/11\/Lohnradar24_Keyvisual_1660x470.png\" \/>\n\t<meta property=\"og:image:width\" content=\"1578\" \/>\n\t<meta property=\"og:image:height\" content=\"650\" \/>\n\t<meta property=\"og:image:type\" content=\"image\/jpeg\" \/>\n<script type=\"application\/ld+json\" class=\"yoast-schema-graph\">{\"@context\":\"https:\/\/schema.org\",\"@graph\":[{\"@type\":\"WebPage\",\"@id\":\"https:\/\/www.electrosuisse.ch\/de\/medien\/publikationen\/lohnradar\/\",\"url\":\"https:\/\/www.electrosuisse.ch\/de\/medien\/publikationen\/lohnradar\/\",\"name\":\"Der Lohnradar\",\"isPartOf\":{\"@id\":\"https:\/\/www.electrosuisse.ch\/de\/#website\"},\"datePublished\":\"2022-03-25T15:17:55+00:00\",\"dateModified\":\"2026-03-04T12:25:54+00:00\",\"description\":\"Mit dem Lohnradar schafft Electrosuisse innerhalb der Elektro- und Energiebranche der Schweiz Transparenz bei den L\u00f6hnen.\",\"breadcrumb\":{\"@id\":\"https:\/\/www.electrosuisse.ch\/de\/medien\/publikationen\/lohnradar\/#breadcrumb\"},\"inLanguage\":\"de\",\"potentialAction\":[{\"@type\":\"ReadAction\",\"target\":[\"https:\/\/www.electrosuisse.ch\/de\/medien\/publikationen\/lohnradar\/\"]}]},{\"@type\":\"BreadcrumbList\",\"@id\":\"https:\/\/www.electrosuisse.ch\/de\/medien\/publikationen\/lohnradar\/#breadcrumb\",\"itemListElement\":[{\"@type\":\"ListItem\",\"position\":1,\"name\":\"Medien\",\"item\":\"https:\/\/www.electrosuisse.ch\/de\/medien\/\"},{\"@type\":\"ListItem\",\"position\":2,\"name\":\"Publikationen\",\"item\":\"https:\/\/www.electrosuisse.ch\/de\/medien\/publikationen\/\"},{\"@type\":\"ListItem\",\"position\":3,\"name\":\"Lohnradar\"}]},{\"@type\":\"WebSite\",\"@id\":\"https:\/\/www.electrosuisse.ch\/de\/#website\",\"url\":\"https:\/\/www.electrosuisse.ch\/de\/\",\"name\":\"Electrosuisse\",\"description\":\"\",\"publisher\":{\"@id\":\"https:\/\/www.electrosuisse.ch\/de\/#organization\"},\"potentialAction\":[{\"@type\":\"SearchAction\",\"target\":{\"@type\":\"EntryPoint\",\"urlTemplate\":\"https:\/\/www.electrosuisse.ch\/de\/?s={search_term_string}\"},\"query-input\":{\"@type\":\"PropertyValueSpecification\",\"valueRequired\":true,\"valueName\":\"search_term_string\"}}],\"inLanguage\":\"de\"},{\"@type\":\"Organization\",\"@id\":\"https:\/\/www.electrosuisse.ch\/de\/#organization\",\"name\":\"Electrosuisse\",\"url\":\"https:\/\/www.electrosuisse.ch\/de\/\",\"logo\":{\"@type\":\"ImageObject\",\"inLanguage\":\"de\",\"@id\":\"https:\/\/www.electrosuisse.ch\/de\/#\/schema\/logo\/image\/\",\"url\":\"https:\/\/www.electrosuisse.ch\/wp-content\/uploads\/2025\/04\/Electrosuisse_Logo_696x696.png\",\"contentUrl\":\"https:\/\/www.electrosuisse.ch\/wp-content\/uploads\/2025\/04\/Electrosuisse_Logo_696x696.png\",\"width\":696,\"height\":696,\"caption\":\"Electrosuisse\"},\"image\":{\"@id\":\"https:\/\/www.electrosuisse.ch\/de\/#\/schema\/logo\/image\/\"},\"sameAs\":[\"https:\/\/www.linkedin.com\/company\/electrosuisse-ag\/posts\/?feedView=all\",\"https:\/\/www.instagram.com\/electrosuisse1889\/\",\"https:\/\/www.youtube.com\/channel\/UCoOxohMiVE0Gjcdis1L09zw\"],\"description\":\"Electrosuisse ist eine anerkannte und unabh\u00e4ngige Fachorganisation, die erstklassige Dienstleistungen und Produkte in den Bereichen Inspektion, Beratung, Pr\u00fcfung, Zertifizierung, Normung und Weiterbildung anbietet. Unsere Expertise umfasst Elektrotechnik, Elektromobilit\u00e4t, Energieberatung, Geb\u00e4udeautomation und Photovoltaik in der Schweiz. Durch die Veranstaltung etablierter Branchen-Events und Fachtagungen f\u00f6rdert Electrosuisse den Wissenstransfer und den fachlichen Austausch. Im Mittelpunkt unserer T\u00e4tigkeiten steht die F\u00f6rderung der sicheren, wirtschaftlichen und umweltgerechten Anwendung der Elektrotechnik.\"}]}<\/script>\n<!-- \/ Yoast SEO Premium plugin. -->","yoast_head_json":{"title":"Der Lohnradar","description":"Mit dem Lohnradar schafft Electrosuisse innerhalb der Elektro- und Energiebranche der Schweiz Transparenz bei den L\u00f6hnen.","robots":{"index":"index","follow":"follow","max-snippet":"max-snippet:-1","max-image-preview":"max-image-preview:large","max-video-preview":"max-video-preview:-1"},"canonical":"https:\/\/www.electrosuisse.ch\/de\/medien\/publikationen\/lohnradar\/","og_locale":"de_DE","og_type":"article","og_title":"Der Lohnradar","og_description":"Mit dem Lohnradar schafft Electrosuisse innerhalb der Elektro- und Energiebranche der Schweiz Transparenz bei den L\u00f6hnen.","og_url":"https:\/\/www.electrosuisse.ch\/de\/medien\/publikationen\/lohnradar\/","og_site_name":"Electrosuisse","article_modified_time":"2026-03-04T12:25:54+00:00","og_image":[{"width":1578,"height":650,"url":"https:\/\/www.electrosuisse.ch\/wp-content\/uploads\/2024\/11\/Lohnradar24_Keyvisual_1660x470.png","type":"image\/jpeg"}],"schema":{"@context":"https:\/\/schema.org","@graph":[{"@type":"WebPage","@id":"https:\/\/www.electrosuisse.ch\/de\/medien\/publikationen\/lohnradar\/","url":"https:\/\/www.electrosuisse.ch\/de\/medien\/publikationen\/lohnradar\/","name":"Der Lohnradar","isPartOf":{"@id":"https:\/\/www.electrosuisse.ch\/de\/#website"},"datePublished":"2022-03-25T15:17:55+00:00","dateModified":"2026-03-04T12:25:54+00:00","description":"Mit dem Lohnradar schafft Electrosuisse innerhalb der Elektro- und Energiebranche der Schweiz Transparenz bei den L\u00f6hnen.","breadcrumb":{"@id":"https:\/\/www.electrosuisse.ch\/de\/medien\/publikationen\/lohnradar\/#breadcrumb"},"inLanguage":"de","potentialAction":[{"@type":"ReadAction","target":["https:\/\/www.electrosuisse.ch\/de\/medien\/publikationen\/lohnradar\/"]}]},{"@type":"BreadcrumbList","@id":"https:\/\/www.electrosuisse.ch\/de\/medien\/publikationen\/lohnradar\/#breadcrumb","itemListElement":[{"@type":"ListItem","position":1,"name":"Medien","item":"https:\/\/www.electrosuisse.ch\/de\/medien\/"},{"@type":"ListItem","position":2,"name":"Publikationen","item":"https:\/\/www.electrosuisse.ch\/de\/medien\/publikationen\/"},{"@type":"ListItem","position":3,"name":"Lohnradar"}]},{"@type":"WebSite","@id":"https:\/\/www.electrosuisse.ch\/de\/#website","url":"https:\/\/www.electrosuisse.ch\/de\/","name":"Electrosuisse","description":"","publisher":{"@id":"https:\/\/www.electrosuisse.ch\/de\/#organization"},"potentialAction":[{"@type":"SearchAction","target":{"@type":"EntryPoint","urlTemplate":"https:\/\/www.electrosuisse.ch\/de\/?s={search_term_string}"},"query-input":{"@type":"PropertyValueSpecification","valueRequired":true,"valueName":"search_term_string"}}],"inLanguage":"de"},{"@type":"Organization","@id":"https:\/\/www.electrosuisse.ch\/de\/#organization","name":"Electrosuisse","url":"https:\/\/www.electrosuisse.ch\/de\/","logo":{"@type":"ImageObject","inLanguage":"de","@id":"https:\/\/www.electrosuisse.ch\/de\/#\/schema\/logo\/image\/","url":"https:\/\/www.electrosuisse.ch\/wp-content\/uploads\/2025\/04\/Electrosuisse_Logo_696x696.png","contentUrl":"https:\/\/www.electrosuisse.ch\/wp-content\/uploads\/2025\/04\/Electrosuisse_Logo_696x696.png","width":696,"height":696,"caption":"Electrosuisse"},"image":{"@id":"https:\/\/www.electrosuisse.ch\/de\/#\/schema\/logo\/image\/"},"sameAs":["https:\/\/www.linkedin.com\/company\/electrosuisse-ag\/posts\/?feedView=all","https:\/\/www.instagram.com\/electrosuisse1889\/","https:\/\/www.youtube.com\/channel\/UCoOxohMiVE0Gjcdis1L09zw"],"description":"Electrosuisse ist eine anerkannte und unabh\u00e4ngige Fachorganisation, die erstklassige Dienstleistungen und Produkte in den Bereichen Inspektion, Beratung, Pr\u00fcfung, Zertifizierung, Normung und Weiterbildung anbietet. Unsere Expertise umfasst Elektrotechnik, Elektromobilit\u00e4t, Energieberatung, Geb\u00e4udeautomation und Photovoltaik in der Schweiz. Durch die Veranstaltung etablierter Branchen-Events und Fachtagungen f\u00f6rdert Electrosuisse den Wissenstransfer und den fachlichen Austausch. Im Mittelpunkt unserer T\u00e4tigkeiten steht die F\u00f6rderung der sicheren, wirtschaftlichen und umweltgerechten Anwendung der Elektrotechnik."}]}},"amp_enabled":true,"_links":{"self":[{"href":"https:\/\/www.electrosuisse.ch\/de\/wp-json\/wp\/v2\/pages\/21852","targetHints":{"allow":["GET"]}}],"collection":[{"href":"https:\/\/www.electrosuisse.ch\/de\/wp-json\/wp\/v2\/pages"}],"about":[{"href":"https:\/\/www.electrosuisse.ch\/de\/wp-json\/wp\/v2\/types\/page"}],"author":[{"embeddable":true,"href":"https:\/\/www.electrosuisse.ch\/de\/wp-json\/wp\/v2\/users\/6"}],"replies":[{"embeddable":true,"href":"https:\/\/www.electrosuisse.ch\/de\/wp-json\/wp\/v2\/comments?post=21852"}],"version-history":[{"count":63,"href":"https:\/\/www.electrosuisse.ch\/de\/wp-json\/wp\/v2\/pages\/21852\/revisions"}],"predecessor-version":[{"id":42388,"href":"https:\/\/www.electrosuisse.ch\/de\/wp-json\/wp\/v2\/pages\/21852\/revisions\/42388"}],"up":[{"embeddable":true,"href":"https:\/\/www.electrosuisse.ch\/de\/wp-json\/wp\/v2\/pages\/23"}],"wp:attachment":[{"href":"https:\/\/www.electrosuisse.ch\/de\/wp-json\/wp\/v2\/media?parent=21852"}],"curies":[{"name":"wp","href":"https:\/\/api.w.org\/{rel}","templated":true}]}}