{"id":203,"date":"2018-06-24T11:36:59","date_gmt":"2018-06-24T09:36:59","guid":{"rendered":"https:\/\/www.electrosuisse.ch\/?page_id=203"},"modified":"2025-04-01T11:01:19","modified_gmt":"2025-04-01T09:01:19","slug":"agb","status":"publish","type":"page","link":"https:\/\/www.electrosuisse.ch\/de\/agb\/","title":{"rendered":"AGB"},"content":{"rendered":"<div class=\"wpb-content-wrapper\"><p>[vc_row][vc_column][vc_column_text]<\/p>\n<h1>Allgemeine Gesch\u00e4ftsbedingungen<\/h1>\n<p>[\/vc_column_text]<div class=\"wpb_document_column wpb_content_element\"><div class=\"wpb_wrapper\"><div class=\"document document--pdf\"><a href=\"https:\/\/www.electrosuisse.ch\/wp-content\/uploads\/2025\/04\/25_04_01-AGB-Electrosuisse.pdf\" target=\"_blank\">Allgemeine Gesch\u00e4ftsbedingungen (AGB)<\/a><\/div><\/div><\/div><div class=\"wpb_document_column wpb_content_element\"><div class=\"wpb_wrapper\"><div class=\"document document--pdf\"><a href=\"https:\/\/www.electrosuisse.ch\/wp-content\/uploads\/2019\/06\/IEC_end-user-agreement.pdf\" target=\"_blank\">IEC end-user licence agreeement<\/a><\/div><\/div><\/div><div class=\"wpb_document_column wpb_content_element\"><div class=\"wpb_wrapper\"><div class=\"document document--pdf\"><a href=\"https:\/\/www.electrosuisse.ch\/wp-content\/uploads\/2024\/05\/24_05_23-Statuten-Statuts-Electrosuisse.pdf\" target=\"_blank\" rel=\"noopener\">Statuten Electrosuisse<\/a><\/div><\/div><\/div>[\/vc_column][\/vc_row][vc_row disable_element=&#8221;yes&#8221;][vc_column][vc_column_text]<\/p>\n<h2>Rechtliche Hinweise<\/h2>\n<h3>A. Allgemein<\/h3>\n<p>Die vorliegenden Webseiten dienen ausschliesslich der allgemeinen Information und erheben keinen Anspruch auf Richtigkeit und Vollst\u00e4ndigkeit. Die Unsicherheiten des Mediums gebieten, folgende Vorbehalte anzubringen. Im konkreten Einzelfall bleibt die Anwendung der einschl\u00e4gigen gesetzlichen Bestimmungen, der Rechtsprechung und der Praxis vorbehalten.<\/p>\n<h3>1. Haftungshinweis<\/h3>\n<p>Electrosuisse stellt diese Webseiten ihren Mitgliedern, Kunden und der \u00d6ffentlichkeit als Informationsdienstleistung zur Verf\u00fcgung. Electrosuisse \u00fcbernimmt keine Haftung f\u00fcr Richtigkeit und Vollst\u00e4ndigkeit der Informationen. Insbesondere stellen diese keine rechtsverbindliche Auskunft von Electrosuisse dar. Werden aufgrund dieser Informationen dennoch Dispositionen vorgenommen, erfolgt dies auf eigene Verantwortung.<\/p>\n<p>Electrosuisse \u00fcbernimmt keine Haftung daf\u00fcr, dass die Funktionen auf den folgenden Seiten fehlerlos sind, dass Fehler behoben werden oder dass diese Webseiten bzw. der jeweilige Server frei ist von sch\u00e4dlichen Bestandteilen. Diese Webseiten weisen Verbindungen oder Bez\u00fcge (Links) zu anderen Websites auf, die von Dritten in eigener Verantwortung eingerichtet wurden und betrieben werden.<\/p>\n<p>Electrosuisse \u00fcbernimmt keine Haftung f\u00fcr direkte oder indirekte Sch\u00e4den materieller oder ideeller Art, die durch den Zugriff auf diese Webseiten und deren Inhalte sowie durch die Nutzung oder Nichtnutzung dieser Informationen bzw. durch die Nutzung fehlerhafter und unvollst\u00e4ndiger Informationen auf diesen Webseiten bzw. auf darin verlinkten anderen Websites verursacht werden.<\/p>\n<h3>2. Sicherheitshinweis<\/h3>\n<p>Die Inhalte dieser Websites k\u00f6nnen falsch oder unvollst\u00e4ndig \u00fcbertragen werden. Electrosuisse leistet keine Gew\u00e4hr f\u00fcr Vertraulichkeit und Integrit\u00e4t der \u00fcber diese Website ausgetauschten Daten sowie f\u00fcr die st\u00e4ndige und unbeschr\u00e4nkte Verf\u00fcgbarkeit der Inhalte. Electrosuisse beh\u00e4lt sich das Recht vor, die Inhalte jederzeit ohne Begr\u00fcndung oder Vorank\u00fcndigung zu \u00e4ndern oder zu l\u00f6schen.<\/p>\n<h3>3. Urheberrecht<\/h3>\n<p>Inhalt und Struktur dieser Website sind urheberrechtlich gesch\u00fctzt; alle Rechte sind vorbehalten.<\/p>\n<p>Das Copyright f\u00fcr auf diesen Webseiten ver\u00f6ffentlichten, von Electrosuisse selbst erstellten Objekte bleibt allein bei Electrosuisse. F\u00fcr den privaten Gebrauch ist die Weiterverwendung mit vollst\u00e4ndiger Quellenangabe erlaubt. Jede andere Verwendung, insbesondere das vollst\u00e4ndige oder teilweise Reproduzieren in elektronischer oder gedruckter Form, derartiger Texte, Grafiken, Tondokumente und Videosequenzen f\u00fcr kommerzielle oder nicht-kommerzielle Zwecke ist nur mit vorheriger schriftlicher Zustimmung von Electrosuisse (<a href=\"&#109;&#x61;i&#108;&#x74;&#111;&#x3a;i&#110;&#x66;o&#x40;&#x65;&#108;&#x65;c&#116;&#x72;o&#x73;&#x75;&#105;&#x73;s&#101;&#x2e;&#99;&#x68;\">&#x69;&#x6e;&#x66;&#x6f;&#64;&#101;&#108;ec&#x74;&#x72;&#x6f;&#x73;&#x75;&#105;&#115;&#115;e&#46;&#x63;&#x68;<\/a>) gestattet.<\/p>\n<h3>4. Datenschutz<\/h3>\n<p>Der Datenschutz ist in der <a href=\"https:\/\/www.electrosuisse.ch\/de\/datenschutz\/\">Datenschutzerkl\u00e4rung<\/a> geregelt.<\/p>\n<h3>B. Tagungsdokumentationen<\/h3>\n<p>Alle Angaben in den Dokumenten erfolgen ohne Gew\u00e4hr f\u00fcr die inhaltliche Richtigkeit und Vollst\u00e4ndigkeit.<\/p>\n<p>F\u00fcr den Inhalt des Referates ist der jeweilige Referent alleine verantwortlich. Electrosuisse \u00fcbernimmt keinerlei Gew\u00e4hr f\u00fcr die Richtigkeit und Vollst\u00e4ndigkeit dieser Inhalte. Electrosuisse lehnt jegliche Haftung wegen Sch\u00e4den aus dem Zugriff oder der Nutzung der Informationen, auch die Haftung wegen unangebrachter Bilder und Texte ab.<\/p>\n<p>Die Dokumente sind ausschliesslich f\u00fcr die Teilnehmer der Veranstaltung bestimmt und werden nur diesen zur Verf\u00fcgung gestellt.<br \/>\nAus urheberrechtlichen Gr\u00fcnden ist eine Verbreitung der Dokumente oder von Ausz\u00fcgen davon nicht erlaubt. Die Urheberrechte verbleiben dabei bei den jeweiligen Referenten.<\/p>\n<p>11.06.19 Electrosuisse[\/vc_column_text][\/vc_column][\/vc_row]<\/p>\n<\/div>","protected":false},"excerpt":{"rendered":"<p>[vc_row][vc_column][vc_column_text] Allgemeine Gesch\u00e4ftsbedingungen [\/vc_column_text][\/vc_column][\/vc_row][vc_row disable_element=&#8221;yes&#8221;][vc_column][vc_column_text] Rechtliche Hinweise A. Allgemein Die vorliegenden Webseiten dienen ausschliesslich der allgemeinen Information und erheben keinen Anspruch auf Richtigkeit und Vollst\u00e4ndigkeit. Die Unsicherheiten des Mediums gebieten, folgende Vorbehalte anzubringen. Im konkreten Einzelfall bleibt die Anwendung der einschl\u00e4gigen gesetzlichen Bestimmungen, der Rechtsprechung und der Praxis vorbehalten. 1. Haftungshinweis Electrosuisse stellt diese Webseiten [&hellip;]<\/p>\n","protected":false},"author":2,"featured_media":0,"parent":0,"menu_order":299,"comment_status":"closed","ping_status":"closed","template":"","meta":{"_acf_changed":false,"_monsterinsights_skip_tracking":false,"_monsterinsights_sitenote_active":false,"_monsterinsights_sitenote_note":"","_monsterinsights_sitenote_category":0,"footnotes":""},"class_list":["post-203","page","type-page","status-publish","hentry"],"acf":[],"yoast_head":"<!-- This site is optimized with the Yoast SEO Premium plugin v26.4 (Yoast SEO v27.0) - https:\/\/yoast.com\/product\/yoast-seo-premium-wordpress\/ -->\n<title>AGB - Electrosuisse<\/title>\n<meta name=\"robots\" content=\"index, follow, max-snippet:-1, max-image-preview:large, max-video-preview:-1\" \/>\n<link rel=\"canonical\" href=\"https:\/\/www.electrosuisse.ch\/de\/agb\/\" \/>\n<meta property=\"og:locale\" content=\"de_DE\" \/>\n<meta property=\"og:type\" content=\"article\" \/>\n<meta property=\"og:title\" content=\"AGB - Electrosuisse\" \/>\n<meta property=\"og:description\" content=\"[vc_row][vc_column][vc_column_text] Allgemeine Gesch\u00e4ftsbedingungen [\/vc_column_text][\/vc_column][\/vc_row][vc_row disable_element=&#8221;yes&#8221;][vc_column][vc_column_text] Rechtliche Hinweise A. Allgemein Die vorliegenden Webseiten dienen ausschliesslich der allgemeinen Information und erheben keinen Anspruch auf Richtigkeit und Vollst\u00e4ndigkeit. Die Unsicherheiten des Mediums gebieten, folgende Vorbehalte anzubringen. Im konkreten Einzelfall bleibt die Anwendung der einschl\u00e4gigen gesetzlichen Bestimmungen, der Rechtsprechung und der Praxis vorbehalten. 1. Haftungshinweis Electrosuisse stellt diese Webseiten [&hellip;]\" \/>\n<meta property=\"og:url\" content=\"https:\/\/www.electrosuisse.ch\/de\/agb\/\" \/>\n<meta property=\"og:site_name\" content=\"Electrosuisse\" \/>\n<meta property=\"article:modified_time\" content=\"2025-04-01T09:01:19+00:00\" \/>\n<meta property=\"og:image\" content=\"https:\/\/www.electrosuisse.ch\/wp-content\/uploads\/2022\/12\/Electrosuisse_Ueber_uns_1578x650.jpg\" \/>\n\t<meta property=\"og:image:width\" content=\"1578\" \/>\n\t<meta property=\"og:image:height\" content=\"650\" \/>\n\t<meta property=\"og:image:type\" content=\"image\/jpeg\" \/>\n<script type=\"application\/ld+json\" class=\"yoast-schema-graph\">{\"@context\":\"https:\/\/schema.org\",\"@graph\":[{\"@type\":\"WebPage\",\"@id\":\"https:\/\/www.electrosuisse.ch\/de\/agb\/\",\"url\":\"https:\/\/www.electrosuisse.ch\/de\/agb\/\",\"name\":\"AGB - Electrosuisse\",\"isPartOf\":{\"@id\":\"https:\/\/www.electrosuisse.ch\/de\/#website\"},\"datePublished\":\"2018-06-24T09:36:59+00:00\",\"dateModified\":\"2025-04-01T09:01:19+00:00\",\"inLanguage\":\"de\",\"potentialAction\":[{\"@type\":\"ReadAction\",\"target\":[\"https:\/\/www.electrosuisse.ch\/de\/agb\/\"]}]},{\"@type\":\"WebSite\",\"@id\":\"https:\/\/www.electrosuisse.ch\/de\/#website\",\"url\":\"https:\/\/www.electrosuisse.ch\/de\/\",\"name\":\"Electrosuisse\",\"description\":\"\",\"publisher\":{\"@id\":\"https:\/\/www.electrosuisse.ch\/de\/#organization\"},\"potentialAction\":[{\"@type\":\"SearchAction\",\"target\":{\"@type\":\"EntryPoint\",\"urlTemplate\":\"https:\/\/www.electrosuisse.ch\/de\/?s={search_term_string}\"},\"query-input\":{\"@type\":\"PropertyValueSpecification\",\"valueRequired\":true,\"valueName\":\"search_term_string\"}}],\"inLanguage\":\"de\"},{\"@type\":\"Organization\",\"@id\":\"https:\/\/www.electrosuisse.ch\/de\/#organization\",\"name\":\"Electrosuisse\",\"url\":\"https:\/\/www.electrosuisse.ch\/de\/\",\"logo\":{\"@type\":\"ImageObject\",\"inLanguage\":\"de\",\"@id\":\"https:\/\/www.electrosuisse.ch\/de\/#\/schema\/logo\/image\/\",\"url\":\"https:\/\/www.electrosuisse.ch\/wp-content\/uploads\/2025\/04\/Electrosuisse_Logo_696x696.png\",\"contentUrl\":\"https:\/\/www.electrosuisse.ch\/wp-content\/uploads\/2025\/04\/Electrosuisse_Logo_696x696.png\",\"width\":696,\"height\":696,\"caption\":\"Electrosuisse\"},\"image\":{\"@id\":\"https:\/\/www.electrosuisse.ch\/de\/#\/schema\/logo\/image\/\"},\"sameAs\":[\"https:\/\/www.linkedin.com\/company\/electrosuisse-ag\/posts\/?feedView=all\",\"https:\/\/www.instagram.com\/electrosuisse1889\/\",\"https:\/\/www.youtube.com\/channel\/UCoOxohMiVE0Gjcdis1L09zw\"],\"description\":\"Electrosuisse ist eine anerkannte und unabh\u00e4ngige Fachorganisation, die erstklassige Dienstleistungen und Produkte in den Bereichen Inspektion, Beratung, Pr\u00fcfung, Zertifizierung, Normung und Weiterbildung anbietet. Unsere Expertise umfasst Elektrotechnik, Elektromobilit\u00e4t, Energieberatung, Geb\u00e4udeautomation und Photovoltaik in der Schweiz. Durch die Veranstaltung etablierter Branchen-Events und Fachtagungen f\u00f6rdert Electrosuisse den Wissenstransfer und den fachlichen Austausch. Im Mittelpunkt unserer T\u00e4tigkeiten steht die F\u00f6rderung der sicheren, wirtschaftlichen und umweltgerechten Anwendung der Elektrotechnik.\"}]}<\/script>\n<!-- \/ Yoast SEO Premium plugin. -->","yoast_head_json":{"title":"AGB - Electrosuisse","robots":{"index":"index","follow":"follow","max-snippet":"max-snippet:-1","max-image-preview":"max-image-preview:large","max-video-preview":"max-video-preview:-1"},"canonical":"https:\/\/www.electrosuisse.ch\/de\/agb\/","og_locale":"de_DE","og_type":"article","og_title":"AGB - Electrosuisse","og_description":"[vc_row][vc_column][vc_column_text] Allgemeine Gesch\u00e4ftsbedingungen [\/vc_column_text][\/vc_column][\/vc_row][vc_row disable_element=&#8221;yes&#8221;][vc_column][vc_column_text] Rechtliche Hinweise A. Allgemein Die vorliegenden Webseiten dienen ausschliesslich der allgemeinen Information und erheben keinen Anspruch auf Richtigkeit und Vollst\u00e4ndigkeit. Die Unsicherheiten des Mediums gebieten, folgende Vorbehalte anzubringen. Im konkreten Einzelfall bleibt die Anwendung der einschl\u00e4gigen gesetzlichen Bestimmungen, der Rechtsprechung und der Praxis vorbehalten. 1. Haftungshinweis Electrosuisse stellt diese Webseiten [&hellip;]","og_url":"https:\/\/www.electrosuisse.ch\/de\/agb\/","og_site_name":"Electrosuisse","article_modified_time":"2025-04-01T09:01:19+00:00","og_image":[{"width":1578,"height":650,"url":"https:\/\/www.electrosuisse.ch\/wp-content\/uploads\/2022\/12\/Electrosuisse_Ueber_uns_1578x650.jpg","type":"image\/jpeg"}],"schema":{"@context":"https:\/\/schema.org","@graph":[{"@type":"WebPage","@id":"https:\/\/www.electrosuisse.ch\/de\/agb\/","url":"https:\/\/www.electrosuisse.ch\/de\/agb\/","name":"AGB - Electrosuisse","isPartOf":{"@id":"https:\/\/www.electrosuisse.ch\/de\/#website"},"datePublished":"2018-06-24T09:36:59+00:00","dateModified":"2025-04-01T09:01:19+00:00","inLanguage":"de","potentialAction":[{"@type":"ReadAction","target":["https:\/\/www.electrosuisse.ch\/de\/agb\/"]}]},{"@type":"WebSite","@id":"https:\/\/www.electrosuisse.ch\/de\/#website","url":"https:\/\/www.electrosuisse.ch\/de\/","name":"Electrosuisse","description":"","publisher":{"@id":"https:\/\/www.electrosuisse.ch\/de\/#organization"},"potentialAction":[{"@type":"SearchAction","target":{"@type":"EntryPoint","urlTemplate":"https:\/\/www.electrosuisse.ch\/de\/?s={search_term_string}"},"query-input":{"@type":"PropertyValueSpecification","valueRequired":true,"valueName":"search_term_string"}}],"inLanguage":"de"},{"@type":"Organization","@id":"https:\/\/www.electrosuisse.ch\/de\/#organization","name":"Electrosuisse","url":"https:\/\/www.electrosuisse.ch\/de\/","logo":{"@type":"ImageObject","inLanguage":"de","@id":"https:\/\/www.electrosuisse.ch\/de\/#\/schema\/logo\/image\/","url":"https:\/\/www.electrosuisse.ch\/wp-content\/uploads\/2025\/04\/Electrosuisse_Logo_696x696.png","contentUrl":"https:\/\/www.electrosuisse.ch\/wp-content\/uploads\/2025\/04\/Electrosuisse_Logo_696x696.png","width":696,"height":696,"caption":"Electrosuisse"},"image":{"@id":"https:\/\/www.electrosuisse.ch\/de\/#\/schema\/logo\/image\/"},"sameAs":["https:\/\/www.linkedin.com\/company\/electrosuisse-ag\/posts\/?feedView=all","https:\/\/www.instagram.com\/electrosuisse1889\/","https:\/\/www.youtube.com\/channel\/UCoOxohMiVE0Gjcdis1L09zw"],"description":"Electrosuisse ist eine anerkannte und unabh\u00e4ngige Fachorganisation, die erstklassige Dienstleistungen und Produkte in den Bereichen Inspektion, Beratung, Pr\u00fcfung, Zertifizierung, Normung und Weiterbildung anbietet. Unsere Expertise umfasst Elektrotechnik, Elektromobilit\u00e4t, Energieberatung, Geb\u00e4udeautomation und Photovoltaik in der Schweiz. Durch die Veranstaltung etablierter Branchen-Events und Fachtagungen f\u00f6rdert Electrosuisse den Wissenstransfer und den fachlichen Austausch. Im Mittelpunkt unserer T\u00e4tigkeiten steht die F\u00f6rderung der sicheren, wirtschaftlichen und umweltgerechten Anwendung der Elektrotechnik."}]}},"amp_enabled":true,"_links":{"self":[{"href":"https:\/\/www.electrosuisse.ch\/de\/wp-json\/wp\/v2\/pages\/203","targetHints":{"allow":["GET"]}}],"collection":[{"href":"https:\/\/www.electrosuisse.ch\/de\/wp-json\/wp\/v2\/pages"}],"about":[{"href":"https:\/\/www.electrosuisse.ch\/de\/wp-json\/wp\/v2\/types\/page"}],"author":[{"embeddable":true,"href":"https:\/\/www.electrosuisse.ch\/de\/wp-json\/wp\/v2\/users\/2"}],"replies":[{"embeddable":true,"href":"https:\/\/www.electrosuisse.ch\/de\/wp-json\/wp\/v2\/comments?post=203"}],"version-history":[{"count":1,"href":"https:\/\/www.electrosuisse.ch\/de\/wp-json\/wp\/v2\/pages\/203\/revisions"}],"predecessor-version":[{"id":38350,"href":"https:\/\/www.electrosuisse.ch\/de\/wp-json\/wp\/v2\/pages\/203\/revisions\/38350"}],"wp:attachment":[{"href":"https:\/\/www.electrosuisse.ch\/de\/wp-json\/wp\/v2\/media?parent=203"}],"curies":[{"name":"wp","href":"https:\/\/api.w.org\/{rel}","templated":true}]}}