{"id":19604,"date":"2021-11-17T11:58:54","date_gmt":"2021-11-17T10:58:54","guid":{"rendered":"https:\/\/www.electrosuisse.ch\/?page_id=19604"},"modified":"2025-12-10T10:49:39","modified_gmt":"2025-12-10T09:49:39","slug":"werden-sie-mitglied","status":"publish","type":"page","link":"https:\/\/www.electrosuisse.ch\/de\/werden-sie-mitglied\/","title":{"rendered":"Mitgliedschaft"},"content":{"rendered":"<div class=\"wpb-content-wrapper\"><p>[vc_row][vc_column][vc_column_text el_class=&#8221;lead&#8221;]Als unabh\u00e4ngige Fachorganisation st\u00e4rken wir den fachlichen Wissenstransfer und schaffen Plattformen f\u00fcr Ihr pers\u00f6nliches Netzwerk oder das Ihrer Firma. Gestalten Sie mit, vernetzen Sie sich mit Fachkr\u00e4ften aus der ganzen Schweiz und profitieren Sie als Mitglied von zahlreichen <a href=\"https:\/\/www.electrosuisse.ch\/de\/alle-tagungen\/\">Verg\u00fcnstigungen auf Events, Weiterbildungen<\/a> und <a href=\"https:\/\/shop.electrosuisse.ch\/de\/normen-und-produkte\/produkte\/\" target=\"_blank\" rel=\"noopener\">Produkte<\/a> aus unserem Shop &#8211; f\u00fcr Sie ganz pers\u00f6nlich oder f\u00fcr Ihre Mitarbeitenden.[\/vc_column_text]<div class=\"wpb_gap_column wpb_content_element\"><div class=\"wpb_wrapper\"><div class=\"gap gap--medium\"><\/div><\/div><\/div>[vc_column_text css=&#8221;&#8221;]<\/p>\n<h1 class=\"is-style-h3\">Pers\u00f6nliche Mitgliedschaft<\/h1>\n<p>Unser einmaliges Experten-Netzwerk bringt mehr als 4800 Fachleute vom Praktiker bis zum Ingenieur, vom Studierenden bis zum Wissenschaftler zusammen. Ausserdem z\u00e4hlen mehr als 2600 Firmen aus der Elektro-, Energie- und Informationstechnik zu unserer unabh\u00e4ngigen und neutralen Fachorganisation.[\/vc_column_text]<div class=\"wpb_button_column wpb_content_element wpb_content_element--left\"><div class=\"wpb_wrapper\"><div class=\"button button--normal\"><a href=\"https:\/\/www.electrosuisse.ch\/de\/persoenliche-mitgliedschaft\/\" target=\"_blank\" >Zur pers\u00f6nlichen Mitgliedschaft<\/a><\/div><\/div><\/div>[vc_column_text]<\/p>\n<h3>Branchen-Mitgliedschaft<\/h3>\n<p>Branchen-Mitglieder k\u00f6nnen exklusiv in der elektrotechnischen Normung mitarbeiten. In \u00fcber 90 <a href=\"https:\/\/www.electrosuisse.ch\/de\/normung\/ces#komitee\">Technischen Komitees<\/a> beeinflussen sie mit anderen Branchenvertretern Innovationen auf nationaler und internationaler Ebene. Ausserdem bieten wir Werbung zu Vorzugskonditionen in unserem Fachmagazin, verg\u00fcnstigte Tarife f\u00fcr Events und weitere Vorz\u00fcge.[\/vc_column_text]<div class=\"wpb_button_column wpb_content_element wpb_content_element--left\"><div class=\"wpb_wrapper\"><div class=\"button button--normal\"><a href=\"https:\/\/www.electrosuisse.ch\/de\/firmen-mitgliedschaft\/\" target=\"_blank\" >Zur Branchen-Mitgliedschaft<\/a><\/div><\/div><\/div>[\/vc_column][\/vc_row][vc_row el_id=&#8221;nachwuchs&#8221;][vc_column][vc_column_text]<\/p>\n<h3>Nachwuchsf\u00f6rderung<\/h3>\n<p>TechTalents ist das Nachwuchsprogramm f\u00fcr Studierende von Hochschulen, Fachhochschulen und h\u00f6heren Fachschulen. Ziel ist der Br\u00fcckenschlag zwischen Theorie und Praxis. Dieses Angebot ist beitragsfrei und die Anmeldung unverbindlich. Mit Studienabschluss endet diese Dienstleistung automatisch.[\/vc_column_text]<div class=\"wpb_button_column wpb_content_element wpb_content_element--left\"><div class=\"wpb_wrapper\"><div class=\"button button--normal\"><a href=\"https:\/\/my.electrosuisse.ch\/de\/register.htm?origin=KPMTGLSTUD\">Jetzt TechTalent werden<\/a><\/div><\/div><\/div>[\/vc_column][\/vc_row][vc_row][vc_column][vc_row_inner][vc_column_inner width=&#8221;1\/2&#8243;]<div class=\"wpb_video_column wpb_content_element\"><div class=\"wpb_wrapper\"><div class=\"video_container video_container--embed\"><iframe src=\"https:\/\/www.youtube-nocookie.com\/embed\/Po6c_Mtmvs4?modestbranding=1&rel=0&showinfo=0&enablejsapi=1\" frameborder=\"0\" allow=\"accelerometer; autoplay; encrypted-media; gyroscope; picture-in-picture\" allowfullscreen><\/iframe><\/div><\/div><\/div>[\/vc_column_inner][vc_column_inner width=&#8221;1\/2&#8243;]<div class=\"wpb_video_column wpb_content_element\"><div class=\"wpb_wrapper\"><div class=\"video_container video_container--embed\"><iframe src=\"https:\/\/www.youtube-nocookie.com\/embed\/_MwDj73qUCE?modestbranding=1&rel=0&showinfo=0&enablejsapi=1\" frameborder=\"0\" allow=\"accelerometer; autoplay; encrypted-media; gyroscope; picture-in-picture\" allowfullscreen><\/iframe><\/div><\/div><\/div>[\/vc_column_inner][\/vc_row_inner][\/vc_column][\/vc_row][vc_row][vc_column][\/vc_column][\/vc_row][vc_row el_id=&#8221;kontakt&#8221;][vc_column][vc_column_text]<\/p>\n<h2>Kontakt<\/h2>\n<p>[\/vc_column_text]<div class=\"wpb_contact_column wpb_content_element wpb_content_element--\"><div class=\"wpb_wrapper\"><div class=\"contact_container\"><div class=\"contact row middle-xs\"><div class=\"contact__img col-sm-5 col-xs-12\"><img decoding=\"async\" src=\"\/wp-content\/themes\/SCHMUCKI_child\/img\/contact_placeholder.jpg\" alt=\"Mitgliederdienst\" \/><\/div><div class=\"contact__info col-sm-7 col-xs-12\"><p><b>Mitgliederdienst<\/b><br><\/p><div class=\"phone has-link\"><a href=\"tel:+41585951155\">+41 58 595 11 55<\/a><\/div><div class=\"mail has-link\"><a href=\"mailto:&#x76;&#x65;&#114;ba&#x6e;&#x64;&#64;&#101;l&#x65;&#x63;&#116;&#114;o&#x73;&#x75;&#x69;&#115;se&#x2e;&#x63;&#104;\">&#x76;&#101;&#114;b&#x61;&#x6e;&#100;&#64;&#x65;&#x6c;&#101;ct&#x72;&#111;&#115;u&#x69;&#x73;&#115;e&#x2e;&#x63;&#104;<\/a><\/div><\/div><\/div><\/div><\/div><\/div>[\/vc_column][\/vc_row]<\/p>\n<\/div>","protected":false},"excerpt":{"rendered":"<p>[vc_row][vc_column][vc_column_text el_class=&#8221;lead&#8221;]Als unabh\u00e4ngige Fachorganisation st\u00e4rken wir den fachlichen Wissenstransfer und schaffen Plattformen f\u00fcr Ihr pers\u00f6nliches Netzwerk oder das Ihrer Firma. Gestalten Sie mit, vernetzen Sie sich mit Fachkr\u00e4ften aus der ganzen Schweiz und profitieren Sie als Mitglied von zahlreichen Verg\u00fcnstigungen auf Events, Weiterbildungen und Produkte aus unserem Shop &#8211; f\u00fcr Sie ganz pers\u00f6nlich oder f\u00fcr [&hellip;]<\/p>\n","protected":false},"author":6,"featured_media":0,"parent":0,"menu_order":106,"comment_status":"closed","ping_status":"closed","template":"","meta":{"_acf_changed":false,"_monsterinsights_skip_tracking":false,"_monsterinsights_sitenote_active":false,"_monsterinsights_sitenote_note":"","_monsterinsights_sitenote_category":0,"footnotes":""},"class_list":["post-19604","page","type-page","status-publish","hentry"],"acf":[],"yoast_head":"<!-- This site is optimized with the Yoast SEO Premium plugin v26.4 (Yoast SEO v27.0) - https:\/\/yoast.com\/product\/yoast-seo-premium-wordpress\/ -->\n<title>Mitgliedschaft: Vorteile f\u00fcr Fachkr\u00e4fte und Firmen<\/title>\n<meta name=\"description\" content=\"Werden Sie Mitglied und profitieren Sie von unserem Experten-Netzwerk sowie von Verg\u00fcnstigungen auf Events und Weiterbildungen.\" \/>\n<meta name=\"robots\" content=\"index, follow, max-snippet:-1, max-image-preview:large, max-video-preview:-1\" \/>\n<link rel=\"canonical\" href=\"https:\/\/www.electrosuisse.ch\/de\/werden-sie-mitglied\/\" \/>\n<meta property=\"og:locale\" content=\"de_DE\" \/>\n<meta property=\"og:type\" content=\"article\" \/>\n<meta property=\"og:title\" content=\"Mitgliedschaft: Vorteile f\u00fcr Fachkr\u00e4fte und Firmen\" \/>\n<meta property=\"og:description\" content=\"Werden Sie Mitglied und profitieren Sie von unserem Experten-Netzwerk sowie von Verg\u00fcnstigungen auf Events und Weiterbildungen.\" \/>\n<meta property=\"og:url\" content=\"https:\/\/www.electrosuisse.ch\/de\/werden-sie-mitglied\/\" \/>\n<meta property=\"og:site_name\" content=\"Electrosuisse\" \/>\n<meta property=\"article:modified_time\" content=\"2025-12-10T09:49:39+00:00\" \/>\n<meta property=\"og:image\" content=\"https:\/\/www.electrosuisse.ch\/wp-content\/uploads\/2019\/10\/Electrosuisse_Mitgliedschaft_iStock_56897300.jpg\" \/>\n\t<meta property=\"og:image:width\" content=\"1578\" \/>\n\t<meta property=\"og:image:height\" content=\"650\" \/>\n\t<meta property=\"og:image:type\" content=\"image\/jpeg\" \/>\n<script type=\"application\/ld+json\" class=\"yoast-schema-graph\">{\"@context\":\"https:\/\/schema.org\",\"@graph\":[{\"@type\":\"WebPage\",\"@id\":\"https:\/\/www.electrosuisse.ch\/de\/werden-sie-mitglied\/\",\"url\":\"https:\/\/www.electrosuisse.ch\/de\/werden-sie-mitglied\/\",\"name\":\"Mitgliedschaft: Vorteile f\u00fcr Fachkr\u00e4fte und Firmen\",\"isPartOf\":{\"@id\":\"https:\/\/www.electrosuisse.ch\/de\/#website\"},\"datePublished\":\"2021-11-17T10:58:54+00:00\",\"dateModified\":\"2025-12-10T09:49:39+00:00\",\"description\":\"Werden Sie Mitglied und profitieren Sie von unserem Experten-Netzwerk sowie von Verg\u00fcnstigungen auf Events und Weiterbildungen.\",\"inLanguage\":\"de\",\"potentialAction\":[{\"@type\":\"ReadAction\",\"target\":[\"https:\/\/www.electrosuisse.ch\/de\/werden-sie-mitglied\/\"]}]},{\"@type\":\"WebSite\",\"@id\":\"https:\/\/www.electrosuisse.ch\/de\/#website\",\"url\":\"https:\/\/www.electrosuisse.ch\/de\/\",\"name\":\"Electrosuisse\",\"description\":\"\",\"publisher\":{\"@id\":\"https:\/\/www.electrosuisse.ch\/de\/#organization\"},\"potentialAction\":[{\"@type\":\"SearchAction\",\"target\":{\"@type\":\"EntryPoint\",\"urlTemplate\":\"https:\/\/www.electrosuisse.ch\/de\/?s={search_term_string}\"},\"query-input\":{\"@type\":\"PropertyValueSpecification\",\"valueRequired\":true,\"valueName\":\"search_term_string\"}}],\"inLanguage\":\"de\"},{\"@type\":\"Organization\",\"@id\":\"https:\/\/www.electrosuisse.ch\/de\/#organization\",\"name\":\"Electrosuisse\",\"url\":\"https:\/\/www.electrosuisse.ch\/de\/\",\"logo\":{\"@type\":\"ImageObject\",\"inLanguage\":\"de\",\"@id\":\"https:\/\/www.electrosuisse.ch\/de\/#\/schema\/logo\/image\/\",\"url\":\"https:\/\/www.electrosuisse.ch\/wp-content\/uploads\/2025\/04\/Electrosuisse_Logo_696x696.png\",\"contentUrl\":\"https:\/\/www.electrosuisse.ch\/wp-content\/uploads\/2025\/04\/Electrosuisse_Logo_696x696.png\",\"width\":696,\"height\":696,\"caption\":\"Electrosuisse\"},\"image\":{\"@id\":\"https:\/\/www.electrosuisse.ch\/de\/#\/schema\/logo\/image\/\"},\"sameAs\":[\"https:\/\/www.linkedin.com\/company\/electrosuisse-ag\/posts\/?feedView=all\",\"https:\/\/www.instagram.com\/electrosuisse1889\/\",\"https:\/\/www.youtube.com\/channel\/UCoOxohMiVE0Gjcdis1L09zw\"],\"description\":\"Electrosuisse ist eine anerkannte und unabh\u00e4ngige Fachorganisation, die erstklassige Dienstleistungen und Produkte in den Bereichen Inspektion, Beratung, Pr\u00fcfung, Zertifizierung, Normung und Weiterbildung anbietet. Unsere Expertise umfasst Elektrotechnik, Elektromobilit\u00e4t, Energieberatung, Geb\u00e4udeautomation und Photovoltaik in der Schweiz. Durch die Veranstaltung etablierter Branchen-Events und Fachtagungen f\u00f6rdert Electrosuisse den Wissenstransfer und den fachlichen Austausch. Im Mittelpunkt unserer T\u00e4tigkeiten steht die F\u00f6rderung der sicheren, wirtschaftlichen und umweltgerechten Anwendung der Elektrotechnik.\"}]}<\/script>\n<!-- \/ Yoast SEO Premium plugin. -->","yoast_head_json":{"title":"Mitgliedschaft: Vorteile f\u00fcr Fachkr\u00e4fte und Firmen","description":"Werden Sie Mitglied und profitieren Sie von unserem Experten-Netzwerk sowie von Verg\u00fcnstigungen auf Events und Weiterbildungen.","robots":{"index":"index","follow":"follow","max-snippet":"max-snippet:-1","max-image-preview":"max-image-preview:large","max-video-preview":"max-video-preview:-1"},"canonical":"https:\/\/www.electrosuisse.ch\/de\/werden-sie-mitglied\/","og_locale":"de_DE","og_type":"article","og_title":"Mitgliedschaft: Vorteile f\u00fcr Fachkr\u00e4fte und Firmen","og_description":"Werden Sie Mitglied und profitieren Sie von unserem Experten-Netzwerk sowie von Verg\u00fcnstigungen auf Events und Weiterbildungen.","og_url":"https:\/\/www.electrosuisse.ch\/de\/werden-sie-mitglied\/","og_site_name":"Electrosuisse","article_modified_time":"2025-12-10T09:49:39+00:00","og_image":[{"width":1578,"height":650,"url":"https:\/\/www.electrosuisse.ch\/wp-content\/uploads\/2019\/10\/Electrosuisse_Mitgliedschaft_iStock_56897300.jpg","type":"image\/jpeg"}],"schema":{"@context":"https:\/\/schema.org","@graph":[{"@type":"WebPage","@id":"https:\/\/www.electrosuisse.ch\/de\/werden-sie-mitglied\/","url":"https:\/\/www.electrosuisse.ch\/de\/werden-sie-mitglied\/","name":"Mitgliedschaft: Vorteile f\u00fcr Fachkr\u00e4fte und Firmen","isPartOf":{"@id":"https:\/\/www.electrosuisse.ch\/de\/#website"},"datePublished":"2021-11-17T10:58:54+00:00","dateModified":"2025-12-10T09:49:39+00:00","description":"Werden Sie Mitglied und profitieren Sie von unserem Experten-Netzwerk sowie von Verg\u00fcnstigungen auf Events und Weiterbildungen.","inLanguage":"de","potentialAction":[{"@type":"ReadAction","target":["https:\/\/www.electrosuisse.ch\/de\/werden-sie-mitglied\/"]}]},{"@type":"WebSite","@id":"https:\/\/www.electrosuisse.ch\/de\/#website","url":"https:\/\/www.electrosuisse.ch\/de\/","name":"Electrosuisse","description":"","publisher":{"@id":"https:\/\/www.electrosuisse.ch\/de\/#organization"},"potentialAction":[{"@type":"SearchAction","target":{"@type":"EntryPoint","urlTemplate":"https:\/\/www.electrosuisse.ch\/de\/?s={search_term_string}"},"query-input":{"@type":"PropertyValueSpecification","valueRequired":true,"valueName":"search_term_string"}}],"inLanguage":"de"},{"@type":"Organization","@id":"https:\/\/www.electrosuisse.ch\/de\/#organization","name":"Electrosuisse","url":"https:\/\/www.electrosuisse.ch\/de\/","logo":{"@type":"ImageObject","inLanguage":"de","@id":"https:\/\/www.electrosuisse.ch\/de\/#\/schema\/logo\/image\/","url":"https:\/\/www.electrosuisse.ch\/wp-content\/uploads\/2025\/04\/Electrosuisse_Logo_696x696.png","contentUrl":"https:\/\/www.electrosuisse.ch\/wp-content\/uploads\/2025\/04\/Electrosuisse_Logo_696x696.png","width":696,"height":696,"caption":"Electrosuisse"},"image":{"@id":"https:\/\/www.electrosuisse.ch\/de\/#\/schema\/logo\/image\/"},"sameAs":["https:\/\/www.linkedin.com\/company\/electrosuisse-ag\/posts\/?feedView=all","https:\/\/www.instagram.com\/electrosuisse1889\/","https:\/\/www.youtube.com\/channel\/UCoOxohMiVE0Gjcdis1L09zw"],"description":"Electrosuisse ist eine anerkannte und unabh\u00e4ngige Fachorganisation, die erstklassige Dienstleistungen und Produkte in den Bereichen Inspektion, Beratung, Pr\u00fcfung, Zertifizierung, Normung und Weiterbildung anbietet. Unsere Expertise umfasst Elektrotechnik, Elektromobilit\u00e4t, Energieberatung, Geb\u00e4udeautomation und Photovoltaik in der Schweiz. Durch die Veranstaltung etablierter Branchen-Events und Fachtagungen f\u00f6rdert Electrosuisse den Wissenstransfer und den fachlichen Austausch. Im Mittelpunkt unserer T\u00e4tigkeiten steht die F\u00f6rderung der sicheren, wirtschaftlichen und umweltgerechten Anwendung der Elektrotechnik."}]}},"amp_enabled":true,"_links":{"self":[{"href":"https:\/\/www.electrosuisse.ch\/de\/wp-json\/wp\/v2\/pages\/19604","targetHints":{"allow":["GET"]}}],"collection":[{"href":"https:\/\/www.electrosuisse.ch\/de\/wp-json\/wp\/v2\/pages"}],"about":[{"href":"https:\/\/www.electrosuisse.ch\/de\/wp-json\/wp\/v2\/types\/page"}],"author":[{"embeddable":true,"href":"https:\/\/www.electrosuisse.ch\/de\/wp-json\/wp\/v2\/users\/6"}],"replies":[{"embeddable":true,"href":"https:\/\/www.electrosuisse.ch\/de\/wp-json\/wp\/v2\/comments?post=19604"}],"version-history":[{"count":22,"href":"https:\/\/www.electrosuisse.ch\/de\/wp-json\/wp\/v2\/pages\/19604\/revisions"}],"predecessor-version":[{"id":40658,"href":"https:\/\/www.electrosuisse.ch\/de\/wp-json\/wp\/v2\/pages\/19604\/revisions\/40658"}],"wp:attachment":[{"href":"https:\/\/www.electrosuisse.ch\/de\/wp-json\/wp\/v2\/media?parent=19604"}],"curies":[{"name":"wp","href":"https:\/\/api.w.org\/{rel}","templated":true}]}}