{"id":193,"date":"2018-06-24T11:36:14","date_gmt":"2018-06-24T09:36:14","guid":{"rendered":"https:\/\/www.electrosuisse.ch\/?page_id=193"},"modified":"2023-11-07T15:23:09","modified_gmt":"2023-11-07T14:23:09","slug":"medien","status":"publish","type":"page","link":"https:\/\/www.electrosuisse.ch\/de\/medien\/","title":{"rendered":"Medien"},"content":{"rendered":"<div class=\"wpb-content-wrapper\"><p>[vc_row][vc_column][vc_column_text el_class=&#8221;lead&#8221;]Hier finden Sie alle News aus der Branche, Publikationen und vieles mehr. Verschaffen Sie sich einen \u00dcberblick.[\/vc_column_text]<div class=\"wpb_text_image_column wpb_content_element \"><div class=\"wpb_wrapper\"><div class=\"row middle-lg\"><div class=\"col-sm-6 col-xs-12\"><div class=\"picture_container\"><picture><source srcset=\"https:\/\/www.electrosuisse.ch\/wp-content\/uploads\/2018\/12\/news_blog_electrosuisse-585x500.jpg\"><img decoding=\"async\" src=\"https:\/\/www.electrosuisse.ch\/wp-content\/uploads\/2018\/12\/news_blog_electrosuisse-585x500.jpg\" alt=\"Branchennews\" \/><\/picture><\/div><\/div><div class=\"col-sm-6 col-xs-12\"><h3>Branchennews<\/h3><p>Das Aktuellste auf einen Blick.<\/p>\n<div class=\"button button--arrow\"><a href=\"https:\/\/www.electrosuisse.ch\/news\/\"><div class=\"arrow\">Mehr<\/div><\/a><\/div><\/div><\/div><\/div><\/div><div class=\"wpb_text_image_column wpb_content_element \"><div class=\"wpb_wrapper\"><div class=\"row reverse middle-lg\"><div class=\"col-sm-6 col-xs-12\"><div class=\"picture_container\"><picture><source srcset=\"https:\/\/www.electrosuisse.ch\/wp-content\/uploads\/2019\/02\/electrosuisse_publikationen_mobile-585x400.jpg\"><img decoding=\"async\" src=\"https:\/\/www.electrosuisse.ch\/wp-content\/uploads\/2019\/02\/electrosuisse_publikationen_mobile-585x400.jpg\" alt=\"Publikationen\" \/><\/picture><\/div><\/div><div class=\"col-sm-6 col-xs-12\"><h3>Publikationen<\/h3><p>Unsere Publikationen, wie Fachzeitschrift, B\u00fccher und Brosch\u00fcren verschaffen Ihnen Know-How f\u00fcr morgen.<\/p>\n<div class=\"button button--arrow\"><a href=\"https:\/\/www.electrosuisse.ch\/de\/medien\/publikationen\/\"><div class=\"arrow\">Mehr<\/div><\/a><\/div><\/div><\/div><\/div><\/div><div class=\"wpb_gap_column wpb_content_element\"><div class=\"wpb_wrapper\"><div class=\"gap gap--small\"><\/div><\/div><\/div><div class=\"wpb_text_image_column wpb_content_element \"><div class=\"wpb_wrapper\"><div class=\"row reverse middle-lg\"><div class=\"col-sm-6 col-xs-12\"><div class=\"picture_container\"><picture><source srcset=\"https:\/\/www.electrosuisse.ch\/wp-content\/uploads\/2018\/12\/mediathek_electrosuisse-585x500.jpg\"><img decoding=\"async\" src=\"https:\/\/www.electrosuisse.ch\/wp-content\/uploads\/2018\/12\/mediathek_electrosuisse-585x500.jpg\" alt=\"Mediathek\" \/><\/picture><\/div><\/div><div class=\"col-sm-6 col-xs-12\"><h3>Mediathek<\/h3><p>Videos und Bilder f\u00fcr Ihre Beitr\u00e4ge.<br \/>\nBitte beachten Sie unsere <a href=\"https:\/\/www.electrosuisse.ch\/de\/disclaimer\/\">Copyright-Bestimmungen<\/a>.<\/p>\n<div class=\"button button--arrow\"><a href=\"https:\/\/www.electrosuisse.ch\/downloads\/\"><div class=\"arrow\">Mehr<\/div><\/a><\/div><\/div><\/div><\/div><\/div>[vc_column_text el_class=&#8221;lead&#8221;]Ben\u00f6tigen Sie Ausk\u00fcnfte \u00fcber Electrosuisse oder haben Sie eine fachliche Frage? Gerne helfen wir weiter.[\/vc_column_text]<div class=\"wpb_contact_column wpb_content_element wpb_content_element--left\"><div class=\"wpb_wrapper\"><div class=\"contact_container\"><div class=\"contact row middle-xs\"><div class=\"contact__img col-sm-5 col-xs-12\"><img decoding=\"async\" src=\"https:\/\/www.electrosuisse.ch\/wp-content\/uploads\/2018\/12\/Electrosuisse_Christine_Andres.jpg\" alt=\"Christine Andres - PR-Verantwortliche\" \/><\/div><div class=\"contact__info col-sm-7 col-xs-12\"><p><b>Christine Andres<\/b><br>PR-Verantwortliche<\/p><div class=\"phone has-link\"><a href=\"tel:+41585951213\">+41 58 595 12 13<\/a><\/div><div class=\"mail has-link\"><a href=\"mailto:&#x6d;&#x65;&#x64;&#x69;&#x65;&#x6e;&#x40;&#x65;&#x6c;&#x65;&#x63;&#x74;&#x72;&#x6f;&#x73;&#x75;&#x69;&#x73;&#x73;&#x65;&#x2e;&#x63;&#x68;\">m&#101;&#x64;&#x69;&#x65;n&#64;&#x65;&#x6c;&#x65;c&#116;&#x72;&#x6f;&#x73;u&#105;&#x73;&#x73;&#x65;&#46;&#99;&#x68;<\/a><\/div><\/div><\/div><\/div><\/div><\/div>[\/vc_column][\/vc_row]<\/p>\n<\/div>","protected":false},"excerpt":{"rendered":"<p>[vc_row][vc_column][vc_column_text el_class=&#8221;lead&#8221;]Hier finden Sie alle News aus der Branche, Publikationen und vieles mehr. Verschaffen Sie sich einen \u00dcberblick.[\/vc_column_text][vc_column_text el_class=&#8221;lead&#8221;]Ben\u00f6tigen Sie Ausk\u00fcnfte \u00fcber Electrosuisse oder haben Sie eine fachliche Frage? Gerne helfen wir weiter.[\/vc_column_text][\/vc_column][\/vc_row]<\/p>\n","protected":false},"author":2,"featured_media":0,"parent":0,"menu_order":59,"comment_status":"closed","ping_status":"closed","template":"","meta":{"_acf_changed":false,"_monsterinsights_skip_tracking":false,"_monsterinsights_sitenote_active":false,"_monsterinsights_sitenote_note":"","_monsterinsights_sitenote_category":0,"footnotes":""},"class_list":["post-193","page","type-page","status-publish","hentry"],"acf":[],"yoast_head":"<!-- This site is optimized with the Yoast SEO Premium plugin v26.4 (Yoast SEO v27.0) - https:\/\/yoast.com\/product\/yoast-seo-premium-wordpress\/ -->\n<title>Medien - Electrosuisse<\/title>\n<meta name=\"description\" content=\"Aktuelles von und \u00fcber uns: News, Publikationen, Medienmitteilungen und mehr. Ihr Kontakt: medien@electrosuisse.ch\" \/>\n<meta name=\"robots\" content=\"index, follow, max-snippet:-1, max-image-preview:large, max-video-preview:-1\" \/>\n<link rel=\"canonical\" href=\"https:\/\/www.electrosuisse.ch\/de\/medien\/\" \/>\n<meta property=\"og:locale\" content=\"de_DE\" \/>\n<meta property=\"og:type\" content=\"article\" \/>\n<meta property=\"og:title\" content=\"Medien - Electrosuisse\" \/>\n<meta property=\"og:description\" content=\"Aktuelles von und \u00fcber uns: News, Publikationen, Medienmitteilungen und mehr. Ihr Kontakt: medien@electrosuisse.ch\" \/>\n<meta property=\"og:url\" content=\"https:\/\/www.electrosuisse.ch\/de\/medien\/\" \/>\n<meta property=\"og:site_name\" content=\"Electrosuisse\" \/>\n<meta property=\"article:modified_time\" content=\"2023-11-07T14:23:09+00:00\" \/>\n<meta property=\"og:image\" content=\"https:\/\/www.electrosuisse.ch\/wp-content\/uploads\/2019\/02\/electrosuisse_publikationen.jpg\" \/>\n\t<meta property=\"og:image:width\" content=\"1578\" \/>\n\t<meta property=\"og:image:height\" content=\"650\" \/>\n\t<meta property=\"og:image:type\" content=\"image\/jpeg\" \/>\n<script type=\"application\/ld+json\" class=\"yoast-schema-graph\">{\"@context\":\"https:\/\/schema.org\",\"@graph\":[{\"@type\":\"WebPage\",\"@id\":\"https:\/\/www.electrosuisse.ch\/de\/medien\/\",\"url\":\"https:\/\/www.electrosuisse.ch\/de\/medien\/\",\"name\":\"Medien - Electrosuisse\",\"isPartOf\":{\"@id\":\"https:\/\/www.electrosuisse.ch\/de\/#website\"},\"datePublished\":\"2018-06-24T09:36:14+00:00\",\"dateModified\":\"2023-11-07T14:23:09+00:00\",\"description\":\"Aktuelles von und \u00fcber uns: News, Publikationen, Medienmitteilungen und mehr. Ihr Kontakt: medien@electrosuisse.ch\",\"inLanguage\":\"de\",\"potentialAction\":[{\"@type\":\"ReadAction\",\"target\":[\"https:\/\/www.electrosuisse.ch\/de\/medien\/\"]}]},{\"@type\":\"WebSite\",\"@id\":\"https:\/\/www.electrosuisse.ch\/de\/#website\",\"url\":\"https:\/\/www.electrosuisse.ch\/de\/\",\"name\":\"Electrosuisse\",\"description\":\"\",\"publisher\":{\"@id\":\"https:\/\/www.electrosuisse.ch\/de\/#organization\"},\"potentialAction\":[{\"@type\":\"SearchAction\",\"target\":{\"@type\":\"EntryPoint\",\"urlTemplate\":\"https:\/\/www.electrosuisse.ch\/de\/?s={search_term_string}\"},\"query-input\":{\"@type\":\"PropertyValueSpecification\",\"valueRequired\":true,\"valueName\":\"search_term_string\"}}],\"inLanguage\":\"de\"},{\"@type\":\"Organization\",\"@id\":\"https:\/\/www.electrosuisse.ch\/de\/#organization\",\"name\":\"Electrosuisse\",\"url\":\"https:\/\/www.electrosuisse.ch\/de\/\",\"logo\":{\"@type\":\"ImageObject\",\"inLanguage\":\"de\",\"@id\":\"https:\/\/www.electrosuisse.ch\/de\/#\/schema\/logo\/image\/\",\"url\":\"https:\/\/www.electrosuisse.ch\/wp-content\/uploads\/2025\/04\/Electrosuisse_Logo_696x696.png\",\"contentUrl\":\"https:\/\/www.electrosuisse.ch\/wp-content\/uploads\/2025\/04\/Electrosuisse_Logo_696x696.png\",\"width\":696,\"height\":696,\"caption\":\"Electrosuisse\"},\"image\":{\"@id\":\"https:\/\/www.electrosuisse.ch\/de\/#\/schema\/logo\/image\/\"},\"sameAs\":[\"https:\/\/www.linkedin.com\/company\/electrosuisse-ag\/posts\/?feedView=all\",\"https:\/\/www.instagram.com\/electrosuisse1889\/\",\"https:\/\/www.youtube.com\/channel\/UCoOxohMiVE0Gjcdis1L09zw\"],\"description\":\"Electrosuisse ist eine anerkannte und unabh\u00e4ngige Fachorganisation, die erstklassige Dienstleistungen und Produkte in den Bereichen Inspektion, Beratung, Pr\u00fcfung, Zertifizierung, Normung und Weiterbildung anbietet. Unsere Expertise umfasst Elektrotechnik, Elektromobilit\u00e4t, Energieberatung, Geb\u00e4udeautomation und Photovoltaik in der Schweiz. Durch die Veranstaltung etablierter Branchen-Events und Fachtagungen f\u00f6rdert Electrosuisse den Wissenstransfer und den fachlichen Austausch. Im Mittelpunkt unserer T\u00e4tigkeiten steht die F\u00f6rderung der sicheren, wirtschaftlichen und umweltgerechten Anwendung der Elektrotechnik.\"}]}<\/script>\n<!-- \/ Yoast SEO Premium plugin. -->","yoast_head_json":{"title":"Medien - Electrosuisse","description":"Aktuelles von und \u00fcber uns: News, Publikationen, Medienmitteilungen und mehr. Ihr Kontakt: medien@electrosuisse.ch","robots":{"index":"index","follow":"follow","max-snippet":"max-snippet:-1","max-image-preview":"max-image-preview:large","max-video-preview":"max-video-preview:-1"},"canonical":"https:\/\/www.electrosuisse.ch\/de\/medien\/","og_locale":"de_DE","og_type":"article","og_title":"Medien - Electrosuisse","og_description":"Aktuelles von und \u00fcber uns: News, Publikationen, Medienmitteilungen und mehr. Ihr Kontakt: medien@electrosuisse.ch","og_url":"https:\/\/www.electrosuisse.ch\/de\/medien\/","og_site_name":"Electrosuisse","article_modified_time":"2023-11-07T14:23:09+00:00","og_image":[{"width":1578,"height":650,"url":"https:\/\/www.electrosuisse.ch\/wp-content\/uploads\/2019\/02\/electrosuisse_publikationen.jpg","type":"image\/jpeg"}],"schema":{"@context":"https:\/\/schema.org","@graph":[{"@type":"WebPage","@id":"https:\/\/www.electrosuisse.ch\/de\/medien\/","url":"https:\/\/www.electrosuisse.ch\/de\/medien\/","name":"Medien - Electrosuisse","isPartOf":{"@id":"https:\/\/www.electrosuisse.ch\/de\/#website"},"datePublished":"2018-06-24T09:36:14+00:00","dateModified":"2023-11-07T14:23:09+00:00","description":"Aktuelles von und \u00fcber uns: News, Publikationen, Medienmitteilungen und mehr. Ihr Kontakt: medien@electrosuisse.ch","inLanguage":"de","potentialAction":[{"@type":"ReadAction","target":["https:\/\/www.electrosuisse.ch\/de\/medien\/"]}]},{"@type":"WebSite","@id":"https:\/\/www.electrosuisse.ch\/de\/#website","url":"https:\/\/www.electrosuisse.ch\/de\/","name":"Electrosuisse","description":"","publisher":{"@id":"https:\/\/www.electrosuisse.ch\/de\/#organization"},"potentialAction":[{"@type":"SearchAction","target":{"@type":"EntryPoint","urlTemplate":"https:\/\/www.electrosuisse.ch\/de\/?s={search_term_string}"},"query-input":{"@type":"PropertyValueSpecification","valueRequired":true,"valueName":"search_term_string"}}],"inLanguage":"de"},{"@type":"Organization","@id":"https:\/\/www.electrosuisse.ch\/de\/#organization","name":"Electrosuisse","url":"https:\/\/www.electrosuisse.ch\/de\/","logo":{"@type":"ImageObject","inLanguage":"de","@id":"https:\/\/www.electrosuisse.ch\/de\/#\/schema\/logo\/image\/","url":"https:\/\/www.electrosuisse.ch\/wp-content\/uploads\/2025\/04\/Electrosuisse_Logo_696x696.png","contentUrl":"https:\/\/www.electrosuisse.ch\/wp-content\/uploads\/2025\/04\/Electrosuisse_Logo_696x696.png","width":696,"height":696,"caption":"Electrosuisse"},"image":{"@id":"https:\/\/www.electrosuisse.ch\/de\/#\/schema\/logo\/image\/"},"sameAs":["https:\/\/www.linkedin.com\/company\/electrosuisse-ag\/posts\/?feedView=all","https:\/\/www.instagram.com\/electrosuisse1889\/","https:\/\/www.youtube.com\/channel\/UCoOxohMiVE0Gjcdis1L09zw"],"description":"Electrosuisse ist eine anerkannte und unabh\u00e4ngige Fachorganisation, die erstklassige Dienstleistungen und Produkte in den Bereichen Inspektion, Beratung, Pr\u00fcfung, Zertifizierung, Normung und Weiterbildung anbietet. Unsere Expertise umfasst Elektrotechnik, Elektromobilit\u00e4t, Energieberatung, Geb\u00e4udeautomation und Photovoltaik in der Schweiz. Durch die Veranstaltung etablierter Branchen-Events und Fachtagungen f\u00f6rdert Electrosuisse den Wissenstransfer und den fachlichen Austausch. Im Mittelpunkt unserer T\u00e4tigkeiten steht die F\u00f6rderung der sicheren, wirtschaftlichen und umweltgerechten Anwendung der Elektrotechnik."}]}},"amp_enabled":true,"_links":{"self":[{"href":"https:\/\/www.electrosuisse.ch\/de\/wp-json\/wp\/v2\/pages\/193","targetHints":{"allow":["GET"]}}],"collection":[{"href":"https:\/\/www.electrosuisse.ch\/de\/wp-json\/wp\/v2\/pages"}],"about":[{"href":"https:\/\/www.electrosuisse.ch\/de\/wp-json\/wp\/v2\/types\/page"}],"author":[{"embeddable":true,"href":"https:\/\/www.electrosuisse.ch\/de\/wp-json\/wp\/v2\/users\/2"}],"replies":[{"embeddable":true,"href":"https:\/\/www.electrosuisse.ch\/de\/wp-json\/wp\/v2\/comments?post=193"}],"version-history":[{"count":5,"href":"https:\/\/www.electrosuisse.ch\/de\/wp-json\/wp\/v2\/pages\/193\/revisions"}],"predecessor-version":[{"id":27881,"href":"https:\/\/www.electrosuisse.ch\/de\/wp-json\/wp\/v2\/pages\/193\/revisions\/27881"}],"wp:attachment":[{"href":"https:\/\/www.electrosuisse.ch\/de\/wp-json\/wp\/v2\/media?parent=193"}],"curies":[{"name":"wp","href":"https:\/\/api.w.org\/{rel}","templated":true}]}}