{"id":191,"date":"2018-06-24T11:36:02","date_gmt":"2018-06-24T09:36:02","guid":{"rendered":"https:\/\/www.electrosuisse.ch\/?page_id=191"},"modified":"2026-03-24T12:33:34","modified_gmt":"2026-03-24T11:33:34","slug":"kontakt","status":"publish","type":"page","link":"https:\/\/www.electrosuisse.ch\/de\/kontakt\/","title":{"rendered":"Kontakt"},"content":{"rendered":"<div class=\"wpb-content-wrapper\"><p>[vc_row][vc_column][vc_column_text]<\/p>\n<h1>Was k\u00f6nnen wir f\u00fcr Sie tun?<\/h1>\n<p>[\/vc_column_text][vc_column_text]W\u00e4hlen Sie Ihr Anliegen. Wir melden uns so schnell wie m\u00f6glich.<\/p>\n<p>Antworten zu vielen Fragen finden Sie auch in unserer\u00a0<a href=\"https:\/\/www.electrosuisse.ch\/de\/faq\/\">FAQ<\/a>.[\/vc_column_text][vc_row_inner][vc_column_inner width=&#8221;2\/3&#8243;]<div class=\"wpb_form_column wpb_content_element\"><div class=\"wpb_wrapper test\"><div id=\"quform-9892a9\" class=\"quform quform-49 quform-support-page-caching\"><form id=\"quform-form-9892a9\" class=\"quform-form quform-form-49\" action=\"\/de\/wp-json\/wp\/v2\/pages\/191#quform-9892a9\" method=\"post\" enctype=\"multipart\/form-data\" novalidate=\"novalidate\" data-options=\"{&quot;id&quot;:49,&quot;uniqueId&quot;:&quot;9892a9&quot;,&quot;theme&quot;:&quot;&quot;,&quot;ajax&quot;:true,&quot;logic&quot;:{&quot;logic&quot;:{&quot;33&quot;:{&quot;action&quot;:true,&quot;match&quot;:&quot;all&quot;,&quot;rules&quot;:[{&quot;elementId&quot;:&quot;34&quot;,&quot;operator&quot;:&quot;eq&quot;,&quot;optionId&quot;:&quot;1&quot;,&quot;value&quot;:&quot;JA, ich kenne die Mitgliedschaftsnummer&quot;}]}},&quot;dependents&quot;:{&quot;34&quot;:[33]},&quot;elementIds&quot;:[33],&quot;dependentElementIds&quot;:[&quot;34&quot;],&quot;animate&quot;:true},&quot;currentPageId&quot;:1,&quot;errorsIcon&quot;:&quot;&quot;,&quot;updateFancybox&quot;:true,&quot;hasPages&quot;:false,&quot;pages&quot;:[1],&quot;pageProgressType&quot;:&quot;numbers&quot;,&quot;tooltipsEnabled&quot;:true,&quot;tooltipClasses&quot;:&quot;qtip-quform-dark qtip-shadow&quot;,&quot;tooltipMy&quot;:&quot;left center&quot;,&quot;tooltipAt&quot;:&quot;right center&quot;,&quot;isRtl&quot;:false,&quot;scrollOffset&quot;:-50,&quot;scrollSpeed&quot;:800}\"><button class=\"quform-default-submit\" name=\"quform_submit\" type=\"submit\" value=\"submit\" aria-hidden=\"true\" tabindex=\"-1\"><\/button><div class=\"quform-form-inner quform-form-inner-49\"><input type=\"hidden\" name=\"quform_form_id\" value=\"49\" \/><input type=\"hidden\" name=\"quform_form_uid\" value=\"9892a9\" \/><input type=\"hidden\" name=\"quform_count\" value=\"1\" \/><input type=\"hidden\" name=\"form_url\" value=\"https:\/\/www.electrosuisse.ch\/de\/wp-json\/wp\/v2\/pages\/191\" \/><input type=\"hidden\" name=\"referring_url\" value=\"\" \/><input type=\"hidden\" name=\"post_id\" value=\"\" \/><input type=\"hidden\" name=\"post_title\" value=\"\" \/><input type=\"hidden\" name=\"quform_current_page_id\" value=\"1\" \/><input type=\"hidden\" name=\"quform_loaded\" value=\"1776781255|0b9487d634264cce86f49dd4df8e9416\" \/><input type=\"hidden\" name=\"quform_csrf_token\" value=\"r3eIjsLSkgFiWYlQTwJs1HaEw4qY3Of30nxw6Njd\" \/><div class=\"quform-elements quform-elements-49 quform-cf quform-responsive-elements-phone-landscape\"><div class=\"quform-element quform-element-page quform-page-1 quform-page-49_1 quform-cf quform-group-style-plain quform-first-page quform-last-page quform-current-page\"><div class=\"quform-child-elements\"><div class=\"quform-element quform-element-select quform-element-49_31 quform-cf quform-element-required\"><div class=\"quform-spacer\"><div class=\"quform-label quform-label-49_31\"><label class=\"quform-label-text\" for=\"quform_49_31_9892a9\">Mein Anliegen betrifft<span class=\"quform-required\">*<\/span><\/label><\/div><div class=\"quform-inner quform-inner-select quform-inner-49_31\"><div class=\"quform-input quform-input-select quform-input-49_31 quform-cf\"><select id=\"quform_49_31_9892a9\" name=\"quform_49_31\" class=\"quform-field quform-field-select quform-field-49_31\"><option value=\"\" selected=\"selected\">Bitte w\u00e4hlen<\/option><option value=\"&#x6b;&#117;r&#x73;&#x65;&#64;e&#x6c;&#x65;&#99;t&#x72;&#111;s&#x75;&#x69;&#115;s&#x65;&#x2e;&#99;h\">Weiterbildungskurs<\/option><option value=\"t&#97;&#103;&#x75;&#x6e;&#x67;e&#110;&#64;&#x65;&#x6c;&#x65;ct&#114;&#x6f;&#x73;&#x75;is&#115;&#101;&#x2e;&#x63;&#x68;\">Grossveranstaltungen \/ Tagungen<\/option><option value=\"&#x62;&#x65;&#x72;&#x61;&#x74;&#x75;&#x6e;&#103;&#64;&#101;&#108;&#101;ctro&#x73;&#x75;&#x69;&#x73;&#x73;&#x65;&#x2e;&#x63;&#104;\">Inspektion \/ Beratung \/ Engineering<\/option><option value=\"&#110;&#x6f;&#x72;m&#101;&#x6e;v&#101;&#x72;k&#97;&#x75;f&#64;&#x65;&#x6c;&#101;&#x63;&#x74;r&#111;&#x73;u&#105;&#x73;s&#101;&#x2e;&#x63;&#104;\">Bestellung Produkt \/ Norm<\/option><option value=\"&#x76;e&#x72;&#98;a&#x6e;&#100;&#x40;&#x65;l&#x65;&#99;t&#x72;&#111;&#x73;&#117;i&#x73;&#115;e&#x2e;&#99;&#x68;\">Mitgliedschaft<\/option><option value=\"&#x69;&#x6e;&#102;&#111;&#64;&#x45;&#x6c;&#x65;&#99;tr&#x6f;&#x73;&#117;&#105;s&#x73;&#x65;&#x2e;&#99;h\">Elektrotechnische Fragen<\/option><option value=\"in&#102;&#111;&#64;&#101;&#x6c;&#x65;&#x63;&#x74;&#x72;os&#117;&#105;&#115;&#115;&#x65;&#x2e;&#x63;&#x68;\">Anderes<\/option><\/select><\/div><\/div><\/div><\/div><div class=\"quform-element quform-element-textarea quform-element-49_13 quform-cf quform-labels-inside quform-element-required\"><div class=\"quform-spacer\"><div class=\"quform-label quform-label-49_13\"><label class=\"quform-label-text\" for=\"quform_49_13_9892a9\">Ihre Nachricht<span class=\"quform-required\">*<\/span><\/label><\/div><div class=\"quform-inner quform-inner-textarea quform-inner-49_13\"><div class=\"quform-input quform-input-textarea quform-input-49_13 quform-cf\"><textarea id=\"quform_49_13_9892a9\" name=\"quform_49_13\" class=\"quform-field quform-field-textarea quform-field-49_13\"><\/textarea><\/div><\/div><\/div><\/div><div class=\"quform-element quform-element-select quform-element-49_18 quform-cf quform-element-required\"><div class=\"quform-spacer\"><div class=\"quform-label quform-label-49_18\"><label class=\"quform-label-text\" for=\"quform_49_18_9892a9\">Anrede<span class=\"quform-required\">*<\/span><\/label><\/div><div class=\"quform-inner quform-inner-select quform-inner-49_18\"><div class=\"quform-input quform-input-select quform-input-49_18 quform-cf\"><select id=\"quform_49_18_9892a9\" name=\"quform_49_18\" class=\"quform-field quform-field-select quform-field-49_18\"><option value=\"\" selected=\"selected\">Bitte w\u00e4hlen<\/option><option value=\"Herr\">Herr<\/option><option value=\"Frau\">Frau<\/option><\/select><\/div><\/div><\/div><\/div><div class=\"quform-element quform-element-text quform-element-49_6 quform-cf quform-labels-inside quform-element-optional\"><div class=\"quform-spacer\"><div class=\"quform-label quform-label-49_6\"><label class=\"quform-label-text\" for=\"quform_49_6_9892a9\">Firma<\/label><\/div><div class=\"quform-inner quform-inner-text quform-inner-49_6\"><div class=\"quform-input quform-input-text quform-input-49_6 quform-cf\"><input type=\"text\" id=\"quform_49_6_9892a9\" name=\"quform_49_6\" class=\"quform-field quform-field-text quform-field-49_6\" \/><\/div><\/div><\/div><\/div><div class=\"quform-element quform-element-group quform-element-49_14 quform-cf quform-group-style-plain\"><div class=\"quform-spacer\"><div class=\"quform-child-elements\"><div class=\"quform-element quform-element-text quform-element-49_4 quform-cf quform-labels-inside quform-element-required\"><div class=\"quform-spacer\"><div class=\"quform-label quform-label-49_4\"><label class=\"quform-label-text\" for=\"quform_49_4_9892a9\">Vorname<span class=\"quform-required\">*<\/span><\/label><\/div><div class=\"quform-inner quform-inner-text quform-inner-49_4\"><div class=\"quform-input quform-input-text quform-input-49_4 quform-cf\"><input type=\"text\" id=\"quform_49_4_9892a9\" name=\"quform_49_4\" class=\"quform-field quform-field-text quform-field-49_4\" \/><\/div><\/div><\/div><\/div><div class=\"quform-element quform-element-text quform-element-49_5 quform-cf quform-labels-inside quform-element-required\"><div class=\"quform-spacer\"><div class=\"quform-label quform-label-49_5\"><label class=\"quform-label-text\" for=\"quform_49_5_9892a9\">Name<span class=\"quform-required\">*<\/span><\/label><\/div><div class=\"quform-inner quform-inner-text quform-inner-49_5\"><div class=\"quform-input quform-input-text quform-input-49_5 quform-cf\"><input type=\"text\" id=\"quform_49_5_9892a9\" name=\"quform_49_5\" class=\"quform-field quform-field-text quform-field-49_5\" \/><\/div><\/div><\/div><\/div><\/div><\/div><\/div><div class=\"quform-element quform-element-group quform-element-49_15 quform-cf quform-group-style-plain\"><div class=\"quform-spacer\"><div class=\"quform-child-elements\"><div class=\"quform-element quform-element-email quform-element-49_11 quform-cf quform-labels-inside quform-element-required\"><div class=\"quform-spacer\"><div class=\"quform-label quform-label-49_11\"><label class=\"quform-label-text\" for=\"quform_49_11_9892a9\">E-Mail<span class=\"quform-required\">*<\/span><\/label><\/div><div class=\"quform-inner quform-inner-email quform-inner-49_11\"><div class=\"quform-input quform-input-email quform-input-49_11 quform-cf\"><input type=\"email\" id=\"quform_49_11_9892a9\" name=\"quform_49_11\" class=\"quform-field quform-field-email quform-field-49_11\" \/><\/div><\/div><\/div><\/div><div class=\"quform-element quform-element-text quform-element-49_10 quform-cf quform-labels-inside quform-element-required\"><div class=\"quform-spacer\"><div class=\"quform-label quform-label-49_10\"><label class=\"quform-label-text\" for=\"quform_49_10_9892a9\">Telefon<span class=\"quform-required\">*<\/span><\/label><\/div><div class=\"quform-inner quform-inner-text quform-inner-49_10\"><div class=\"quform-input quform-input-text quform-input-49_10 quform-cf\"><input type=\"text\" id=\"quform_49_10_9892a9\" name=\"quform_49_10\" class=\"quform-field quform-field-text quform-field-49_10\" \/><\/div><\/div><\/div><\/div><\/div><\/div><\/div><div class=\"quform-element quform-element-select quform-element-49_34 quform-cf quform-element-required\"><div class=\"quform-spacer\"><div class=\"quform-label quform-label-49_34\"><label class=\"quform-label-text\" for=\"quform_49_34_9892a9\">Ich bin \/ wir sind Mitglied<span class=\"quform-required\">*<\/span><\/label><\/div><div class=\"quform-inner quform-inner-select quform-inner-49_34\"><div class=\"quform-input quform-input-select quform-input-49_34 quform-cf\"><select id=\"quform_49_34_9892a9\" name=\"quform_49_34\" class=\"quform-field quform-field-select quform-field-49_34\"><option value=\"\" selected=\"selected\">Bitte w\u00e4hlen<\/option><option value=\"JA, ich kenne die Mitgliedschaftsnummer\">JA, ich kenne die Mitgliedschaftsnummer<\/option><option value=\"JA, aber ich kenne die Mitgliedschaftsnummer nicht\">JA, aber ich kenne die Mitgliedschaftsnummer nicht<\/option><option value=\"NEIN, keine Mitgliedschaft Electrosuisse\">NEIN, keine Mitgliedschaft Electrosuisse<\/option><\/select><\/div><\/div><\/div><\/div><div class=\"quform-element quform-element-text quform-element-49_33 quform-cf quform-labels-inside quform-element-optional\"><div class=\"quform-spacer\"><div class=\"quform-label quform-label-49_33\"><label class=\"quform-label-text\" for=\"quform_49_33_9892a9\">Mitgliedernummer<\/label><\/div><div class=\"quform-inner quform-inner-text quform-inner-49_33\"><div class=\"quform-input quform-input-text quform-input-49_33 quform-cf\"><input type=\"text\" id=\"quform_49_33_9892a9\" name=\"quform_49_33\" class=\"quform-field quform-field-text quform-field-49_33\" \/><\/div><\/div><\/div><\/div><div class=\"quform-element quform-element-submit quform-element-49_2 quform-cf quform-button-style-theme\"><div class=\"quform-button-submit quform-button-submit-default quform-button-submit-49_2\"><button name=\"quform_submit\" type=\"submit\" class=\"quform-submit\" value=\"submit\"><span class=\"quform-button-text quform-button-submit-text\">Absenden<\/span><\/button><\/div><div class=\"quform-loading quform-loading-position-left quform-loading-type-spinner-1\"><div class=\"quform-loading-inner\"><div class=\"quform-loading-spinner\"><div class=\"quform-loading-spinner-inner\"><\/div><\/div><\/div><\/div><\/div><div class=\"quform-element quform-element-textarea quform-element-49_392335 quform-sr-only quform-cf\" style=\"clip: rect(1px, 1px, 1px, 1px); clip-path: inset(50%); position: absolute !important; height: 1px; width: 1px; overflow: hidden;\"><div class=\"quform-spacer\"><div class=\"quform-label quform-label-49_392335\"><label class=\"quform-label-text\" for=\"quform_49_392335_9892a9\">Business Email<span class=\"quform-required\">*<\/span><\/label><\/div><div class=\"quform-inner quform-inner-49_392335\"><textarea id=\"quform_49_392335_9892a9\" name=\"quform_49_392335\" class=\"quform-field quform-field-textarea quform-field-49_392335\" tabindex=\"-1\" autocomplete=\"new-password\"><\/textarea><\/div><\/div><\/div><\/div><\/div><\/div><\/div><\/form><\/div><\/div><\/div>[\/vc_column_inner][vc_column_inner width=&#8221;1\/3&#8243;]<div class=\"wpb_address_column wpb_content_element\"><div class=\"wpb_wrapper\"><div class=\"address_container\"><h5>Hauptsitz<\/h5><address><div class=\"address has-link\"><a href=\"https:\/\/goo.gl\/maps\/xjCuZXvfQDJrEgLAA\" target=\"_blank\" rel=\"noopener\">Luppmenstrasse 1<br \/>\n8320 Fehraltorf<\/a><\/div><div class=\"phone has-link\"><a href=\"tel:+41585951111\">+41 58 595 11 11<\/a><\/div><div class=\"mail has-link\"><a href=\"mail&#116;&#111;&#58;&#105;&#110;&#x66;&#x6f;&#x40;&#x65;&#x6c;&#x65;&#x63;tros&#117;&#105;&#115;&#115;&#101;&#x2e;&#x63;&#x68;\">&#x69;&#110;f&#x6f;&#64;&#101;&#x6c;&#x65;&#99;t&#x72;&#111;s&#x75;&#x69;&#115;s&#x65;&#46;c&#x68;<\/a><\/div><\/address><\/div><\/div><\/div><div class=\"wpb_address_column wpb_content_element\"><div class=\"wpb_wrapper\"><div class=\"address_container\"><h5>Niederlassung<\/h5><address><div class=\"address has-link\"><a href=\"https:\/\/goo.gl\/maps\/8mEARbKfsEjkDoaS8\" target=\"_blank\" rel=\"noopener\">Route de la P\u00e2la 100<br \/>\n1630 Bulle<\/a><\/div><div class=\"phone has-link\"><a href=\"tel:+41585951333\">+41 58 595 13 33<\/a><\/div><div class=\"mail has-link\"><a href=\"ma&#105;&#108;&#116;&#x6f;&#x3a;&#x69;&#x6e;fo&#64;&#101;&#108;&#x65;&#x63;&#x74;&#x72;os&#117;&#105;&#115;&#x73;&#x65;&#x2e;&#x63;h\">&#x69;&#x6e;&#102;o&#x40;&#x65;&#108;&#101;c&#x74;&#x72;&#111;&#115;u&#x69;&#x73;&#115;e&#46;&#x63;&#x68;<\/a><\/div><\/address><\/div><\/div><\/div><div class=\"wpb_address_column wpb_content_element\"><div class=\"wpb_wrapper\"><div class=\"address_container\"><h5>Regionalb\u00fcro<\/h5><address><div class=\"address has-link\"><a href=\"https:\/\/www.google.com\/maps\/place\/Freiburgstrasse+251,+3018+Bern\/@46.9383195,7.3961087,17z\/data=!4m16!1m9!3m8!1s0x478e391e78c6edff:0x632b8f7dcf65c470!2sFreiburgstrasse+251,+3018+Bern!3b1!8m2!3d46.9383195!4d7.3982974!10e3!16s%2Fg%2F11bw3xdq31!3m5!1s0x478e391e78c6edff:0x632b8f7dcf65c470!8m2!3d46.9383195!4d7.3982974!16s%2Fg%2F11bw3xdq31?entry=ttu\" target=\"_blank\" rel=\"noopener\">Freiburgstrasse 251<br \/>\n3018 Bern<\/a><\/div><div class=\"phone has-link\"><a href=\"tel:+41585951411\">+41 58 595 14 11<\/a><\/div><div class=\"mail has-link\"><a href=\"mai&#108;&#116;&#111;&#58;&#x69;&#x6e;&#x66;&#x6f;&#x40;&#x65;&#x6c;ect&#114;&#111;&#115;&#117;&#105;&#x73;&#x73;&#x65;&#x2e;&#x63;&#x68;\">in&#102;&#111;&#x40;&#x65;&#x6c;&#x65;ct&#114;&#111;&#x73;&#x75;&#x69;&#x73;se&#46;&#99;&#104;<\/a><\/div><\/address><\/div><\/div><\/div><div class=\"wpb_address_column wpb_content_element\"><div class=\"wpb_wrapper\"><div class=\"address_container\"><h5>Regionalb\u00fcro<\/h5><address><div class=\"address has-link\"><a href=\"https:\/\/www.google.com\/maps\/place\/Hornimattstrasse+22,+5103+Wildegg\/@47.4161727,8.1670831,17z\/data=!3m1!4b1!4m5!3m4!1s0x4790158a579f91fb:0xeab5bbe3365c485!8m2!3d47.4161691!4d8.1692771\" target=\"_blank\" rel=\"noopener\">Hornimattstrasse 2<br \/>\n5103 M\u00f6riken-Wildegg<\/a><\/div><div class=\"phone has-link\"><a href=\"tel:+41585951111\">+41 58 595 11 11<\/a><\/div><div class=\"mail has-link\"><a href=\"&#109;&#x61;&#x69;&#108;&#x74;&#x6f;:&#x69;&#x6e;f&#111;&#x40;e&#108;&#x65;c&#116;&#x72;o&#115;&#x75;i&#115;&#x73;&#x65;&#46;&#x63;&#x68;\">&#x69;&#110;&#102;&#x6f;&#x40;&#101;&#108;&#x65;&#x63;&#116;&#114;&#x6f;&#x73;&#117;&#105;&#x73;&#x73;&#101;&#46;&#x63;&#x68;<\/a><\/div><\/address><\/div><\/div><\/div>[\/vc_column_inner][\/vc_row_inner][\/vc_column][\/vc_row]<\/p>\n<\/div>","protected":false},"excerpt":{"rendered":"<p>[vc_row][vc_column][vc_column_text] Was k\u00f6nnen wir f\u00fcr Sie tun? [\/vc_column_text][vc_column_text]W\u00e4hlen Sie Ihr Anliegen. Wir melden uns so schnell wie m\u00f6glich. Antworten zu vielen Fragen finden Sie auch in unserer\u00a0FAQ.[\/vc_column_text][vc_row_inner][vc_column_inner width=&#8221;2\/3&#8243;][\/vc_column_inner][vc_column_inner width=&#8221;1\/3&#8243;][\/vc_column_inner][\/vc_row_inner][\/vc_column][\/vc_row]<\/p>\n","protected":false},"author":2,"featured_media":0,"parent":0,"menu_order":370,"comment_status":"closed","ping_status":"closed","template":"page-map.php","meta":{"_acf_changed":false,"_monsterinsights_skip_tracking":false,"_monsterinsights_sitenote_active":false,"_monsterinsights_sitenote_note":"","_monsterinsights_sitenote_category":0,"footnotes":""},"class_list":["post-191","page","type-page","status-publish","hentry"],"acf":[],"yoast_head":"<!-- This site is optimized with the Yoast SEO Premium plugin v26.4 (Yoast SEO v27.0) - https:\/\/yoast.com\/product\/yoast-seo-premium-wordpress\/ -->\n<title>Kontakt: Wir helfen Ihnen gerne weiter - Electrosuisse<\/title>\n<meta name=\"description\" content=\"W\u00e4hlen Sie Ihr Anliegen und kontaktieren Sie uns. Wir sind schnell f\u00fcr Sie da, auch FAQ helfen weiter.\" \/>\n<meta name=\"robots\" content=\"index, follow, max-snippet:-1, max-image-preview:large, max-video-preview:-1\" \/>\n<link rel=\"canonical\" href=\"https:\/\/www.electrosuisse.ch\/de\/kontakt\/\" \/>\n<meta property=\"og:locale\" content=\"de_DE\" \/>\n<meta property=\"og:type\" content=\"article\" \/>\n<meta property=\"og:title\" content=\"Kontakt: Wir helfen Ihnen gerne weiter - Electrosuisse\" \/>\n<meta property=\"og:description\" content=\"W\u00e4hlen Sie Ihr Anliegen und kontaktieren Sie uns. Wir sind schnell f\u00fcr Sie da, auch FAQ helfen weiter.\" \/>\n<meta property=\"og:url\" content=\"https:\/\/www.electrosuisse.ch\/de\/kontakt\/\" \/>\n<meta property=\"og:site_name\" content=\"Electrosuisse\" \/>\n<meta property=\"article:modified_time\" content=\"2026-03-24T11:33:34+00:00\" \/>\n<meta property=\"og:image\" content=\"https:\/\/www.electrosuisse.ch\/wp-content\/uploads\/2022\/12\/Electrosuisse_Ueber_uns_1578x650.jpg\" \/>\n\t<meta property=\"og:image:width\" content=\"1578\" \/>\n\t<meta property=\"og:image:height\" content=\"650\" \/>\n\t<meta property=\"og:image:type\" content=\"image\/jpeg\" \/>\n<script type=\"application\/ld+json\" class=\"yoast-schema-graph\">{\"@context\":\"https:\/\/schema.org\",\"@graph\":[{\"@type\":\"WebPage\",\"@id\":\"https:\/\/www.electrosuisse.ch\/de\/kontakt\/\",\"url\":\"https:\/\/www.electrosuisse.ch\/de\/kontakt\/\",\"name\":\"Kontakt: Wir helfen Ihnen gerne weiter - Electrosuisse\",\"isPartOf\":{\"@id\":\"https:\/\/www.electrosuisse.ch\/de\/#website\"},\"datePublished\":\"2018-06-24T09:36:02+00:00\",\"dateModified\":\"2026-03-24T11:33:34+00:00\",\"description\":\"W\u00e4hlen Sie Ihr Anliegen und kontaktieren Sie uns. Wir sind schnell f\u00fcr Sie da, auch FAQ helfen weiter.\",\"inLanguage\":\"de\",\"potentialAction\":[{\"@type\":\"ReadAction\",\"target\":[\"https:\/\/www.electrosuisse.ch\/de\/kontakt\/\"]}]},{\"@type\":\"WebSite\",\"@id\":\"https:\/\/www.electrosuisse.ch\/de\/#website\",\"url\":\"https:\/\/www.electrosuisse.ch\/de\/\",\"name\":\"Electrosuisse\",\"description\":\"\",\"publisher\":{\"@id\":\"https:\/\/www.electrosuisse.ch\/de\/#organization\"},\"potentialAction\":[{\"@type\":\"SearchAction\",\"target\":{\"@type\":\"EntryPoint\",\"urlTemplate\":\"https:\/\/www.electrosuisse.ch\/de\/?s={search_term_string}\"},\"query-input\":{\"@type\":\"PropertyValueSpecification\",\"valueRequired\":true,\"valueName\":\"search_term_string\"}}],\"inLanguage\":\"de\"},{\"@type\":\"Organization\",\"@id\":\"https:\/\/www.electrosuisse.ch\/de\/#organization\",\"name\":\"Electrosuisse\",\"url\":\"https:\/\/www.electrosuisse.ch\/de\/\",\"logo\":{\"@type\":\"ImageObject\",\"inLanguage\":\"de\",\"@id\":\"https:\/\/www.electrosuisse.ch\/de\/#\/schema\/logo\/image\/\",\"url\":\"https:\/\/www.electrosuisse.ch\/wp-content\/uploads\/2025\/04\/Electrosuisse_Logo_696x696.png\",\"contentUrl\":\"https:\/\/www.electrosuisse.ch\/wp-content\/uploads\/2025\/04\/Electrosuisse_Logo_696x696.png\",\"width\":696,\"height\":696,\"caption\":\"Electrosuisse\"},\"image\":{\"@id\":\"https:\/\/www.electrosuisse.ch\/de\/#\/schema\/logo\/image\/\"},\"sameAs\":[\"https:\/\/www.linkedin.com\/company\/electrosuisse-ag\/posts\/?feedView=all\",\"https:\/\/www.instagram.com\/electrosuisse1889\/\",\"https:\/\/www.youtube.com\/channel\/UCoOxohMiVE0Gjcdis1L09zw\"],\"description\":\"Electrosuisse ist eine anerkannte und unabh\u00e4ngige Fachorganisation, die erstklassige Dienstleistungen und Produkte in den Bereichen Inspektion, Beratung, Pr\u00fcfung, Zertifizierung, Normung und Weiterbildung anbietet. Unsere Expertise umfasst Elektrotechnik, Elektromobilit\u00e4t, Energieberatung, Geb\u00e4udeautomation und Photovoltaik in der Schweiz. Durch die Veranstaltung etablierter Branchen-Events und Fachtagungen f\u00f6rdert Electrosuisse den Wissenstransfer und den fachlichen Austausch. Im Mittelpunkt unserer T\u00e4tigkeiten steht die F\u00f6rderung der sicheren, wirtschaftlichen und umweltgerechten Anwendung der Elektrotechnik.\"}]}<\/script>\n<!-- \/ Yoast SEO Premium plugin. -->","yoast_head_json":{"title":"Kontakt: Wir helfen Ihnen gerne weiter - Electrosuisse","description":"W\u00e4hlen Sie Ihr Anliegen und kontaktieren Sie uns. Wir sind schnell f\u00fcr Sie da, auch FAQ helfen weiter.","robots":{"index":"index","follow":"follow","max-snippet":"max-snippet:-1","max-image-preview":"max-image-preview:large","max-video-preview":"max-video-preview:-1"},"canonical":"https:\/\/www.electrosuisse.ch\/de\/kontakt\/","og_locale":"de_DE","og_type":"article","og_title":"Kontakt: Wir helfen Ihnen gerne weiter - Electrosuisse","og_description":"W\u00e4hlen Sie Ihr Anliegen und kontaktieren Sie uns. Wir sind schnell f\u00fcr Sie da, auch FAQ helfen weiter.","og_url":"https:\/\/www.electrosuisse.ch\/de\/kontakt\/","og_site_name":"Electrosuisse","article_modified_time":"2026-03-24T11:33:34+00:00","og_image":[{"width":1578,"height":650,"url":"https:\/\/www.electrosuisse.ch\/wp-content\/uploads\/2022\/12\/Electrosuisse_Ueber_uns_1578x650.jpg","type":"image\/jpeg"}],"schema":{"@context":"https:\/\/schema.org","@graph":[{"@type":"WebPage","@id":"https:\/\/www.electrosuisse.ch\/de\/kontakt\/","url":"https:\/\/www.electrosuisse.ch\/de\/kontakt\/","name":"Kontakt: Wir helfen Ihnen gerne weiter - Electrosuisse","isPartOf":{"@id":"https:\/\/www.electrosuisse.ch\/de\/#website"},"datePublished":"2018-06-24T09:36:02+00:00","dateModified":"2026-03-24T11:33:34+00:00","description":"W\u00e4hlen Sie Ihr Anliegen und kontaktieren Sie uns. Wir sind schnell f\u00fcr Sie da, auch FAQ helfen weiter.","inLanguage":"de","potentialAction":[{"@type":"ReadAction","target":["https:\/\/www.electrosuisse.ch\/de\/kontakt\/"]}]},{"@type":"WebSite","@id":"https:\/\/www.electrosuisse.ch\/de\/#website","url":"https:\/\/www.electrosuisse.ch\/de\/","name":"Electrosuisse","description":"","publisher":{"@id":"https:\/\/www.electrosuisse.ch\/de\/#organization"},"potentialAction":[{"@type":"SearchAction","target":{"@type":"EntryPoint","urlTemplate":"https:\/\/www.electrosuisse.ch\/de\/?s={search_term_string}"},"query-input":{"@type":"PropertyValueSpecification","valueRequired":true,"valueName":"search_term_string"}}],"inLanguage":"de"},{"@type":"Organization","@id":"https:\/\/www.electrosuisse.ch\/de\/#organization","name":"Electrosuisse","url":"https:\/\/www.electrosuisse.ch\/de\/","logo":{"@type":"ImageObject","inLanguage":"de","@id":"https:\/\/www.electrosuisse.ch\/de\/#\/schema\/logo\/image\/","url":"https:\/\/www.electrosuisse.ch\/wp-content\/uploads\/2025\/04\/Electrosuisse_Logo_696x696.png","contentUrl":"https:\/\/www.electrosuisse.ch\/wp-content\/uploads\/2025\/04\/Electrosuisse_Logo_696x696.png","width":696,"height":696,"caption":"Electrosuisse"},"image":{"@id":"https:\/\/www.electrosuisse.ch\/de\/#\/schema\/logo\/image\/"},"sameAs":["https:\/\/www.linkedin.com\/company\/electrosuisse-ag\/posts\/?feedView=all","https:\/\/www.instagram.com\/electrosuisse1889\/","https:\/\/www.youtube.com\/channel\/UCoOxohMiVE0Gjcdis1L09zw"],"description":"Electrosuisse ist eine anerkannte und unabh\u00e4ngige Fachorganisation, die erstklassige Dienstleistungen und Produkte in den Bereichen Inspektion, Beratung, Pr\u00fcfung, Zertifizierung, Normung und Weiterbildung anbietet. Unsere Expertise umfasst Elektrotechnik, Elektromobilit\u00e4t, Energieberatung, Geb\u00e4udeautomation und Photovoltaik in der Schweiz. Durch die Veranstaltung etablierter Branchen-Events und Fachtagungen f\u00f6rdert Electrosuisse den Wissenstransfer und den fachlichen Austausch. Im Mittelpunkt unserer T\u00e4tigkeiten steht die F\u00f6rderung der sicheren, wirtschaftlichen und umweltgerechten Anwendung der Elektrotechnik."}]}},"amp_enabled":false,"_links":{"self":[{"href":"https:\/\/www.electrosuisse.ch\/de\/wp-json\/wp\/v2\/pages\/191","targetHints":{"allow":["GET"]}}],"collection":[{"href":"https:\/\/www.electrosuisse.ch\/de\/wp-json\/wp\/v2\/pages"}],"about":[{"href":"https:\/\/www.electrosuisse.ch\/de\/wp-json\/wp\/v2\/types\/page"}],"author":[{"embeddable":true,"href":"https:\/\/www.electrosuisse.ch\/de\/wp-json\/wp\/v2\/users\/2"}],"replies":[{"embeddable":true,"href":"https:\/\/www.electrosuisse.ch\/de\/wp-json\/wp\/v2\/comments?post=191"}],"version-history":[{"count":3,"href":"https:\/\/www.electrosuisse.ch\/de\/wp-json\/wp\/v2\/pages\/191\/revisions"}],"predecessor-version":[{"id":36789,"href":"https:\/\/www.electrosuisse.ch\/de\/wp-json\/wp\/v2\/pages\/191\/revisions\/36789"}],"wp:attachment":[{"href":"https:\/\/www.electrosuisse.ch\/de\/wp-json\/wp\/v2\/media?parent=191"}],"curies":[{"name":"wp","href":"https:\/\/api.w.org\/{rel}","templated":true}]}}