{"id":183,"date":"2018-06-24T11:35:28","date_gmt":"2018-06-24T09:35:28","guid":{"rendered":"https:\/\/www.electrosuisse.ch\/?page_id=183"},"modified":"2026-04-02T08:39:19","modified_gmt":"2026-04-02T06:39:19","slug":"portraet","status":"publish","type":"page","link":"https:\/\/www.electrosuisse.ch\/de\/portraet\/","title":{"rendered":"Portr\u00e4t"},"content":{"rendered":"<div class=\"wpb-content-wrapper\"><p>[vc_row][vc_column][vc_column_text el_class=&#8221;lead&#8221;]Unsere Welt ver\u00e4ndert sich st\u00e4ndig \u2013 und wir mit ihr. Zunehmend besch\u00e4ftigen uns Entwicklungen, die nicht nur unsere Branche beeinflussen. Sie stellen uns fortw\u00e4hrend vor neue Herausforderungen. Diese bilden bereits seit der Gr\u00fcndung im April 1889 die Basis unserer Fachorganisation: Wir nehmen Themen gemeinsam mit <a href=\"https:\/\/www.electrosuisse.ch\/de\/portraet\/organisation\/#fvorstand\">Experten aus der Elektro- und Energietechnik<\/a> auf, um die Branche zu unterst\u00fctzen. So treibt beispielsweise die Digitalisierung schon lange Zeit einen eigentlichen digitalen Wandel voran, den wir mit unseren Dienstleistungen wie <a href=\"https:\/\/www.electrosuisse.ch\/de\/inspektion-beratung\/\">beraten, pr\u00fcfen, zertifizieren<\/a> und weiterbilden unterst\u00fctzen.<\/p>\n<p><strong>Gemeinsam f\u00fcr sichere Energie<\/strong><br \/>\nBei allen T\u00e4tigkeiten steht die F\u00f6rderung der sicheren, wirtschaftlichen und umweltgerechten Erzeugung und Anwendung von Elektrizit\u00e4t im Zentrum.[\/vc_column_text]<div class=\"wpb_counters_column wpb_content_element\"><div class=\"wpb_wrapper\"><div class=\"counters row\"><div class=\"counter js-counter col-lg-4 col-xs-6\"><div class=\"counter__content\"><div class=\"counter__number\" data-count=\"1889\">0<\/div><div class=\"counter__label\">gegr\u00fcndet<\/div><\/div><\/div><div class=\"counter js-counter col-lg-4 col-xs-6\"><div class=\"counter__content\"><div class=\"counter__number\" data-count=\"300\">0<\/div><div class=\"counter__label\">Mitarbeitende<\/div><\/div><\/div><div class=\"counter js-counter col-lg-4 col-xs-6\"><div class=\"counter__content\"><div class=\"counter__number\" data-count=\"7000\">0<\/div><div class=\"counter__label\">Mitglieder<\/div><\/div><\/div><\/div><\/div><\/div>[\/vc_column][\/vc_row][vc_row][vc_column][vc_column_text css=&#8221;&#8221;]<\/p>\n<h2>Sicherheit durch Kompetenz<\/h2>\n<p>Electrosuisse ist die Fachorganisation f\u00fcr Elektro-, Energie- und Informationstechnik.<br \/>\nSeit 130 Jahren steht f\u00fcr uns die F\u00f6rderung der sicheren, wirtschaftlichen und umweltgerechten Erzeugung und Anwendung von Elektrizit\u00e4t im Zentrum.<\/p>\n<p><strong>Vision<br \/>\n<\/strong>Electrosuisse ist in der Schweiz die Fachorganisation im Bereich der elektrischen Energie von der Erzeugung bis zum Verbrauch. Dies beinhaltet die Elektro-, Energie-, Informations- und Kommunikationstechnik sowie die Systemintegration. Durch ihre Fachorganisations- und unternehmerische T\u00e4tigkeit ist sie unentbehrlicher Partner ihrer Mitglieder und Kunden.<\/p>\n<p><strong>Mission<\/strong><br \/>\nElectrosuisse bietet als anerkannte und unabh\u00e4ngige Fachorganisation der gesamten Elektrobranche eine abgestimmte Palette von Dienstleistungen an f\u00fcr die sichere, wirtschaftliche und umweltgerechte Anwendung der Elektrotechnik. Diese bestehen aus <a href=\"https:\/\/www.electrosuisse.ch\/de\/bildungsangebot\/\">Weiterbildung<\/a>, <a href=\"https:\/\/www.electrosuisse.ch\/de\/engineering\/\">Beratung<\/a>,<a href=\"https:\/\/www.electrosuisse.ch\/de\/inspektion-beratung\/\"> Inspektion, Pr\u00fcfung und Zertifizierung<\/a>.<br \/>\nZudem bietet Electrosuisse als Fachorganisation eine Plattform f\u00fcr die Verbreitung von Fachwissen und unterst\u00fctzt alle interessierten Kreise der Schweiz im Bereich der Elektrotechnik in den internationalen Normungs- und Zertifizierungsgremien und f\u00fchrt im Auftrag des Bundes das <a href=\"https:\/\/www.esti.admin.ch\/de\/esti-startseite\" target=\"_blank\" rel=\"noopener\">Eidgen\u00f6ssische Starkstrominspektorat (ESTI)<\/a>.[\/vc_column_text][\/vc_column][\/vc_row][vc_row el_id=&#8221;report&#8221;][vc_column]<div class=\"wpb_text_image_column wpb_content_element \"><div class=\"wpb_wrapper\"><div class=\"row middle-lg\"><div class=\"col-sm-6 col-xs-12\"><div class=\"picture_container\"><picture><source srcset=\"https:\/\/www.electrosuisse.ch\/wp-content\/uploads\/2026\/04\/keyvisual_2026_neutral-585x500.jpg\"><img decoding=\"async\" src=\"https:\/\/www.electrosuisse.ch\/wp-content\/uploads\/2026\/04\/keyvisual_2026_neutral-585x500.jpg\" alt=\"H\u00f6hepunkte 2025\" \/><\/picture><\/div><\/div><div class=\"col-sm-6 col-xs-12\"><h3>H\u00f6hepunkte 2025<\/h3><p>Erfahren Sie mehr \u00fcber das Gesch\u00e4ftsjahr mit ihren Highlights.<\/p>\n<div class=\"button button--normal\"><a href=\"https:\/\/www.electrosuisse.ch\/de\/report2025\/\" target=\"_blank\" rel=\"noopener\">Zu den H\u00f6hepunkten<\/a><\/div><\/div><\/div><\/div><\/div>[\/vc_column][\/vc_row][vc_row][vc_column][vc_column_text]<\/p>\n<h2>Statuten und Zertifizierungen<\/h2>\n<p>[\/vc_column_text]<div class=\"wpb_document_column wpb_content_element\"><div class=\"wpb_wrapper\"><div class=\"document document--pdf\"><a href=\"https:\/\/www.electrosuisse.ch\/wp-content\/uploads\/2024\/02\/23_11_04-ISO-9001-DE.pdf\" target=\"_blank\" rel=\"noopener\">ISO 9001<\/a><\/div><\/div><\/div><div class=\"wpb_document_column wpb_content_element\"><div class=\"wpb_wrapper\"><div class=\"document document--pdf\"><a href=\"https:\/\/www.electrosuisse.ch\/wp-content\/uploads\/2020\/10\/113206_de_21001_apx_20.pdf\" target=\"_blank\" rel=\"noopener\">ISO 21001<\/a><\/div><\/div><\/div><div class=\"wpb_document_column wpb_content_element\"><div class=\"wpb_wrapper\"><div class=\"document document--pdf\"><a href=\"https:\/\/www.electrosuisse.ch\/wp-content\/uploads\/2024\/05\/24_05_23-Statuten-Statuts-Electrosuisse.pdf\" target=\"_blank\" rel=\"noopener\">Statuten Electrosuisse<\/a><\/div><\/div><\/div>[\/vc_column][\/vc_row][vc_row el_id=&#8221;history&#8221;][vc_column][vc_column_text]<\/p>\n<h2>Ein St\u00fcck Electrosuisse-Geschichte<\/h2>\n<p>[\/vc_column_text]<div class=\"wpb_history_column wpb_content_element\"><div class=\"wpb_wrapper\"><div class=\"timeline\"><div class=\"timeline__container\"><div class=\"timeline__block row\"><div class=\"timeline__content timeline__content--text-right col-sm-6 col-xs-12\"><h3>1889<\/h3><p>Als Reaktion auf den Gesetzesentwurf des Bundes \u00fcber den Bau und Betrieb von Starkstromanlagen von 1888 gr\u00fcnden am 24. April Westschweizer Ingenieure den Schweizerischen Elektrotechnischen Verein (SEV) mit dem Ziel, die Elektrotechnik in Wissenschaft und Anwendung zu f\u00f6rdern.<\/p>\n<\/div><\/div><div class=\"timeline__block row\"><div class=\"timeline__content col-sm-offset-6 col-sm-6 col-xs-12\"><h3>1896<\/h3><p>Der SEV legt erstmals Sicherheitsvorschriften f\u00fcr den Bau und Betrieb von Starkstromanlagen vor und gr\u00fcndet ein technisches Inspektorat zur Kontrolle.<\/p>\n<\/div><\/div><div class=\"timeline__block row\"><div class=\"timeline__content timeline__content--text-right col-sm-6 col-xs-12\"><h3>1902<\/h3><p>Das Bundesgesetz betreffend elektrischer Schwach- und Starkstromanlagen wird verabschiedet.<\/p>\n<\/div><\/div><div class=\"timeline__block row\"><div class=\"timeline__content col-sm-offset-6 col-sm-6 col-xs-12\"><h3>1903<\/h3><p>Das schweizerische Post- und Eisenbahndepartement beauftragt den SEV, das gesetzliche Starkstrominspektorat zu f\u00fchren.<\/p>\n<p>Der SEV legt in der Schweiz erste elektrotechnische Normen \u00fcber Sicherungen und Leitermaterialien vor.<\/p>\n<\/div><\/div><div class=\"timeline__block row\"><div class=\"timeline__content timeline__content--text-right col-sm-6 col-xs-12\"><h3>1910<\/h3><p>Der SEV beginnt, seine Mitglieder mit einem monatlich erscheinenden Bulletin \u00fcber die Entwicklung der Elektrotechnik und die Aktivit\u00e4ten des SEV zu informieren.<\/p>\n<\/div><\/div><div class=\"timeline__block row\"><div class=\"timeline__content col-sm-offset-6 col-sm-6 col-xs-12\"><h3>1911<\/h3><p>Der SEV tritt der IEC (International Electrotechnical Commission) bei. Die internationale Zusammenarbeit in der Normung beginnt.<\/p>\n<p>Der SEV gr\u00fcndet das Schweizerische Elektrotechnische Komitee, <a href=\"https:\/\/www.electrosuisse.ch\/de\/normung\/ces\/\">CES<\/a>, als nationale Organisation f\u00fcr die Erarbeitung von elektrotechnischen Normen.<\/p>\n<\/div><\/div><div class=\"timeline__block row\"><div class=\"timeline__content timeline__content--text-right col-sm-6 col-xs-12\"><h3>1921<\/h3><p>Die <a href=\"https:\/\/www.cigre.org\/\" target=\"_blank\" rel=\"noopener\">CIGR\u00c9<\/a> (Conf\u00e9rence International des Grands R\u00e9seaux) wird gegr\u00fcndet. Ihr Ziel ist der fachliche Austausch bez\u00fcglich Hochspannungsnetz. Der Sitz des Schweizer Nationalkomitees ist beim SEV.<\/p>\n<\/div><\/div><div class=\"timeline__block row\"><div class=\"timeline__content col-sm-offset-6 col-sm-6 col-xs-12\"><h3>1925<\/h3><p>Der SEV beginnt mit der Blitzforschung, mit der er einige Jahre sp\u00e4ter internationale Anerkennung erlangt.<\/p>\n<p>Die Generalversammlung des SEV beschliesst die Einf\u00fchrung eines gesetzlich gesch\u00fctzten Qualit\u00e4tszeichens f\u00fcr elektrische Apparate und eines Qualit\u00e4tskennfadens f\u00fcr isolierte Leiter.<\/p>\n<\/div><\/div><div class=\"timeline__block row\"><div class=\"timeline__content timeline__content--text-right col-sm-6 col-xs-12\"><h3>1937<\/h3><p>SEV und VSE gr\u00fcnden die Forschungskommission f\u00fcr Hochspannungsfragen (<a href=\"https:\/\/fkh.ch\/\" target=\"_blank\" rel=\"noopener\">FKH<\/a>) als Folge der erfolgreichen Aktivit\u00e4ten des SEV bei der Blitzforschung.<\/p>\n<\/div><\/div><div class=\"timeline__block row\"><div class=\"timeline__content col-sm-offset-6 col-sm-6 col-xs-12\"><h3>1948<\/h3><p>Der Transistor wird erfunden. Das beginnende Computerzeitalter bringt dem SEV eine starke Zunahme der Pr\u00fcft\u00e4tigkeit f\u00fcr die sichere und zuverl\u00e4ssige Anwendung der neuen Technologien.<\/p>\n<\/div><\/div><div class=\"timeline__block row\"><div class=\"timeline__content timeline__content--text-right col-sm-6 col-xs-12\"><h3>1949<\/h3><p>Der Bundesrat verf\u00fcgt die allgemeine Kennzeichnungspflicht f\u00fcr elektrische Apparate und Installationsmaterial, und das Sicherheitszeichen wird eingef\u00fchrt.<\/p>\n<\/div><\/div><div class=\"timeline__block row\"><div class=\"timeline__content col-sm-offset-6 col-sm-6 col-xs-12\"><h3>1984<\/h3><p>Der SEV gr\u00fcndet die Informationstechnische Gesellschaft ITG, um die fachliche Weiterbildung und den Erfahrungsaustausch bez\u00fcglich der jungen Informationstechnik zu f\u00f6rdern.<\/p>\n<\/div><\/div><div class=\"timeline__block row\"><div class=\"timeline__content timeline__content--text-right col-sm-6 col-xs-12\"><h3>1986<\/h3><p>Der SEV gr\u00fcndet die Energietechnische Gesellschaft ETG. Sie soll junge Ingenieure f\u00fcr die elektrische Energietechnik gewinnen und den Wissensaustausch f\u00f6rdern.<\/p>\n<\/div><\/div><div class=\"timeline__block row\"><div class=\"timeline__content col-sm-offset-6 col-sm-6 col-xs-12\"><h3>1989<\/h3><p>Eine EN-Norm definiert erstmals die elektromagnetische Vertr\u00e4glichkeit EMV. Dies ist der Startpunkt f\u00fcr die Entstehung der heutigen Electrosuisse-Messlabors. SEV wird erstes akkreditiertes Pr\u00fcflabor der Schweiz mit Nummer STS 001.<\/p>\n<\/div><\/div><div class=\"timeline__block row\"><div class=\"timeline__content timeline__content--text-right col-sm-6 col-xs-12\"><h3>1994<\/h3><p>Der SEV wird nach IECEE-CB akkreditiert, wodurch die Pr\u00fcfungen des SEV die internationale Anerkennung erlangen.<\/p>\n<\/div><\/div><div class=\"timeline__block row\"><div class=\"timeline__content col-sm-offset-6 col-sm-6 col-xs-12\"><h3>1997<\/h3><p>Der Vertrag zwischen <a href=\"https:\/\/www.uvek.admin.ch\/de\" target=\"_blank\" rel=\"noopener\">UVEK<\/a> und dem SEV wird revidiert. Die Trennung zwischen dem <a href=\"https:\/\/www.esti.admin.ch\/\" target=\"_blank\" rel=\"noopener\">ESTI<\/a> und dem \u00fcbrigen SEV wird neu geregelt.<\/p>\n<\/div><\/div><div class=\"timeline__block row\"><div class=\"timeline__content timeline__content--text-right col-sm-6 col-xs-12\"><h3>1999<\/h3><p>Das ESTI beurteilt in der Folge eines neuen Bundesgesetzes auch Aspekte der Umwelt, des Natur- und Heimatschutzes sowie der Raumplanung.<\/p>\n<\/div><\/div><div class=\"timeline__block row\"><div class=\"timeline__content col-sm-offset-6 col-sm-6 col-xs-12\"><h3>2000<\/h3><p>Die revidierte Verordnung f\u00fcr Niederspannungs- Installationen (<a href=\"https:\/\/www.admin.ch\/opc\/de\/classified-compilation\/20012238\/index.html\" target=\"_blank\" rel=\"noopener\">NIV<\/a>) tritt in Kraft und \u00fcbertr\u00e4gt dem ESTI die Zust\u00e4ndigkeit f\u00fcr Installations- und Kontrollbewilligungen.<\/p>\n<\/div><\/div><div class=\"timeline__block row\"><div class=\"timeline__content timeline__content--text-right col-sm-6 col-xs-12\"><h3>2002<\/h3><p>Der SEV wird in Electrosuisse umbenannt.<\/p>\n<p>Der Bereich Netze und Installationen von Electrosuisse wird akkreditierte Inspektionsstelle (Typ A) f\u00fcr Inspektionen gem\u00e4ss NIV.<\/p>\n<p>Mit einem revidierten Vertrag zwischen der Suva und Electrosuisse wird dem ESTI die Abkl\u00e4rung von Elektrounf\u00e4llen \u00fcbertragen.<\/p>\n<\/div><\/div><div class=\"timeline__block row\"><div class=\"timeline__content col-sm-offset-6 col-sm-6 col-xs-12\"><h3>2011<\/h3><p>Electrosuisse \u00fcbernimmt die Pr\u00fcflabors Albis Technologies in Z\u00fcrich.<\/p>\n<\/div><\/div><div class=\"timeline__block row\"><div class=\"timeline__content timeline__content--text-right col-sm-6 col-xs-12\"><h3>2012<\/h3><p>Electrosuisse kauft die Montena EMC SA, Rossens und unterh\u00e4lt damit Pr\u00fcflabors in der ganzen Schweiz.<\/p>\n<\/div><\/div><div class=\"timeline__block row\"><div class=\"timeline__content col-sm-offset-6 col-sm-6 col-xs-12\"><h3>2014<\/h3><p>Als traditionsreiche Fachorganisation feiert Electrosuisse sein <a href=\"https:\/\/www.ub.unibas.ch\/digi\/a125\/sachdok\/2015\/BAU_1_6344512.pdf\" target=\"_blank\" rel=\"noopener\">125-j\u00e4hriges Bestehen<\/a>.<\/p>\n<\/div><\/div><div class=\"timeline__block row\"><div class=\"timeline__content timeline__content--text-right col-sm-6 col-xs-12\"><h3>2017<\/h3><p>Electrosuisse gibt den Gesch\u00e4ftsbereich \u00abGer\u00e4tepr\u00fcfung und Zertifizierung\u00bb in neue H\u00e4nde. Der Gesch\u00e4ftsbereich \u00abGer\u00e4tepr\u00fcfung und Zertifizierung\u00bb, mit Ausnahme des Gesch\u00e4fts Z\u00e4hler- und Wandlereichung, wird vom international t\u00e4tigen Konzern Eurofins-Scientific \u00fcbernommen. Damit reagiert Electrosuisse auf die sich ver\u00e4ndernden Rahmenbedingungen und sichert Schweizer Ger\u00e4teherstellern auch in Zukunft einen internationalen Marktzugang.<\/p>\n<\/div><\/div><div class=\"timeline__block row\"><div class=\"timeline__content col-sm-offset-6 col-sm-6 col-xs-12\"><h3>2021<\/h3><p>Einf\u00fchrung myElectrosuisse-Portal, \u00fcber das Electrosuisse-Mitglieder und -Kunden komfortabel Zugriff auf alle bezogenen Produkte und Dienstleistungen haben.<\/p>\n<\/div><\/div><\/div><\/div><\/div><\/div>[\/vc_column][\/vc_row][vc_row][vc_column]<div class=\"wpb_text_image_column wpb_content_element \"><div class=\"wpb_wrapper\"><div class=\"row middle-lg\"><div class=\"col-sm-6 col-xs-12\"><div class=\"picture_container\"><picture><source srcset=\"https:\/\/www.electrosuisse.ch\/wp-content\/uploads\/2019\/03\/electrosuisse_standort_oeffnungszeiten-585x500.jpg\"><img decoding=\"async\" src=\"https:\/\/www.electrosuisse.ch\/wp-content\/uploads\/2019\/03\/electrosuisse_standort_oeffnungszeiten-585x500.jpg\" alt=\"Standorte &amp; \u00d6ffnungszeiten\" \/><\/picture><\/div><\/div><div class=\"col-sm-6 col-xs-12\"><h3>Standorte &amp; \u00d6ffnungszeiten<\/h3><p>Wir sind mit Land und Leuten vertraut. Finden Sie den Ansprechpartner in Ihrer Region.<\/p>\n<div class=\"button button--normal\"><a href=\"https:\/\/www.electrosuisse.ch\/de\/kontakt\/\">Zum Kontakt<\/a><\/div><\/div><\/div><\/div><\/div><div class=\"wpb_text_image_column wpb_content_element \"><div class=\"wpb_wrapper\"><div class=\"row reverse middle-lg\"><div class=\"col-sm-6 col-xs-12\"><div class=\"picture_container\"><picture><source srcset=\"https:\/\/www.electrosuisse.ch\/wp-content\/uploads\/2019\/03\/medien_electrosuisse-585x500.jpg\"><img decoding=\"async\" src=\"https:\/\/www.electrosuisse.ch\/wp-content\/uploads\/2019\/03\/medien_electrosuisse-585x500.jpg\" alt=\"Medien\" \/><\/picture><\/div><\/div><div class=\"col-sm-6 col-xs-12\"><h3>Medien<\/h3><p>Hier finden Sie unsere Presseinformationen, Bilder, Videos und Publikationen.<\/p>\n<div class=\"button button--normal\"><a href=\"https:\/\/www.electrosuisse.ch\/de\/medien\/\">Zum Medien-Center<\/a><\/div><\/div><\/div><\/div><\/div>[\/vc_column][\/vc_row]<\/p>\n<\/div>","protected":false},"excerpt":{"rendered":"<p>[vc_row][vc_column][vc_column_text el_class=&#8221;lead&#8221;]Unsere Welt ver\u00e4ndert sich st\u00e4ndig \u2013 und wir mit ihr. Zunehmend besch\u00e4ftigen uns Entwicklungen, die nicht nur unsere Branche beeinflussen. Sie stellen uns fortw\u00e4hrend vor neue Herausforderungen. Diese bilden bereits seit der Gr\u00fcndung im April 1889 die Basis unserer Fachorganisation: Wir nehmen Themen gemeinsam mit Experten aus der Elektro- und Energietechnik auf, um die [&hellip;]<\/p>\n","protected":false},"author":2,"featured_media":0,"parent":0,"menu_order":43,"comment_status":"closed","ping_status":"closed","template":"","meta":{"_acf_changed":false,"_monsterinsights_skip_tracking":false,"_monsterinsights_sitenote_active":false,"_monsterinsights_sitenote_note":"","_monsterinsights_sitenote_category":0,"footnotes":""},"class_list":["post-183","page","type-page","status-publish","hentry"],"acf":[],"yoast_head":"<!-- This site is optimized with the Yoast SEO Premium plugin v26.4 (Yoast SEO v27.0) - https:\/\/yoast.com\/product\/yoast-seo-premium-wordpress\/ -->\n<title>Portr\u00e4t - Electrosuisse<\/title>\n<meta name=\"description\" content=\"Electrosuisse f\u00f6rdert die sichere, wirtschaftliche und umweltgerechte Erzeugung und Anwendung von Elektrizit\u00e4t.\" \/>\n<meta name=\"robots\" content=\"index, follow, max-snippet:-1, max-image-preview:large, max-video-preview:-1\" \/>\n<link rel=\"canonical\" href=\"https:\/\/www.electrosuisse.ch\/de\/portraet\/\" \/>\n<meta property=\"og:locale\" content=\"de_DE\" \/>\n<meta property=\"og:type\" content=\"article\" \/>\n<meta property=\"og:title\" content=\"Portr\u00e4t - Electrosuisse\" \/>\n<meta property=\"og:description\" content=\"Electrosuisse f\u00f6rdert die sichere, wirtschaftliche und umweltgerechte Erzeugung und Anwendung von Elektrizit\u00e4t.\" \/>\n<meta property=\"og:url\" content=\"https:\/\/www.electrosuisse.ch\/de\/portraet\/\" \/>\n<meta property=\"og:site_name\" content=\"Electrosuisse\" \/>\n<meta property=\"article:modified_time\" content=\"2026-04-02T06:39:19+00:00\" \/>\n<meta property=\"og:image\" content=\"https:\/\/www.electrosuisse.ch\/wp-content\/uploads\/2022\/12\/Electrosuisse_Ueber_uns_1578x650.jpg\" \/>\n\t<meta property=\"og:image:width\" content=\"1578\" \/>\n\t<meta property=\"og:image:height\" content=\"650\" \/>\n\t<meta property=\"og:image:type\" content=\"image\/jpeg\" \/>\n<script type=\"application\/ld+json\" class=\"yoast-schema-graph\">{\"@context\":\"https:\/\/schema.org\",\"@graph\":[{\"@type\":\"WebPage\",\"@id\":\"https:\/\/www.electrosuisse.ch\/de\/portraet\/\",\"url\":\"https:\/\/www.electrosuisse.ch\/de\/portraet\/\",\"name\":\"Portr\u00e4t - Electrosuisse\",\"isPartOf\":{\"@id\":\"https:\/\/www.electrosuisse.ch\/de\/#website\"},\"datePublished\":\"2018-06-24T09:35:28+00:00\",\"dateModified\":\"2026-04-02T06:39:19+00:00\",\"description\":\"Electrosuisse f\u00f6rdert die sichere, wirtschaftliche und umweltgerechte Erzeugung und Anwendung von Elektrizit\u00e4t.\",\"inLanguage\":\"de\",\"potentialAction\":[{\"@type\":\"ReadAction\",\"target\":[\"https:\/\/www.electrosuisse.ch\/de\/portraet\/\"]}]},{\"@type\":\"WebSite\",\"@id\":\"https:\/\/www.electrosuisse.ch\/de\/#website\",\"url\":\"https:\/\/www.electrosuisse.ch\/de\/\",\"name\":\"Electrosuisse\",\"description\":\"\",\"publisher\":{\"@id\":\"https:\/\/www.electrosuisse.ch\/de\/#organization\"},\"potentialAction\":[{\"@type\":\"SearchAction\",\"target\":{\"@type\":\"EntryPoint\",\"urlTemplate\":\"https:\/\/www.electrosuisse.ch\/de\/?s={search_term_string}\"},\"query-input\":{\"@type\":\"PropertyValueSpecification\",\"valueRequired\":true,\"valueName\":\"search_term_string\"}}],\"inLanguage\":\"de\"},{\"@type\":\"Organization\",\"@id\":\"https:\/\/www.electrosuisse.ch\/de\/#organization\",\"name\":\"Electrosuisse\",\"url\":\"https:\/\/www.electrosuisse.ch\/de\/\",\"logo\":{\"@type\":\"ImageObject\",\"inLanguage\":\"de\",\"@id\":\"https:\/\/www.electrosuisse.ch\/de\/#\/schema\/logo\/image\/\",\"url\":\"https:\/\/www.electrosuisse.ch\/wp-content\/uploads\/2025\/04\/Electrosuisse_Logo_696x696.png\",\"contentUrl\":\"https:\/\/www.electrosuisse.ch\/wp-content\/uploads\/2025\/04\/Electrosuisse_Logo_696x696.png\",\"width\":696,\"height\":696,\"caption\":\"Electrosuisse\"},\"image\":{\"@id\":\"https:\/\/www.electrosuisse.ch\/de\/#\/schema\/logo\/image\/\"},\"sameAs\":[\"https:\/\/www.linkedin.com\/company\/electrosuisse-ag\/posts\/?feedView=all\",\"https:\/\/www.instagram.com\/electrosuisse1889\/\",\"https:\/\/www.youtube.com\/channel\/UCoOxohMiVE0Gjcdis1L09zw\"],\"description\":\"Electrosuisse ist eine anerkannte und unabh\u00e4ngige Fachorganisation, die erstklassige Dienstleistungen und Produkte in den Bereichen Inspektion, Beratung, Pr\u00fcfung, Zertifizierung, Normung und Weiterbildung anbietet. Unsere Expertise umfasst Elektrotechnik, Elektromobilit\u00e4t, Energieberatung, Geb\u00e4udeautomation und Photovoltaik in der Schweiz. Durch die Veranstaltung etablierter Branchen-Events und Fachtagungen f\u00f6rdert Electrosuisse den Wissenstransfer und den fachlichen Austausch. Im Mittelpunkt unserer T\u00e4tigkeiten steht die F\u00f6rderung der sicheren, wirtschaftlichen und umweltgerechten Anwendung der Elektrotechnik.\"}]}<\/script>\n<!-- \/ Yoast SEO Premium plugin. -->","yoast_head_json":{"title":"Portr\u00e4t - Electrosuisse","description":"Electrosuisse f\u00f6rdert die sichere, wirtschaftliche und umweltgerechte Erzeugung und Anwendung von Elektrizit\u00e4t.","robots":{"index":"index","follow":"follow","max-snippet":"max-snippet:-1","max-image-preview":"max-image-preview:large","max-video-preview":"max-video-preview:-1"},"canonical":"https:\/\/www.electrosuisse.ch\/de\/portraet\/","og_locale":"de_DE","og_type":"article","og_title":"Portr\u00e4t - Electrosuisse","og_description":"Electrosuisse f\u00f6rdert die sichere, wirtschaftliche und umweltgerechte Erzeugung und Anwendung von Elektrizit\u00e4t.","og_url":"https:\/\/www.electrosuisse.ch\/de\/portraet\/","og_site_name":"Electrosuisse","article_modified_time":"2026-04-02T06:39:19+00:00","og_image":[{"width":1578,"height":650,"url":"https:\/\/www.electrosuisse.ch\/wp-content\/uploads\/2022\/12\/Electrosuisse_Ueber_uns_1578x650.jpg","type":"image\/jpeg"}],"schema":{"@context":"https:\/\/schema.org","@graph":[{"@type":"WebPage","@id":"https:\/\/www.electrosuisse.ch\/de\/portraet\/","url":"https:\/\/www.electrosuisse.ch\/de\/portraet\/","name":"Portr\u00e4t - Electrosuisse","isPartOf":{"@id":"https:\/\/www.electrosuisse.ch\/de\/#website"},"datePublished":"2018-06-24T09:35:28+00:00","dateModified":"2026-04-02T06:39:19+00:00","description":"Electrosuisse f\u00f6rdert die sichere, wirtschaftliche und umweltgerechte Erzeugung und Anwendung von Elektrizit\u00e4t.","inLanguage":"de","potentialAction":[{"@type":"ReadAction","target":["https:\/\/www.electrosuisse.ch\/de\/portraet\/"]}]},{"@type":"WebSite","@id":"https:\/\/www.electrosuisse.ch\/de\/#website","url":"https:\/\/www.electrosuisse.ch\/de\/","name":"Electrosuisse","description":"","publisher":{"@id":"https:\/\/www.electrosuisse.ch\/de\/#organization"},"potentialAction":[{"@type":"SearchAction","target":{"@type":"EntryPoint","urlTemplate":"https:\/\/www.electrosuisse.ch\/de\/?s={search_term_string}"},"query-input":{"@type":"PropertyValueSpecification","valueRequired":true,"valueName":"search_term_string"}}],"inLanguage":"de"},{"@type":"Organization","@id":"https:\/\/www.electrosuisse.ch\/de\/#organization","name":"Electrosuisse","url":"https:\/\/www.electrosuisse.ch\/de\/","logo":{"@type":"ImageObject","inLanguage":"de","@id":"https:\/\/www.electrosuisse.ch\/de\/#\/schema\/logo\/image\/","url":"https:\/\/www.electrosuisse.ch\/wp-content\/uploads\/2025\/04\/Electrosuisse_Logo_696x696.png","contentUrl":"https:\/\/www.electrosuisse.ch\/wp-content\/uploads\/2025\/04\/Electrosuisse_Logo_696x696.png","width":696,"height":696,"caption":"Electrosuisse"},"image":{"@id":"https:\/\/www.electrosuisse.ch\/de\/#\/schema\/logo\/image\/"},"sameAs":["https:\/\/www.linkedin.com\/company\/electrosuisse-ag\/posts\/?feedView=all","https:\/\/www.instagram.com\/electrosuisse1889\/","https:\/\/www.youtube.com\/channel\/UCoOxohMiVE0Gjcdis1L09zw"],"description":"Electrosuisse ist eine anerkannte und unabh\u00e4ngige Fachorganisation, die erstklassige Dienstleistungen und Produkte in den Bereichen Inspektion, Beratung, Pr\u00fcfung, Zertifizierung, Normung und Weiterbildung anbietet. Unsere Expertise umfasst Elektrotechnik, Elektromobilit\u00e4t, Energieberatung, Geb\u00e4udeautomation und Photovoltaik in der Schweiz. Durch die Veranstaltung etablierter Branchen-Events und Fachtagungen f\u00f6rdert Electrosuisse den Wissenstransfer und den fachlichen Austausch. Im Mittelpunkt unserer T\u00e4tigkeiten steht die F\u00f6rderung der sicheren, wirtschaftlichen und umweltgerechten Anwendung der Elektrotechnik."}]}},"amp_enabled":true,"_links":{"self":[{"href":"https:\/\/www.electrosuisse.ch\/de\/wp-json\/wp\/v2\/pages\/183","targetHints":{"allow":["GET"]}}],"collection":[{"href":"https:\/\/www.electrosuisse.ch\/de\/wp-json\/wp\/v2\/pages"}],"about":[{"href":"https:\/\/www.electrosuisse.ch\/de\/wp-json\/wp\/v2\/types\/page"}],"author":[{"embeddable":true,"href":"https:\/\/www.electrosuisse.ch\/de\/wp-json\/wp\/v2\/users\/2"}],"replies":[{"embeddable":true,"href":"https:\/\/www.electrosuisse.ch\/de\/wp-json\/wp\/v2\/comments?post=183"}],"version-history":[{"count":25,"href":"https:\/\/www.electrosuisse.ch\/de\/wp-json\/wp\/v2\/pages\/183\/revisions"}],"predecessor-version":[{"id":43836,"href":"https:\/\/www.electrosuisse.ch\/de\/wp-json\/wp\/v2\/pages\/183\/revisions\/43836"}],"wp:attachment":[{"href":"https:\/\/www.electrosuisse.ch\/de\/wp-json\/wp\/v2\/media?parent=183"}],"curies":[{"name":"wp","href":"https:\/\/api.w.org\/{rel}","templated":true}]}}