{"id":18297,"date":"2021-08-11T16:08:58","date_gmt":"2021-08-11T14:08:58","guid":{"rendered":"https:\/\/www.electrosuisse.ch\/?page_id=18297"},"modified":"2024-01-09T16:38:38","modified_gmt":"2024-01-09T15:38:38","slug":"training","status":"publish","type":"page","link":"https:\/\/www.electrosuisse.ch\/de\/normung\/training\/","title":{"rendered":"Training"},"content":{"rendered":"<div class=\"wpb-content-wrapper\"><p>[vc_row][vc_column][vc_column_text]<\/p>\n<h1>Training<\/h1>\n<p>Das CES bietet f\u00fcr interessierte Menschen, Unternehmen, Bildungseinrichtungen, Beh\u00f6rden, (Fach-)Experten etc. Trainings rund um das Thema \u00abNormung\u00bb an. Die Durchf\u00fchrung der Trainings kann individuell auf Ihre speziellen Bed\u00fcrfnisse angepasst werden, auch werden verschiedene Methoden und Tools angewendet.<\/p>\n<p>Live Trainings- und\/oder Virtuelle Trainings sowie Webinare sind m\u00f6glich.<\/p>\n<p>Die Trainings werden durch ausgewiesene Fachexperten gehalten und k\u00f6nnen in verschiedenen Sprachen durchgef\u00fchrt werden.<\/p>\n<p>Sie interessieren sich f\u00fcr ein Training \u2013 dann kontaktieren Sie uns unter: <strong><a href=\"&#x6d;a&#x69;&#108;&#x74;&#x6f;:&#x63;&#101;&#x73;&#x40;e&#x6c;&#101;&#x63;&#x74;r&#x6f;&#115;&#x75;&#x69;s&#x73;&#101;&#x2e;&#x63;h\" target=\"_blank\" rel=\"noopener\">&#99;&#x65;&#115;&#x40;&#101;&#x6c;&#101;&#x63;t&#x72;o&#x73;u&#x69;s&#115;&#x65;&#46;&#x63;&#104;<\/a><br \/>\n<\/strong>Wir unterbreiten Ihnen f\u00fcr Ihre spezifische Zielsetzung das passende Trainingsangebot.<\/p>\n<p><strong><br \/>\nAnstehende Trainings:<br \/>\n<\/strong><\/p>\n<ul>\n<li><strong><a href=\"https:\/\/www.electrosuisse.ch\/de\/download\/workshop-ces-normen-das-tor-zur-welt\/\" target=\"_blank\" rel=\"noopener\">Normen \u2013 Das Tor zur Welt<\/a> <\/strong>&#8211; Unser Basis-Training f\u00fcr Unternehmen und Bildungseinrichtungen<\/li>\n<li><strong><a href=\"https:\/\/www.electrosuisse.ch\/de\/download\/workshop-ces-tipps-und-tricks-praktische-normenarbeit\/\" target=\"_blank\" rel=\"noopener\">Tipps &amp; Tricks \u2013 Praktische Normungsarbeit<\/a><\/strong> &#8211; Unser Work-Shop f\u00fcr (Fach-)Experten, die mit der Normung beginnen<\/li>\n<\/ul>\n<p>[\/vc_column_text]<div class=\"wpb_content_element wpb_accordion_column accordion_simple\"><div class=\"accordions accordions_0\"><\/div><\/div>[\/vc_column][\/vc_row]<\/p>\n<\/div>","protected":false},"excerpt":{"rendered":"<p>[vc_row][vc_column][vc_column_text] Training Das CES bietet f\u00fcr interessierte Menschen, Unternehmen, Bildungseinrichtungen, Beh\u00f6rden, (Fach-)Experten etc. Trainings rund um das Thema \u00abNormung\u00bb an. Die Durchf\u00fchrung der Trainings kann individuell auf Ihre speziellen Bed\u00fcrfnisse angepasst werden, auch werden verschiedene Methoden und Tools angewendet. Live Trainings- und\/oder Virtuelle Trainings sowie Webinare sind m\u00f6glich. Die Trainings werden durch ausgewiesene Fachexperten gehalten [&hellip;]<\/p>\n","protected":false},"author":20,"featured_media":0,"parent":93,"menu_order":178,"comment_status":"closed","ping_status":"closed","template":"","meta":{"_acf_changed":false,"_monsterinsights_skip_tracking":false,"_monsterinsights_sitenote_active":false,"_monsterinsights_sitenote_note":"","_monsterinsights_sitenote_category":0,"footnotes":""},"class_list":["post-18297","page","type-page","status-publish","hentry"],"acf":[],"yoast_head":"<!-- This site is optimized with the Yoast SEO Premium plugin v26.4 (Yoast SEO v27.0) - https:\/\/yoast.com\/product\/yoast-seo-premium-wordpress\/ -->\n<title>Training - Electrosuisse<\/title>\n<meta name=\"description\" content=\"Das CES bietet individuelle Trainings rund um das Thema \u00abNormung\u00bb an. Die Trainings k\u00f6nnen live vor Ort oder virtuell durchgef\u00fchrt werden.\" \/>\n<meta name=\"robots\" content=\"index, follow, max-snippet:-1, max-image-preview:large, max-video-preview:-1\" \/>\n<link rel=\"canonical\" href=\"https:\/\/www.electrosuisse.ch\/de\/normung\/training\/\" \/>\n<meta property=\"og:locale\" content=\"de_DE\" \/>\n<meta property=\"og:type\" content=\"article\" \/>\n<meta property=\"og:title\" content=\"Training - Electrosuisse\" \/>\n<meta property=\"og:description\" content=\"Das CES bietet individuelle Trainings rund um das Thema \u00abNormung\u00bb an. Die Trainings k\u00f6nnen live vor Ort oder virtuell durchgef\u00fchrt werden.\" \/>\n<meta property=\"og:url\" content=\"https:\/\/www.electrosuisse.ch\/de\/normung\/training\/\" \/>\n<meta property=\"og:site_name\" content=\"Electrosuisse\" \/>\n<meta property=\"article:modified_time\" content=\"2024-01-09T15:38:38+00:00\" \/>\n<meta property=\"og:image\" content=\"https:\/\/www.electrosuisse.ch\/wp-content\/uploads\/2022\/12\/Electrosuisse_Ueber_uns_1578x650.jpg\" \/>\n\t<meta property=\"og:image:width\" content=\"1578\" \/>\n\t<meta property=\"og:image:height\" content=\"650\" \/>\n\t<meta property=\"og:image:type\" content=\"image\/jpeg\" \/>\n<script type=\"application\/ld+json\" class=\"yoast-schema-graph\">{\"@context\":\"https:\/\/schema.org\",\"@graph\":[{\"@type\":\"WebPage\",\"@id\":\"https:\/\/www.electrosuisse.ch\/de\/normung\/training\/\",\"url\":\"https:\/\/www.electrosuisse.ch\/de\/normung\/training\/\",\"name\":\"Training - Electrosuisse\",\"isPartOf\":{\"@id\":\"https:\/\/www.electrosuisse.ch\/de\/#website\"},\"datePublished\":\"2021-08-11T14:08:58+00:00\",\"dateModified\":\"2024-01-09T15:38:38+00:00\",\"description\":\"Das CES bietet individuelle Trainings rund um das Thema \u00abNormung\u00bb an. Die Trainings k\u00f6nnen live vor Ort oder virtuell durchgef\u00fchrt werden.\",\"breadcrumb\":{\"@id\":\"https:\/\/www.electrosuisse.ch\/de\/normung\/training\/#breadcrumb\"},\"inLanguage\":\"de\",\"potentialAction\":[{\"@type\":\"ReadAction\",\"target\":[\"https:\/\/www.electrosuisse.ch\/de\/normung\/training\/\"]}]},{\"@type\":\"BreadcrumbList\",\"@id\":\"https:\/\/www.electrosuisse.ch\/de\/normung\/training\/#breadcrumb\",\"itemListElement\":[{\"@type\":\"ListItem\",\"position\":1,\"name\":\"Normung\",\"item\":\"https:\/\/www.electrosuisse.ch\/de\/normung\/\"},{\"@type\":\"ListItem\",\"position\":2,\"name\":\"Training\"}]},{\"@type\":\"WebSite\",\"@id\":\"https:\/\/www.electrosuisse.ch\/de\/#website\",\"url\":\"https:\/\/www.electrosuisse.ch\/de\/\",\"name\":\"Electrosuisse\",\"description\":\"\",\"publisher\":{\"@id\":\"https:\/\/www.electrosuisse.ch\/de\/#organization\"},\"potentialAction\":[{\"@type\":\"SearchAction\",\"target\":{\"@type\":\"EntryPoint\",\"urlTemplate\":\"https:\/\/www.electrosuisse.ch\/de\/?s={search_term_string}\"},\"query-input\":{\"@type\":\"PropertyValueSpecification\",\"valueRequired\":true,\"valueName\":\"search_term_string\"}}],\"inLanguage\":\"de\"},{\"@type\":\"Organization\",\"@id\":\"https:\/\/www.electrosuisse.ch\/de\/#organization\",\"name\":\"Electrosuisse\",\"url\":\"https:\/\/www.electrosuisse.ch\/de\/\",\"logo\":{\"@type\":\"ImageObject\",\"inLanguage\":\"de\",\"@id\":\"https:\/\/www.electrosuisse.ch\/de\/#\/schema\/logo\/image\/\",\"url\":\"https:\/\/www.electrosuisse.ch\/wp-content\/uploads\/2025\/04\/Electrosuisse_Logo_696x696.png\",\"contentUrl\":\"https:\/\/www.electrosuisse.ch\/wp-content\/uploads\/2025\/04\/Electrosuisse_Logo_696x696.png\",\"width\":696,\"height\":696,\"caption\":\"Electrosuisse\"},\"image\":{\"@id\":\"https:\/\/www.electrosuisse.ch\/de\/#\/schema\/logo\/image\/\"},\"sameAs\":[\"https:\/\/www.linkedin.com\/company\/electrosuisse-ag\/posts\/?feedView=all\",\"https:\/\/www.instagram.com\/electrosuisse1889\/\",\"https:\/\/www.youtube.com\/channel\/UCoOxohMiVE0Gjcdis1L09zw\"],\"description\":\"Electrosuisse ist eine anerkannte und unabh\u00e4ngige Fachorganisation, die erstklassige Dienstleistungen und Produkte in den Bereichen Inspektion, Beratung, Pr\u00fcfung, Zertifizierung, Normung und Weiterbildung anbietet. Unsere Expertise umfasst Elektrotechnik, Elektromobilit\u00e4t, Energieberatung, Geb\u00e4udeautomation und Photovoltaik in der Schweiz. Durch die Veranstaltung etablierter Branchen-Events und Fachtagungen f\u00f6rdert Electrosuisse den Wissenstransfer und den fachlichen Austausch. Im Mittelpunkt unserer T\u00e4tigkeiten steht die F\u00f6rderung der sicheren, wirtschaftlichen und umweltgerechten Anwendung der Elektrotechnik.\"}]}<\/script>\n<!-- \/ Yoast SEO Premium plugin. -->","yoast_head_json":{"title":"Training - Electrosuisse","description":"Das CES bietet individuelle Trainings rund um das Thema \u00abNormung\u00bb an. Die Trainings k\u00f6nnen live vor Ort oder virtuell durchgef\u00fchrt werden.","robots":{"index":"index","follow":"follow","max-snippet":"max-snippet:-1","max-image-preview":"max-image-preview:large","max-video-preview":"max-video-preview:-1"},"canonical":"https:\/\/www.electrosuisse.ch\/de\/normung\/training\/","og_locale":"de_DE","og_type":"article","og_title":"Training - Electrosuisse","og_description":"Das CES bietet individuelle Trainings rund um das Thema \u00abNormung\u00bb an. Die Trainings k\u00f6nnen live vor Ort oder virtuell durchgef\u00fchrt werden.","og_url":"https:\/\/www.electrosuisse.ch\/de\/normung\/training\/","og_site_name":"Electrosuisse","article_modified_time":"2024-01-09T15:38:38+00:00","og_image":[{"width":1578,"height":650,"url":"https:\/\/www.electrosuisse.ch\/wp-content\/uploads\/2022\/12\/Electrosuisse_Ueber_uns_1578x650.jpg","type":"image\/jpeg"}],"schema":{"@context":"https:\/\/schema.org","@graph":[{"@type":"WebPage","@id":"https:\/\/www.electrosuisse.ch\/de\/normung\/training\/","url":"https:\/\/www.electrosuisse.ch\/de\/normung\/training\/","name":"Training - Electrosuisse","isPartOf":{"@id":"https:\/\/www.electrosuisse.ch\/de\/#website"},"datePublished":"2021-08-11T14:08:58+00:00","dateModified":"2024-01-09T15:38:38+00:00","description":"Das CES bietet individuelle Trainings rund um das Thema \u00abNormung\u00bb an. Die Trainings k\u00f6nnen live vor Ort oder virtuell durchgef\u00fchrt werden.","breadcrumb":{"@id":"https:\/\/www.electrosuisse.ch\/de\/normung\/training\/#breadcrumb"},"inLanguage":"de","potentialAction":[{"@type":"ReadAction","target":["https:\/\/www.electrosuisse.ch\/de\/normung\/training\/"]}]},{"@type":"BreadcrumbList","@id":"https:\/\/www.electrosuisse.ch\/de\/normung\/training\/#breadcrumb","itemListElement":[{"@type":"ListItem","position":1,"name":"Normung","item":"https:\/\/www.electrosuisse.ch\/de\/normung\/"},{"@type":"ListItem","position":2,"name":"Training"}]},{"@type":"WebSite","@id":"https:\/\/www.electrosuisse.ch\/de\/#website","url":"https:\/\/www.electrosuisse.ch\/de\/","name":"Electrosuisse","description":"","publisher":{"@id":"https:\/\/www.electrosuisse.ch\/de\/#organization"},"potentialAction":[{"@type":"SearchAction","target":{"@type":"EntryPoint","urlTemplate":"https:\/\/www.electrosuisse.ch\/de\/?s={search_term_string}"},"query-input":{"@type":"PropertyValueSpecification","valueRequired":true,"valueName":"search_term_string"}}],"inLanguage":"de"},{"@type":"Organization","@id":"https:\/\/www.electrosuisse.ch\/de\/#organization","name":"Electrosuisse","url":"https:\/\/www.electrosuisse.ch\/de\/","logo":{"@type":"ImageObject","inLanguage":"de","@id":"https:\/\/www.electrosuisse.ch\/de\/#\/schema\/logo\/image\/","url":"https:\/\/www.electrosuisse.ch\/wp-content\/uploads\/2025\/04\/Electrosuisse_Logo_696x696.png","contentUrl":"https:\/\/www.electrosuisse.ch\/wp-content\/uploads\/2025\/04\/Electrosuisse_Logo_696x696.png","width":696,"height":696,"caption":"Electrosuisse"},"image":{"@id":"https:\/\/www.electrosuisse.ch\/de\/#\/schema\/logo\/image\/"},"sameAs":["https:\/\/www.linkedin.com\/company\/electrosuisse-ag\/posts\/?feedView=all","https:\/\/www.instagram.com\/electrosuisse1889\/","https:\/\/www.youtube.com\/channel\/UCoOxohMiVE0Gjcdis1L09zw"],"description":"Electrosuisse ist eine anerkannte und unabh\u00e4ngige Fachorganisation, die erstklassige Dienstleistungen und Produkte in den Bereichen Inspektion, Beratung, Pr\u00fcfung, Zertifizierung, Normung und Weiterbildung anbietet. Unsere Expertise umfasst Elektrotechnik, Elektromobilit\u00e4t, Energieberatung, Geb\u00e4udeautomation und Photovoltaik in der Schweiz. Durch die Veranstaltung etablierter Branchen-Events und Fachtagungen f\u00f6rdert Electrosuisse den Wissenstransfer und den fachlichen Austausch. Im Mittelpunkt unserer T\u00e4tigkeiten steht die F\u00f6rderung der sicheren, wirtschaftlichen und umweltgerechten Anwendung der Elektrotechnik."}]}},"amp_enabled":true,"_links":{"self":[{"href":"https:\/\/www.electrosuisse.ch\/de\/wp-json\/wp\/v2\/pages\/18297","targetHints":{"allow":["GET"]}}],"collection":[{"href":"https:\/\/www.electrosuisse.ch\/de\/wp-json\/wp\/v2\/pages"}],"about":[{"href":"https:\/\/www.electrosuisse.ch\/de\/wp-json\/wp\/v2\/types\/page"}],"author":[{"embeddable":true,"href":"https:\/\/www.electrosuisse.ch\/de\/wp-json\/wp\/v2\/users\/20"}],"replies":[{"embeddable":true,"href":"https:\/\/www.electrosuisse.ch\/de\/wp-json\/wp\/v2\/comments?post=18297"}],"version-history":[{"count":1,"href":"https:\/\/www.electrosuisse.ch\/de\/wp-json\/wp\/v2\/pages\/18297\/revisions"}],"predecessor-version":[{"id":33544,"href":"https:\/\/www.electrosuisse.ch\/de\/wp-json\/wp\/v2\/pages\/18297\/revisions\/33544"}],"up":[{"embeddable":true,"href":"https:\/\/www.electrosuisse.ch\/de\/wp-json\/wp\/v2\/pages\/93"}],"wp:attachment":[{"href":"https:\/\/www.electrosuisse.ch\/de\/wp-json\/wp\/v2\/media?parent=18297"}],"curies":[{"name":"wp","href":"https:\/\/api.w.org\/{rel}","templated":true}]}}