{"id":16197,"date":"2021-04-07T15:28:58","date_gmt":"2021-04-07T13:28:58","guid":{"rendered":"https:\/\/www.electrosuisse.ch\/?page_id=16197"},"modified":"2026-03-23T09:59:20","modified_gmt":"2026-03-23T08:59:20","slug":"statuarische-wahlen-gv","status":"publish","type":"page","link":"https:\/\/www.electrosuisse.ch\/de\/veranstaltungen\/generalversammlung\/statuarische-wahlen-gv\/","title":{"rendered":"Statuarische Wahlen GV 2026"},"content":{"rendered":"<div class=\"wpb-content-wrapper\"><p>[vc_row][vc_column][vc_column_text css=&#8221;&#8221;]<\/p>\n<h1>Trakt. 7 Statutarische Wahlen<strong><br \/>\n<\/strong><\/h1>\n<p>[\/vc_column_text][vc_column_text css=&#8221;&#8221;]<\/p>\n<h3>Vorstand<\/h3>\n<p>[\/vc_column_text][vc_column_text css=&#8221;&#8221;]<\/p>\n<h5><strong>Pr\u00e4sident<\/strong><\/h5>\n<p>[\/vc_column_text][vc_column_text css=&#8221;&#8221;]<\/p>\n<table border=\"0\">\n<tbody>\n<tr>\n<td width=\"300\"><img decoding=\"async\" class=\"alignnone wp-image-42976 size-full\" src=\"https:\/\/www.electrosuisse.ch\/wp-content\/uploads\/2026\/03\/Daniel_Schafer_300x300px-1.jpg\" alt=\"\" width=\"300\" height=\"300\" \/><\/td>\n<td>\n<h4>Daniel Schafer<\/h4>\n<p>CEO<\/p>\n<p>BLS AG, Bern<\/td>\n<\/tr>\n<\/tbody>\n<\/table>\n<p>[\/vc_column_text][vc_column_text css=&#8221;&#8221;]<\/p>\n<h5>Neuwahlen<\/h5>\n<p>[\/vc_column_text][vc_column_text css=&#8221;&#8221;]<\/p>\n<table border=\"0\">\n<tbody>\n<tr>\n<td width=\"300\"><img decoding=\"async\" class=\"alignnone wp-image-42979 size-full\" src=\"https:\/\/www.electrosuisse.ch\/wp-content\/uploads\/2026\/03\/Federica-Linder_Hunziker_300x300px-1.jpg\" alt=\"\" width=\"300\" height=\"300\" \/><\/td>\n<td>\n<h4>Federica Linder-Hunziker<\/h4>\n<p>Group CFO<\/p>\n<p>Pfiffner International AG, Hirschthal<\/td>\n<\/tr>\n<\/tbody>\n<\/table>\n<p>[\/vc_column_text][vc_column_text css=&#8221;&#8221;]<\/p>\n<table border=\"0\">\n<tbody>\n<tr>\n<td width=\"300\"><img decoding=\"async\" class=\"alignnone wp-image-42983 size-full\" src=\"https:\/\/www.electrosuisse.ch\/wp-content\/uploads\/2026\/03\/Lukas_Kueng_300x300px-1.jpg\" alt=\"\" width=\"300\" height=\"300\" \/><\/td>\n<td>\n<h4>Dr. Lukas K\u00fcng<\/h4>\n<p><span class=\"TextRun SCXW255660319 BCX8\" lang=\"EN-US\" xml:lang=\"EN-US\" data-contrast=\"auto\"><span class=\"NormalTextRun SCXW255660319 BCX8\">Gesch\u00e4ftsf\u00fchrer<\/span><\/span><\/p>\n<p><span class=\"TextRun SCXW255660319 BCX8\" lang=\"EN-US\" xml:lang=\"EN-US\" data-contrast=\"auto\"><span class=\"NormalTextRun SCXW255660319 BCX8\">Primeo Netz AG, M\u00fcnchenstein<\/span><\/span><\/td>\n<\/tr>\n<\/tbody>\n<\/table>\n<p>[\/vc_column_text][vc_column_text css=&#8221;&#8221;]<\/p>\n<table border=\"0\">\n<tbody>\n<tr>\n<td width=\"300\"><img decoding=\"async\" class=\"alignnone wp-image-42986 size-full\" src=\"https:\/\/www.electrosuisse.ch\/wp-content\/uploads\/2026\/03\/Micha_Roellinghoff_300x300px-1.jpg\" alt=\"\" width=\"300\" height=\"300\" \/><\/td>\n<td>\n<h4><span class=\"EOP Selected SCXW176742874 BCX8\" data-ccp-props=\"{&quot;201341983&quot;:0,&quot;335559740&quot;:264}\"><span class=\"TextRun SCXW170799213 BCX8\" lang=\"DE-CH\" xml:lang=\"DE-CH\" data-contrast=\"auto\"><span class=\"NormalTextRun SCXW170799213 BCX8\">Micha\u00a0<\/span><span class=\"NormalTextRun SpellingErrorV2Themed SCXW170799213 BCX8\">R\u00f6llinghoff<\/span><\/span><span class=\"EOP Selected SCXW170799213 BCX8\" data-ccp-props=\"{&quot;201341983&quot;:0,&quot;335559740&quot;:264}\">\u00a0<\/span> <\/span><\/h4>\n<p><span class=\"TextRun SCXW110169421 BCX8\" lang=\"DE-CH\" xml:lang=\"DE-CH\" data-contrast=\"auto\"><span class=\"NormalTextRun SCXW110169421 BCX8\">CTO<\/span><\/span><span class=\"EOP Selected SCXW110169421 BCX8\" data-ccp-props=\"{&quot;201341983&quot;:0,&quot;335559740&quot;:264}\">\u00a0<\/span><\/p>\n<p><span class=\"TextRun SCXW109270873 BCX8\" lang=\"DE-CH\" xml:lang=\"DE-CH\" data-contrast=\"auto\"><span class=\"NormalTextRun SCXW109270873 BCX8\">Arthur Flury AG, Deitingen<\/span><\/span><span class=\"EOP Selected SCXW109270873 BCX8\" data-ccp-props=\"{&quot;201341983&quot;:0,&quot;335559740&quot;:264}\">\u00a0<\/span><\/td>\n<\/tr>\n<\/tbody>\n<\/table>\n<p>[\/vc_column_text][\/vc_column][\/vc_row]<\/p>\n<\/div>","protected":false},"excerpt":{"rendered":"<p>[vc_row][vc_column][vc_column_text css=&#8221;&#8221;] Trakt. 7 Statutarische Wahlen [\/vc_column_text][vc_column_text css=&#8221;&#8221;] Vorstand [\/vc_column_text][vc_column_text css=&#8221;&#8221;] Pr\u00e4sident [\/vc_column_text][vc_column_text css=&#8221;&#8221;] Daniel Schafer CEO BLS AG, Bern [\/vc_column_text][vc_column_text css=&#8221;&#8221;] Neuwahlen [\/vc_column_text][vc_column_text css=&#8221;&#8221;] Federica Linder-Hunziker Group CFO Pfiffner International AG, Hirschthal [\/vc_column_text][vc_column_text css=&#8221;&#8221;] Dr. Lukas K\u00fcng Gesch\u00e4ftsf\u00fchrer Primeo Netz AG, M\u00fcnchenstein [\/vc_column_text][vc_column_text css=&#8221;&#8221;] Micha\u00a0R\u00f6llinghoff\u00a0 CTO\u00a0 Arthur Flury AG, Deitingen\u00a0 [\/vc_column_text][\/vc_column][\/vc_row]<\/p>\n","protected":false},"author":6,"featured_media":0,"parent":16847,"menu_order":288,"comment_status":"closed","ping_status":"closed","template":"","meta":{"_acf_changed":false,"_monsterinsights_skip_tracking":false,"_monsterinsights_sitenote_active":false,"_monsterinsights_sitenote_note":"","_monsterinsights_sitenote_category":0,"footnotes":""},"class_list":["post-16197","page","type-page","status-publish","hentry"],"acf":[],"yoast_head":"<!-- This site is optimized with the Yoast SEO Premium plugin v26.4 (Yoast SEO v27.0) - https:\/\/yoast.com\/product\/yoast-seo-premium-wordpress\/ -->\n<title>Statuarische Wahlen GV 2026 - Electrosuisse<\/title>\n<meta name=\"description\" content=\"Trakt. 7 Statutarische Wahlen - GV 2026\" \/>\n<meta name=\"robots\" content=\"index, follow, max-snippet:-1, max-image-preview:large, max-video-preview:-1\" \/>\n<link rel=\"canonical\" href=\"https:\/\/www.electrosuisse.ch\/de\/veranstaltungen\/generalversammlung\/statuarische-wahlen-gv\/\" \/>\n<meta property=\"og:locale\" content=\"de_DE\" \/>\n<meta property=\"og:type\" content=\"article\" \/>\n<meta property=\"og:title\" content=\"Statuarische Wahlen GV 2026 - Electrosuisse\" \/>\n<meta property=\"og:description\" content=\"Trakt. 7 Statutarische Wahlen - GV 2026\" \/>\n<meta property=\"og:url\" content=\"https:\/\/www.electrosuisse.ch\/de\/veranstaltungen\/generalversammlung\/statuarische-wahlen-gv\/\" \/>\n<meta property=\"og:site_name\" content=\"Electrosuisse\" \/>\n<meta property=\"article:modified_time\" content=\"2026-03-23T08:59:20+00:00\" \/>\n<meta property=\"og:image\" content=\"https:\/\/www.electrosuisse.ch\/wp-content\/uploads\/2026\/02\/Electrosuisse_GV_2026_Bild_CKW-Rathausen.jpg\" \/>\n\t<meta property=\"og:image:width\" content=\"300\" \/>\n\t<meta property=\"og:image:height\" content=\"300\" \/>\n\t<meta property=\"og:image:type\" content=\"image\/jpeg\" \/>\n<script type=\"application\/ld+json\" class=\"yoast-schema-graph\">{\"@context\":\"https:\/\/schema.org\",\"@graph\":[{\"@type\":\"WebPage\",\"@id\":\"https:\/\/www.electrosuisse.ch\/de\/veranstaltungen\/generalversammlung\/statuarische-wahlen-gv\/\",\"url\":\"https:\/\/www.electrosuisse.ch\/de\/veranstaltungen\/generalversammlung\/statuarische-wahlen-gv\/\",\"name\":\"Statuarische Wahlen GV 2026 - Electrosuisse\",\"isPartOf\":{\"@id\":\"https:\/\/www.electrosuisse.ch\/de\/#website\"},\"primaryImageOfPage\":{\"@id\":\"https:\/\/www.electrosuisse.ch\/de\/veranstaltungen\/generalversammlung\/statuarische-wahlen-gv\/#primaryimage\"},\"image\":{\"@id\":\"https:\/\/www.electrosuisse.ch\/de\/veranstaltungen\/generalversammlung\/statuarische-wahlen-gv\/#primaryimage\"},\"thumbnailUrl\":\"https:\/\/www.electrosuisse.ch\/wp-content\/uploads\/2026\/03\/Daniel_Schafer_300x300px-1.jpg\",\"datePublished\":\"2021-04-07T13:28:58+00:00\",\"dateModified\":\"2026-03-23T08:59:20+00:00\",\"description\":\"Trakt. 7 Statutarische Wahlen - GV 2026\",\"breadcrumb\":{\"@id\":\"https:\/\/www.electrosuisse.ch\/de\/veranstaltungen\/generalversammlung\/statuarische-wahlen-gv\/#breadcrumb\"},\"inLanguage\":\"de\",\"potentialAction\":[{\"@type\":\"ReadAction\",\"target\":[\"https:\/\/www.electrosuisse.ch\/de\/veranstaltungen\/generalversammlung\/statuarische-wahlen-gv\/\"]}]},{\"@type\":\"ImageObject\",\"inLanguage\":\"de\",\"@id\":\"https:\/\/www.electrosuisse.ch\/de\/veranstaltungen\/generalversammlung\/statuarische-wahlen-gv\/#primaryimage\",\"url\":\"https:\/\/www.electrosuisse.ch\/wp-content\/uploads\/2026\/03\/Daniel_Schafer_300x300px-1.jpg\",\"contentUrl\":\"https:\/\/www.electrosuisse.ch\/wp-content\/uploads\/2026\/03\/Daniel_Schafer_300x300px-1.jpg\"},{\"@type\":\"BreadcrumbList\",\"@id\":\"https:\/\/www.electrosuisse.ch\/de\/veranstaltungen\/generalversammlung\/statuarische-wahlen-gv\/#breadcrumb\",\"itemListElement\":[{\"@type\":\"ListItem\",\"position\":1,\"name\":\"Veranstaltungen\",\"item\":\"https:\/\/www.electrosuisse.ch\/de\/veranstaltungen\/\"},{\"@type\":\"ListItem\",\"position\":2,\"name\":\"Generalversammlung\",\"item\":\"https:\/\/www.electrosuisse.ch\/de\/veranstaltungen\/generalversammlung\/\"},{\"@type\":\"ListItem\",\"position\":3,\"name\":\"Statuarische Wahlen GV 2026\"}]},{\"@type\":\"WebSite\",\"@id\":\"https:\/\/www.electrosuisse.ch\/de\/#website\",\"url\":\"https:\/\/www.electrosuisse.ch\/de\/\",\"name\":\"Electrosuisse\",\"description\":\"\",\"publisher\":{\"@id\":\"https:\/\/www.electrosuisse.ch\/de\/#organization\"},\"potentialAction\":[{\"@type\":\"SearchAction\",\"target\":{\"@type\":\"EntryPoint\",\"urlTemplate\":\"https:\/\/www.electrosuisse.ch\/de\/?s={search_term_string}\"},\"query-input\":{\"@type\":\"PropertyValueSpecification\",\"valueRequired\":true,\"valueName\":\"search_term_string\"}}],\"inLanguage\":\"de\"},{\"@type\":\"Organization\",\"@id\":\"https:\/\/www.electrosuisse.ch\/de\/#organization\",\"name\":\"Electrosuisse\",\"url\":\"https:\/\/www.electrosuisse.ch\/de\/\",\"logo\":{\"@type\":\"ImageObject\",\"inLanguage\":\"de\",\"@id\":\"https:\/\/www.electrosuisse.ch\/de\/#\/schema\/logo\/image\/\",\"url\":\"https:\/\/www.electrosuisse.ch\/wp-content\/uploads\/2025\/04\/Electrosuisse_Logo_696x696.png\",\"contentUrl\":\"https:\/\/www.electrosuisse.ch\/wp-content\/uploads\/2025\/04\/Electrosuisse_Logo_696x696.png\",\"width\":696,\"height\":696,\"caption\":\"Electrosuisse\"},\"image\":{\"@id\":\"https:\/\/www.electrosuisse.ch\/de\/#\/schema\/logo\/image\/\"},\"sameAs\":[\"https:\/\/www.linkedin.com\/company\/electrosuisse-ag\/posts\/?feedView=all\",\"https:\/\/www.instagram.com\/electrosuisse1889\/\",\"https:\/\/www.youtube.com\/channel\/UCoOxohMiVE0Gjcdis1L09zw\"],\"description\":\"Electrosuisse ist eine anerkannte und unabh\u00e4ngige Fachorganisation, die erstklassige Dienstleistungen und Produkte in den Bereichen Inspektion, Beratung, Pr\u00fcfung, Zertifizierung, Normung und Weiterbildung anbietet. Unsere Expertise umfasst Elektrotechnik, Elektromobilit\u00e4t, Energieberatung, Geb\u00e4udeautomation und Photovoltaik in der Schweiz. Durch die Veranstaltung etablierter Branchen-Events und Fachtagungen f\u00f6rdert Electrosuisse den Wissenstransfer und den fachlichen Austausch. Im Mittelpunkt unserer T\u00e4tigkeiten steht die F\u00f6rderung der sicheren, wirtschaftlichen und umweltgerechten Anwendung der Elektrotechnik.\"}]}<\/script>\n<!-- \/ Yoast SEO Premium plugin. -->","yoast_head_json":{"title":"Statuarische Wahlen GV 2026 - Electrosuisse","description":"Trakt. 7 Statutarische Wahlen - GV 2026","robots":{"index":"index","follow":"follow","max-snippet":"max-snippet:-1","max-image-preview":"max-image-preview:large","max-video-preview":"max-video-preview:-1"},"canonical":"https:\/\/www.electrosuisse.ch\/de\/veranstaltungen\/generalversammlung\/statuarische-wahlen-gv\/","og_locale":"de_DE","og_type":"article","og_title":"Statuarische Wahlen GV 2026 - Electrosuisse","og_description":"Trakt. 7 Statutarische Wahlen - GV 2026","og_url":"https:\/\/www.electrosuisse.ch\/de\/veranstaltungen\/generalversammlung\/statuarische-wahlen-gv\/","og_site_name":"Electrosuisse","article_modified_time":"2026-03-23T08:59:20+00:00","og_image":[{"width":300,"height":300,"url":"https:\/\/www.electrosuisse.ch\/wp-content\/uploads\/2026\/02\/Electrosuisse_GV_2026_Bild_CKW-Rathausen.jpg","type":"image\/jpeg"}],"schema":{"@context":"https:\/\/schema.org","@graph":[{"@type":"WebPage","@id":"https:\/\/www.electrosuisse.ch\/de\/veranstaltungen\/generalversammlung\/statuarische-wahlen-gv\/","url":"https:\/\/www.electrosuisse.ch\/de\/veranstaltungen\/generalversammlung\/statuarische-wahlen-gv\/","name":"Statuarische Wahlen GV 2026 - Electrosuisse","isPartOf":{"@id":"https:\/\/www.electrosuisse.ch\/de\/#website"},"primaryImageOfPage":{"@id":"https:\/\/www.electrosuisse.ch\/de\/veranstaltungen\/generalversammlung\/statuarische-wahlen-gv\/#primaryimage"},"image":{"@id":"https:\/\/www.electrosuisse.ch\/de\/veranstaltungen\/generalversammlung\/statuarische-wahlen-gv\/#primaryimage"},"thumbnailUrl":"https:\/\/www.electrosuisse.ch\/wp-content\/uploads\/2026\/03\/Daniel_Schafer_300x300px-1.jpg","datePublished":"2021-04-07T13:28:58+00:00","dateModified":"2026-03-23T08:59:20+00:00","description":"Trakt. 7 Statutarische Wahlen - GV 2026","breadcrumb":{"@id":"https:\/\/www.electrosuisse.ch\/de\/veranstaltungen\/generalversammlung\/statuarische-wahlen-gv\/#breadcrumb"},"inLanguage":"de","potentialAction":[{"@type":"ReadAction","target":["https:\/\/www.electrosuisse.ch\/de\/veranstaltungen\/generalversammlung\/statuarische-wahlen-gv\/"]}]},{"@type":"ImageObject","inLanguage":"de","@id":"https:\/\/www.electrosuisse.ch\/de\/veranstaltungen\/generalversammlung\/statuarische-wahlen-gv\/#primaryimage","url":"https:\/\/www.electrosuisse.ch\/wp-content\/uploads\/2026\/03\/Daniel_Schafer_300x300px-1.jpg","contentUrl":"https:\/\/www.electrosuisse.ch\/wp-content\/uploads\/2026\/03\/Daniel_Schafer_300x300px-1.jpg"},{"@type":"BreadcrumbList","@id":"https:\/\/www.electrosuisse.ch\/de\/veranstaltungen\/generalversammlung\/statuarische-wahlen-gv\/#breadcrumb","itemListElement":[{"@type":"ListItem","position":1,"name":"Veranstaltungen","item":"https:\/\/www.electrosuisse.ch\/de\/veranstaltungen\/"},{"@type":"ListItem","position":2,"name":"Generalversammlung","item":"https:\/\/www.electrosuisse.ch\/de\/veranstaltungen\/generalversammlung\/"},{"@type":"ListItem","position":3,"name":"Statuarische Wahlen GV 2026"}]},{"@type":"WebSite","@id":"https:\/\/www.electrosuisse.ch\/de\/#website","url":"https:\/\/www.electrosuisse.ch\/de\/","name":"Electrosuisse","description":"","publisher":{"@id":"https:\/\/www.electrosuisse.ch\/de\/#organization"},"potentialAction":[{"@type":"SearchAction","target":{"@type":"EntryPoint","urlTemplate":"https:\/\/www.electrosuisse.ch\/de\/?s={search_term_string}"},"query-input":{"@type":"PropertyValueSpecification","valueRequired":true,"valueName":"search_term_string"}}],"inLanguage":"de"},{"@type":"Organization","@id":"https:\/\/www.electrosuisse.ch\/de\/#organization","name":"Electrosuisse","url":"https:\/\/www.electrosuisse.ch\/de\/","logo":{"@type":"ImageObject","inLanguage":"de","@id":"https:\/\/www.electrosuisse.ch\/de\/#\/schema\/logo\/image\/","url":"https:\/\/www.electrosuisse.ch\/wp-content\/uploads\/2025\/04\/Electrosuisse_Logo_696x696.png","contentUrl":"https:\/\/www.electrosuisse.ch\/wp-content\/uploads\/2025\/04\/Electrosuisse_Logo_696x696.png","width":696,"height":696,"caption":"Electrosuisse"},"image":{"@id":"https:\/\/www.electrosuisse.ch\/de\/#\/schema\/logo\/image\/"},"sameAs":["https:\/\/www.linkedin.com\/company\/electrosuisse-ag\/posts\/?feedView=all","https:\/\/www.instagram.com\/electrosuisse1889\/","https:\/\/www.youtube.com\/channel\/UCoOxohMiVE0Gjcdis1L09zw"],"description":"Electrosuisse ist eine anerkannte und unabh\u00e4ngige Fachorganisation, die erstklassige Dienstleistungen und Produkte in den Bereichen Inspektion, Beratung, Pr\u00fcfung, Zertifizierung, Normung und Weiterbildung anbietet. Unsere Expertise umfasst Elektrotechnik, Elektromobilit\u00e4t, Energieberatung, Geb\u00e4udeautomation und Photovoltaik in der Schweiz. Durch die Veranstaltung etablierter Branchen-Events und Fachtagungen f\u00f6rdert Electrosuisse den Wissenstransfer und den fachlichen Austausch. Im Mittelpunkt unserer T\u00e4tigkeiten steht die F\u00f6rderung der sicheren, wirtschaftlichen und umweltgerechten Anwendung der Elektrotechnik."}]}},"amp_enabled":true,"_links":{"self":[{"href":"https:\/\/www.electrosuisse.ch\/de\/wp-json\/wp\/v2\/pages\/16197","targetHints":{"allow":["GET"]}}],"collection":[{"href":"https:\/\/www.electrosuisse.ch\/de\/wp-json\/wp\/v2\/pages"}],"about":[{"href":"https:\/\/www.electrosuisse.ch\/de\/wp-json\/wp\/v2\/types\/page"}],"author":[{"embeddable":true,"href":"https:\/\/www.electrosuisse.ch\/de\/wp-json\/wp\/v2\/users\/6"}],"replies":[{"embeddable":true,"href":"https:\/\/www.electrosuisse.ch\/de\/wp-json\/wp\/v2\/comments?post=16197"}],"version-history":[{"count":16,"href":"https:\/\/www.electrosuisse.ch\/de\/wp-json\/wp\/v2\/pages\/16197\/revisions"}],"predecessor-version":[{"id":43006,"href":"https:\/\/www.electrosuisse.ch\/de\/wp-json\/wp\/v2\/pages\/16197\/revisions\/43006"}],"up":[{"embeddable":true,"href":"https:\/\/www.electrosuisse.ch\/de\/wp-json\/wp\/v2\/pages\/16847"}],"wp:attachment":[{"href":"https:\/\/www.electrosuisse.ch\/de\/wp-json\/wp\/v2\/media?parent=16197"}],"curies":[{"name":"wp","href":"https:\/\/api.w.org\/{rel}","templated":true}]}}