{"id":14835,"date":"2021-01-08T10:50:31","date_gmt":"2021-01-08T09:50:31","guid":{"rendered":"https:\/\/www.electrosuisse.ch\/?page_id=14835"},"modified":"2023-02-22T11:20:53","modified_gmt":"2023-02-22T10:20:53","slug":"normungsantrag","status":"publish","type":"page","link":"https:\/\/www.electrosuisse.ch\/de\/normung\/normungsantrag\/","title":{"rendered":"Normungsantrag"},"content":{"rendered":"<div class=\"wpb-content-wrapper\"><p>[vc_row][vc_column][vc_column_text]<\/p>\n<h1>Antrag auf Erstellung oder \u00dcberarbeitung eines Normdokumentes<\/h1>\n<p>[\/vc_column_text][vc_column_text]Electrosuisse unterst\u00fctzt im Bereich der elektrotechnischen Normung die Entwicklung von Normdokumenten \u2013 von der Idee zu einer SN, SNR oder SNG bis zur Publikation des Dokumentes. Wenn Sie ein Projekt zur Entwicklung eines neuen Normdokumentes und \/ oder zur \u00dcberarbeitung eines bestehenden Dokuments starten m\u00f6chten, benutzen Sie bitte das untenstehende Formular. Ihr Antrag wird von den zust\u00e4ndigen Gremien bzw. dem zust\u00e4ndigen Komitee sorgf\u00e4ltig gepr\u00fcft. Wir informieren Sie dann \u00fcber die weitere Vorgangsweise und den Ablauf.[\/vc_column_text][vc_column_text]<strong>Im Falle einer \u00dcberarbeitung ist die dazugeh\u00f6rige Referenznummer anzugeben.<\/strong>[\/vc_column_text]<div class=\"wpb_form_column wpb_content_element\"><div class=\"wpb_wrapper test\"><div id=\"quform-611b27\" class=\"quform quform-35 quform-support-page-caching\"><form id=\"quform-form-611b27\" class=\"quform-form quform-form-35\" action=\"\/de\/wp-json\/wp\/v2\/pages\/14835#quform-611b27\" method=\"post\" enctype=\"multipart\/form-data\" novalidate=\"novalidate\" data-options=\"{&quot;id&quot;:35,&quot;uniqueId&quot;:&quot;611b27&quot;,&quot;theme&quot;:&quot;&quot;,&quot;ajax&quot;:true,&quot;logic&quot;:{&quot;logic&quot;:[],&quot;dependents&quot;:[],&quot;elementIds&quot;:[],&quot;dependentElementIds&quot;:[],&quot;animate&quot;:true},&quot;currentPageId&quot;:1,&quot;errorsIcon&quot;:&quot;&quot;,&quot;updateFancybox&quot;:true,&quot;hasPages&quot;:false,&quot;pages&quot;:[1],&quot;pageProgressType&quot;:&quot;numbers&quot;,&quot;tooltipsEnabled&quot;:true,&quot;tooltipClasses&quot;:&quot;qtip-quform-dark qtip-shadow&quot;,&quot;tooltipMy&quot;:&quot;left center&quot;,&quot;tooltipAt&quot;:&quot;right center&quot;,&quot;isRtl&quot;:false,&quot;scrollOffset&quot;:-50,&quot;scrollSpeed&quot;:800}\"><button class=\"quform-default-submit\" name=\"quform_submit\" type=\"submit\" value=\"submit\" aria-hidden=\"true\" tabindex=\"-1\"><\/button><div class=\"quform-form-inner quform-form-inner-35\"><input type=\"hidden\" name=\"quform_form_id\" value=\"35\" \/><input type=\"hidden\" name=\"quform_form_uid\" value=\"611b27\" \/><input type=\"hidden\" name=\"quform_count\" value=\"1\" \/><input type=\"hidden\" name=\"form_url\" value=\"https:\/\/www.electrosuisse.ch\/de\/wp-json\/wp\/v2\/pages\/14835\" \/><input type=\"hidden\" name=\"referring_url\" value=\"\" \/><input type=\"hidden\" name=\"post_id\" value=\"\" \/><input type=\"hidden\" name=\"post_title\" value=\"\" \/><input type=\"hidden\" name=\"quform_current_page_id\" value=\"1\" \/><input type=\"hidden\" name=\"quform_loaded\" value=\"1776354335|b7461a7fcc59b89a3c1061e5611030cd\" \/><input type=\"hidden\" name=\"quform_csrf_token\" value=\"mIjZLVqNoE6alX1HOvS8BFOR9G9V0NApb0lj3PZX\" \/><div class=\"quform-elements quform-elements-35 quform-cf quform-responsive-elements-phone-landscape\"><div class=\"quform-element quform-element-page quform-page-1 quform-page-35_1 quform-cf quform-group-style-plain quform-first-page quform-last-page quform-current-page\"><div class=\"quform-child-elements\"><div class=\"quform-element quform-element-select quform-element-35_18 quform-cf quform-element-required\"><div class=\"quform-spacer\"><div class=\"quform-label quform-label-35_18\"><label class=\"quform-label-text\" for=\"quform_35_18_611b27\">Anrede<span class=\"quform-required\">*<\/span><\/label><\/div><div class=\"quform-inner quform-inner-select quform-inner-35_18\"><div class=\"quform-input quform-input-select quform-input-35_18 quform-cf\"><select id=\"quform_35_18_611b27\" name=\"quform_35_18\" class=\"quform-field quform-field-select quform-field-35_18 quform-field-select-enhanced\" data-options=\"{&quot;rtl&quot;:false,&quot;search&quot;:false,&quot;noResultsFound&quot;:&quot;Keine Ergebnisse gefunden.&quot;}\" style=\"width: 100%;\"><option value=\"\" selected=\"selected\">Bitte w\u00e4hlen<\/option><option value=\"Herr\">Herr<\/option><option value=\"Frau\">Frau<\/option><\/select><\/div><\/div><\/div><\/div><div class=\"quform-element quform-element-group quform-element-35_14 quform-cf quform-group-style-plain\"><div class=\"quform-spacer\"><div class=\"quform-child-elements\"><div class=\"quform-element quform-element-text quform-element-35_4 quform-cf quform-labels-inside quform-element-required\"><div class=\"quform-spacer\"><div class=\"quform-label quform-label-35_4\"><label class=\"quform-label-text\" for=\"quform_35_4_611b27\">Vorname<span class=\"quform-required\">*<\/span><\/label><\/div><div class=\"quform-inner quform-inner-text quform-inner-35_4\"><div class=\"quform-input quform-input-text quform-input-35_4 quform-cf\"><input type=\"text\" id=\"quform_35_4_611b27\" name=\"quform_35_4\" class=\"quform-field quform-field-text quform-field-35_4\" \/><\/div><\/div><\/div><\/div><div class=\"quform-element quform-element-text quform-element-35_5 quform-cf quform-labels-inside quform-element-required\"><div class=\"quform-spacer\"><div class=\"quform-label quform-label-35_5\"><label class=\"quform-label-text\" for=\"quform_35_5_611b27\">Name<span class=\"quform-required\">*<\/span><\/label><\/div><div class=\"quform-inner quform-inner-text quform-inner-35_5\"><div class=\"quform-input quform-input-text quform-input-35_5 quform-cf\"><input type=\"text\" id=\"quform_35_5_611b27\" name=\"quform_35_5\" class=\"quform-field quform-field-text quform-field-35_5\" \/><\/div><\/div><\/div><\/div><\/div><\/div><\/div><div class=\"quform-element quform-element-text quform-element-35_6 quform-cf quform-labels-inside quform-element-optional\"><div class=\"quform-spacer\"><div class=\"quform-label quform-label-35_6\"><label class=\"quform-label-text\" for=\"quform_35_6_611b27\">Firma<\/label><\/div><div class=\"quform-inner quform-inner-text quform-inner-35_6\"><div class=\"quform-input quform-input-text quform-input-35_6 quform-cf\"><input type=\"text\" id=\"quform_35_6_611b27\" name=\"quform_35_6\" class=\"quform-field quform-field-text quform-field-35_6\" \/><\/div><\/div><\/div><\/div><div class=\"quform-element quform-element-group quform-element-35_15 quform-cf quform-group-style-plain\"><div class=\"quform-spacer\"><div class=\"quform-child-elements\"><div class=\"quform-element quform-element-email quform-element-35_11 quform-cf quform-labels-inside quform-element-required\"><div class=\"quform-spacer\"><div class=\"quform-label quform-label-35_11\"><label class=\"quform-label-text\" for=\"quform_35_11_611b27\">E-Mail<span class=\"quform-required\">*<\/span><\/label><\/div><div class=\"quform-inner quform-inner-email quform-inner-35_11\"><div class=\"quform-input quform-input-email quform-input-35_11 quform-cf\"><input type=\"email\" id=\"quform_35_11_611b27\" name=\"quform_35_11\" class=\"quform-field quform-field-email quform-field-35_11\" \/><\/div><\/div><\/div><\/div><div class=\"quform-element quform-element-text quform-element-35_10 quform-cf quform-labels-inside quform-element-required\"><div class=\"quform-spacer\"><div class=\"quform-label quform-label-35_10\"><label class=\"quform-label-text\" for=\"quform_35_10_611b27\">Telefon<span class=\"quform-required\">*<\/span><\/label><\/div><div class=\"quform-inner quform-inner-text quform-inner-35_10\"><div class=\"quform-input quform-input-text quform-input-35_10 quform-cf\"><input type=\"text\" id=\"quform_35_10_611b27\" name=\"quform_35_10\" class=\"quform-field quform-field-text quform-field-35_10\" \/><\/div><\/div><\/div><\/div><\/div><\/div><\/div><div class=\"quform-element quform-element-textarea quform-element-35_13 quform-cf quform-labels-inside quform-element-optional\"><div class=\"quform-spacer\"><div class=\"quform-label quform-label-35_13\"><label class=\"quform-label-text\" for=\"quform_35_13_611b27\">Vorschlag Arbeitstitel (Neues Projekt)<\/label><\/div><div class=\"quform-inner quform-inner-textarea quform-inner-35_13\"><div class=\"quform-input quform-input-textarea quform-input-35_13 quform-cf\"><textarea id=\"quform_35_13_611b27\" name=\"quform_35_13\" class=\"quform-field quform-field-textarea quform-field-35_13\"><\/textarea><\/div><\/div><\/div><\/div><div class=\"quform-element quform-element-textarea quform-element-35_703995 quform-sr-only quform-cf\" style=\"clip: rect(1px, 1px, 1px, 1px); clip-path: inset(50%); position: absolute !important; height: 1px; width: 1px; overflow: hidden;\"><div class=\"quform-spacer\"><div class=\"quform-label quform-label-35_703995\"><label class=\"quform-label-text\" for=\"quform_35_703995_611b27\">Contact Email<span class=\"quform-required\">*<\/span><\/label><\/div><div class=\"quform-inner quform-inner-35_703995\"><textarea id=\"quform_35_703995_611b27\" name=\"quform_35_703995\" class=\"quform-field quform-field-textarea quform-field-35_703995\" tabindex=\"-1\" autocomplete=\"new-password\"><\/textarea><\/div><\/div><\/div><div class=\"quform-element quform-element-text quform-element-35_32 quform-cf quform-labels-inside quform-element-optional\"><div class=\"quform-spacer\"><div class=\"quform-label quform-label-35_32\"><label class=\"quform-label-text\" for=\"quform_35_32_611b27\">Referenznummer des Normdokumentes<\/label><\/div><div class=\"quform-inner quform-inner-text quform-inner-35_32\"><div class=\"quform-input quform-input-text quform-input-35_32 quform-cf\"><input type=\"text\" id=\"quform_35_32_611b27\" name=\"quform_35_32\" class=\"quform-field quform-field-text quform-field-35_32\" \/><\/div><\/div><\/div><\/div><div class=\"quform-element quform-element-textarea quform-element-35_30 quform-cf quform-labels-inside quform-element-required\"><div class=\"quform-spacer\"><div class=\"quform-label quform-label-35_30\"><label class=\"quform-label-text\" for=\"quform_35_30_611b27\">Anwendungsbereich des Normdokumentes (Wo und bei wem)<span class=\"quform-required\">*<\/span><\/label><\/div><div class=\"quform-inner quform-inner-textarea quform-inner-35_30\"><div class=\"quform-input quform-input-textarea quform-input-35_30 quform-cf\"><textarea id=\"quform_35_30_611b27\" name=\"quform_35_30\" class=\"quform-field quform-field-textarea quform-field-35_30\"><\/textarea><\/div><\/div><\/div><\/div><div class=\"quform-element quform-element-file quform-element-35_34 quform-cf quform-element-optional\"><div class=\"quform-spacer\"><div class=\"quform-label quform-label-35_34\"><label class=\"quform-label-text\" for=\"quform_35_34_611b27\">Upload<\/label><\/div><div class=\"quform-inner quform-inner-file quform-inner-35_34\"><div class=\"quform-input quform-input-file quform-input-35_34 quform-cf quform-button-style-theme\"><input type=\"file\" id=\"quform_35_34_611b27\" name=\"quform_35_34[]\" class=\"quform-field quform-field-file quform-field-35_34 quform-field-file-enhanced\" data-config=\"{&quot;id&quot;:34,&quot;identifier&quot;:&quot;35_34&quot;,&quot;name&quot;:&quot;quform_35_34&quot;,&quot;max&quot;:1,&quot;size&quot;:10485760,&quot;allowedExtensions&quot;:[&quot;jpg&quot;,&quot;jpeg&quot;,&quot;png&quot;,&quot;gif&quot;,&quot;pdf&quot;],&quot;notAllowedTypeWithFilename&quot;:&quot;Der Dateityp &#039;%filename%&#039; ist nicht erlaubt&quot;,&quot;tooBigWithFilename&quot;:&quot;File &#039;%filename%&#039; exceeds the maximum allowed file size&quot;,&quot;tooMany&quot;:&quot;You cannot upload more than %max% file(s)&quot;,&quot;buttonType&quot;:&quot;button&quot;,&quot;buttonText&quot;:&quot;Datei ausw\\u00e4hlen...&quot;,&quot;buttonIcon&quot;:&quot;qicon-file_upload&quot;,&quot;buttonIconPosition&quot;:&quot;right&quot;}\" \/><\/div><\/div><\/div><\/div><div class=\"quform-element quform-element-checkbox quform-element-35_33 quform-cf quform-element-required\"><div class=\"quform-spacer\"><div class=\"quform-label quform-label-35_33\"><label class=\"quform-label-text\" id=\"quform_35_33_611b27_label\">Ich stimme der Speicherung und Verarbeitung meiner Daten durch die Electrosuisse zu.<span class=\"quform-required\">*<\/span><\/label><\/div><div class=\"quform-inner quform-inner-checkbox quform-inner-35_33\"><div class=\"quform-input quform-input-checkbox quform-input-35_33 quform-cf\"><div class=\"quform-options quform-cf quform-options-block quform-options-simple\" role=\"group\" aria-labelledby=\"quform_35_33_611b27_label\"><div class=\"quform-option\"><input type=\"checkbox\" name=\"quform_35_33[]\" id=\"quform_35_33_611b27_1\" class=\"quform-field quform-field-checkbox quform-field-35_33 quform-field-35_33_1\" value=\"Ja\" \/><label for=\"quform_35_33_611b27_1\" class=\"quform-option-label quform-option-label-35_33_1\"><span class=\"quform-option-text\">Ja<\/span><\/label><\/div><\/div><\/div><\/div><\/div><\/div><div class=\"quform-element quform-element-submit quform-element-35_2 quform-cf quform-button-style-theme\"><div class=\"quform-button-submit quform-button-submit-default quform-button-submit-35_2\"><button name=\"quform_submit\" type=\"submit\" class=\"quform-submit\" value=\"submit\"><span class=\"quform-button-text quform-button-submit-text\">Absenden<\/span><\/button><\/div><div class=\"quform-loading quform-loading-position-left quform-loading-type-spinner-1\"><div class=\"quform-loading-inner\"><div class=\"quform-loading-spinner\"><div class=\"quform-loading-spinner-inner\"><\/div><\/div><\/div><\/div><\/div><\/div><\/div><\/div><div class=\"quform-upload-progress-wrap\"><div class=\"quform-upload-progress-bar-wrap\"><div class=\"quform-upload-progress-bar\"><\/div><\/div><div class=\"quform-upload-info quform-cf\"><div class=\"quform-upload-filename\"><\/div><\/div><\/div><\/div><\/form><\/div><\/div><\/div>[vc_column_text]Ihre personenbezogenen Daten werden zum Zweck Ihrer Anfrage im Rahmen der geltenden Datenschutzgesetze durch Electrosuisse verarbeitet und gem\u00e4ss geltendem Recht aufbewahrt etc., f\u00fcr Details siehe <a href=\"https:\/\/www.electrosuisse.ch\/de\/datenschutz\/\" target=\"_blank\" rel=\"noopener\">\u00abDatenschutzerkl\u00e4rung der Electrosuisse\u00bb<\/a>.[\/vc_column_text][\/vc_column][\/vc_row]<\/p>\n<\/div>","protected":false},"excerpt":{"rendered":"<p>[vc_row][vc_column][vc_column_text] Antrag auf Erstellung oder \u00dcberarbeitung eines Normdokumentes [\/vc_column_text][vc_column_text]Electrosuisse unterst\u00fctzt im Bereich der elektrotechnischen Normung die Entwicklung von Normdokumenten \u2013 von der Idee zu einer SN, SNR oder SNG bis zur Publikation des Dokumentes. Wenn Sie ein Projekt zur Entwicklung eines neuen Normdokumentes und \/ oder zur \u00dcberarbeitung eines bestehenden Dokuments starten m\u00f6chten, benutzen Sie [&hellip;]<\/p>\n","protected":false},"author":6,"featured_media":0,"parent":93,"menu_order":172,"comment_status":"closed","ping_status":"closed","template":"","meta":{"_acf_changed":false,"_monsterinsights_skip_tracking":false,"_monsterinsights_sitenote_active":false,"_monsterinsights_sitenote_note":"","_monsterinsights_sitenote_category":0,"footnotes":""},"class_list":["post-14835","page","type-page","status-publish","hentry"],"acf":[],"yoast_head":"<!-- This site is optimized with the Yoast SEO Premium plugin v26.4 (Yoast SEO v27.0) - https:\/\/yoast.com\/product\/yoast-seo-premium-wordpress\/ -->\n<title>Antrag auf Erstellung oder \u00dcberarbeitung eines Normdokumentes<\/title>\n<meta name=\"description\" content=\"Electrosuisse unterst\u00fctzt im Bereich der elektrotechnischen Normung die Entwicklung von Normdokumenten. Ihr Antrag wird von dem zust\u00e4ndigen Komitee sorgf\u00e4ltig gepr\u00fcft.\" \/>\n<meta name=\"robots\" content=\"index, follow, max-snippet:-1, max-image-preview:large, max-video-preview:-1\" \/>\n<link rel=\"canonical\" href=\"https:\/\/www.electrosuisse.ch\/de\/normung\/normungsantrag\/\" \/>\n<meta property=\"og:locale\" content=\"de_DE\" \/>\n<meta property=\"og:type\" content=\"article\" \/>\n<meta property=\"og:title\" content=\"Antrag auf Erstellung oder \u00dcberarbeitung eines Normdokumentes\" \/>\n<meta property=\"og:description\" content=\"Electrosuisse unterst\u00fctzt im Bereich der elektrotechnischen Normung die Entwicklung von Normdokumenten. Ihr Antrag wird von dem zust\u00e4ndigen Komitee sorgf\u00e4ltig gepr\u00fcft.\" \/>\n<meta property=\"og:url\" content=\"https:\/\/www.electrosuisse.ch\/de\/normung\/normungsantrag\/\" \/>\n<meta property=\"og:site_name\" content=\"Electrosuisse\" \/>\n<meta property=\"article:modified_time\" content=\"2023-02-22T10:20:53+00:00\" \/>\n<meta property=\"og:image\" content=\"https:\/\/www.electrosuisse.ch\/wp-content\/uploads\/2022\/12\/Electrosuisse_Ueber_uns_1578x650.jpg\" \/>\n\t<meta property=\"og:image:width\" content=\"1578\" \/>\n\t<meta property=\"og:image:height\" content=\"650\" \/>\n\t<meta property=\"og:image:type\" content=\"image\/jpeg\" \/>\n<script type=\"application\/ld+json\" class=\"yoast-schema-graph\">{\"@context\":\"https:\/\/schema.org\",\"@graph\":[{\"@type\":\"WebPage\",\"@id\":\"https:\/\/www.electrosuisse.ch\/de\/normung\/normungsantrag\/\",\"url\":\"https:\/\/www.electrosuisse.ch\/de\/normung\/normungsantrag\/\",\"name\":\"Antrag auf Erstellung oder \u00dcberarbeitung eines Normdokumentes\",\"isPartOf\":{\"@id\":\"https:\/\/www.electrosuisse.ch\/de\/#website\"},\"datePublished\":\"2021-01-08T09:50:31+00:00\",\"dateModified\":\"2023-02-22T10:20:53+00:00\",\"description\":\"Electrosuisse unterst\u00fctzt im Bereich der elektrotechnischen Normung die Entwicklung von Normdokumenten. Ihr Antrag wird von dem zust\u00e4ndigen Komitee sorgf\u00e4ltig gepr\u00fcft.\",\"breadcrumb\":{\"@id\":\"https:\/\/www.electrosuisse.ch\/de\/normung\/normungsantrag\/#breadcrumb\"},\"inLanguage\":\"de\",\"potentialAction\":[{\"@type\":\"ReadAction\",\"target\":[\"https:\/\/www.electrosuisse.ch\/de\/normung\/normungsantrag\/\"]}]},{\"@type\":\"BreadcrumbList\",\"@id\":\"https:\/\/www.electrosuisse.ch\/de\/normung\/normungsantrag\/#breadcrumb\",\"itemListElement\":[{\"@type\":\"ListItem\",\"position\":1,\"name\":\"Normung\",\"item\":\"https:\/\/www.electrosuisse.ch\/de\/normung\/\"},{\"@type\":\"ListItem\",\"position\":2,\"name\":\"Normungsantrag\"}]},{\"@type\":\"WebSite\",\"@id\":\"https:\/\/www.electrosuisse.ch\/de\/#website\",\"url\":\"https:\/\/www.electrosuisse.ch\/de\/\",\"name\":\"Electrosuisse\",\"description\":\"\",\"publisher\":{\"@id\":\"https:\/\/www.electrosuisse.ch\/de\/#organization\"},\"potentialAction\":[{\"@type\":\"SearchAction\",\"target\":{\"@type\":\"EntryPoint\",\"urlTemplate\":\"https:\/\/www.electrosuisse.ch\/de\/?s={search_term_string}\"},\"query-input\":{\"@type\":\"PropertyValueSpecification\",\"valueRequired\":true,\"valueName\":\"search_term_string\"}}],\"inLanguage\":\"de\"},{\"@type\":\"Organization\",\"@id\":\"https:\/\/www.electrosuisse.ch\/de\/#organization\",\"name\":\"Electrosuisse\",\"url\":\"https:\/\/www.electrosuisse.ch\/de\/\",\"logo\":{\"@type\":\"ImageObject\",\"inLanguage\":\"de\",\"@id\":\"https:\/\/www.electrosuisse.ch\/de\/#\/schema\/logo\/image\/\",\"url\":\"https:\/\/www.electrosuisse.ch\/wp-content\/uploads\/2025\/04\/Electrosuisse_Logo_696x696.png\",\"contentUrl\":\"https:\/\/www.electrosuisse.ch\/wp-content\/uploads\/2025\/04\/Electrosuisse_Logo_696x696.png\",\"width\":696,\"height\":696,\"caption\":\"Electrosuisse\"},\"image\":{\"@id\":\"https:\/\/www.electrosuisse.ch\/de\/#\/schema\/logo\/image\/\"},\"sameAs\":[\"https:\/\/www.linkedin.com\/company\/electrosuisse-ag\/posts\/?feedView=all\",\"https:\/\/www.instagram.com\/electrosuisse1889\/\",\"https:\/\/www.youtube.com\/channel\/UCoOxohMiVE0Gjcdis1L09zw\"],\"description\":\"Electrosuisse ist eine anerkannte und unabh\u00e4ngige Fachorganisation, die erstklassige Dienstleistungen und Produkte in den Bereichen Inspektion, Beratung, Pr\u00fcfung, Zertifizierung, Normung und Weiterbildung anbietet. Unsere Expertise umfasst Elektrotechnik, Elektromobilit\u00e4t, Energieberatung, Geb\u00e4udeautomation und Photovoltaik in der Schweiz. Durch die Veranstaltung etablierter Branchen-Events und Fachtagungen f\u00f6rdert Electrosuisse den Wissenstransfer und den fachlichen Austausch. Im Mittelpunkt unserer T\u00e4tigkeiten steht die F\u00f6rderung der sicheren, wirtschaftlichen und umweltgerechten Anwendung der Elektrotechnik.\"}]}<\/script>\n<!-- \/ Yoast SEO Premium plugin. -->","yoast_head_json":{"title":"Antrag auf Erstellung oder \u00dcberarbeitung eines Normdokumentes","description":"Electrosuisse unterst\u00fctzt im Bereich der elektrotechnischen Normung die Entwicklung von Normdokumenten. Ihr Antrag wird von dem zust\u00e4ndigen Komitee sorgf\u00e4ltig gepr\u00fcft.","robots":{"index":"index","follow":"follow","max-snippet":"max-snippet:-1","max-image-preview":"max-image-preview:large","max-video-preview":"max-video-preview:-1"},"canonical":"https:\/\/www.electrosuisse.ch\/de\/normung\/normungsantrag\/","og_locale":"de_DE","og_type":"article","og_title":"Antrag auf Erstellung oder \u00dcberarbeitung eines Normdokumentes","og_description":"Electrosuisse unterst\u00fctzt im Bereich der elektrotechnischen Normung die Entwicklung von Normdokumenten. Ihr Antrag wird von dem zust\u00e4ndigen Komitee sorgf\u00e4ltig gepr\u00fcft.","og_url":"https:\/\/www.electrosuisse.ch\/de\/normung\/normungsantrag\/","og_site_name":"Electrosuisse","article_modified_time":"2023-02-22T10:20:53+00:00","og_image":[{"width":1578,"height":650,"url":"https:\/\/www.electrosuisse.ch\/wp-content\/uploads\/2022\/12\/Electrosuisse_Ueber_uns_1578x650.jpg","type":"image\/jpeg"}],"schema":{"@context":"https:\/\/schema.org","@graph":[{"@type":"WebPage","@id":"https:\/\/www.electrosuisse.ch\/de\/normung\/normungsantrag\/","url":"https:\/\/www.electrosuisse.ch\/de\/normung\/normungsantrag\/","name":"Antrag auf Erstellung oder \u00dcberarbeitung eines Normdokumentes","isPartOf":{"@id":"https:\/\/www.electrosuisse.ch\/de\/#website"},"datePublished":"2021-01-08T09:50:31+00:00","dateModified":"2023-02-22T10:20:53+00:00","description":"Electrosuisse unterst\u00fctzt im Bereich der elektrotechnischen Normung die Entwicklung von Normdokumenten. Ihr Antrag wird von dem zust\u00e4ndigen Komitee sorgf\u00e4ltig gepr\u00fcft.","breadcrumb":{"@id":"https:\/\/www.electrosuisse.ch\/de\/normung\/normungsantrag\/#breadcrumb"},"inLanguage":"de","potentialAction":[{"@type":"ReadAction","target":["https:\/\/www.electrosuisse.ch\/de\/normung\/normungsantrag\/"]}]},{"@type":"BreadcrumbList","@id":"https:\/\/www.electrosuisse.ch\/de\/normung\/normungsantrag\/#breadcrumb","itemListElement":[{"@type":"ListItem","position":1,"name":"Normung","item":"https:\/\/www.electrosuisse.ch\/de\/normung\/"},{"@type":"ListItem","position":2,"name":"Normungsantrag"}]},{"@type":"WebSite","@id":"https:\/\/www.electrosuisse.ch\/de\/#website","url":"https:\/\/www.electrosuisse.ch\/de\/","name":"Electrosuisse","description":"","publisher":{"@id":"https:\/\/www.electrosuisse.ch\/de\/#organization"},"potentialAction":[{"@type":"SearchAction","target":{"@type":"EntryPoint","urlTemplate":"https:\/\/www.electrosuisse.ch\/de\/?s={search_term_string}"},"query-input":{"@type":"PropertyValueSpecification","valueRequired":true,"valueName":"search_term_string"}}],"inLanguage":"de"},{"@type":"Organization","@id":"https:\/\/www.electrosuisse.ch\/de\/#organization","name":"Electrosuisse","url":"https:\/\/www.electrosuisse.ch\/de\/","logo":{"@type":"ImageObject","inLanguage":"de","@id":"https:\/\/www.electrosuisse.ch\/de\/#\/schema\/logo\/image\/","url":"https:\/\/www.electrosuisse.ch\/wp-content\/uploads\/2025\/04\/Electrosuisse_Logo_696x696.png","contentUrl":"https:\/\/www.electrosuisse.ch\/wp-content\/uploads\/2025\/04\/Electrosuisse_Logo_696x696.png","width":696,"height":696,"caption":"Electrosuisse"},"image":{"@id":"https:\/\/www.electrosuisse.ch\/de\/#\/schema\/logo\/image\/"},"sameAs":["https:\/\/www.linkedin.com\/company\/electrosuisse-ag\/posts\/?feedView=all","https:\/\/www.instagram.com\/electrosuisse1889\/","https:\/\/www.youtube.com\/channel\/UCoOxohMiVE0Gjcdis1L09zw"],"description":"Electrosuisse ist eine anerkannte und unabh\u00e4ngige Fachorganisation, die erstklassige Dienstleistungen und Produkte in den Bereichen Inspektion, Beratung, Pr\u00fcfung, Zertifizierung, Normung und Weiterbildung anbietet. Unsere Expertise umfasst Elektrotechnik, Elektromobilit\u00e4t, Energieberatung, Geb\u00e4udeautomation und Photovoltaik in der Schweiz. Durch die Veranstaltung etablierter Branchen-Events und Fachtagungen f\u00f6rdert Electrosuisse den Wissenstransfer und den fachlichen Austausch. Im Mittelpunkt unserer T\u00e4tigkeiten steht die F\u00f6rderung der sicheren, wirtschaftlichen und umweltgerechten Anwendung der Elektrotechnik."}]}},"amp_enabled":true,"_links":{"self":[{"href":"https:\/\/www.electrosuisse.ch\/de\/wp-json\/wp\/v2\/pages\/14835","targetHints":{"allow":["GET"]}}],"collection":[{"href":"https:\/\/www.electrosuisse.ch\/de\/wp-json\/wp\/v2\/pages"}],"about":[{"href":"https:\/\/www.electrosuisse.ch\/de\/wp-json\/wp\/v2\/types\/page"}],"author":[{"embeddable":true,"href":"https:\/\/www.electrosuisse.ch\/de\/wp-json\/wp\/v2\/users\/6"}],"replies":[{"embeddable":true,"href":"https:\/\/www.electrosuisse.ch\/de\/wp-json\/wp\/v2\/comments?post=14835"}],"version-history":[{"count":0,"href":"https:\/\/www.electrosuisse.ch\/de\/wp-json\/wp\/v2\/pages\/14835\/revisions"}],"up":[{"embeddable":true,"href":"https:\/\/www.electrosuisse.ch\/de\/wp-json\/wp\/v2\/pages\/93"}],"wp:attachment":[{"href":"https:\/\/www.electrosuisse.ch\/de\/wp-json\/wp\/v2\/media?parent=14835"}],"curies":[{"name":"wp","href":"https:\/\/api.w.org\/{rel}","templated":true}]}}