{"id":12479,"date":"2020-06-18T00:43:49","date_gmt":"2020-06-17T22:43:49","guid":{"rendered":"https:\/\/www.electrosuisse.ch\/?page_id=12479"},"modified":"2024-05-30T09:00:54","modified_gmt":"2024-05-30T07:00:54","slug":"firmenverzeichnis","status":"publish","type":"page","link":"https:\/\/www.electrosuisse.ch\/de\/werden-sie-mitglied\/firmenverzeichnis\/","title":{"rendered":"Firmenverzeichnis"},"content":{"rendered":"<div class=\"wpb-content-wrapper\"><p>[vc_row][vc_column][vc_column_text]<\/p>\n<h1>Firmenverzeichnis<\/h1>\n<p>Electrosuisse ist die f\u00fchrende Schweizer Fachorganisation auf dem Gebiet der Elektrotechnik, Energietechnik und Informationstechnik. Suchen Sie ein Unternehmen aus einem bestimmten Bereich? Eine Firma f\u00fcr eine Partnerschaft? Einen verl\u00e4sslichen Lieferanten? Oder ein innovatives Startup?<\/p>\n<p>Verschaffen Sie sich in unserem Branchenverzeichnis einen \u00dcberblick \u00fcber unsere Mitglieder aus allen Teilbereichen der Branche.<\/p>\n<p>Schon gewusst? Als <a href=\"https:\/\/www.electrosuisse.ch\/de\/werden-sie-mitglied\/firmen-mitgliedschaft\/\">Branchen-Mitglied<\/a> haben Sie die M\u00f6glichkeit, sich in unserem Firmenverzeichnis einzutragen und sich f\u00fcr Suchende sichtbar zu machen.[\/vc_column_text]<div class=\"wpb_content_element wpb_accordion_column accordion_simple\"><div class=\"accordions accordions_0\"><div class=\"custom_accordion_item accordion custom_accordion accordion_1_0\"><div class=\"accordion__header\" id=\"accordion_header_1_0\"><div class=\"accordion_trigger js-accordion_trigger\" data-toggle=\"collapse\" \r\n\t\t\t\t\tdata-target=\"#accordion_content_1_0_acc454\" \r\n          aria-expanded=\"false\" aria-controls=\"accordion_content_1_0\"><h3 class=\"accordion-title accordion-title-icon icon--position-right js-accordion-controller\"><div>Anleitung Firmenverzeichnis Eintrag<\/div><\/h3><\/div><\/div><div class=\"accordion__content collapse not-click-to-close\" id=\"accordion_content_1_0_acc454\" aria-labelledby=\"accordion_header_1_0\"><div class=\"inside\"><div class=\"accordion-content\"><div class=\"accordion__inside\"><div class=\"accordion__element\"><!-- Start Accordion Content --><div class=\"accordion__element\"><p>Im Kundenportal \u00ab<a href=\"https:\/\/my.electrosuisse.ch\/de\/login.htm\">myElectrosuisse<\/a>\u00bb k\u00f6nnen Sie unter dem Men\u00fcpunkt \u00abMitgliedschaft\u00bb die jeweilig zutreffende Branche ausw\u00e4hlen und die Webadresse eintragen. Die Webadresse <strong>muss immer mit http:\/\/ bzw. https:\/\/ beginnen<\/strong>. Das Firmenlogo ist unter \u00abProfil\u00bb hochzuladen. Bitte beachten Sie, dass alle \u00c4nderungen und Erg\u00e4nzungen <strong>nur durch Ihren Kundenverwalter<\/strong> m\u00f6glich sind.<\/p>\n<\/div><!-- Start Accordion Content --><\/div><\/div><\/div><\/div><\/div><\/div><\/div><\/div><div class=\"wpb_button_column wpb_content_element wpb_content_element--left\"><div class=\"wpb_wrapper\"><div class=\"button button--normal\"><a href=\"https:\/\/www.electrosuisse.ch\/de\/werden-sie-mitglied\/firmen-mitgliedschaft\/\">Jetzt Branchen-Mitglied werden<\/a><\/div><\/div><\/div>[\/vc_column][\/vc_row]<\/p>\n<\/div>","protected":false},"excerpt":{"rendered":"<p>[vc_row][vc_column][vc_column_text] Firmenverzeichnis Electrosuisse ist die f\u00fchrende Schweizer Fachorganisation auf dem Gebiet der Elektrotechnik, Energietechnik und Informationstechnik. Suchen Sie ein Unternehmen aus einem bestimmten Bereich? Eine Firma f\u00fcr eine Partnerschaft? Einen verl\u00e4sslichen Lieferanten? Oder ein innovatives Startup? Verschaffen Sie sich in unserem Branchenverzeichnis einen \u00dcberblick \u00fcber unsere Mitglieder aus allen Teilbereichen der Branche. Schon gewusst? Als [&hellip;]<\/p>\n","protected":false},"author":2,"featured_media":0,"parent":19604,"menu_order":137,"comment_status":"closed","ping_status":"closed","template":"page-firmenverzeichnis.php","meta":{"_acf_changed":false,"_monsterinsights_skip_tracking":false,"_monsterinsights_sitenote_active":false,"_monsterinsights_sitenote_note":"","_monsterinsights_sitenote_category":0,"footnotes":""},"class_list":["post-12479","page","type-page","status-publish","hentry"],"acf":[],"yoast_head":"<!-- This site is optimized with the Yoast SEO Premium plugin v26.4 (Yoast SEO v27.0) - https:\/\/yoast.com\/product\/yoast-seo-premium-wordpress\/ -->\n<title>Firmenverzeichnis - Electrosuisse<\/title>\n<meta name=\"description\" content=\"Das Firmenverzeichnis von Electrosuisse gibt Ihnen einen \u00dcberblick \u00fcber die Mitglieder aus allen Teilbereichen der Branche.\" \/>\n<meta name=\"robots\" content=\"index, follow, max-snippet:-1, max-image-preview:large, max-video-preview:-1\" \/>\n<link rel=\"canonical\" href=\"https:\/\/www.electrosuisse.ch\/de\/werden-sie-mitglied\/firmenverzeichnis\/\" \/>\n<meta property=\"og:locale\" content=\"de_DE\" \/>\n<meta property=\"og:type\" content=\"article\" \/>\n<meta property=\"og:title\" content=\"Firmenverzeichnis - Electrosuisse\" \/>\n<meta property=\"og:description\" content=\"Das Firmenverzeichnis von Electrosuisse gibt Ihnen einen \u00dcberblick \u00fcber die Mitglieder aus allen Teilbereichen der Branche.\" \/>\n<meta property=\"og:url\" content=\"https:\/\/www.electrosuisse.ch\/de\/werden-sie-mitglied\/firmenverzeichnis\/\" \/>\n<meta property=\"og:site_name\" content=\"Electrosuisse\" \/>\n<meta property=\"article:modified_time\" content=\"2024-05-30T07:00:54+00:00\" \/>\n<meta property=\"og:image\" content=\"https:\/\/www.electrosuisse.ch\/wp-content\/uploads\/2019\/04\/Electrosuisse_Firmenmitgliedschaft_iStock_43805980_LARGE.jpg\" \/>\n\t<meta property=\"og:image:width\" content=\"1578\" \/>\n\t<meta property=\"og:image:height\" content=\"650\" \/>\n\t<meta property=\"og:image:type\" content=\"image\/jpeg\" \/>\n<script type=\"application\/ld+json\" class=\"yoast-schema-graph\">{\"@context\":\"https:\/\/schema.org\",\"@graph\":[{\"@type\":\"WebPage\",\"@id\":\"https:\/\/www.electrosuisse.ch\/de\/werden-sie-mitglied\/firmenverzeichnis\/\",\"url\":\"https:\/\/www.electrosuisse.ch\/de\/werden-sie-mitglied\/firmenverzeichnis\/\",\"name\":\"Firmenverzeichnis - Electrosuisse\",\"isPartOf\":{\"@id\":\"https:\/\/www.electrosuisse.ch\/de\/#website\"},\"datePublished\":\"2020-06-17T22:43:49+00:00\",\"dateModified\":\"2024-05-30T07:00:54+00:00\",\"description\":\"Das Firmenverzeichnis von Electrosuisse gibt Ihnen einen \u00dcberblick \u00fcber die Mitglieder aus allen Teilbereichen der Branche.\",\"breadcrumb\":{\"@id\":\"https:\/\/www.electrosuisse.ch\/de\/werden-sie-mitglied\/firmenverzeichnis\/#breadcrumb\"},\"inLanguage\":\"de\",\"potentialAction\":[{\"@type\":\"ReadAction\",\"target\":[\"https:\/\/www.electrosuisse.ch\/de\/werden-sie-mitglied\/firmenverzeichnis\/\"]}]},{\"@type\":\"BreadcrumbList\",\"@id\":\"https:\/\/www.electrosuisse.ch\/de\/werden-sie-mitglied\/firmenverzeichnis\/#breadcrumb\",\"itemListElement\":[{\"@type\":\"ListItem\",\"position\":1,\"name\":\"Mitgliedschaft\",\"item\":\"https:\/\/www.electrosuisse.ch\/de\/werden-sie-mitglied\/\"},{\"@type\":\"ListItem\",\"position\":2,\"name\":\"Firmenverzeichnis\"}]},{\"@type\":\"WebSite\",\"@id\":\"https:\/\/www.electrosuisse.ch\/de\/#website\",\"url\":\"https:\/\/www.electrosuisse.ch\/de\/\",\"name\":\"Electrosuisse\",\"description\":\"\",\"publisher\":{\"@id\":\"https:\/\/www.electrosuisse.ch\/de\/#organization\"},\"potentialAction\":[{\"@type\":\"SearchAction\",\"target\":{\"@type\":\"EntryPoint\",\"urlTemplate\":\"https:\/\/www.electrosuisse.ch\/de\/?s={search_term_string}\"},\"query-input\":{\"@type\":\"PropertyValueSpecification\",\"valueRequired\":true,\"valueName\":\"search_term_string\"}}],\"inLanguage\":\"de\"},{\"@type\":\"Organization\",\"@id\":\"https:\/\/www.electrosuisse.ch\/de\/#organization\",\"name\":\"Electrosuisse\",\"url\":\"https:\/\/www.electrosuisse.ch\/de\/\",\"logo\":{\"@type\":\"ImageObject\",\"inLanguage\":\"de\",\"@id\":\"https:\/\/www.electrosuisse.ch\/de\/#\/schema\/logo\/image\/\",\"url\":\"https:\/\/www.electrosuisse.ch\/wp-content\/uploads\/2025\/04\/Electrosuisse_Logo_696x696.png\",\"contentUrl\":\"https:\/\/www.electrosuisse.ch\/wp-content\/uploads\/2025\/04\/Electrosuisse_Logo_696x696.png\",\"width\":696,\"height\":696,\"caption\":\"Electrosuisse\"},\"image\":{\"@id\":\"https:\/\/www.electrosuisse.ch\/de\/#\/schema\/logo\/image\/\"},\"sameAs\":[\"https:\/\/www.linkedin.com\/company\/electrosuisse-ag\/posts\/?feedView=all\",\"https:\/\/www.instagram.com\/electrosuisse1889\/\",\"https:\/\/www.youtube.com\/channel\/UCoOxohMiVE0Gjcdis1L09zw\"],\"description\":\"Electrosuisse ist eine anerkannte und unabh\u00e4ngige Fachorganisation, die erstklassige Dienstleistungen und Produkte in den Bereichen Inspektion, Beratung, Pr\u00fcfung, Zertifizierung, Normung und Weiterbildung anbietet. Unsere Expertise umfasst Elektrotechnik, Elektromobilit\u00e4t, Energieberatung, Geb\u00e4udeautomation und Photovoltaik in der Schweiz. Durch die Veranstaltung etablierter Branchen-Events und Fachtagungen f\u00f6rdert Electrosuisse den Wissenstransfer und den fachlichen Austausch. Im Mittelpunkt unserer T\u00e4tigkeiten steht die F\u00f6rderung der sicheren, wirtschaftlichen und umweltgerechten Anwendung der Elektrotechnik.\"}]}<\/script>\n<!-- \/ Yoast SEO Premium plugin. -->","yoast_head_json":{"title":"Firmenverzeichnis - Electrosuisse","description":"Das Firmenverzeichnis von Electrosuisse gibt Ihnen einen \u00dcberblick \u00fcber die Mitglieder aus allen Teilbereichen der Branche.","robots":{"index":"index","follow":"follow","max-snippet":"max-snippet:-1","max-image-preview":"max-image-preview:large","max-video-preview":"max-video-preview:-1"},"canonical":"https:\/\/www.electrosuisse.ch\/de\/werden-sie-mitglied\/firmenverzeichnis\/","og_locale":"de_DE","og_type":"article","og_title":"Firmenverzeichnis - Electrosuisse","og_description":"Das Firmenverzeichnis von Electrosuisse gibt Ihnen einen \u00dcberblick \u00fcber die Mitglieder aus allen Teilbereichen der Branche.","og_url":"https:\/\/www.electrosuisse.ch\/de\/werden-sie-mitglied\/firmenverzeichnis\/","og_site_name":"Electrosuisse","article_modified_time":"2024-05-30T07:00:54+00:00","og_image":[{"width":1578,"height":650,"url":"https:\/\/www.electrosuisse.ch\/wp-content\/uploads\/2019\/04\/Electrosuisse_Firmenmitgliedschaft_iStock_43805980_LARGE.jpg","type":"image\/jpeg"}],"schema":{"@context":"https:\/\/schema.org","@graph":[{"@type":"WebPage","@id":"https:\/\/www.electrosuisse.ch\/de\/werden-sie-mitglied\/firmenverzeichnis\/","url":"https:\/\/www.electrosuisse.ch\/de\/werden-sie-mitglied\/firmenverzeichnis\/","name":"Firmenverzeichnis - Electrosuisse","isPartOf":{"@id":"https:\/\/www.electrosuisse.ch\/de\/#website"},"datePublished":"2020-06-17T22:43:49+00:00","dateModified":"2024-05-30T07:00:54+00:00","description":"Das Firmenverzeichnis von Electrosuisse gibt Ihnen einen \u00dcberblick \u00fcber die Mitglieder aus allen Teilbereichen der Branche.","breadcrumb":{"@id":"https:\/\/www.electrosuisse.ch\/de\/werden-sie-mitglied\/firmenverzeichnis\/#breadcrumb"},"inLanguage":"de","potentialAction":[{"@type":"ReadAction","target":["https:\/\/www.electrosuisse.ch\/de\/werden-sie-mitglied\/firmenverzeichnis\/"]}]},{"@type":"BreadcrumbList","@id":"https:\/\/www.electrosuisse.ch\/de\/werden-sie-mitglied\/firmenverzeichnis\/#breadcrumb","itemListElement":[{"@type":"ListItem","position":1,"name":"Mitgliedschaft","item":"https:\/\/www.electrosuisse.ch\/de\/werden-sie-mitglied\/"},{"@type":"ListItem","position":2,"name":"Firmenverzeichnis"}]},{"@type":"WebSite","@id":"https:\/\/www.electrosuisse.ch\/de\/#website","url":"https:\/\/www.electrosuisse.ch\/de\/","name":"Electrosuisse","description":"","publisher":{"@id":"https:\/\/www.electrosuisse.ch\/de\/#organization"},"potentialAction":[{"@type":"SearchAction","target":{"@type":"EntryPoint","urlTemplate":"https:\/\/www.electrosuisse.ch\/de\/?s={search_term_string}"},"query-input":{"@type":"PropertyValueSpecification","valueRequired":true,"valueName":"search_term_string"}}],"inLanguage":"de"},{"@type":"Organization","@id":"https:\/\/www.electrosuisse.ch\/de\/#organization","name":"Electrosuisse","url":"https:\/\/www.electrosuisse.ch\/de\/","logo":{"@type":"ImageObject","inLanguage":"de","@id":"https:\/\/www.electrosuisse.ch\/de\/#\/schema\/logo\/image\/","url":"https:\/\/www.electrosuisse.ch\/wp-content\/uploads\/2025\/04\/Electrosuisse_Logo_696x696.png","contentUrl":"https:\/\/www.electrosuisse.ch\/wp-content\/uploads\/2025\/04\/Electrosuisse_Logo_696x696.png","width":696,"height":696,"caption":"Electrosuisse"},"image":{"@id":"https:\/\/www.electrosuisse.ch\/de\/#\/schema\/logo\/image\/"},"sameAs":["https:\/\/www.linkedin.com\/company\/electrosuisse-ag\/posts\/?feedView=all","https:\/\/www.instagram.com\/electrosuisse1889\/","https:\/\/www.youtube.com\/channel\/UCoOxohMiVE0Gjcdis1L09zw"],"description":"Electrosuisse ist eine anerkannte und unabh\u00e4ngige Fachorganisation, die erstklassige Dienstleistungen und Produkte in den Bereichen Inspektion, Beratung, Pr\u00fcfung, Zertifizierung, Normung und Weiterbildung anbietet. Unsere Expertise umfasst Elektrotechnik, Elektromobilit\u00e4t, Energieberatung, Geb\u00e4udeautomation und Photovoltaik in der Schweiz. Durch die Veranstaltung etablierter Branchen-Events und Fachtagungen f\u00f6rdert Electrosuisse den Wissenstransfer und den fachlichen Austausch. Im Mittelpunkt unserer T\u00e4tigkeiten steht die F\u00f6rderung der sicheren, wirtschaftlichen und umweltgerechten Anwendung der Elektrotechnik."}]}},"amp_enabled":false,"_links":{"self":[{"href":"https:\/\/www.electrosuisse.ch\/de\/wp-json\/wp\/v2\/pages\/12479","targetHints":{"allow":["GET"]}}],"collection":[{"href":"https:\/\/www.electrosuisse.ch\/de\/wp-json\/wp\/v2\/pages"}],"about":[{"href":"https:\/\/www.electrosuisse.ch\/de\/wp-json\/wp\/v2\/types\/page"}],"author":[{"embeddable":true,"href":"https:\/\/www.electrosuisse.ch\/de\/wp-json\/wp\/v2\/users\/2"}],"replies":[{"embeddable":true,"href":"https:\/\/www.electrosuisse.ch\/de\/wp-json\/wp\/v2\/comments?post=12479"}],"version-history":[{"count":9,"href":"https:\/\/www.electrosuisse.ch\/de\/wp-json\/wp\/v2\/pages\/12479\/revisions"}],"predecessor-version":[{"id":33689,"href":"https:\/\/www.electrosuisse.ch\/de\/wp-json\/wp\/v2\/pages\/12479\/revisions\/33689"}],"up":[{"embeddable":true,"href":"https:\/\/www.electrosuisse.ch\/de\/wp-json\/wp\/v2\/pages\/19604"}],"wp:attachment":[{"href":"https:\/\/www.electrosuisse.ch\/de\/wp-json\/wp\/v2\/media?parent=12479"}],"curies":[{"name":"wp","href":"https:\/\/api.w.org\/{rel}","templated":true}]}}