{"id":109,"date":"2018-06-24T11:20:08","date_gmt":"2018-06-24T09:20:08","guid":{"rendered":"https:\/\/www.electrosuisse.ch\/?page_id=109"},"modified":"2023-03-31T15:05:27","modified_gmt":"2023-03-31T13:05:27","slug":"normdokumente","status":"publish","type":"page","link":"https:\/\/www.electrosuisse.ch\/de\/normung\/normdokumente\/","title":{"rendered":"Normdokumente"},"content":{"rendered":"<div class=\"wpb-content-wrapper\"><p>[vc_row][vc_column][vc_column_text el_class=&#8221;lead&#8221;]In der Normung werden zukunftsgerichtete, marktrelevante Standards f\u00fcr digitale und elektrotechnische Produkte, Systeme und Dienstleistungen produziert und gepflegt. Die Mitwirkung erm\u00f6glicht jedem interessierten Akteur einen effizienten nationalen und internationalen Marktzugang. Den Beh\u00f6rden dienen die Normen zudem als Referenz f\u00fcr die Umsetzung von gesetzlichen Aufgaben (Produktesicherheit, Markt\u00fcberwachung, etc.).[\/vc_column_text][\/vc_column][\/vc_row][vc_row][vc_column]<div class=\"wpb_process_column wpb_content_element\"><div class=\"wpb_wrapper\"><div class=\"process_container\"><div class=\"process\"><div class=\"process__symbol process__symbol--round\"><\/div><div class=\"process__content\"><h4>Neue Normenprojekte<\/h4><p>Im Hinblick auf eine sp\u00e4tere \u00dcbernahme in das Schweizer Normenwerk werden neue Normenprojekte ausgeschrieben. Interessierte sind eingeladen, in diesen Projekten mitzuarbeiten. Bitte melden Sie sich beim <a href=\"&#109;&#x61;&#105;&#x6c;&#116;&#x6f;&#58;&#x63;&#101;&#x73;&#64;&#x65;&#108;&#x65;&#99;&#x74;&#114;&#x6f;&#115;&#x75;&#105;&#x73;&#115;&#x65;&#46;&#x63;&#104;\">&#99;&#x65;s&#64;&#x65;l&#101;&#x63;t&#114;&#x6f;s&#117;&#x69;&#115;&#x73;&#x65;&#46;&#x63;&#x68;<\/a>.<\/p>\n<div class=\"button button--normal\"><a href=\"https:\/\/www.cenelec.eu\/dyn\/www\/f?p=104:79:1374240018937101::::FSP_ORG_ID,FSP_LANG_ID:,22\" target=\"_blank\" rel=\"noopener\">\u00dcbersicht neue Normenprojekte<\/a><\/div><\/div><\/div><div class=\"process\"><div class=\"process__symbol process__symbol--round\"><\/div><div class=\"process__content\"><h4>Neue Normenentw\u00fcrfe<\/h4><p>Normenentw\u00fcrfe werden zur Stellungnahme ausgeschrieben. Auch hier sind Interessierte eingeladen die Entw\u00fcrfe zu pr\u00fcfen und ihre Stellungnahmen dazu schriftlich an folgende Adresse einzureichen: <a href=\"mail&#116;&#111;&#58;&#99;&#101;&#x73;&#x40;&#x65;&#x6c;&#x65;&#x63;&#x74;roui&#115;&#115;&#101;&#46;&#99;&#x68;\">&#99;&#101;&#x73;&#64;&#101;&#x6c;&#x65;c&#116;&#x72;&#x6f;u&#105;&#x73;s&#101;&#x2e;&#x63;h<\/a>.<\/p>\n<\/div><\/div><div class=\"process\"><div class=\"process__symbol process__symbol--round\"><\/div><div class=\"process__content\"><h4>Vernehmlassung Europ\u00e4ischer Normen (EN)<\/h4><p>Sofern das europ\u00e4ische Komitee f\u00fcr elektrotechnische Normung CENELEC die europ\u00e4ischen Normen (EN) und Harmonisierungsdokumente (HD) angenommen hat, beginnt mit der Ausschreibung in der Schweiz die Vorbereitung zur \u00dcbernahme, bzw. Anerkennung in das Schweizerische Normenwerk (SN).<\/p>\n<\/div><\/div><div class=\"process\"><div class=\"process__symbol process__symbol--round\"><\/div><div class=\"process__content\"><h4>Neue Schweizer Normen (SN)<\/h4><p>Diese Normen erhalten mit dem Publikationsdatum ihre G\u00fcltigkeit im Schweizerischen Normenwerk.<\/p>\n<\/div><\/div><div class=\"process\"><div class=\"process__symbol process__symbol--round\"><\/div><div class=\"process__content\"><h4>R\u00fcckzug Schweizer Normen (SN)<\/h4><p>Zur\u00fcckgezogene Normen verlieren mit dem R\u00fcckzugsdatum ihre G\u00fcltigkeit im Schweizerischen Normenwerk.<\/p>\n<\/div><\/div>\n<\/div><\/div><\/div>[\/vc_column][\/vc_row][vc_row][vc_column][vc_row_inner][vc_column_inner width=&#8221;1\/3&#8243;][vc_column_text]<strong>SWITEC nationales Entwurfsportal<br \/>\n<\/strong><\/p>\n<p>M\u00f6chten Sie einen Normentwurf kommentieren, der Bestandteil des Schweizer Normenwerkes wird?[\/vc_column_text]<div class=\"wpb_button_column wpb_content_element wpb_content_element--left\"><div class=\"wpb_wrapper\"><div class=\"button button--arrow\"><a href=\"https:\/\/www.switec.info\/de\/entwurfsportal\/\" target=\"_blank\" ><div class=\"arrow\">Zur Kommentarfunktion<\/div><\/a><\/div><\/div><\/div>[vc_column_text]<strong>IEC Public Commenting<\/strong><\/p>\n<p>Hier k\u00f6nnen Sie alle Committee Draft for Vote (CDV) Dokumente sichten und kommentieren, ebenso haben Sie eine \u00dcbersicht \u00fcber Ihre Kommentare.[\/vc_column_text]<div class=\"wpb_button_column wpb_content_element wpb_content_element--left\"><div class=\"wpb_wrapper\"><div class=\"button button--arrow\"><a href=\"https:\/\/www.iec.ch\/how-get-involved\/public-commenting\" target=\"_blank\" ><div class=\"arrow\">Zur Kommentarfunktion<\/div><\/a><\/div><\/div><\/div>[\/vc_column_inner][vc_column_inner width=&#8221;1\/3&#8243;][vc_column_text]<strong>Normprodukte beziehen<\/strong><\/p>\n<p>Bei der Beschaffung von Normprodukten profitieren Sie als Electrosuisse Mitglied von Interessanten Verg\u00fcnstigungen.[\/vc_column_text]<div class=\"wpb_button_column wpb_content_element wpb_content_element--left\"><div class=\"wpb_wrapper\"><div class=\"button button--arrow\"><a href=\"https:\/\/shop.electrosuisse.ch\/de\/normen-und-produkte\/normen\/\" target=\"_blank\" ><div class=\"arrow\">Hier geht\u2019s zum Shop<\/div><\/a><\/div><\/div><\/div>[\/vc_column_inner][vc_column_inner width=&#8221;1\/3&#8243;][vc_column_text]<strong>e-Learning Tool f\u00fcr KMU<\/strong><br \/>\nDas interaktive Lernprogramm \u00abCEN-CENELEC e-Learning Tool for SMEs\u00bb f\u00fcr Unternehmer und Angestellte von KMU \u2013 kostenfrei in 23 Sprachen.[\/vc_column_text]<div class=\"wpb_button_column wpb_content_element wpb_content_element--left\"><div class=\"wpb_wrapper\"><div class=\"button button--arrow\"><a href=\"https:\/\/www.cencenelec.eu\/sme\/eLearning\/Pages\/default.aspx\" target=\"_blank\" ><div class=\"arrow\">Zum e-Learning Tool<\/div><\/a><\/div><\/div><\/div>[\/vc_column_inner][\/vc_row_inner]<div class=\"wpb_button_column wpb_content_element wpb_content_element--left\"><div class=\"wpb_wrapper\"><div class=\"button button--normal\"><a href=\"https:\/\/www.switec.info\/de\/entwurfsportal\/zur-kritik-vorgelegte-electrosuisse-norm-entwuerfe\/\" target=\"_blank\" >Electrosuisse Norm-Entw\u00fcrfe<\/a><\/div><\/div><\/div>[\/vc_column][\/vc_row][vc_row el_id=&#8221;downloads&#8221;][vc_column][vc_column_text]<\/p>\n<h3 class=\"berschrift3\"><span lang=\"EN-US\">Downloads<\/span><\/h3>\n<p>[\/vc_column_text]<div class=\"wpb_document_column wpb_content_element\"><div class=\"wpb_wrapper\"><div class=\"document document--pdf\"><a href=\"https:\/\/www.electrosuisse.ch\/wp-content\/uploads\/2019\/01\/Electrosuisse_Normung_und_Recht_Broschuere.pdf\" target=\"_blank\" rel=\"noopener\">Brosch\u00fcre \u00abNormung und Recht\u00bb<\/a><\/div><\/div><\/div><div class=\"wpb_document_column wpb_content_element\"><div class=\"wpb_wrapper\"><div class=\"document document--pdf\"><a href=\"https:\/\/www.electrosuisse.ch\/wp-content\/uploads\/2021\/07\/ELSU_Broschuere_Mit_Normen_zum_Erfolg_Web.pdf\" target=\"_blank\" rel=\"noopener\">Brosch\u00fcre \u00abMit Normen zum Erfolg\u00bb<\/a><\/div><\/div><\/div><div class=\"wpb_document_column wpb_content_element\"><div class=\"wpb_wrapper\"><div class=\"document document--pdf\"><a href=\"https:\/\/www.electrosuisse.ch\/wp-content\/uploads\/2022\/12\/Taetigkeitsbericht-CES_D_2022.pdf\" target=\"_blank\" rel=\"noopener\">CES T\u00e4tigkeitsbericht 2022<\/a><\/div><\/div><\/div><div class=\"wpb_document_column wpb_content_element\"><div class=\"wpb_wrapper\"><div class=\"document document--pdf\"><a href=\"https:\/\/www.electrosuisse.ch\/wp-content\/uploads\/2021\/08\/SNG491000-3060_Jan2021_de_Broschuere.pdf\" target=\"_blank\" rel=\"noopener\">Brosch\u00fcre \u00abSNG 491000-3060\u00bb<\/a><\/div><\/div><\/div>[\/vc_column][\/vc_row][vc_row el_id=&#8221;normenentw\u00fcrfe&#8221;][vc_column][vc_column_text]<\/p>\n<h3>\u00dcbersicht aktueller und archivierter Normenentw\u00fcrfe<\/h3>\n<p>[\/vc_column_text]<div class=\"wpb_links_column wpb_content_element\"><div class=\"wpb_wrapper\"><div class=\"link\"><a href=\"https:\/\/www.electrosuisse.ch\/de\/downloads\/normung\/#normenentwuerfe\">Aktuelle Normenentw\u00fcrfe und Normen<\/a><\/div><div class=\"link\"><a href=\"https:\/\/www.electrosuisse.ch\/de\/downloads\/normung\/#normenarchiv\">Archivierte Normenentw\u00fcrfe und Normen<\/a><\/div><\/div><\/div>[\/vc_column][\/vc_row][vc_row el_id=&#8221;kontakt&#8221;][vc_column][vc_column_text]<\/p>\n<h2>Kontakt<\/h2>\n<p>[\/vc_column_text]<div class=\"wpb_contact_column wpb_content_element wpb_content_element--left\"><div class=\"wpb_wrapper\"><div class=\"contact_container\"><div class=\"contact row middle-xs\"><div class=\"contact__img col-sm-5 col-xs-12\"><img decoding=\"async\" src=\"https:\/\/www.electrosuisse.ch\/wp-content\/uploads\/2022\/05\/MarioSchleider_300x300.png\" alt=\"Mario Schleider - Generalsekret\u00e4r CES\" \/><\/div><div class=\"contact__info col-sm-7 col-xs-12\"><p><b>Mario Schleider<\/b><br>Generalsekret\u00e4r CES<\/p><div class=\"phone has-link\"><a href=\"tel:+41585951269\">+41 58 595 12 69<\/a><\/div><div class=\"mail has-link\"><a href=\"mailto:&#x6d;&#97;r&#x69;&#x6f;&#46;s&#x63;&#x68;&#108;e&#x69;&#x64;&#101;r&#x40;&#x65;&#108;e&#x63;&#116;&#114;o&#x73;&#117;i&#x73;&#x73;&#101;&#46;&#x63;&#x68;\">mario.schleider@<br>electrosuisse.ch<\/a><\/div><\/div><\/div><\/div><\/div><\/div>[\/vc_column][\/vc_row]<\/p>\n<\/div>","protected":false},"excerpt":{"rendered":"<p>[vc_row][vc_column][vc_column_text el_class=&#8221;lead&#8221;]In der Normung werden zukunftsgerichtete, marktrelevante Standards f\u00fcr digitale und elektrotechnische Produkte, Systeme und Dienstleistungen produziert und gepflegt. Die Mitwirkung erm\u00f6glicht jedem interessierten Akteur einen effizienten nationalen und internationalen Marktzugang. Den Beh\u00f6rden dienen die Normen zudem als Referenz f\u00fcr die Umsetzung von gesetzlichen Aufgaben (Produktesicherheit, Markt\u00fcberwachung, etc.).[\/vc_column_text][\/vc_column][\/vc_row][vc_row][vc_column][\/vc_column][\/vc_row][vc_row][vc_column][vc_row_inner][vc_column_inner width=&#8221;1\/3&#8243;][vc_column_text]SWITEC nationales Entwurfsportal M\u00f6chten Sie einen Normentwurf [&hellip;]<\/p>\n","protected":false},"author":2,"featured_media":0,"parent":93,"menu_order":155,"comment_status":"closed","ping_status":"closed","template":"","meta":{"_acf_changed":false,"_monsterinsights_skip_tracking":false,"_monsterinsights_sitenote_active":false,"_monsterinsights_sitenote_note":"","_monsterinsights_sitenote_category":0,"footnotes":""},"class_list":["post-109","page","type-page","status-publish","hentry"],"acf":[],"yoast_head":"<!-- This site is optimized with the Yoast SEO Premium plugin v26.4 (Yoast SEO v27.0) - https:\/\/yoast.com\/product\/yoast-seo-premium-wordpress\/ -->\n<title>Normenprojekte und -entw\u00fcrfe<\/title>\n<meta name=\"description\" content=\"Normen entstehen aus der Praxis f\u00fcr die Praxis. Entsprechend k\u00f6nnen sich die Branchenteilnehmer einbringen.\" \/>\n<meta name=\"robots\" content=\"index, follow, max-snippet:-1, max-image-preview:large, max-video-preview:-1\" \/>\n<link rel=\"canonical\" href=\"https:\/\/www.electrosuisse.ch\/de\/normung\/normdokumente\/\" \/>\n<meta property=\"og:locale\" content=\"de_DE\" \/>\n<meta property=\"og:type\" content=\"article\" \/>\n<meta property=\"og:title\" content=\"Normenprojekte und -entw\u00fcrfe\" \/>\n<meta property=\"og:description\" content=\"Normen entstehen aus der Praxis f\u00fcr die Praxis. Entsprechend k\u00f6nnen sich die Branchenteilnehmer einbringen.\" \/>\n<meta property=\"og:url\" content=\"https:\/\/www.electrosuisse.ch\/de\/normung\/normdokumente\/\" \/>\n<meta property=\"og:site_name\" content=\"Electrosuisse\" \/>\n<meta property=\"article:modified_time\" content=\"2023-03-31T13:05:27+00:00\" \/>\n<meta property=\"og:image\" content=\"https:\/\/www.electrosuisse.ch\/wp-content\/uploads\/2019\/01\/normen-und-normenentwuerfe_headerbild.jpg\" \/>\n\t<meta property=\"og:image:width\" content=\"1578\" \/>\n\t<meta property=\"og:image:height\" content=\"650\" \/>\n\t<meta property=\"og:image:type\" content=\"image\/jpeg\" \/>\n<script type=\"application\/ld+json\" class=\"yoast-schema-graph\">{\"@context\":\"https:\/\/schema.org\",\"@graph\":[{\"@type\":\"WebPage\",\"@id\":\"https:\/\/www.electrosuisse.ch\/de\/normung\/normdokumente\/\",\"url\":\"https:\/\/www.electrosuisse.ch\/de\/normung\/normdokumente\/\",\"name\":\"Normenprojekte und -entw\u00fcrfe\",\"isPartOf\":{\"@id\":\"https:\/\/www.electrosuisse.ch\/de\/#website\"},\"datePublished\":\"2018-06-24T09:20:08+00:00\",\"dateModified\":\"2023-03-31T13:05:27+00:00\",\"description\":\"Normen entstehen aus der Praxis f\u00fcr die Praxis. Entsprechend k\u00f6nnen sich die Branchenteilnehmer einbringen.\",\"breadcrumb\":{\"@id\":\"https:\/\/www.electrosuisse.ch\/de\/normung\/normdokumente\/#breadcrumb\"},\"inLanguage\":\"de\",\"potentialAction\":[{\"@type\":\"ReadAction\",\"target\":[\"https:\/\/www.electrosuisse.ch\/de\/normung\/normdokumente\/\"]}]},{\"@type\":\"BreadcrumbList\",\"@id\":\"https:\/\/www.electrosuisse.ch\/de\/normung\/normdokumente\/#breadcrumb\",\"itemListElement\":[{\"@type\":\"ListItem\",\"position\":1,\"name\":\"Normung\",\"item\":\"https:\/\/www.electrosuisse.ch\/de\/normung\/\"},{\"@type\":\"ListItem\",\"position\":2,\"name\":\"Normdokumente\"}]},{\"@type\":\"WebSite\",\"@id\":\"https:\/\/www.electrosuisse.ch\/de\/#website\",\"url\":\"https:\/\/www.electrosuisse.ch\/de\/\",\"name\":\"Electrosuisse\",\"description\":\"\",\"publisher\":{\"@id\":\"https:\/\/www.electrosuisse.ch\/de\/#organization\"},\"potentialAction\":[{\"@type\":\"SearchAction\",\"target\":{\"@type\":\"EntryPoint\",\"urlTemplate\":\"https:\/\/www.electrosuisse.ch\/de\/?s={search_term_string}\"},\"query-input\":{\"@type\":\"PropertyValueSpecification\",\"valueRequired\":true,\"valueName\":\"search_term_string\"}}],\"inLanguage\":\"de\"},{\"@type\":\"Organization\",\"@id\":\"https:\/\/www.electrosuisse.ch\/de\/#organization\",\"name\":\"Electrosuisse\",\"url\":\"https:\/\/www.electrosuisse.ch\/de\/\",\"logo\":{\"@type\":\"ImageObject\",\"inLanguage\":\"de\",\"@id\":\"https:\/\/www.electrosuisse.ch\/de\/#\/schema\/logo\/image\/\",\"url\":\"https:\/\/www.electrosuisse.ch\/wp-content\/uploads\/2025\/04\/Electrosuisse_Logo_696x696.png\",\"contentUrl\":\"https:\/\/www.electrosuisse.ch\/wp-content\/uploads\/2025\/04\/Electrosuisse_Logo_696x696.png\",\"width\":696,\"height\":696,\"caption\":\"Electrosuisse\"},\"image\":{\"@id\":\"https:\/\/www.electrosuisse.ch\/de\/#\/schema\/logo\/image\/\"},\"sameAs\":[\"https:\/\/www.linkedin.com\/company\/electrosuisse-ag\/posts\/?feedView=all\",\"https:\/\/www.instagram.com\/electrosuisse1889\/\",\"https:\/\/www.youtube.com\/channel\/UCoOxohMiVE0Gjcdis1L09zw\"],\"description\":\"Electrosuisse ist eine anerkannte und unabh\u00e4ngige Fachorganisation, die erstklassige Dienstleistungen und Produkte in den Bereichen Inspektion, Beratung, Pr\u00fcfung, Zertifizierung, Normung und Weiterbildung anbietet. Unsere Expertise umfasst Elektrotechnik, Elektromobilit\u00e4t, Energieberatung, Geb\u00e4udeautomation und Photovoltaik in der Schweiz. Durch die Veranstaltung etablierter Branchen-Events und Fachtagungen f\u00f6rdert Electrosuisse den Wissenstransfer und den fachlichen Austausch. Im Mittelpunkt unserer T\u00e4tigkeiten steht die F\u00f6rderung der sicheren, wirtschaftlichen und umweltgerechten Anwendung der Elektrotechnik.\"}]}<\/script>\n<!-- \/ Yoast SEO Premium plugin. -->","yoast_head_json":{"title":"Normenprojekte und -entw\u00fcrfe","description":"Normen entstehen aus der Praxis f\u00fcr die Praxis. Entsprechend k\u00f6nnen sich die Branchenteilnehmer einbringen.","robots":{"index":"index","follow":"follow","max-snippet":"max-snippet:-1","max-image-preview":"max-image-preview:large","max-video-preview":"max-video-preview:-1"},"canonical":"https:\/\/www.electrosuisse.ch\/de\/normung\/normdokumente\/","og_locale":"de_DE","og_type":"article","og_title":"Normenprojekte und -entw\u00fcrfe","og_description":"Normen entstehen aus der Praxis f\u00fcr die Praxis. Entsprechend k\u00f6nnen sich die Branchenteilnehmer einbringen.","og_url":"https:\/\/www.electrosuisse.ch\/de\/normung\/normdokumente\/","og_site_name":"Electrosuisse","article_modified_time":"2023-03-31T13:05:27+00:00","og_image":[{"width":1578,"height":650,"url":"https:\/\/www.electrosuisse.ch\/wp-content\/uploads\/2019\/01\/normen-und-normenentwuerfe_headerbild.jpg","type":"image\/jpeg"}],"schema":{"@context":"https:\/\/schema.org","@graph":[{"@type":"WebPage","@id":"https:\/\/www.electrosuisse.ch\/de\/normung\/normdokumente\/","url":"https:\/\/www.electrosuisse.ch\/de\/normung\/normdokumente\/","name":"Normenprojekte und -entw\u00fcrfe","isPartOf":{"@id":"https:\/\/www.electrosuisse.ch\/de\/#website"},"datePublished":"2018-06-24T09:20:08+00:00","dateModified":"2023-03-31T13:05:27+00:00","description":"Normen entstehen aus der Praxis f\u00fcr die Praxis. Entsprechend k\u00f6nnen sich die Branchenteilnehmer einbringen.","breadcrumb":{"@id":"https:\/\/www.electrosuisse.ch\/de\/normung\/normdokumente\/#breadcrumb"},"inLanguage":"de","potentialAction":[{"@type":"ReadAction","target":["https:\/\/www.electrosuisse.ch\/de\/normung\/normdokumente\/"]}]},{"@type":"BreadcrumbList","@id":"https:\/\/www.electrosuisse.ch\/de\/normung\/normdokumente\/#breadcrumb","itemListElement":[{"@type":"ListItem","position":1,"name":"Normung","item":"https:\/\/www.electrosuisse.ch\/de\/normung\/"},{"@type":"ListItem","position":2,"name":"Normdokumente"}]},{"@type":"WebSite","@id":"https:\/\/www.electrosuisse.ch\/de\/#website","url":"https:\/\/www.electrosuisse.ch\/de\/","name":"Electrosuisse","description":"","publisher":{"@id":"https:\/\/www.electrosuisse.ch\/de\/#organization"},"potentialAction":[{"@type":"SearchAction","target":{"@type":"EntryPoint","urlTemplate":"https:\/\/www.electrosuisse.ch\/de\/?s={search_term_string}"},"query-input":{"@type":"PropertyValueSpecification","valueRequired":true,"valueName":"search_term_string"}}],"inLanguage":"de"},{"@type":"Organization","@id":"https:\/\/www.electrosuisse.ch\/de\/#organization","name":"Electrosuisse","url":"https:\/\/www.electrosuisse.ch\/de\/","logo":{"@type":"ImageObject","inLanguage":"de","@id":"https:\/\/www.electrosuisse.ch\/de\/#\/schema\/logo\/image\/","url":"https:\/\/www.electrosuisse.ch\/wp-content\/uploads\/2025\/04\/Electrosuisse_Logo_696x696.png","contentUrl":"https:\/\/www.electrosuisse.ch\/wp-content\/uploads\/2025\/04\/Electrosuisse_Logo_696x696.png","width":696,"height":696,"caption":"Electrosuisse"},"image":{"@id":"https:\/\/www.electrosuisse.ch\/de\/#\/schema\/logo\/image\/"},"sameAs":["https:\/\/www.linkedin.com\/company\/electrosuisse-ag\/posts\/?feedView=all","https:\/\/www.instagram.com\/electrosuisse1889\/","https:\/\/www.youtube.com\/channel\/UCoOxohMiVE0Gjcdis1L09zw"],"description":"Electrosuisse ist eine anerkannte und unabh\u00e4ngige Fachorganisation, die erstklassige Dienstleistungen und Produkte in den Bereichen Inspektion, Beratung, Pr\u00fcfung, Zertifizierung, Normung und Weiterbildung anbietet. Unsere Expertise umfasst Elektrotechnik, Elektromobilit\u00e4t, Energieberatung, Geb\u00e4udeautomation und Photovoltaik in der Schweiz. Durch die Veranstaltung etablierter Branchen-Events und Fachtagungen f\u00f6rdert Electrosuisse den Wissenstransfer und den fachlichen Austausch. Im Mittelpunkt unserer T\u00e4tigkeiten steht die F\u00f6rderung der sicheren, wirtschaftlichen und umweltgerechten Anwendung der Elektrotechnik."}]}},"amp_enabled":true,"_links":{"self":[{"href":"https:\/\/www.electrosuisse.ch\/de\/wp-json\/wp\/v2\/pages\/109","targetHints":{"allow":["GET"]}}],"collection":[{"href":"https:\/\/www.electrosuisse.ch\/de\/wp-json\/wp\/v2\/pages"}],"about":[{"href":"https:\/\/www.electrosuisse.ch\/de\/wp-json\/wp\/v2\/types\/page"}],"author":[{"embeddable":true,"href":"https:\/\/www.electrosuisse.ch\/de\/wp-json\/wp\/v2\/users\/2"}],"replies":[{"embeddable":true,"href":"https:\/\/www.electrosuisse.ch\/de\/wp-json\/wp\/v2\/comments?post=109"}],"version-history":[{"count":9,"href":"https:\/\/www.electrosuisse.ch\/de\/wp-json\/wp\/v2\/pages\/109\/revisions"}],"predecessor-version":[{"id":29937,"href":"https:\/\/www.electrosuisse.ch\/de\/wp-json\/wp\/v2\/pages\/109\/revisions\/29937"}],"up":[{"embeddable":true,"href":"https:\/\/www.electrosuisse.ch\/de\/wp-json\/wp\/v2\/pages\/93"}],"wp:attachment":[{"href":"https:\/\/www.electrosuisse.ch\/de\/wp-json\/wp\/v2\/media?parent=109"}],"curies":[{"name":"wp","href":"https:\/\/api.w.org\/{rel}","templated":true}]}}