{"id":10128,"date":"2020-01-16T10:31:30","date_gmt":"2020-01-16T09:31:30","guid":{"rendered":"https:\/\/www.electrosuisse.ch\/?page_id=10128"},"modified":"2026-04-09T13:58:49","modified_gmt":"2026-04-09T11:58:49","slug":"faq-haeufige-fragen-zur-nin","status":"publish","type":"page","link":"https:\/\/www.electrosuisse.ch\/de\/elektroinstallation\/faq-haeufige-fragen-zur-nin\/","title":{"rendered":"FAQ \u2013 h\u00e4ufige Fragen zur NIN"},"content":{"rendered":"<div class=\"wpb-content-wrapper\"><p>[vc_row][vc_column][vc_column_text]<\/p>\n<h1>FAQ \u2013 h\u00e4ufige Fragen zur NIN<\/h1>\n<p>[\/vc_column_text]<div class=\"wpb_content_element wpb_accordion_column accordion_simple\"><div class=\"accordions accordions_0\"><div class=\"custom_accordion_item accordion custom_accordion accordion_1_0\"><div class=\"accordion__header\" id=\"accordion_header_1_0\"><div class=\"accordion_trigger js-accordion_trigger\" data-toggle=\"collapse\" \r\n\t\t\t\t\tdata-target=\"#accordion_content_1_0_acc824\" \r\n          aria-expanded=\"false\" aria-controls=\"accordion_content_1_0\"><h3 class=\"accordion-title accordion-title-icon icon--position-right js-accordion-controller\"><div>Wo finde ich die abonnierte NIN Online?<\/div><\/h3><\/div><\/div><div class=\"accordion__content collapse not-click-to-close\" id=\"accordion_content_1_0_acc824\" aria-labelledby=\"accordion_header_1_0\"><div class=\"inside\"><div class=\"accordion-content\"><div class=\"accordion__inside\"><div class=\"accordion__element\"><!-- Start Accordion Content --><div class=\"accordion__element\"><p>Loggen Sie sich auf\u00a0<a href=\"https:\/\/my.electrosuisse.ch\/de\/login.htm\">my.electrosuisse.ch<\/a> ein und gehen Sie auf der linken Seite zum Navigationspunkt \u00abNormen &amp; Produkte\u00bb. Unter \u00abNIN Online\u00bb werden Sie direkt zur Plattform weitergeleitet.<\/p>\n<p>Ein direktes Login ist \u00fcber <a href=\"https:\/\/ninonline.electrosuisse.ch\">https:\/\/ninonline.electrosuisse.ch<\/a> ebenfalls m\u00f6glich.<\/p>\n<\/div><!-- Start Accordion Content --><\/div><\/div><\/div><\/div><\/div><\/div><div class=\"custom_accordion_item accordion custom_accordion accordion_1_1\"><div class=\"accordion__header\" id=\"accordion_header_1_1\"><div class=\"accordion_trigger js-accordion_trigger\" data-toggle=\"collapse\" \r\n\t\t\t\t\tdata-target=\"#accordion_content_1_1_acc817\" \r\n          aria-expanded=\"false\" aria-controls=\"accordion_content_1_1\"><h3 class=\"accordion-title accordion-title-icon icon--position-right js-accordion-controller\"><div>Gibt es eine Mehrplatzl\u00f6sung f\u00fcr die NIN Online?<\/div><\/h3><\/div><\/div><div class=\"accordion__content collapse not-click-to-close\" id=\"accordion_content_1_1_acc817\" aria-labelledby=\"accordion_header_1_1\"><div class=\"inside\"><div class=\"accordion-content\"><div class=\"accordion__inside\"><div class=\"accordion__element\"><!-- Start Accordion Content --><div class=\"accordion__element\"><p>Die Enterprise L\u00f6sung der \u00abNIN Online NIBT\u00bb kann als Webdienst direkt aus Ihrem lokalen System genutzt werden (z.B. Active Directory). Ihre Mitarbeiter m\u00fcssen sich damit keinen eigenen Zugang zur NIN Online mehr erstellen.<\/p>\n<p>Die Anbindung wird \u00fcber das SAML Protokoll (z.B. \u00fcber ADFS) realisiert, wobei Ihr System die Authentifizierung \u00fcbernimmt (Identity Provider). Unser System \u00fcberpr\u00fcft als Service Provider nur noch, ob eine g\u00fcltige Lizenz vorhanden ist.<\/p>\n<p>F\u00fcr die Bestellung der Enterprise L\u00f6sung ben\u00f6tigen wir:<\/p>\n<ul>\n<li>Ansprechperson IT (Email, Telefon direkt)<\/li>\n<li>Anzahl Lizenzen<\/li>\n<\/ul>\n<p>Diese Angaben senden Sie bitte an <a href=\"&#x6d;a&#x69;&#108;t&#x6f;&#58;&#x6e;&#x69;n&#x40;&#101;l&#x65;&#99;&#x74;&#114;o&#x73;&#117;i&#x73;&#115;&#x65;&#46;c&#x68;\">nin&#64;electrosuisse&#46;ch<\/a><\/p>\n<p>Mehr Informationen zur Enterprise L\u00f6sung finden Sie auf unserem <a href=\"https:\/\/www.electrosuisse.ch\/de\/download\/nin-online-nibt-enterprise-info\/\" target=\"_blank\" rel=\"noopener noreferrer\">Flyer (PDF)<\/a>.<\/p>\n<\/div><!-- Start Accordion Content --><\/div><\/div><\/div><\/div><\/div><\/div><div class=\"custom_accordion_item accordion custom_accordion accordion_1_2\"><div class=\"accordion__header\" id=\"accordion_header_1_2\"><div class=\"accordion_trigger js-accordion_trigger\" data-toggle=\"collapse\" \r\n\t\t\t\t\tdata-target=\"#accordion_content_1_2_acc388\" \r\n          aria-expanded=\"false\" aria-controls=\"accordion_content_1_2\"><h3 class=\"accordion-title accordion-title-icon icon--position-right js-accordion-controller\"><div>Wo finde ich die Anlageplanung \/ Strombelastbarkeit?<\/div><\/h3><\/div><\/div><div class=\"accordion__content collapse not-click-to-close\" id=\"accordion_content_1_2_acc388\" aria-labelledby=\"accordion_header_1_2\"><div class=\"inside\"><div class=\"accordion-content\"><div class=\"accordion__inside\"><div class=\"accordion__element\"><!-- Start Accordion Content --><div class=\"accordion__element\"><p>Die Anlageplanung ist in der NIN Online nicht enthalten. Sie ist nun in der <a href=\"https:\/\/www.electrosuisse.ch\/de\/elektroinstallation\/toolbox-infoseite\/\">Toolbox<\/a> integriert, welche als Abonnement erh\u00e4ltlich ist.<\/p>\n<p>Beide Programme k\u00f6nnen jedoch bis auf Weiteres mit dem Stick der NIN 2015 digital betrieben werden.<\/p>\n<\/div><!-- Start Accordion Content --><\/div><\/div><\/div><\/div><\/div><\/div><div class=\"custom_accordion_item accordion custom_accordion accordion_1_3\"><div class=\"accordion__header\" id=\"accordion_header_1_3\"><div class=\"accordion_trigger js-accordion_trigger\" data-toggle=\"collapse\" \r\n\t\t\t\t\tdata-target=\"#accordion_content_1_3_acc362\" \r\n          aria-expanded=\"false\" aria-controls=\"accordion_content_1_3\"><h3 class=\"accordion-title accordion-title-icon icon--position-right js-accordion-controller\"><div>Erhalte ich Korrigenda zur NIN automatisch?<\/div><\/h3><\/div><\/div><div class=\"accordion__content collapse not-click-to-close\" id=\"accordion_content_1_3_acc362\" aria-labelledby=\"accordion_header_1_3\"><div class=\"inside\"><div class=\"accordion-content\"><div class=\"accordion__inside\"><div class=\"accordion__element\"><!-- Start Accordion Content --><div class=\"accordion__element\"><p>Die Korrigenda zu NIN Ordnern werden auf unserer Homepage zum Download angeboten oder k\u00f6nnen in gedruckter Form beim Normenverkauf bestellt werden. Die NIN Online NIBT wird automatisch aktualisiert.<\/p>\n<\/div><!-- Start Accordion Content --><\/div><\/div><\/div><\/div><\/div><\/div><div class=\"custom_accordion_item accordion custom_accordion accordion_1_4\"><div class=\"accordion__header\" id=\"accordion_header_1_4\"><div class=\"accordion_trigger js-accordion_trigger\" data-toggle=\"collapse\" \r\n\t\t\t\t\tdata-target=\"#accordion_content_1_4_acc681\" \r\n          aria-expanded=\"false\" aria-controls=\"accordion_content_1_4\"><h3 class=\"accordion-title accordion-title-icon icon--position-right js-accordion-controller\"><div>Kosten f\u00fcr die NIN Online NIBT<\/div><\/h3><\/div><\/div><div class=\"accordion__content collapse not-click-to-close\" id=\"accordion_content_1_4_acc681\" aria-labelledby=\"accordion_header_1_4\"><div class=\"inside\"><div class=\"accordion-content\"><div class=\"accordion__inside\"><div class=\"accordion__element\"><!-- Start Accordion Content --><div class=\"accordion__element\"><p>Bei den Abonnementsgeb\u00fchren f\u00fcr die NIN Online NIBT handelt es sich um j\u00e4hrlich wiederkehrende Kosten.<\/p>\n<\/div><!-- Start Accordion Content --><\/div><\/div><\/div><\/div><\/div><\/div><div class=\"custom_accordion_item accordion custom_accordion accordion_1_5\"><div class=\"accordion__header\" id=\"accordion_header_1_5\"><div class=\"accordion_trigger js-accordion_trigger\" data-toggle=\"collapse\" \r\n\t\t\t\t\tdata-target=\"#accordion_content_1_5_acc733\" \r\n          aria-expanded=\"false\" aria-controls=\"accordion_content_1_5\"><h3 class=\"accordion-title accordion-title-icon icon--position-right js-accordion-controller\"><div>Das Login f\u00fcr myElectrosuisse funktioniert nicht mehr<\/div><\/h3><\/div><\/div><div class=\"accordion__content collapse not-click-to-close\" id=\"accordion_content_1_5_acc733\" aria-labelledby=\"accordion_header_1_5\"><div class=\"inside\"><div class=\"accordion-content\"><div class=\"accordion__inside\"><div class=\"accordion__element\"><!-- Start Accordion Content --><div class=\"accordion__element\"><p>Bitte wenden Sie sich an <a href=\"&#109;&#x61;&#105;&#x6c;t&#x6f;:&#109;&#x79;&#64;&#x65;l&#x65;c&#116;&#x72;&#111;&#x73;u&#x69;s&#115;&#x65;&#46;&#x63;h\">&#109;&#x79;&#64;&#101;&#x6c;&#101;&#x63;t&#114;&#x6f;s&#x75;&#x69;&#115;&#x73;e&#46;&#x63;h<\/a> oder +41 58 595 11 95<\/p>\n<\/div><!-- Start Accordion Content --><\/div><\/div><\/div><\/div><\/div><\/div><\/div><\/div><div class=\"wpb_contact_column wpb_content_element wpb_content_element--\"><div class=\"wpb_wrapper\"><div class=\"contact_container\"><div class=\"contact row middle-xs\"><div class=\"contact__img col-sm-5 col-xs-12\"><img decoding=\"async\" src=\"\/wp-content\/themes\/SCHMUCKI_child\/img\/contact_placeholder.jpg\" alt=\"Normenverkauf\" \/><\/div><div class=\"contact__info col-sm-7 col-xs-12\"><p><b>Normenverkauf<\/b><br><\/p><div class=\"phone has-link\"><a href=\"tel:+41585951190(8:00-11:30)\">+41 58 595 11 90 (8:00-11:30)<\/a><\/div><div class=\"mail has-link\"><a href=\"mailto:&#x6e;&#x6f;&#x72;&#109;&#101;nv&#x65;&#x72;&#x6b;&#x61;&#117;&#102;&#64;e&#x6c;&#x65;&#x63;&#116;&#114;&#111;su&#x69;&#x73;&#x73;&#101;&#46;ch\">&#110;&#x6f;&#x72;m&#101;&#x6e;v&#101;&#x72;k&#97;&#x75;f&#64;&#x65;&#x6c;&#101;&#x63;&#x74;r&#111;&#x73;u&#105;&#x73;s&#101;&#x2e;&#x63;&#104;<\/a><\/div><\/div><\/div><\/div><\/div><\/div>[\/vc_column][\/vc_row]<\/p>\n<\/div>","protected":false},"excerpt":{"rendered":"<p>[vc_row][vc_column][vc_column_text] FAQ \u2013 h\u00e4ufige Fragen zur NIN [\/vc_column_text][\/vc_column][\/vc_row]<\/p>\n","protected":false},"author":6,"featured_media":0,"parent":21733,"menu_order":105,"comment_status":"closed","ping_status":"closed","template":"","meta":{"_acf_changed":false,"_monsterinsights_skip_tracking":false,"_monsterinsights_sitenote_active":false,"_monsterinsights_sitenote_note":"","_monsterinsights_sitenote_category":0,"footnotes":""},"class_list":["post-10128","page","type-page","status-publish","hentry"],"acf":[],"yoast_head":"<!-- This site is optimized with the Yoast SEO Premium plugin v26.4 (Yoast SEO v27.0) - https:\/\/yoast.com\/product\/yoast-seo-premium-wordpress\/ -->\n<title>FAQ \u2013 h\u00e4ufige Fragen zur NIN - Electrosuisse<\/title>\n<meta name=\"description\" content=\"FAQ \u2013 h\u00e4ufige Fragen zur NIN\" \/>\n<meta name=\"robots\" content=\"index, follow, max-snippet:-1, max-image-preview:large, max-video-preview:-1\" \/>\n<link rel=\"canonical\" href=\"https:\/\/www.electrosuisse.ch\/de\/elektroinstallation\/faq-haeufige-fragen-zur-nin\/\" \/>\n<meta property=\"og:locale\" content=\"de_DE\" \/>\n<meta property=\"og:type\" content=\"article\" \/>\n<meta property=\"og:title\" content=\"FAQ \u2013 h\u00e4ufige Fragen zur NIN - Electrosuisse\" \/>\n<meta property=\"og:description\" content=\"FAQ \u2013 h\u00e4ufige Fragen zur NIN\" \/>\n<meta property=\"og:url\" content=\"https:\/\/www.electrosuisse.ch\/de\/elektroinstallation\/faq-haeufige-fragen-zur-nin\/\" \/>\n<meta property=\"og:site_name\" content=\"Electrosuisse\" \/>\n<meta property=\"article:modified_time\" content=\"2026-04-09T11:58:49+00:00\" \/>\n<meta property=\"og:image\" content=\"https:\/\/www.electrosuisse.ch\/wp-content\/uploads\/2020\/01\/NIN_2020_NIBT_1150x500.jpg\" \/>\n\t<meta property=\"og:image:width\" content=\"1578\" \/>\n\t<meta property=\"og:image:height\" content=\"650\" \/>\n\t<meta property=\"og:image:type\" content=\"image\/jpeg\" \/>\n<script type=\"application\/ld+json\" class=\"yoast-schema-graph\">{\"@context\":\"https:\/\/schema.org\",\"@graph\":[{\"@type\":\"WebPage\",\"@id\":\"https:\/\/www.electrosuisse.ch\/de\/elektroinstallation\/faq-haeufige-fragen-zur-nin\/\",\"url\":\"https:\/\/www.electrosuisse.ch\/de\/elektroinstallation\/faq-haeufige-fragen-zur-nin\/\",\"name\":\"FAQ \u2013 h\u00e4ufige Fragen zur NIN - Electrosuisse\",\"isPartOf\":{\"@id\":\"https:\/\/www.electrosuisse.ch\/de\/#website\"},\"datePublished\":\"2020-01-16T09:31:30+00:00\",\"dateModified\":\"2026-04-09T11:58:49+00:00\",\"description\":\"FAQ \u2013 h\u00e4ufige Fragen zur NIN\",\"breadcrumb\":{\"@id\":\"https:\/\/www.electrosuisse.ch\/de\/elektroinstallation\/faq-haeufige-fragen-zur-nin\/#breadcrumb\"},\"inLanguage\":\"de\",\"potentialAction\":[{\"@type\":\"ReadAction\",\"target\":[\"https:\/\/www.electrosuisse.ch\/de\/elektroinstallation\/faq-haeufige-fragen-zur-nin\/\"]}]},{\"@type\":\"BreadcrumbList\",\"@id\":\"https:\/\/www.electrosuisse.ch\/de\/elektroinstallation\/faq-haeufige-fragen-zur-nin\/#breadcrumb\",\"itemListElement\":[{\"@type\":\"ListItem\",\"position\":1,\"name\":\"Elektroinstallation\",\"item\":\"https:\/\/www.electrosuisse.ch\/de\/elektroinstallation\/\"},{\"@type\":\"ListItem\",\"position\":2,\"name\":\"FAQ \u2013 h\u00e4ufige Fragen zur NIN\"}]},{\"@type\":\"WebSite\",\"@id\":\"https:\/\/www.electrosuisse.ch\/de\/#website\",\"url\":\"https:\/\/www.electrosuisse.ch\/de\/\",\"name\":\"Electrosuisse\",\"description\":\"\",\"publisher\":{\"@id\":\"https:\/\/www.electrosuisse.ch\/de\/#organization\"},\"potentialAction\":[{\"@type\":\"SearchAction\",\"target\":{\"@type\":\"EntryPoint\",\"urlTemplate\":\"https:\/\/www.electrosuisse.ch\/de\/?s={search_term_string}\"},\"query-input\":{\"@type\":\"PropertyValueSpecification\",\"valueRequired\":true,\"valueName\":\"search_term_string\"}}],\"inLanguage\":\"de\"},{\"@type\":\"Organization\",\"@id\":\"https:\/\/www.electrosuisse.ch\/de\/#organization\",\"name\":\"Electrosuisse\",\"url\":\"https:\/\/www.electrosuisse.ch\/de\/\",\"logo\":{\"@type\":\"ImageObject\",\"inLanguage\":\"de\",\"@id\":\"https:\/\/www.electrosuisse.ch\/de\/#\/schema\/logo\/image\/\",\"url\":\"https:\/\/www.electrosuisse.ch\/wp-content\/uploads\/2025\/04\/Electrosuisse_Logo_696x696.png\",\"contentUrl\":\"https:\/\/www.electrosuisse.ch\/wp-content\/uploads\/2025\/04\/Electrosuisse_Logo_696x696.png\",\"width\":696,\"height\":696,\"caption\":\"Electrosuisse\"},\"image\":{\"@id\":\"https:\/\/www.electrosuisse.ch\/de\/#\/schema\/logo\/image\/\"},\"sameAs\":[\"https:\/\/www.linkedin.com\/company\/electrosuisse-ag\/posts\/?feedView=all\",\"https:\/\/www.instagram.com\/electrosuisse1889\/\",\"https:\/\/www.youtube.com\/channel\/UCoOxohMiVE0Gjcdis1L09zw\"],\"description\":\"Electrosuisse ist eine anerkannte und unabh\u00e4ngige Fachorganisation, die erstklassige Dienstleistungen und Produkte in den Bereichen Inspektion, Beratung, Pr\u00fcfung, Zertifizierung, Normung und Weiterbildung anbietet. Unsere Expertise umfasst Elektrotechnik, Elektromobilit\u00e4t, Energieberatung, Geb\u00e4udeautomation und Photovoltaik in der Schweiz. Durch die Veranstaltung etablierter Branchen-Events und Fachtagungen f\u00f6rdert Electrosuisse den Wissenstransfer und den fachlichen Austausch. Im Mittelpunkt unserer T\u00e4tigkeiten steht die F\u00f6rderung der sicheren, wirtschaftlichen und umweltgerechten Anwendung der Elektrotechnik.\"}]}<\/script>\n<!-- \/ Yoast SEO Premium plugin. -->","yoast_head_json":{"title":"FAQ \u2013 h\u00e4ufige Fragen zur NIN - Electrosuisse","description":"FAQ \u2013 h\u00e4ufige Fragen zur NIN","robots":{"index":"index","follow":"follow","max-snippet":"max-snippet:-1","max-image-preview":"max-image-preview:large","max-video-preview":"max-video-preview:-1"},"canonical":"https:\/\/www.electrosuisse.ch\/de\/elektroinstallation\/faq-haeufige-fragen-zur-nin\/","og_locale":"de_DE","og_type":"article","og_title":"FAQ \u2013 h\u00e4ufige Fragen zur NIN - Electrosuisse","og_description":"FAQ \u2013 h\u00e4ufige Fragen zur NIN","og_url":"https:\/\/www.electrosuisse.ch\/de\/elektroinstallation\/faq-haeufige-fragen-zur-nin\/","og_site_name":"Electrosuisse","article_modified_time":"2026-04-09T11:58:49+00:00","og_image":[{"width":1578,"height":650,"url":"https:\/\/www.electrosuisse.ch\/wp-content\/uploads\/2020\/01\/NIN_2020_NIBT_1150x500.jpg","type":"image\/jpeg"}],"schema":{"@context":"https:\/\/schema.org","@graph":[{"@type":"WebPage","@id":"https:\/\/www.electrosuisse.ch\/de\/elektroinstallation\/faq-haeufige-fragen-zur-nin\/","url":"https:\/\/www.electrosuisse.ch\/de\/elektroinstallation\/faq-haeufige-fragen-zur-nin\/","name":"FAQ \u2013 h\u00e4ufige Fragen zur NIN - Electrosuisse","isPartOf":{"@id":"https:\/\/www.electrosuisse.ch\/de\/#website"},"datePublished":"2020-01-16T09:31:30+00:00","dateModified":"2026-04-09T11:58:49+00:00","description":"FAQ \u2013 h\u00e4ufige Fragen zur NIN","breadcrumb":{"@id":"https:\/\/www.electrosuisse.ch\/de\/elektroinstallation\/faq-haeufige-fragen-zur-nin\/#breadcrumb"},"inLanguage":"de","potentialAction":[{"@type":"ReadAction","target":["https:\/\/www.electrosuisse.ch\/de\/elektroinstallation\/faq-haeufige-fragen-zur-nin\/"]}]},{"@type":"BreadcrumbList","@id":"https:\/\/www.electrosuisse.ch\/de\/elektroinstallation\/faq-haeufige-fragen-zur-nin\/#breadcrumb","itemListElement":[{"@type":"ListItem","position":1,"name":"Elektroinstallation","item":"https:\/\/www.electrosuisse.ch\/de\/elektroinstallation\/"},{"@type":"ListItem","position":2,"name":"FAQ \u2013 h\u00e4ufige Fragen zur NIN"}]},{"@type":"WebSite","@id":"https:\/\/www.electrosuisse.ch\/de\/#website","url":"https:\/\/www.electrosuisse.ch\/de\/","name":"Electrosuisse","description":"","publisher":{"@id":"https:\/\/www.electrosuisse.ch\/de\/#organization"},"potentialAction":[{"@type":"SearchAction","target":{"@type":"EntryPoint","urlTemplate":"https:\/\/www.electrosuisse.ch\/de\/?s={search_term_string}"},"query-input":{"@type":"PropertyValueSpecification","valueRequired":true,"valueName":"search_term_string"}}],"inLanguage":"de"},{"@type":"Organization","@id":"https:\/\/www.electrosuisse.ch\/de\/#organization","name":"Electrosuisse","url":"https:\/\/www.electrosuisse.ch\/de\/","logo":{"@type":"ImageObject","inLanguage":"de","@id":"https:\/\/www.electrosuisse.ch\/de\/#\/schema\/logo\/image\/","url":"https:\/\/www.electrosuisse.ch\/wp-content\/uploads\/2025\/04\/Electrosuisse_Logo_696x696.png","contentUrl":"https:\/\/www.electrosuisse.ch\/wp-content\/uploads\/2025\/04\/Electrosuisse_Logo_696x696.png","width":696,"height":696,"caption":"Electrosuisse"},"image":{"@id":"https:\/\/www.electrosuisse.ch\/de\/#\/schema\/logo\/image\/"},"sameAs":["https:\/\/www.linkedin.com\/company\/electrosuisse-ag\/posts\/?feedView=all","https:\/\/www.instagram.com\/electrosuisse1889\/","https:\/\/www.youtube.com\/channel\/UCoOxohMiVE0Gjcdis1L09zw"],"description":"Electrosuisse ist eine anerkannte und unabh\u00e4ngige Fachorganisation, die erstklassige Dienstleistungen und Produkte in den Bereichen Inspektion, Beratung, Pr\u00fcfung, Zertifizierung, Normung und Weiterbildung anbietet. Unsere Expertise umfasst Elektrotechnik, Elektromobilit\u00e4t, Energieberatung, Geb\u00e4udeautomation und Photovoltaik in der Schweiz. Durch die Veranstaltung etablierter Branchen-Events und Fachtagungen f\u00f6rdert Electrosuisse den Wissenstransfer und den fachlichen Austausch. Im Mittelpunkt unserer T\u00e4tigkeiten steht die F\u00f6rderung der sicheren, wirtschaftlichen und umweltgerechten Anwendung der Elektrotechnik."}]}},"amp_enabled":true,"_links":{"self":[{"href":"https:\/\/www.electrosuisse.ch\/de\/wp-json\/wp\/v2\/pages\/10128","targetHints":{"allow":["GET"]}}],"collection":[{"href":"https:\/\/www.electrosuisse.ch\/de\/wp-json\/wp\/v2\/pages"}],"about":[{"href":"https:\/\/www.electrosuisse.ch\/de\/wp-json\/wp\/v2\/types\/page"}],"author":[{"embeddable":true,"href":"https:\/\/www.electrosuisse.ch\/de\/wp-json\/wp\/v2\/users\/6"}],"replies":[{"embeddable":true,"href":"https:\/\/www.electrosuisse.ch\/de\/wp-json\/wp\/v2\/comments?post=10128"}],"version-history":[{"count":5,"href":"https:\/\/www.electrosuisse.ch\/de\/wp-json\/wp\/v2\/pages\/10128\/revisions"}],"predecessor-version":[{"id":43909,"href":"https:\/\/www.electrosuisse.ch\/de\/wp-json\/wp\/v2\/pages\/10128\/revisions\/43909"}],"up":[{"embeddable":true,"href":"https:\/\/www.electrosuisse.ch\/de\/wp-json\/wp\/v2\/pages\/21733"}],"wp:attachment":[{"href":"https:\/\/www.electrosuisse.ch\/de\/wp-json\/wp\/v2\/media?parent=10128"}],"curies":[{"name":"wp","href":"https:\/\/api.w.org\/{rel}","templated":true}]}}